{"id":27,"date":"2014-09-17T16:24:03","date_gmt":"2014-09-17T16:24:03","guid":{"rendered":"http:\/\/agora.xtec.cat\/cfalopont\/?page_id=27"},"modified":"2019-07-10T14:21:25","modified_gmt":"2019-07-10T12:21:25","slug":"historia","status":"publish","type":"page","link":"https:\/\/agora.xtec.cat\/cfalopont\/el-centre\/historia\/","title":{"rendered":"Hist\u00f2ria"},"content":{"rendered":"<p>El Centre de Formaci\u00f3 d\u2019Adults Lo Pont va n\u00e9ixer l\u2019any 2013 amb la intenci\u00f3 de donar resposta a la necessitat del territori derivada del frac\u00e0s escolar que presentaven alguns col\u00b7lectius joves. En primer lloc es va crear un curs professionalitzador (PFI) al municipi de Deltebre per a oferir un recurs educatiu a aquells joves en risc d\u2019exclusi\u00f3 social per baixa titulaci\u00f3. A partir d\u2019aquest moment es va detectar que al llarg de totes les Terres de l\u2019Ebre es presentava aquesta problem\u00e0tica i es va decidir apostar per aquest recurs. Actualment el Centre compta amb diferents punts de refer\u00e8ncia diversificats per tot el territori, degut a la dispersi\u00f3 territorial, ubicats a Deltebre, Amposta, Roquetes, La S\u00e8nia, Alcanar i M\u00f3ra d\u2019Ebre.<\/p>\n<p>Els cursos desenvolupats dins del centre estan dirigits a treballar compet\u00e8ncies transversals o professionalitzadores per a fer possible una transici\u00f3 educativa cap al retorn educatiu o la inserci\u00f3 laboral a trav\u00e9s d\u2019itineraris personalitzats per a cada alumne\/a i de llarga durada en el temps. El CFA Lo Pont, a dia d\u2019avui, \u00e9s un centre d\u2019oportunitats amb la vocaci\u00f3 d\u2019acompanyar i tutelar aquests itineraris personalitzats als quals tenen f\u00e0cil accessibilitat els col\u00b7lectius de joves m\u00e9s vulnerables. Els motius que ens van moure a generar aquest recurs per als perfils joves esmentats s\u00f3n la lluita cont\u00ednua per l\u2019equitat, la igualtat d\u2019oportunitats i la inclusi\u00f3.<br \/>\nAquest recurs pret\u00e9n desenvolupar una intervenci\u00f3 socioeducativa per a ciutadans i ciutadanes que necessiten i\/o desitgen millorar la seva formaci\u00f3, especialment en el sector jove.<\/p>\n<p>Els seus objectius generals s\u00f3n:<\/p>\n<ul>\n<li>Incidir en la millora de la qualitat de vida de les persones millorant la seva qualificaci\u00f3 professional.<\/li>\n<li>Compensar d\u00e8ficits socioeducatius, i adquirir aprenentatges i compet\u00e8ncies.<\/li>\n<li>Millorar i ampliar l\u2019oferta formativa del territori.<\/li>\n<li>Introduir les noves tecnologies en l\u2019aprenentatge a trav\u00e9s d\u2019un sistema semi presencial en alguns ensenyaments.<\/li>\n<\/ul>\n<p>El Centre de Formaci\u00f3 d\u2019Adults Lo Pont t\u00e9 autoritzaci\u00f3 del Departament de d\u2019Ensenyament per desenvolupar la seg\u00fcent formaci\u00f3 b\u00e0sica i d\u2019acc\u00e9s al sistema educatiu, \u00e9s:<\/p>\n<ul>\n<li>Cicle de Graduat en Educaci\u00f3 Secund\u00e0ria (GES).<\/li>\n<li>Curs de preparaci\u00f3 de Proves d\u2019Acc\u00e9s als Cicles Formatius de Grau Mitj\u00e0 (CAGM).<\/li>\n<li>Curs de preparaci\u00f3 de Prova d\u2019Acc\u00e9s als Cicles Formatius de Grau Superior (CPPAGS).<\/li>\n<li>Curs d\u2019alfabetitzaci\u00f3 per a nouvinguts \u2013 1a Oportunitat.<\/li>\n<li>Formacions a mida.<\/li>\n<li>Curs d\u2019acc\u00e9s a cicles de grau mitj\u00e0 (CAM)<\/li>\n<li>PFI \u2013 Programes de formaci\u00f3 i inserci\u00f3:<\/li>\n<li style=\"list-style-type: none;\">\n<ul>\n<li>AR03 \u201cAuxiliar en vivers i jardins\u201d.<\/li>\n<\/ul>\n<ul>\n<li>P01 \u201cAuxiliar d\u2019imatge personal: perruqueria i est\u00e8tica\u201d.<\/li>\n<\/ul>\n<\/li>\n<li>Programa Noves Oportunitats \u2013 SOC.<\/li>\n<li>Escola de lleure.<\/li>\n<li>Punt IOC i m\u00e9s oferta formativa en quant a PFI.<\/li>\n<\/ul>\n","protected":false},"excerpt":{"rendered":"<p>El Centre de Formaci\u00f3 d\u2019Adults Lo Pont va n\u00e9ixer l\u2019any 2013 amb la intenci\u00f3 de donar resposta a la necessitat del territori derivada del frac\u00e0s escolar que presentaven alguns col\u00b7lectius joves. En primer lloc es va crear un curs professionalitzador (PFI) al municipi de Deltebre&hellip;  <a href=\"https:\/\/agora.xtec.cat\/cfalopont\/el-centre\/historia\/\" title=\"Read Hist\u00f2ria\">Llegeix m\u00e9s\u00bb<\/a><\/p>\n","protected":false},"author":1,"featured_media":0,"parent":261,"menu_order":20,"comment_status":"closed","ping_status":"closed","template":"page-templates\/side-menu.php","meta":{"_bbp_topic_count":0,"_bbp_reply_count":0,"_bbp_total_topic_count":0,"_bbp_total_reply_count":0,"_bbp_voice_count":0,"_bbp_anonymous_reply_count":0,"_bbp_topic_count_hidden":0,"_bbp_reply_count_hidden":0,"_bbp_forum_subforum_count":0,"footnotes":""},"class_list":["post-27","page","type-page","status-publish","hentry"],"post_mailing_queue_ids":[],"_links":{"self":[{"href":"https:\/\/agora.xtec.cat\/cfalopont\/wp-json\/wp\/v2\/pages\/27","targetHints":{"allow":["GET"]}}],"collection":[{"href":"https:\/\/agora.xtec.cat\/cfalopont\/wp-json\/wp\/v2\/pages"}],"about":[{"href":"https:\/\/agora.xtec.cat\/cfalopont\/wp-json\/wp\/v2\/types\/page"}],"author":[{"embeddable":true,"href":"https:\/\/agora.xtec.cat\/cfalopont\/wp-json\/wp\/v2\/users\/1"}],"replies":[{"embeddable":true,"href":"https:\/\/agora.xtec.cat\/cfalopont\/wp-json\/wp\/v2\/comments?post=27"}],"version-history":[{"count":2,"href":"https:\/\/agora.xtec.cat\/cfalopont\/wp-json\/wp\/v2\/pages\/27\/revisions"}],"predecessor-version":[{"id":456,"href":"https:\/\/agora.xtec.cat\/cfalopont\/wp-json\/wp\/v2\/pages\/27\/revisions\/456"}],"up":[{"embeddable":true,"href":"https:\/\/agora.xtec.cat\/cfalopont\/wp-json\/wp\/v2\/pages\/261"}],"wp:attachment":[{"href":"https:\/\/agora.xtec.cat\/cfalopont\/wp-json\/wp\/v2\/media?parent=27"}],"curies":[{"name":"wp","href":"https:\/\/api.w.org\/{rel}","templated":true}]}}