{"id":265,"date":"2015-01-27T17:28:56","date_gmt":"2015-01-27T16:28:56","guid":{"rendered":"http:\/\/agora.xtec.cat\/cfalopont\/?page_id=265"},"modified":"2020-02-05T13:22:26","modified_gmt":"2020-02-05T12:22:26","slug":"organitzacio-interna","status":"publish","type":"page","link":"https:\/\/agora.xtec.cat\/cfalopont\/el-centre\/organitzacio-interna\/","title":{"rendered":"Organitzaci\u00f3 interna"},"content":{"rendered":"<p><strong>Equip directiu<\/strong><\/p>\n<ul>\n<li>Direcci\u00f3: S\u00f2nia Tom\u00e0s<\/li>\n<li>Cap d\u2019estudis: Judit Ruf\u00ed<\/li>\n<li>Coordinaci\u00f3 pedag\u00f2gica: Efr\u00e9n Cofin\u00e9<\/li>\n<li>Administraci\u00f3: Rosa Navarro<\/li>\n<\/ul>\n<p><strong>Tutors i tutores<\/strong><\/p>\n<ul>\n<li>Nerea Homedes<\/li>\n<li>Neus Sabater<\/li>\n<li>Eli Bermudez<\/li>\n<li>Maria Abril<\/li>\n<li>Noelia Belmonte<\/li>\n<li>Pau Cid<\/li>\n<\/ul>\n<p><strong>Formadors i formadores<\/strong><\/p>\n<ul>\n<li>Jaume Vidal<\/li>\n<li>Rosa Palmer<\/li>\n<li>Neus<\/li>\n<li>Teresa<\/li>\n<li>Clara<\/li>\n<li>Ana\u00efs<\/li>\n<li>Sergi<\/li>\n<\/ul>\n<p><strong>Equip de Suport Pedag\u00f2gic i Serveis Digitals<\/strong><\/p>\n<ul>\n<li>Adam Sancho<\/li>\n<li>Ferran Queralt<\/li>\n<li>Patr\u00edcia P\u00e9rez<\/li>\n<li>Ferran Sabat\u00e9<\/li>\n<\/ul>\n<p><strong>ORGANIGRAMA<\/strong><\/p>\n<p><a href=\"https:\/\/agora.xtec.cat\/cfalopont\/wp-content\/uploads\/usu1018\/2020\/02\/organigrama.tif\"><img loading=\"lazy\" decoding=\"async\" class=\"alignnone size-large wp-image-593\" src=\"https:\/\/agora.xtec.cat\/cfalopont\/wp-content\/uploads\/usu1018\/2020\/02\/organigrama.tif\" alt=\"\" width=\"1\" height=\"1\" \/><\/a><a href=\"https:\/\/agora.xtec.cat\/cfalopont\/wp-content\/uploads\/usu1018\/2020\/02\/organigrama.jpg\"><img loading=\"lazy\" decoding=\"async\" class=\"alignnone size-full wp-image-594\" src=\"https:\/\/agora.xtec.cat\/cfalopont\/wp-content\/uploads\/usu1018\/2020\/02\/organigrama.jpg\" alt=\"\" width=\"960\" height=\"720\" srcset=\"https:\/\/agora.xtec.cat\/cfalopont\/wp-content\/uploads\/usu1018\/2020\/02\/organigrama.jpg 960w, https:\/\/agora.xtec.cat\/cfalopont\/wp-content\/uploads\/usu1018\/2020\/02\/organigrama-300x225.jpg 300w, https:\/\/agora.xtec.cat\/cfalopont\/wp-content\/uploads\/usu1018\/2020\/02\/organigrama-768x576.jpg 768w, https:\/\/agora.xtec.cat\/cfalopont\/wp-content\/uploads\/usu1018\/2020\/02\/organigrama-200x150.jpg 200w\" sizes=\"auto, (max-width: 960px) 100vw, 960px\" \/><\/a><\/p>\n","protected":false},"excerpt":{"rendered":"<p>Equip directiu<\/p>\n<ul>\n<li>Direcci\u00f3: S\u00f2nia Tom\u00e0s<\/li>\n<li>Cap d\u2019estudis: Judit Ruf\u00ed<\/li>\n<li>Coordinaci\u00f3 pedag\u00f2gica: Efr\u00e9n Cofin\u00e9<\/li>\n<li>Administraci\u00f3: Rosa Navarro<\/li>\n<\/ul>\n<p>Tutors i tutores<\/p>\n<ul>\n<li>Nerea Homedes<\/li>\n<li>Neus Sabater<\/li>\n<li>Eli Bermudez<\/li>\n<li>Maria Abril<\/li>\n<li>Noelia Belmonte<\/li>\n<li>Pau Cid<\/li>\n<\/ul>\n<p>Formadors i formadores<\/p>\n<ul>\n<li>Jaume Vidal<\/li>\n<li>Rosa Palmer<\/li>\n<li>Neus<\/li>\n<li>Teresa<\/li>\n<li>Clara<\/li>\n<li>Ana\u00efs<\/li>\n<li>Sergi<\/li>\n<\/ul>\n<p>Equip de Suport Pedag\u00f2gic i Serveis Digitals<\/p>\n<ul>\n<li>Adam Sancho<\/li>\n<li>Ferran Queralt<\/li>\n<li>Patr\u00edcia P\u00e9rez<\/li>\n<li>Ferran Sabat\u00e9<\/li>\n<\/ul>\n<p>ORGANIGRAMA<br \/>\n<a href=\"https:\/\/agora.xtec.cat\/cfalopont\/wp-content\/uploads\/usu1018\/2020\/02\/organigrama.tif\"><\/a><a href=\"https:\/\/agora.xtec.cat\/cfalopont\/wp-content\/uploads\/usu1018\/2020\/02\/organigrama.jpg\"><\/a><\/p>\n","protected":false},"author":1,"featured_media":0,"parent":261,"menu_order":40,"comment_status":"closed","ping_status":"closed","template":"page-templates\/side-menu.php","meta":{"_bbp_topic_count":0,"_bbp_reply_count":0,"_bbp_total_topic_count":0,"_bbp_total_reply_count":0,"_bbp_voice_count":0,"_bbp_anonymous_reply_count":0,"_bbp_topic_count_hidden":0,"_bbp_reply_count_hidden":0,"_bbp_forum_subforum_count":0,"footnotes":""},"class_list":["post-265","page","type-page","status-publish","hentry"],"post_mailing_queue_ids":[],"_links":{"self":[{"href":"https:\/\/agora.xtec.cat\/cfalopont\/wp-json\/wp\/v2\/pages\/265","targetHints":{"allow":["GET"]}}],"collection":[{"href":"https:\/\/agora.xtec.cat\/cfalopont\/wp-json\/wp\/v2\/pages"}],"about":[{"href":"https:\/\/agora.xtec.cat\/cfalopont\/wp-json\/wp\/v2\/types\/page"}],"author":[{"embeddable":true,"href":"https:\/\/agora.xtec.cat\/cfalopont\/wp-json\/wp\/v2\/users\/1"}],"replies":[{"embeddable":true,"href":"https:\/\/agora.xtec.cat\/cfalopont\/wp-json\/wp\/v2\/comments?post=265"}],"version-history":[{"count":3,"href":"https:\/\/agora.xtec.cat\/cfalopont\/wp-json\/wp\/v2\/pages\/265\/revisions"}],"predecessor-version":[{"id":592,"href":"https:\/\/agora.xtec.cat\/cfalopont\/wp-json\/wp\/v2\/pages\/265\/revisions\/592"}],"up":[{"embeddable":true,"href":"https:\/\/agora.xtec.cat\/cfalopont\/wp-json\/wp\/v2\/pages\/261"}],"wp:attachment":[{"href":"https:\/\/agora.xtec.cat\/cfalopont\/wp-json\/wp\/v2\/media?parent=265"}],"curies":[{"name":"wp","href":"https:\/\/api.w.org\/{rel}","templated":true}]}}