{"id":261,"date":"2015-01-27T17:25:01","date_gmt":"2015-01-27T16:25:01","guid":{"rendered":"http:\/\/agora.xtec.cat\/cfalopont\/?page_id=261"},"modified":"2023-06-26T11:09:21","modified_gmt":"2023-06-26T09:09:21","slug":"el-centre","status":"publish","type":"page","link":"https:\/\/agora.xtec.cat\/cfalopont\/el-centre\/","title":{"rendered":"El Centre"},"content":{"rendered":"<p>El CFA \u201cLo Pont\u201d \u00e9s un espai d\u2019aprenentatge viu que f<strong>unciona com un centre integrat<\/strong> amb una dimensi\u00f3 connectada al Departament d\u2019Educaci\u00f3 i una altra al Departament de Treball, Afers Socials i Fam\u00edlies.<\/p>\n<p>Tanmateix, \u201cLo Pont\u201d \u00e9s un centre educatiu descentralitzat focalitzat en el retorn al sistema educatiu o en la inserci\u00f3 laboral i la millora de les compet\u00e8ncies transversals i emocionals de <strong>joves entre 16 i 24 anys<\/strong> que han patit abandonament prematur dels seus estudis o frac\u00e0s escolar.<\/p>\n<blockquote><p>Compta amb diversos punts d\u2019atenci\u00f3 descentralitzada (Deltebre, Amposta, Roquetes, La S\u00e8nia, Alcanar, Gandesa i M\u00f3ra d\u2019Ebre) on s\u2019imparteixen les formacions de GESO, CAM i CPPCGS, i PFIs, aix\u00ed com programes del Servei d\u2019Ocupaci\u00f3 de Catalunya, com Noves Oportunitats i Primera Oportunitat per a joves que migren sols, aix\u00ed com un cat\u00e0leg de certificats de professionalitat.<\/p><\/blockquote>\n<p>Per a m\u00e9s informaci\u00f3, descarrega&#8217;t la presentaci\u00f3 del centre: <a href=\"https:\/\/agora.xtec.cat\/cfalopont\/wp-content\/uploads\/usu1018\/2019\/07\/diptic_lopont-1.pdf\" target=\"_blank\" rel=\"noopener noreferrer\">CFA Lo Pont.<\/a><\/p>\n<p>&nbsp;<\/p>\n","protected":false},"excerpt":{"rendered":"<p>El CFA \u201cLo Pont\u201d \u00e9s un espai d\u2019aprenentatge viu que funciona com un centre integrat amb una dimensi\u00f3 connectada al Departament d\u2019Educaci\u00f3 i una altra al Departament de Treball, Afers Socials i Fam\u00edlies.<br \/>\nTanmateix, \u201cLo Pont\u201d \u00e9s un centre educatiu descentralitzat focalitzat en el retorn al&hellip;  <a href=\"https:\/\/agora.xtec.cat\/cfalopont\/el-centre\/\" title=\"Read El Centre\">Llegeix m\u00e9s\u00bb<\/a><\/p>\n","protected":false},"author":1,"featured_media":0,"parent":0,"menu_order":0,"comment_status":"closed","ping_status":"closed","template":"page-templates\/side-menu.php","meta":{"_bbp_topic_count":0,"_bbp_reply_count":0,"_bbp_total_topic_count":0,"_bbp_total_reply_count":0,"_bbp_voice_count":0,"_bbp_anonymous_reply_count":0,"_bbp_topic_count_hidden":0,"_bbp_reply_count_hidden":0,"_bbp_forum_subforum_count":0,"footnotes":""},"class_list":["post-261","page","type-page","status-publish","hentry"],"post_mailing_queue_ids":[],"_links":{"self":[{"href":"https:\/\/agora.xtec.cat\/cfalopont\/wp-json\/wp\/v2\/pages\/261","targetHints":{"allow":["GET"]}}],"collection":[{"href":"https:\/\/agora.xtec.cat\/cfalopont\/wp-json\/wp\/v2\/pages"}],"about":[{"href":"https:\/\/agora.xtec.cat\/cfalopont\/wp-json\/wp\/v2\/types\/page"}],"author":[{"embeddable":true,"href":"https:\/\/agora.xtec.cat\/cfalopont\/wp-json\/wp\/v2\/users\/1"}],"replies":[{"embeddable":true,"href":"https:\/\/agora.xtec.cat\/cfalopont\/wp-json\/wp\/v2\/comments?post=261"}],"version-history":[{"count":3,"href":"https:\/\/agora.xtec.cat\/cfalopont\/wp-json\/wp\/v2\/pages\/261\/revisions"}],"predecessor-version":[{"id":449,"href":"https:\/\/agora.xtec.cat\/cfalopont\/wp-json\/wp\/v2\/pages\/261\/revisions\/449"}],"wp:attachment":[{"href":"https:\/\/agora.xtec.cat\/cfalopont\/wp-json\/wp\/v2\/media?parent=261"}],"curies":[{"name":"wp","href":"https:\/\/api.w.org\/{rel}","templated":true}]}}