{"id":21,"date":"2014-09-17T16:14:14","date_gmt":"2014-09-17T16:14:14","guid":{"rendered":"http:\/\/agora.xtec.cat\/cfalopont\/?page_id=21"},"modified":"2019-07-16T10:25:12","modified_gmt":"2019-07-16T08:25:12","slug":"on-som","status":"publish","type":"page","link":"https:\/\/agora.xtec.cat\/cfalopont\/el-centre\/on-som\/","title":{"rendered":"On som"},"content":{"rendered":"<p style=\"color: #666666;\"><strong>CFA Lo Pont<\/strong><\/p>\n<p>Avinguda de La Pau, 178<br \/>\n43580 Deltebre<\/p>\n<p style=\"color: #666666;\">Tel. 977 05 92 66<br \/>\ncfalopont@xtec.cat<\/p>\n<p><iframe loading=\"lazy\" style=\"border: 0;\" src=\"https:\/\/www.google.com\/maps\/embed?pb=!1m18!1m12!1m3!1d6047.665381813298!2d0.7105680427146663!3d40.72169949129427!2m3!1f0!2f0!3f0!3m2!1i1024!2i768!4f13.1!3m3!1m2!1s0x12a1042d33465bc7%3A0xaf8a3c9bc1bffa2a!2sAvinguda+de+la+Pau%2C+178%2C+43580+Deltebre%2C+Tarragona!5e0!3m2!1ses!2ses!4v1562761829342!5m2!1ses!2ses\" width=\"600\" height=\"450\" frameborder=\"0\" allowfullscreen=\"allowfullscreen\"><\/iframe><\/p>\n<p><strong>Com arribar-hi:<br \/>\n<\/strong><\/p>\n<p><em><strong>Si vens en cotxe:<\/strong><\/em><\/p>\n<p>La forma m\u00e9s \u00e0gil i c\u00f2moda d&#8217;arribar a Deltebre \u00e9s amb cotxe. Si v\u00e9ns per carretera, pots accedir a Deltebre directament per l&#8217;autopista AP-7, prenent una de les seg\u00fcents sortides:<\/p>\n<ul>\n<li>39A (l&#8217;Ampolla), continuar per la N-340 i prendre la TV-3401 fins a Deltebre.<\/li>\n<li>40 (l&#8217;Aldea \/ Tortosa), continuar amb la N-340 i prendre la TV-3400 fins a Deltebre.<\/li>\n<li>41 (Amposta \/ Sant Carles de la R\u00e0pita) i continuar per la TV-3454 fins a Deltebre.<\/li>\n<\/ul>\n<p>I si v\u00e9ns per la N-340, pots accedir a alguns dels termes de termes municipals: l&#8217;Ampolla, Camarles, l&#8217;Aldea, Amposta i Sant Carles de la R\u00e0pita. En tots ells trobar\u00e0s indicacions per arribar a Deltebre.<\/p>\n<p><em><strong>Si vens en tren:<\/strong><\/em><\/p>\n<p>Si vols venir en ferrocarril, has de tenir en compte que necessitar\u00e0s un altre mitj\u00e0 de transport per poder arribar a Deltebre, ja que les estacions no es troben en el mateix municipi. Les estacions de trens m\u00e9s properes s\u00f3n:<\/p>\n<ul>\n<li>l&#8217;Aldea-Amposta-Tortosa: paren els trens de mitja dist\u00e0ncia i alguns de llarg recorregut.<\/li>\n<li>l&#8217;Ampolla-Perell\u00f3-Deltebre: paren els trens de mitja dist\u00e0ncia.<\/li>\n<li>Camarles-Deltebre: paren els trens de mitja dist\u00e0ncia.<\/li>\n<\/ul>\n<p>Pots consultar els horaris a la p\u00e0gina web de Renfe, descarregar-la seva aplicaci\u00f3 o contactar amb el tel\u00e8fon d&#8217;informaci\u00f3 902 240 202. I per arribar a Deltebre, la forma m\u00e9s c\u00f2moda \u00e9s demanar un taxi, encara que tamb\u00e9 pots agafar un dels autobusos que arriben a Deltebre des de l&#8217;Aldea.<\/p>\n","protected":false},"excerpt":{"rendered":"<p>CFA Lo Pont<br \/>\nAvinguda de La Pau, 178<br \/>\n43580 Deltebre<br \/>\nTel. 977 05 92 66<br \/>\ncfalopont@xtec.cat<\/p>\n<p>Com arribar-hi:<\/p>\n<p>Si vens en cotxe:<br \/>\nLa forma m\u00e9s \u00e0gil i c\u00f2moda d&#8217;arribar a Deltebre \u00e9s amb cotxe. Si v\u00e9ns per carretera, pots accedir a Deltebre directament per l&#8217;autopista AP-7, prenent una de les seg\u00fcents sortides:<\/p>\n<ul>\n<li>39A&hellip;  <a href=\"https:\/\/agora.xtec.cat\/cfalopont\/el-centre\/on-som\/\" title=\"Read On som\">Llegeix m\u00e9s\u00bb<\/a><br \/>\n","protected":false},"author":1,"featured_media":0,"parent":261,"menu_order":10,"comment_status":"closed","ping_status":"closed","template":"page-templates\/side-menu.php","meta":{"_bbp_topic_count":0,"_bbp_reply_count":0,"_bbp_total_topic_count":0,"_bbp_total_reply_count":0,"_bbp_voice_count":0,"_bbp_anonymous_reply_count":0,"_bbp_topic_count_hidden":0,"_bbp_reply_count_hidden":0,"_bbp_forum_subforum_count":0,"footnotes":""},"class_list":["post-21","page","type-page","status-publish","hentry"],"post_mailing_queue_ids":[],"_links":{"self":[{"href":"https:\/\/agora.xtec.cat\/cfalopont\/wp-json\/wp\/v2\/pages\/21","targetHints":{"allow":["GET"]}}],"collection":[{"href":"https:\/\/agora.xtec.cat\/cfalopont\/wp-json\/wp\/v2\/pages"}],"about":[{"href":"https:\/\/agora.xtec.cat\/cfalopont\/wp-json\/wp\/v2\/types\/page"}],"author":[{"embeddable":true,"href":"https:\/\/agora.xtec.cat\/cfalopont\/wp-json\/wp\/v2\/users\/1"}],"replies":[{"embeddable":true,"href":"https:\/\/agora.xtec.cat\/cfalopont\/wp-json\/wp\/v2\/comments?post=21"}],"version-history":[{"count":3,"href":"https:\/\/agora.xtec.cat\/cfalopont\/wp-json\/wp\/v2\/pages\/21\/revisions"}],"predecessor-version":[{"id":459,"href":"https:\/\/agora.xtec.cat\/cfalopont\/wp-json\/wp\/v2\/pages\/21\/revisions\/459"}],"up":[{"embeddable":true,"href":"https:\/\/agora.xtec.cat\/cfalopont\/wp-json\/wp\/v2\/pages\/261"}],"wp:attachment":[{"href":"https:\/\/agora.xtec.cat\/cfalopont\/wp-json\/wp\/v2\/media?parent=21"}],"curies":[{"name":"wp","href":"https:\/\/api.w.org\/{rel}","templated":true}]}}