{"id":9,"date":"2014-09-12T10:15:01","date_gmt":"2014-09-12T10:15:01","guid":{"rendered":"http:\/\/agora.xtec.cat\/cfalloretdemar\/?page_id=9"},"modified":"2026-04-08T19:36:11","modified_gmt":"2026-04-08T17:36:11","slug":"pagina-dinici-buida","status":"publish","type":"page","link":"https:\/\/agora.xtec.cat\/cfalloretdemar\/","title":{"rendered":"Inici"},"content":{"rendered":"<h1 style=\"text-align: center;\"><strong><span style=\"color: #333399;\">CURS 2025-26<\/span><\/strong><\/h1>\n<h4 style=\"text-align: center;\"><strong><a href=\"https:\/\/agora.xtec.cat\/cfalloretdemar\/wp-content\/uploads\/usu469\/2025\/09\/Horaris-ensenyaments-25-26_Web.pdf\" target=\"_blank\" rel=\"attachment noopener wp-att-4404\">OFERTA FORMATIVA AMB HORARIS 2025-26<\/a><\/strong><\/h4>\n<h4 style=\"text-align: center;\"><a href=\"https:\/\/agora.xtec.cat\/cfalloretdemar\/oferta-formativa\/\" target=\"_blank\" rel=\"noopener\">INFORMACI\u00d3 DELS CURSOS QUE IMPARTIM<\/a><\/h4>\n<h4 style=\"text-align: center;\"><span style=\"color: #000000;\">Demaneu informaci\u00f3 en l&#8217;horari d&#8217;atenci\u00f3 al p\u00fablic<\/span><\/h4>\n<p>&nbsp;<\/p>\n<h1 style=\"text-align: center;\"><strong><span style=\"color: #333399;\">PREINSCRIPCI\u00d3 PER AL CURS 2026-27<\/span><\/strong><\/h1>\n<h2 style=\"text-align: center;\"><span style=\"color: #339966;\"><strong>DEL 19 AL 29 DE JUNY<\/strong><\/span><\/h2>\n<h3 style=\"text-align: center;\"><span style=\"color: #339966;\">Properament publicarem els horaris de preinscripci\u00f3<\/span><\/h3>\n<p>&nbsp;<\/p>\n<h3 style=\"text-align: center;\"><strong><span style=\"color: #000080;\">HORARI D&#8217;ATENCI\u00d3 AL P\u00daBLIC\u00a0<\/span><\/strong><\/h3>\n<h3 style=\"text-align: center;\"><span style=\"color: #ff6600;\"><strong>Matins: <\/strong><\/span><\/h3>\n<h4 style=\"text-align: center;\"><strong>Dimecres i divendres <span style=\"color: #0000ff;\">de 9:30 a 11:30<\/span><\/strong><\/h4>\n<h3 style=\"text-align: center;\"><strong><span style=\"color: #ff6600;\">Tardes:<\/span> <\/strong><\/h3>\n<h4 style=\"text-align: center;\"><strong>Dilluns, dimarts, dimecres i dijous <span style=\"color: #0000ff;\">de 15:30 a 17:30<\/span><\/strong><\/h4>\n<h5 style=\"text-align: center;\"><\/h5>\n","protected":false},"excerpt":{"rendered":"<p>CURS 2025-26<br \/>\n<a href=\"https:\/\/agora.xtec.cat\/cfalloretdemar\/wp-content\/uploads\/usu469\/2025\/09\/Horaris-ensenyaments-25-26_Web.pdf\" target=\"_blank\" rel=\"attachment noopener wp-att-4404\">OFERTA FORMATIVA AMB HORARIS 2025-26<\/a><br \/>\n<a href=\"https:\/\/agora.xtec.cat\/cfalloretdemar\/oferta-formativa\/\" target=\"_blank\" rel=\"noopener\">INFORMACI\u00d3 DELS CURSOS QUE IMPARTIM<\/a><br \/>\nDemaneu informaci\u00f3 en l&#8217;horari d&#8217;atenci\u00f3 al p\u00fablic<br \/>\n&nbsp;<br \/>\nPREINSCRIPCI\u00d3 PER AL CURS 2026-27<br \/>\nDEL 19 AL 29 DE JUNY<br \/>\nProperament publicarem els horaris de preinscripci\u00f3<br \/>\n&nbsp;<br \/>\nHORARI D&#8217;ATENCI\u00d3 AL P\u00daBLIC\u00a0<br \/>\nMatins:<br \/>\nDimecres i divendres de&hellip;  <a href=\"https:\/\/agora.xtec.cat\/cfalloretdemar\/\" title=\"Read Inici\">Llegeix m\u00e9s\u00bb<\/a><\/p>\n","protected":false},"author":1,"featured_media":0,"parent":7,"menu_order":1,"comment_status":"closed","ping_status":"closed","template":"","meta":{"_bbp_topic_count":0,"_bbp_reply_count":0,"_bbp_total_topic_count":0,"_bbp_total_reply_count":0,"_bbp_voice_count":0,"_bbp_anonymous_reply_count":0,"_bbp_topic_count_hidden":0,"_bbp_reply_count_hidden":0,"_bbp_forum_subforum_count":0,"footnotes":""},"class_list":["post-9","page","type-page","status-publish","hentry"],"post_mailing_queue_ids":[],"_links":{"self":[{"href":"https:\/\/agora.xtec.cat\/cfalloretdemar\/wp-json\/wp\/v2\/pages\/9","targetHints":{"allow":["GET"]}}],"collection":[{"href":"https:\/\/agora.xtec.cat\/cfalloretdemar\/wp-json\/wp\/v2\/pages"}],"about":[{"href":"https:\/\/agora.xtec.cat\/cfalloretdemar\/wp-json\/wp\/v2\/types\/page"}],"author":[{"embeddable":true,"href":"https:\/\/agora.xtec.cat\/cfalloretdemar\/wp-json\/wp\/v2\/users\/1"}],"replies":[{"embeddable":true,"href":"https:\/\/agora.xtec.cat\/cfalloretdemar\/wp-json\/wp\/v2\/comments?post=9"}],"version-history":[{"count":6,"href":"https:\/\/agora.xtec.cat\/cfalloretdemar\/wp-json\/wp\/v2\/pages\/9\/revisions"}],"predecessor-version":[{"id":4444,"href":"https:\/\/agora.xtec.cat\/cfalloretdemar\/wp-json\/wp\/v2\/pages\/9\/revisions\/4444"}],"up":[{"embeddable":true,"href":"https:\/\/agora.xtec.cat\/cfalloretdemar\/wp-json\/wp\/v2\/pages\/7"}],"wp:attachment":[{"href":"https:\/\/agora.xtec.cat\/cfalloretdemar\/wp-json\/wp\/v2\/media?parent=9"}],"curies":[{"name":"wp","href":"https:\/\/api.w.org\/{rel}","templated":true}]}}