{"id":547,"date":"2017-05-17T02:21:25","date_gmt":"2017-05-17T00:21:25","guid":{"rendered":"http:\/\/agora.xtec.cat\/cfalloretdemar\/?page_id=547"},"modified":"2022-02-25T16:21:08","modified_gmt":"2022-02-25T15:21:08","slug":"a-grau-superior","status":"publish","type":"page","link":"https:\/\/agora.xtec.cat\/cfalloretdemar\/a-grau-superior\/","title":{"rendered":"Preparaci\u00f3 per a les proves d&#8217;acc\u00e9s a CFGS"},"content":{"rendered":"<div id=\"sites-canvas-main\" class=\"sites-canvas-main\"><\/div>\n<p lang=\"es-ES\"><span style=\"color: #20124d; font-family: 'Trebuchet MS', sans-serif; font-size: x-large;\"><span lang=\"ca-ES\"><b><span style=\"color: #993366;\">INFORMACI\u00d3 SOBRE EL CURS<\/span>\u00a0<\/b><\/span><\/span><\/p>\n<p lang=\"es-ES\" align=\"justify\"><span style=\"font-size: medium; color: #000000;\">Aquest curs prepara per presentar-se a les proves d&#8217;acc\u00e9s als cicles de grau\u00a0superior\u00a0de\u00a0formaci\u00f3 professional, d&#8217;arts pl\u00e0stiques i disseny i d&#8217;ensenyaments esportius.<\/span><\/p>\n<h3><span style=\"color: #993366;\"><i><b>Estructura del curs<\/b><\/i><\/span><\/h3>\n<p>El curs s&#8217;estructura en dues parts: una <strong>part comuna<\/strong> (que compr\u00e8n les mat\u00e8ries de llengua catalana, llengua castellana, angl\u00e8s i matem\u00e0tiques) i una <strong>part espec\u00edfica<\/strong> (integrada per dues mat\u00e8ries que es trien en funci\u00f3 del cicle formatiu que es vol cursar).<\/p>\n<p>El centre ofereix la preparaci\u00f3 per a la part comuna de la prova en modalitat presencial. Les mat\u00e8ries de la part espec\u00edfica s&#8217;han de cursar a dist\u00e0ncia a trav\u00e9s de l&#8217;IOC (Institut Obert de Catalunya).<\/p>\n<p>Les persones que volen accedir a un cicle formatiu d\u2019ensenyaments esportius (<strong>no<\/strong> els d&#8217;activitats fisicoesportives) o d&#8217;arts pl\u00e0stiques i disseny poden cursar hist\u00f2ria en lloc de matem\u00e0tiques, per\u00f2 hauran de fer aquesta mat\u00e8ria a l\u2019IOC, perqu\u00e8 el centre no l&#8217;ofereix.<\/p>\n<p>Es pot triar com a llengua estrangera franc\u00e8s o alemany en comptes d\u2019angl\u00e8s, per\u00f2 s\u2019han de cursar a l\u2019IOC perqu\u00e8 el centre no les ofereix. Si es tria com a mat\u00e8ria espec\u00edfica la segona llengua estrangera (que pot ser angl\u00e8s o franc\u00e8s), aquesta ha de ser diferent a la que s&#8217;ha triat per a la part comuna.<\/p>\n<div dir=\"ltr\">\n<h3><span style=\"color: #993366;\"><i><b>Durada del curs i horaris<\/b><\/i><\/span><\/h3>\n<p style=\"text-align: justify;\">El curs t\u00e9 una durada de 8 mesos, de setembre a maig. La part comuna s&#8217;imparteix al centre i consta de 10 hores setmanals (4 de matem\u00e0tiques, 3 d\u2019angl\u00e8s i 3 de catal\u00e0\/castell\u00e0).<\/p>\n<p style=\"text-align: justify;\"><strong>Horaris<\/strong><\/p>\n<p style=\"text-align: justify;\">A la tarda, de dilluns a dijous dins de la franja hor\u00e0ria de 15:00 a 18:00<\/p>\n<p style=\"text-align: justify;\">L\u2019assist\u00e8ncia \u00e9s obligat\u00f2ria i cal un <strong>80% <\/strong>d\u2019assist\u00e8ncia per tal d\u2019optar al certificat de qualificaci\u00f3.<\/p>\n<p style=\"text-align: justify;\">La part espec\u00edfica es cursa a dist\u00e0ncia a trav\u00e9s de l&#8217;IOC (Institut Obert de Catalunya).<\/p>\n<\/div>\n<h3><span style=\"color: #993366;\"><i><b>Qualificaci\u00f3<\/b><\/i><\/span><\/h3>\n<p><span style=\"font-family: 'Trebuchet MS', sans-serif; font-size: medium; color: #000000;\"><span lang=\"ca-ES\">Els alumnes que superin aquest curs (que obtinguin una qualificaci\u00f3 igual o superior a 5) poden sumar fins a 2 punts a la nota de la prova d\u2019acc\u00e9s, sempre que aquesta nota sigui igual o superior a 4\u00a0<\/span><\/span>(la nota del certificat de formaci\u00f3 es multiplica per 0,2 i s\u2019afegeix a la nota de la prova, excepte per a ensenyaments esportius, que es multiplica per 0,15).<\/p>\n<h3><span style=\"color: #993366;\"><i><b>Requisits d&#8217;acc\u00e9s<\/b><\/i><\/span><\/h3>\n<p style=\"text-align: justify;\" align=\"justify\"><span style=\"font-size: medium; color: #000000;\">Poden accedir les persones que tinguin 18 anys complerts o els compleixin durant l\u2019any que s\u2019inicia la formaci\u00f3.<\/span><\/p>\n<p style=\"text-align: justify;\" align=\"justify\"><span style=\"font-size: medium; color: #000000;\"><span style=\"font-family: 'Trebuchet MS', sans-serif;\">No \u00e9s necessari tenir cap titulaci\u00f3 per accedir a aquest curs ni per presentar-se a la prova, per\u00f2 cal tenir present que el temari d&#8217;aquest curs es correspon amb els continguts de batxillerat.<\/span><\/span><\/p>\n<p lang=\"es-ES\" style=\"text-align: justify;\" align=\"justify\"><span style=\"font-family: 'Trebuchet MS', sans-serif; font-size: medium; color: #000000;\"><span lang=\"ca-ES\">Les persones que posseeixin la titulaci\u00f3 acad\u00e8mica o ensenyaments equivalents (p.ex. CFGM, Btx) que permetin l&#8217;acc\u00e9s directe a un CFGS no es poden presentar a la prova.<\/span><\/span><\/p>\n<h4 lang=\"es-ES\" style=\"text-align: justify;\" align=\"justify\"><span style=\"color: #993366; font-size: x-large;\"><span style=\"font-family: 'Trebuchet MS', sans-serif;\"><span lang=\"ca-ES\"><i><b>Documentaci\u00f3<\/b><\/i><\/span><\/span><span style=\"font-family: 'Trebuchet MS', sans-serif;\"><span lang=\"ca-ES\"><i><b> per formalitzar la preinscripci\u00f3<\/b><\/i><\/span><\/span><\/span><\/h4>\n<ol style=\"text-align: justify;\">\n<li>\n<p align=\"justify\"><span style=\"font-family: 'Trebuchet MS', sans-serif; font-size: medium; color: #000000;\">Original i fotoc\u00f2pia del DNI o de la targeta de resid\u00e8ncia on consta el NIE ( en cas d\u2019alumnat estranger).<\/span><\/p>\n<\/li>\n<li>\n<p lang=\"es-ES\" align=\"justify\"><span style=\"font-size: medium; color: #000000;\"><span style=\"font-family: 'Trebuchet MS', sans-serif;\"><span lang=\"ca-ES\">Documentaci\u00f3 acreditativa del lloc de resid\u00e8ncia o treball, quan sigui necess\u00e0ria. Tenen prefer\u00e8ncia les persones que resideixin o treballen a Lloret de Mar o a un municipi proper on no hi hagi oferta p\u00fablica d&#8217;educaci\u00f3 d&#8217;adults d&#8217;aquest ensenyament.<\/span><\/span><\/span><\/p>\n<\/li>\n<\/ol>\n<p><span style=\"color: #993366; font-family: 'Trebuchet MS', sans-serif; font-size: x-large;\"><span lang=\"ca-ES\"><b>INFORMACI\u00d3 SOBRE LA PROVA D\u2019ACC\u00c9S A CFGS<\/b><\/span><\/span><\/p>\n<h3><span style=\"color: #993366;\"><i><b>Qu\u00e8 \u00e9s la prova d\u2019acc\u00e9s?<\/b><\/i><\/span><\/h3>\n<p style=\"text-align: justify;\" align=\"justify\"><span style=\"font-family: 'Trebuchet MS', sans-serif; font-size: medium; color: #000000;\">\u00c9s una prova de car\u00e0cter general que el Departament d\u2019Ensenyament convoca un cop l\u2019any. Aquesta prova permet a les persones que la superin matricular-se a un cicle de formaci\u00f3 professional espec\u00edfica, si no tenen la titulaci\u00f3 exigida.<\/span><\/p>\n<h3 lang=\"es-ES\" style=\"text-align: justify;\" align=\"justify\"><span style=\"font-family: 'Trebuchet MS', sans-serif;\"><span style=\"color: #741b47; font-size: x-large;\"><span lang=\"ca-ES\"><i><b>Requisits per presentar-se a la prova<\/b><\/i><\/span><\/span><\/span><\/h3>\n<p lang=\"es-ES\" style=\"text-align: justify;\" align=\"justify\">Tenir 19 anys complerts o b\u00e9 complir-los durant l\u2019any que es realitza la prova i no posseir cap titulaci\u00f3 o ensenyament equivalent que permeti l&#8217;acc\u00e9s directe a aquests cicles formatius.<\/p>\n<p style=\"text-align: justify;\" align=\"justify\"><span style=\"font-family: 'Trebuchet MS', sans-serif;\"><span style=\"color: #741b47; font-size: x-large;\"><i><b>Objectiu de la prova<\/b><\/i><\/span><\/span><\/p>\n<p style=\"text-align: justify;\" align=\"justify\"><span style=\"font-family: 'Trebuchet MS', sans-serif; font-size: medium;\">L\u2019objectiu de la prova d\u2019acc\u00e9s al CFGS \u00e9s que l\u2019aspirant acrediti la seva maduresa amb relaci\u00f3 als objectius del batxillerat i les seves capacitats referents al camp professional al qual vulgui accedir.<\/span><\/p>\n<p style=\"text-align: justify;\" align=\"justify\"><span style=\"font-family: 'Trebuchet MS', sans-serif;\"><span style=\"color: #741b47; font-size: x-large;\"><i><b>Estructura de la prova<\/b><\/i><\/span><\/span><\/p>\n<p style=\"text-align: justify;\" align=\"justify\"><span style=\"font-family: 'Trebuchet MS', sans-serif; font-size: medium;\">La prova d\u2019acc\u00e9s t\u00e9 una part comuna i una part espec\u00edfica relacionada amb el cicle formatiu que es vulgui cursar.<\/span><\/p>\n<ul style=\"text-align: justify;\">\n<li>\n<p lang=\"es-ES\" align=\"justify\"><span style=\"font-size: medium;\"><span style=\"font-family: 'Trebuchet MS', sans-serif;\"><span lang=\"ca-ES\"><b>Part comuna:<\/b><\/span><\/span><span style=\"font-family: 'Trebuchet MS', sans-serif;\"><span lang=\"ca-ES\"> Compr\u00e8n les mat\u00e8ries de llengua catalana, llengua castellana, idioma estranger (angl\u00e8s, franc\u00e8s o alemany) i matem\u00e0tiques. Els alumnes que volen accedir a un cicle formatiu d&#8217;ensenyaments esportius o d&#8217;arts pl\u00e0stiques i disseny poden examinar-se d\u2019hist\u00f2ria en lloc de matem\u00e0tiques.<\/span><\/span><\/span><\/p>\n<\/li>\n<li>\n<p lang=\"es-ES\" align=\"justify\"><span style=\"font-size: medium;\"><span style=\"font-family: 'Trebuchet MS', sans-serif;\"><span lang=\"ca-ES\"><b>Part espec\u00edfica:<\/b><\/span><\/span><span style=\"font-family: 'Trebuchet MS', sans-serif;\"><span lang=\"ca-ES\"> la integren dues mat\u00e8ries que varien segons el cicle formatiu que l\u2019estudiant escull <\/span><\/span><\/span><\/p>\n<\/li>\n<\/ul>\n<p lang=\"es-ES\" style=\"text-align: justify;\" align=\"justify\"><span style=\"font-size: medium;\"><span style=\"font-family: 'Trebuchet MS', sans-serif;\"><span lang=\"ca-ES\">Podran aconseguir <\/span><\/span><span style=\"font-family: 'Trebuchet MS', sans-serif;\"><span lang=\"ca-ES\"><b>l\u2019exempci\u00f3 de la part espec\u00edfica<\/b><\/span><\/span><span style=\"font-family: 'Trebuchet MS', sans-serif;\"><span lang=\"ca-ES\">:<\/span><\/span><\/span><\/p>\n<ul>\n<li>\n<p lang=\"es-ES\" align=\"justify\"><span style=\"font-size: medium;\"><span style=\"font-family: 'Trebuchet MS', sans-serif;\"><span lang=\"ca-ES\">Les persones que tinguin <\/span><\/span><span style=\"font-family: 'Trebuchet MS', sans-serif;\"><span lang=\"ca-ES\"><b>experi\u00e8ncia laboral relacionada amb el cicle formatiu<\/b><\/span><\/span><span style=\"font-family: 'Trebuchet MS', sans-serif;\"><span lang=\"ca-ES\"> a qu\u00e8 es vol accedir, a jornada completa (o el temps proporcional en cas de jornada a temps parcial), reconeguda oficialment: d&#8217;1 any o m\u00e9s amb una categoria professional igual o superior a la que correspon el cicle formatiu de grau superior (en general, oficial de primera o de segona); o de 3 anys o m\u00e9s si la categoria reconeguda oficialment (grup de cotitzaci\u00f3) \u00e9s inferior; o experi\u00e8ncia laboral en diverses categories professionals, equivalent a les dues anteriors.<\/span><\/span><\/span><\/p>\n<\/li>\n<li style=\"text-align: justify;\"><span style=\"font-family: 'Trebuchet MS', sans-serif; font-size: medium;\">Per als cicles formatius de la fam\u00edlia d\u2019activitats fisicoesportives, els aspirants podran sol\u00b7licitar l\u2019exempci\u00f3 acreditant una experi\u00e8ncia d\u2019almenys un any en l\u2019entrenament, la direcci\u00f3 d\u2019equips esportius o altres activitats relacionades.<\/span><\/li>\n<li lang=\"es-ES\" style=\"text-align: justify;\"><span style=\"font-family: 'Trebuchet MS', sans-serif; font-size: medium;\"><span lang=\"ca-ES\">Per als cicles de la fam\u00edlia de serveis socioculturals, cal tenir experi\u00e8ncia d\u2019almenys un any en tasques de voluntariat relacionades amb el cicle.<\/span><\/span><\/li>\n<\/ul>\n<p style=\"text-align: justify;\" align=\"justify\"><span style=\"font-family: 'Trebuchet MS', sans-serif;\"><span style=\"color: #741b47; font-size: x-large;\"><i><b>Calendari i inscripci\u00f3 de les proves<\/b><\/i><\/span><\/span><\/p>\n<p lang=\"es-ES\" style=\"text-align: justify;\" align=\"justify\"><span style=\"font-family: 'Trebuchet MS', sans-serif; font-size: medium;\"><span lang=\"ca-ES\">Generalment la prova de CFGS es realitza al mes de maig. La inscripci\u00f3 a les proves es fa abans i el CFA dona la informaci\u00f3 necess\u00e0ria sobre la convocat\u00f2ria i sobre els terminis de pagament.<\/span><\/span><\/p>\n<p lang=\"es-ES\" style=\"text-align: justify;\"><span style=\"font-family: 'Trebuchet MS', sans-serif;\"><span style=\"color: #741b47; font-size: x-large;\"><span lang=\"ca-ES\"><i><b>Taxes<\/b><\/i><\/span><\/span><\/span><\/p>\n<p style=\"text-align: justify;\"><span style=\"font-family: 'Trebuchet MS', sans-serif; font-size: medium;\">La taxa d&#8217;inscripci\u00f3 a la prova del curs (2021-22) ha estat: 38,75 euros.<\/span><\/p>\n<p lang=\"es-ES\" style=\"text-align: justify;\"><span style=\"font-size: medium;\"><span style=\"font-family: 'Trebuchet MS', sans-serif;\"><span lang=\"ca-ES\">Estan <\/span><\/span><b><span style=\"font-family: 'Trebuchet MS', sans-serif;\"><span lang=\"ca-ES\">exemptes del pagament<\/span><\/span><\/b><span style=\"font-family: 'Trebuchet MS', sans-serif;\"><span lang=\"ca-ES\"> de la taxa d&#8217;inscripci\u00f3, amb la presentaci\u00f3 de la documentaci\u00f3 oficial que ho acredita:<\/span><\/span><\/span><\/p>\n<ul>\n<li style=\"list-style-type: none;\">\n<ul style=\"text-align: justify;\">\n<li><span style=\"font-family: 'Trebuchet MS', sans-serif; font-size: medium;\">Les persones que pertanyen a una\u00a0fam\u00edlia nombrosa de categoria especial (*).<\/span><\/li>\n<li><span style=\"font-family: 'Trebuchet MS', sans-serif; font-size: medium;\">Les persones que tenen una discapacitat acreditada igual o superior al 33% (*).<\/span><\/li>\n<li><span style=\"font-family: 'Trebuchet MS', sans-serif; font-size: medium;\">Les persones subjectes a mesures privatives de llibertat.<\/span><\/li>\n<li><span style=\"font-family: 'Trebuchet MS', sans-serif; font-size: medium;\">Les v\u00edctimes d\u2019actes terroristes, els seus c\u00f2njuges i els seus fills.<\/span><\/li>\n<\/ul>\n<\/li>\n<\/ul>\n<p lang=\"es-ES\" style=\"text-align: justify;\"><span style=\"font-size: medium;\"><span style=\"font-family: 'Trebuchet MS', sans-serif;\"><span lang=\"ca-ES\">Tenen dret a una <\/span><\/span><b><span style=\"font-family: 'Trebuchet MS', sans-serif;\"><span lang=\"ca-ES\">bonificaci\u00f3 del 50%<\/span><\/span><\/b><span style=\"font-family: 'Trebuchet MS', sans-serif;\"><span lang=\"ca-ES\"> de l\u2019import les persones que tenen un t\u00edtol de fam\u00edlia nombrosa de categoria general o de fam\u00edlia monoparental (*).<\/span><\/span><\/span><\/p>\n<p lang=\"es-ES\" style=\"text-align: justify;\" align=\"justify\"><span style=\"font-family: 'Trebuchet MS', sans-serif; font-size: medium;\"><span lang=\"ca-ES\">La part presencial de la formaci\u00f3 per a les proves d\u2019acc\u00e9s a CFGS que ofereix el CFA Lloret de Mar \u00e9s gratu\u00efta, ja que \u00e9s un centre de la Generalitat, per\u00f2 el material que es fa servir (llibres, dossiers, fotoc\u00f2pies &#8230;) s\u2019ha de pagar.<\/span><\/span><\/p>\n<p lang=\"es-ES\" style=\"text-align: justify;\" align=\"justify\"><span style=\"font-family: 'Trebuchet MS', sans-serif; font-size: medium;\"><span lang=\"ca-ES\">Per cursar les mat\u00e8ries espec\u00edfiques a trav\u00e9s de l\u2019IOC s\u2019ha d\u2019abonar el preu p\u00fablic corresponent (curs 20-21 \u00e9s de 15 \u20ac per cada mat\u00e8ria espec\u00edfica).<\/span><\/span><\/p>\n<p style=\"text-align: justify;\" align=\"justify\"><span style=\"font-family: 'Trebuchet MS', sans-serif;\"><span style=\"color: #741b47; font-size: x-large;\"><i><b>Validesa de la prova<\/b><\/i><\/span><\/span><\/p>\n<p lang=\"es-ES\" style=\"text-align: justify;\"><span style=\"font-family: 'Trebuchet MS', sans-serif; font-size: medium;\"><span lang=\"ca-ES\">Haver superat la prova d&#8217;acc\u00e9s a CFGS permet l&#8217;acc\u00e9s a qualsevol cicle de la mateixa opci\u00f3 que ha triat l&#8217;aspirant o del mateix grup d&#8217;itineraris (en cas d&#8217;exempci\u00f3 de la part espec\u00edfica), per\u00f2 no garanteix pla\u00e7a escolar.<\/span><\/span><\/p>\n<p style=\"text-align: justify;\"><span style=\"font-family: 'Trebuchet MS', sans-serif; font-size: medium;\">Les proves d&#8217;acc\u00e9s superades tenen validesa permanent en la totalitat de l&#8217;Estat espanyol.<\/span><\/p>\n<p style=\"text-align: justify;\"><span style=\"font-family: 'Trebuchet MS', sans-serif; font-size: medium;\">La superaci\u00f3 de la prova d&#8217;acc\u00e9s a cicles formatius nom\u00e9s faculta per matricular-s&#8217;hi i no equival a la possessi\u00f3 de cap titulaci\u00f3 acad\u00e8mica, ni a la superaci\u00f3 de cap \u00e0rea de l&#8217;educaci\u00f3 secund\u00e0ria obligat\u00f2ria, ni de cap mat\u00e8ria de batxillerat.<\/span><\/p>\n<h4 align=\"justify\"><span style=\"color: #993366;\"><b><i>FSE<\/i><\/b><\/span><\/h4>\n<p>Aquest ensenyament est\u00e0 cofinan\u00e7at pel \u00a0<strong><a href=\"http:\/\/xtec.gencat.cat\/ca\/curriculum\/educacio-llarg-vida\/fons-social-europeu\/\" target=\"_blank\" rel=\"noopener noreferrer\">Fons Social Europeu<\/a><\/strong><\/p>\n<p>&nbsp;<\/p>\n<div>\n<h3 style=\"text-align: justify;\" align=\"justify\"><span style=\"color: #741b47; font-family: 'Trebuchet MS', sans-serif; font-size: large;\"><b>Per a m\u00e9s informaci\u00f3 adreceu-vos al centre o a:<\/b><\/span><\/h3>\n<p lang=\"es-ES\" style=\"text-align: justify;\" align=\"justify\"><a href=\"http:\/\/www.xtec.cat\/web\/curriculum\/professionals\/fp\" target=\"_blank\" rel=\"nofollow noopener noreferrer\"><span style=\"color: #0000ff; font-family: 'trebuchet ms', sans-serif; font-size: medium;\">http:\/\/www.xtec.cat\/web\/curriculum\/professionals\/fp<\/span><\/a><\/p>\n<p lang=\"es-ES\" style=\"text-align: justify;\" align=\"justify\"><u><a href=\"http:\/\/ioc.xtec.cat\/\" target=\"_blank\" rel=\"nofollow noopener noreferrer\"><span style=\"color: #0000ff; font-family: 'Trebuchet MS', sans-serif; font-size: medium;\"><span lang=\"ca-ES\">http:\/\/ioc.xtec.cat<\/span><\/span><\/a><\/u><\/p>\n<p lang=\"es-ES\" align=\"justify\"><a href=\"https:\/\/educacio.gencat.cat\/ca\/serveis-tramits\/proves\/proves-acces\/\" target=\"_blank\" rel=\"noopener noreferrer\">https:\/\/educacio.gencat.cat\/ca\/serveis-tramits\/proves\/proves-acces\/<\/a><\/p>\n<p style=\"text-align: justify;\" align=\"justify\"><span style=\"font-family: 'Trebuchet MS', sans-serif; font-size: medium;\">Tel\u00e8fon 93 551 69 00 del servei d\u2019informaci\u00f3 del Departament d\u2019Ensenyament<\/span><\/p>\n<\/div>\n<p>&nbsp;<\/p>\n<p>&nbsp;<\/p>\n<p>&nbsp;<\/p>\n","protected":false},"excerpt":{"rendered":"<p>INFORMACI\u00d3 SOBRE EL CURS\u00a0<br \/>\nAquest curs prepara per presentar-se a les proves d&#8217;acc\u00e9s als cicles de grau\u00a0superior\u00a0de\u00a0formaci\u00f3 professional, d&#8217;arts pl\u00e0stiques i disseny i d&#8217;ensenyaments esportius.<br \/>\nEstructura del curs<br \/>\nEl curs s&#8217;estructura en dues parts: una part comuna (que compr\u00e8n les mat\u00e8ries de llengua catalana, llengua castellana, angl\u00e8s i&hellip;  <a href=\"https:\/\/agora.xtec.cat\/cfalloretdemar\/a-grau-superior\/\" title=\"Read Preparaci\u00f3 per a les proves d&#8217;acc\u00e9s a CFGS\">Llegeix m\u00e9s\u00bb<\/a><\/p>\n","protected":false},"author":1,"featured_media":0,"parent":0,"menu_order":3,"comment_status":"closed","ping_status":"closed","template":"page-templates\/side-menu.php","meta":{"_bbp_topic_count":0,"_bbp_reply_count":0,"_bbp_total_topic_count":0,"_bbp_total_reply_count":0,"_bbp_voice_count":0,"_bbp_anonymous_reply_count":0,"_bbp_topic_count_hidden":0,"_bbp_reply_count_hidden":0,"_bbp_forum_subforum_count":0,"footnotes":""},"class_list":["post-547","page","type-page","status-publish","hentry"],"post_mailing_queue_ids":[],"_links":{"self":[{"href":"https:\/\/agora.xtec.cat\/cfalloretdemar\/wp-json\/wp\/v2\/pages\/547","targetHints":{"allow":["GET"]}}],"collection":[{"href":"https:\/\/agora.xtec.cat\/cfalloretdemar\/wp-json\/wp\/v2\/pages"}],"about":[{"href":"https:\/\/agora.xtec.cat\/cfalloretdemar\/wp-json\/wp\/v2\/types\/page"}],"author":[{"embeddable":true,"href":"https:\/\/agora.xtec.cat\/cfalloretdemar\/wp-json\/wp\/v2\/users\/1"}],"replies":[{"embeddable":true,"href":"https:\/\/agora.xtec.cat\/cfalloretdemar\/wp-json\/wp\/v2\/comments?post=547"}],"version-history":[{"count":3,"href":"https:\/\/agora.xtec.cat\/cfalloretdemar\/wp-json\/wp\/v2\/pages\/547\/revisions"}],"predecessor-version":[{"id":890,"href":"https:\/\/agora.xtec.cat\/cfalloretdemar\/wp-json\/wp\/v2\/pages\/547\/revisions\/890"}],"wp:attachment":[{"href":"https:\/\/agora.xtec.cat\/cfalloretdemar\/wp-json\/wp\/v2\/media?parent=547"}],"curies":[{"name":"wp","href":"https:\/\/api.w.org\/{rel}","templated":true}]}}