{"id":316,"date":"2015-01-28T11:33:51","date_gmt":"2015-01-28T10:33:51","guid":{"rendered":"http:\/\/agora.xtec.cat\/cfalloretdemar\/?page_id=316"},"modified":"2025-05-22T17:02:20","modified_gmt":"2025-05-22T15:02:20","slug":"competencia-digital-competic","status":"publish","type":"page","link":"https:\/\/agora.xtec.cat\/cfalloretdemar\/ensenyaments\/competencia-digital-competic\/","title":{"rendered":"Compet\u00e8ncia digital COMPETIC"},"content":{"rendered":"<h4><\/h4>\n<p>&nbsp;<\/p>\n<div id=\"sites-canvas-main\" class=\"sites-canvas-main\"><\/div>\n<table class=\"sites-layout-name-one-column sites-layout-hbox\" cellspacing=\"0\">\n<tbody>\n<tr>\n<td class=\"sites-layout-tile sites-tile-name-content-1\">\n<h4 style=\"text-align: justify;\"><span style=\"color: #000000;\">Els ensenyaments d&#8217;inform\u00e0tica (COMPETIC) s&#8217;organitzen en quatre nivells: <\/span><\/h4>\n<ul>\n<li style=\"text-align: justify;\"><span style=\"color: #000000;\">COMPETIC inicial <\/span><\/li>\n<li style=\"text-align: justify;\"><span style=\"color: #000000;\">COMPETIC 1 <\/span><\/li>\n<li style=\"text-align: justify;\"><span style=\"color: #000000;\">COMPETIC 2 <\/span><\/li>\n<li style=\"text-align: justify;\"><span style=\"color: #000000;\">COMPETIC 3. <\/span><\/li>\n<\/ul>\n<h4 style=\"text-align: justify;\"><span style=\"color: #000000;\">Aquest curs, al CFA Lloret de Mar oferim el nivell 1, 2 i 3.<\/span><\/h4>\n<h4><\/h4>\n<p>&nbsp;<\/p>\n<h4 style=\"text-align: justify;\"><strong><span style=\"font-size: x-large; color: #993366;\">INFORM\u00c0TICA 1<br \/>\n<\/span><span style=\"color: #993366;\">\u00a0<\/span><\/strong><\/h4>\n<h4 style=\"text-align: justify;\"><span style=\"color: #000000;\">El nivell del curs equival a la compet\u00e8ncia de nivell d&#8217;usuari en inform\u00e0tica, COMPETIC 1.<\/span><\/h4>\n<h4 style=\"text-align: justify;\"><strong><span style=\"color: #993366;\"><span style=\"font-family: 'trebuchet ms', sans-serif; font-size: medium;\"><br \/>\n<\/span>COMPETIC 1<\/span><\/strong><\/h4>\n<h4 style=\"text-align: justify;\"><span style=\"color: #993366;\"><span style=\"color: #000000;\">Aquest\u00a0curs s\u2019adre\u00e7a a persones que tenen uns coneixements elementals del funcionament de l\u2019ordinador, del tractament de textos, de l\u2019\u00fas del correu electr\u00f2nic i de la cerca d\u2019informaci\u00f3 per Internet.<\/span><\/span><\/h4>\n<h4 style=\"text-align: justify;\"><span style=\"color: #000000;\"><span style=\"color: #000000;\">La finalitat d&#8217;aquesta formaci\u00f3 \u00e9s oferir les eines i els recursos adequats perqu\u00e8 l\u2019alumnat tingui un coneixement b\u00e0sic del funcionament dels programes de full de c\u00e0lcul i de tractament de so, imatge i v\u00eddeo. Tamb\u00e9 que adquireixi les nocions b\u00e0siques de l\u2019edici\u00f3 de documents digitals.<\/span><\/span><\/h4>\n<h4 align=\"justify\"><span style=\"color: #000000;\">L\u2019alumnat que supera el curs obtindr\u00e0 el certificat equivalent al de l&#8217;ACTIC 1 (b\u00e0sic).<\/span><\/h4>\n<p>&nbsp;<\/p>\n<h4><strong><span style=\"color: #993366;\">Els objectius d\u2019aquesta formaci\u00f3 s\u00f3n:<\/span><\/strong><\/h4>\n<ul>\n<li>\n<h4 style=\"text-align: justify;\"><span lang=\"CA\" style=\"color: #000000;\">Tractament de la informaci\u00f3 num\u00e8rica:\u00a0<\/span><\/h4>\n<\/li>\n<\/ul>\n<h4 style=\"text-align: justify;\"><span style=\"color: #000000;\">\u00a0 \u00a0 Crear i utilitzar fulls de c\u00e0lcul i aplicar-los \u00a0a les activitats que <\/span><\/h4>\n<h4 style=\"text-align: justify;\"><span style=\"color: #000000;\">\u00a0 \u00a0 requereixen l&#8217;\u00fas<\/span><span style=\"color: #000000;\">\u00a0d&#8217;operacions i funcions.<\/span><\/h4>\n<ul style=\"text-align: justify;\">\n<li>\n<h4><span lang=\"CA\" style=\"color: #000000;\">Tractament de la informaci\u00f3 gr\u00e0fica i\u00a0sonora i de la imatge en moviment:\u00a0<\/span><\/h4>\n<\/li>\n<\/ul>\n<h4 style=\"text-align: justify;\"><span style=\"color: #000000;\">\u00a0 \u00a0Tractar la informaci\u00f3 gr\u00e0fica i\u00a0sonora i imatges fixes i en moviment.<\/span><\/h4>\n<ul style=\"text-align: justify;\">\n<li>\n<h4><span style=\"color: #000000;\">Cultura, participaci\u00f3 i civisme digital:<\/span><\/h4>\n<h4><span style=\"color: #000000;\">Utilitzar de manera eficient, c\u00edvica i segura els recursos que estan a l\u2019abast de la ciutadania en la societat digital, i aplicar-los selectivament en els diversos \u00e0mbits de la vida quotidiana, amb la finalitat del desenvolupament personal, la participaci\u00f3 i la col\u00b7laboraci\u00f3 en la societat.<\/span><\/h4>\n<\/li>\n<\/ul>\n<h4><\/h4>\n<h4 style=\"text-align: justify;\"><span style=\"color: #000000;\">Aquest curs consta de 105 hores anuals distribu\u00efdes en 3 hores setmanals.<\/span><\/h4>\n<h4 style=\"text-align: justify;\"><span style=\"color: #000000;\">\u00a0<\/span><\/h4>\n<p>&nbsp;<\/p>\n<h4 style=\"text-align: justify;\"><span style=\"font-size: x-large; color: #000000;\"><strong><span style=\"color: #993366;\">INFORM\u00c0TICA 2<\/span><\/strong><\/span><\/h4>\n<h4><\/h4>\n<p>&nbsp;<\/p>\n<h4 style=\"text-align: justify;\"><span style=\"color: #000000;\">El nivell del curs equival a la compet\u00e8ncia\u00a0de nivell d&#8217;usuari en inform\u00e0tica, COMPETIC 2 .<\/span><\/h4>\n<h4><\/h4>\n<p>&nbsp;<\/p>\n<h4><strong><span style=\"color: #993366;\">COMPETIC 2\u00a0<\/span><\/strong><\/h4>\n<h4 style=\"text-align: justify;\"><span style=\"color: #000000;\">El curs COMPETIC 2 va adre\u00e7at a persones que han superat el curs de COMPETIC 1 o que tenen o poden acreditar un domini elemental en l\u2019\u00fas de les TIC; s\u00f3n usuaris d\u2019aquestes tecnologies, amb capacitat \u00a0per \u00a0con\u00e8ixer i aplicar-les, que es poden considerar inclosos en la societat digital.<\/span><\/h4>\n<h4 style=\"text-align: justify;\"><span style=\"color: #000000;\">El curs COMPETIC 2 t\u00e9 com a objectiu facilitar el domini efectiu de les TIC en relaci\u00f3 amb els \u00e0mbits generals d\u2019aplicaci\u00f3. L\u2019usuari ha de ser aut\u00f2nom i amb capacitat cr\u00edtica sobre les TIC que actua amb efectivitat i adaptabilitat.<\/span><\/h4>\n<h4 align=\"justify\"><span style=\"color: #000000;\">L\u2019alumnat que supera el curs obtindr\u00e0 el certificat equivalent al de l&#8217;ACTIC 2 (mitj\u00e0).<\/span><\/h4>\n<p>&nbsp;<\/p>\n<h4><span style=\"color: #000000;\">El nivell COMPETIC 2 engloba vuit compet\u00e8ncies:<\/span><\/h4>\n<ul style=\"list-style-type: disc;\">\n<li>\n<h4><span style=\"color: #000000;\">Ampliaci\u00f3 de les sis compet\u00e8ncies que s\u2019han treballat als cursos COMPETIC Inicial i\u00a0COMPETIC 1:<\/span><\/h4>\n<\/li>\n<\/ul>\n<h4><span style=\"color: #000000;\">\u2022 <span style=\"font-family: 'Trebuchet MS', sans-serif;\">Cultura participaci\u00f3 i civisme digital (Participaci\u00f3 digital).<\/span><\/span><\/h4>\n<h4><span style=\"color: #000000;\">\u2022 <span style=\"font-family: 'Trebuchet MS', sans-serif;\">Tecnologia digital, \u00fas de l\u2019ordinador i del sistema operatiu <\/span>(Tecnologia)<\/span><\/h4>\n<h4><span style=\"color: #000000;\">\u2022 <span style=\"font-family: 'Trebuchet MS', sans-serif;\">Navegaci\u00f3, cerca i comunicaci\u00f3 en el m\u00f3n digital (Navegaci\u00f3 i comunicaci\u00f3).<\/span><\/span><\/h4>\n<h4><span style=\"color: #000000;\">\u2022 <span style=\"font-family: 'Trebuchet MS', sans-serif;\">Tractament de la informaci\u00f3 escrita (Tractament de text).<\/span><\/span><\/h4>\n<h4 style=\"text-align: justify;\"><span style=\"color: #000000;\">\u2022 <span style=\"font-family: 'Trebuchet MS', sans-serif;\">Tractament de la informaci\u00f3 gr\u00e0fica, sonora i de la imatge en moviment\u00a0<\/span><span style=\"font-family: 'Trebuchet MS', sans-serif;\">(Multim\u00e8dia).<\/span><\/span><\/h4>\n<h4>\u2022 <span style=\"color: #000000;\">\u00a0Tractament de la informaci\u00f3 num\u00e8rica (Full de c\u00e0lcul)<\/span><\/h4>\n<ul>\n<li style=\"text-align: justify;\">\n<h4><span style=\"color: #000000;\">Presentaci\u00f3 de continguts (Presentaci\u00f3). El seu objectiu \u00e9s dissenyar presentacions gr\u00e0fiques, integrant objectes de\u00a0 diferent naturalesa, per presentar documentaci\u00f3 i informaci\u00f3 en diferents suports,\u00a0 destinada a ser projectada impresa i\/o publicada per Internet.<\/span><\/h4>\n<\/li>\n<\/ul>\n<h4 style=\"text-align: justify;\"><span style=\"color: #000000;\">Actualment oferim el curs de COMPETIC\u00a0<\/span><span style=\"color: #000000;\">2 en modalitat presencial i semipresencial.<\/span><\/h4>\n<h4 lang=\"ca-ES\" style=\"text-align: justify;\"><span style=\"color: #000000;\">Aquest curs consta de 140 hores anuals distribu\u00efdes en 4 hores setmanals.<\/span><\/h4>\n<h4><\/h4>\n<p>&nbsp;<\/p>\n<p>&nbsp;<\/p>\n<h4 style=\"text-align: justify;\"><span style=\"font-size: x-large; color: #000000;\"><span style=\"color: #993366;\"><strong>INFORM\u00c0TICA 3<\/strong><\/span><\/span><\/h4>\n<h4 align=\"justify\"><\/h4>\n<p>&nbsp;<\/p>\n<h4 class=\"western\" style=\"text-align: justify;\" align=\"justify\"><span style=\"color: #000000;\">El nivell del curs equival a la compet\u00e8ncia de nivell d&#8217;usuari en inform\u00e0tica, COMPETIC 3.<\/span><\/h4>\n<h4><\/h4>\n<p>&nbsp;<\/p>\n<h4><strong><span style=\"color: #993366;\">COMPETIC 3\u00a0<\/span><\/strong><\/h4>\n<h4 class=\"western\" style=\"text-align: justify;\" align=\"justify\"><span style=\"color: #000000;\">Per matricular-se a COMPETIC 3, i independentment del seu nivell de compet\u00e8ncia digital, l\u2019alumne haur\u00e0 de disposar del certificat ACTIC Mitj\u00e0 o b\u00e9 del certificat de superaci\u00f3 del curs de COMPETIC 2 en un centre d\u2019adults depenent del Departament d\u2019<\/span><span style=\"color: #000000;\">Ensenyament o b\u00e9 que estigui autoritzat a impartir aquest ensenyament.<\/span><\/h4>\n<p>&nbsp;<\/p>\n<h4 class=\"western\" align=\"justify\"><span style=\"color: #000000;\">Aquest ensenyament inclou 5 compet\u00e8ncies:\u00a0<\/span><\/h4>\n<h4 class=\"western\" style=\"padding-left: 40px;\" align=\"justify\"><strong><span style=\"color: #000000;\">C4: Tractament de la informaci\u00f3 escrita.<\/span><\/strong><br \/>\n<span style=\"color: #000000;\">C5: Tractament de la informaci\u00f3 gr\u00e0fica, sonora i de la imatge en moviment.<\/span><br \/>\n<strong><span style=\"color: #000000;\">C6: Tractament de la informaci\u00f3 num\u00e8rica.<\/span><\/strong><br \/>\n<span style=\"color: #000000;\">C7: Tractament de les dades.<\/span><br \/>\n<strong><span style=\"color: #000000;\">C8: Presentaci\u00f3 de continguts.<\/span><\/strong><\/h4>\n<p>&nbsp;<\/p>\n<h4 class=\"western\" style=\"text-align: justify;\" align=\"justify\"><span style=\"color: #000000;\">Al CFA Lloret de Mar oferim cursos trimestrals per obtenir les compet\u00e8ncies seg\u00fcents: C4, C6 i C8. Cada compet\u00e8ncia es treballa durant un trimestre i per obtenir el certificat de COMPETIC 3 cal superar-ne dues.<\/span><\/h4>\n<h4 style=\"text-align: justify;\"><span style=\"color: #000000;\">Actualment oferim el curs de COMPETIC 3 en modalitat presencial i semipresencial.<\/span><\/h4>\n<h4 style=\"text-align: justify;\"><span style=\"color: #000000;\">Els dies en qu\u00e8 l&#8217;assist\u00e8ncia \u00e9s opcional, els dediquem a resoldre dubtes, realitzar exercicis pr\u00e0ctics i refor\u00e7ar els continguts treballats.<\/span><\/h4>\n<h4 style=\"text-align: justify;\"><span style=\"color: #000000;\">A m\u00e9s de l\u2019obligatorietat d\u2019assistir a una classe setmanal \u00e9s necess\u00e0ria la realitzaci\u00f3 de les tasques proposades a partir de les explicacions te\u00f2riques i el material complementari que es pot trobar al curs de Moodle. Es dur\u00e0 a terme el seguiment, orientaci\u00f3 i comunicaci\u00f3 amb el\/la professor\/a, mitjan\u00e7ant els diferents canals de comunicaci\u00f3 acordats: tutoria, curs de Moodle (xat), correu electr\u00f2nic i canal Telegram&#8230;<\/span><\/h4>\n<h4 align=\"justify\"><\/h4>\n<p>&nbsp;<\/p>\n<h4 class=\"western\" style=\"text-align: justify;\" align=\"justify\"><span style=\"color: #000000;\">La superaci\u00f3 de cadascuna de les compet\u00e8ncies treballades a COMPETIC 3 correspon a una persona usu\u00e0ria que t\u00e9 un ampli domini d\u2019aquestes tecnologies i que disposa de capacitat per aprofitar al m\u00e0xim les prestacions que ofereixen les tecnologies de la informaci\u00f3 i la comunicaci\u00f3, de construir usos alternatius i de donar suport a altres persones perqu\u00e8 puguin millorar el desenvolupament de les seves compet\u00e8ncies.<\/span><\/h4>\n<p>&nbsp;<\/td>\n<\/tr>\n<\/tbody>\n<\/table>\n<p>&nbsp;<\/p>\n","protected":false},"excerpt":{"rendered":"<p>&nbsp;<\/p>\n<p>Els ensenyaments d&#8217;inform\u00e0tica (COMPETIC) s&#8217;organitzen en quatre nivells: <\/p>\n<ul>\n<li style=\"text-align: justify;\">COMPETIC inicial <\/li>\n<li style=\"text-align: justify;\">COMPETIC 1 <\/li>\n<li style=\"text-align: justify;\">COMPETIC 2 <\/li>\n<li style=\"text-align: justify;\">COMPETIC 3. <\/li>\n<\/ul>\n<p>Aquest curs, al CFA Lloret de Mar oferim el nivell 1, 2 i 3.<\/p>\n<p>&nbsp;<br \/>\nINFORM\u00c0TICA 1<br \/>\n\u00a0<br \/>\nEl nivell del curs equival a la&hellip;  <a href=\"https:\/\/agora.xtec.cat\/cfalloretdemar\/ensenyaments\/competencia-digital-competic\/\" title=\"Read Compet\u00e8ncia digital COMPETIC\">Llegeix m\u00e9s\u00bb<\/a><\/p>\n","protected":false},"author":1,"featured_media":0,"parent":274,"menu_order":6,"comment_status":"closed","ping_status":"closed","template":"page-templates\/side-menu.php","meta":{"_bbp_topic_count":0,"_bbp_reply_count":0,"_bbp_total_topic_count":0,"_bbp_total_reply_count":0,"_bbp_voice_count":0,"_bbp_anonymous_reply_count":0,"_bbp_topic_count_hidden":0,"_bbp_reply_count_hidden":0,"_bbp_forum_subforum_count":0,"footnotes":""},"class_list":["post-316","page","type-page","status-publish","hentry"],"post_mailing_queue_ids":[],"_links":{"self":[{"href":"https:\/\/agora.xtec.cat\/cfalloretdemar\/wp-json\/wp\/v2\/pages\/316","targetHints":{"allow":["GET"]}}],"collection":[{"href":"https:\/\/agora.xtec.cat\/cfalloretdemar\/wp-json\/wp\/v2\/pages"}],"about":[{"href":"https:\/\/agora.xtec.cat\/cfalloretdemar\/wp-json\/wp\/v2\/types\/page"}],"author":[{"embeddable":true,"href":"https:\/\/agora.xtec.cat\/cfalloretdemar\/wp-json\/wp\/v2\/users\/1"}],"replies":[{"embeddable":true,"href":"https:\/\/agora.xtec.cat\/cfalloretdemar\/wp-json\/wp\/v2\/comments?post=316"}],"version-history":[{"count":7,"href":"https:\/\/agora.xtec.cat\/cfalloretdemar\/wp-json\/wp\/v2\/pages\/316\/revisions"}],"predecessor-version":[{"id":4118,"href":"https:\/\/agora.xtec.cat\/cfalloretdemar\/wp-json\/wp\/v2\/pages\/316\/revisions\/4118"}],"up":[{"embeddable":true,"href":"https:\/\/agora.xtec.cat\/cfalloretdemar\/wp-json\/wp\/v2\/pages\/274"}],"wp:attachment":[{"href":"https:\/\/agora.xtec.cat\/cfalloretdemar\/wp-json\/wp\/v2\/media?parent=316"}],"curies":[{"name":"wp","href":"https:\/\/api.w.org\/{rel}","templated":true}]}}