{"id":3023,"date":"2022-03-10T17:17:50","date_gmt":"2022-03-10T16:17:50","guid":{"rendered":"https:\/\/agora.xtec.cat\/cfalloretdemar\/?page_id=3023"},"modified":"2025-05-22T17:04:19","modified_gmt":"2025-05-22T15:04:19","slug":"llengua-catalana","status":"publish","type":"page","link":"https:\/\/agora.xtec.cat\/cfalloretdemar\/llengua-catalana\/","title":{"rendered":"LLENGUA CATALANA"},"content":{"rendered":"<p><strong>LLENGUA CATALANA<\/strong><\/p>\n<p>Aquests estudis tenen com a objectiu que les persones adultes assoleixin un grau de compet\u00e8ncia b\u00e0sica per a comunicar-se en llengua catalana i s\u2019imparteixen en tres nivells: llengua catalana nivell 1, 2 i 3, que corresponen als nivells A1, A2 i B1 del MECR (Marc europeu com\u00fa de refer\u00e8ncia per a les lleng\u00fces).<\/p>\n<p>En el nostre centre nom\u00e9s impartim el nivell 1 i 2<\/p>\n<p><strong>\u00ad\u00adLLENGUA CATALANA 1 (A1)<\/strong><\/p>\n<p>Adre\u00e7at a persones que volen adquirir un m\u00ednim de coneixement i comprensi\u00f3 de la llengua catalana.<\/p>\n<p>Aquest curs consta de 105 hores anuals distribu\u00efdes en 3 hores setmanals.<\/p>\n<p>L\u2019alumnat que supera el curs obtindr\u00e0 el certificat acreditatiu del nivell cursat.<\/p>\n<p><strong>LLENGUA CATALANA 2 (A2)<\/strong><\/p>\n<p>Adre\u00e7at a persones que volen adquirir un coneixement i comprensi\u00f3 de la llengua catalana i saben llegir i escriure en alguna llengua rom\u00e0nica.<\/p>\n<p>Aquest curs consta de 140 hores anuals distribu\u00efdes en 4 hores setmanals.<\/p>\n<p>L\u2019alumnat que supera el curs obtindr\u00e0 el certificat acreditatiu del nivell cursat.<\/p>\n","protected":false},"excerpt":{"rendered":"<p>LLENGUA CATALANA<br \/>\nAquests estudis tenen com a objectiu que les persones adultes assoleixin un grau de compet\u00e8ncia b\u00e0sica per a comunicar-se en llengua catalana i s\u2019imparteixen en tres nivells: llengua catalana nivell 1, 2 i 3, que corresponen als nivells A1, A2 i B1 del MECR&hellip;  <a href=\"https:\/\/agora.xtec.cat\/cfalloretdemar\/llengua-catalana\/\" title=\"Read LLENGUA CATALANA\">Llegeix m\u00e9s\u00bb<\/a><\/p>\n","protected":false},"author":1,"featured_media":0,"parent":0,"menu_order":0,"comment_status":"closed","ping_status":"closed","template":"","meta":{"_bbp_topic_count":0,"_bbp_reply_count":0,"_bbp_total_topic_count":0,"_bbp_total_reply_count":0,"_bbp_voice_count":0,"_bbp_anonymous_reply_count":0,"_bbp_topic_count_hidden":0,"_bbp_reply_count_hidden":0,"_bbp_forum_subforum_count":0,"footnotes":""},"class_list":["post-3023","page","type-page","status-publish","hentry"],"post_mailing_queue_ids":[],"_links":{"self":[{"href":"https:\/\/agora.xtec.cat\/cfalloretdemar\/wp-json\/wp\/v2\/pages\/3023","targetHints":{"allow":["GET"]}}],"collection":[{"href":"https:\/\/agora.xtec.cat\/cfalloretdemar\/wp-json\/wp\/v2\/pages"}],"about":[{"href":"https:\/\/agora.xtec.cat\/cfalloretdemar\/wp-json\/wp\/v2\/types\/page"}],"author":[{"embeddable":true,"href":"https:\/\/agora.xtec.cat\/cfalloretdemar\/wp-json\/wp\/v2\/users\/1"}],"replies":[{"embeddable":true,"href":"https:\/\/agora.xtec.cat\/cfalloretdemar\/wp-json\/wp\/v2\/comments?post=3023"}],"version-history":[{"count":4,"href":"https:\/\/agora.xtec.cat\/cfalloretdemar\/wp-json\/wp\/v2\/pages\/3023\/revisions"}],"predecessor-version":[{"id":4119,"href":"https:\/\/agora.xtec.cat\/cfalloretdemar\/wp-json\/wp\/v2\/pages\/3023\/revisions\/4119"}],"wp:attachment":[{"href":"https:\/\/agora.xtec.cat\/cfalloretdemar\/wp-json\/wp\/v2\/media?parent=3023"}],"curies":[{"name":"wp","href":"https:\/\/api.w.org\/{rel}","templated":true}]}}