{"id":301,"date":"2015-01-28T11:21:46","date_gmt":"2015-01-28T10:21:46","guid":{"rendered":"http:\/\/agora.xtec.cat\/cfalloretdemar\/?page_id=301"},"modified":"2024-07-01T18:35:32","modified_gmt":"2024-07-01T16:35:32","slug":"formacio-instrumental","status":"publish","type":"page","link":"https:\/\/agora.xtec.cat\/cfalloretdemar\/ensenyaments\/formacio-instrumental\/","title":{"rendered":"Formaci\u00f3 instrumental"},"content":{"rendered":"<h3 style=\"text-align: justify;\" align=\"left\"><\/h3>\n<table class=\"sites-layout-name-one-column sites-layout-hbox\" cellspacing=\"0\">\n<tbody>\n<tr>\n<td class=\"sites-layout-tile sites-tile-name-content-1\">\n<div>\n<div>\n<div>\n<p>&nbsp;<\/p>\n<h4><span lang=\"CA\"><span style=\"color: #000000; font-size: large;\">Aquests ensenyaments ofereixen una formaci\u00f3 general de nivell b\u00e0sic.<\/span><\/span><\/h4>\n<\/div>\n<\/div>\n<\/div>\n<div>\n<h4><span lang=\"CA\"><span style=\"color: #000000; font-size: large;\">El cicle de formaci\u00f3 instrumental s&#8217;organitza en quatre nivells d&#8217;aprenentatge, i va adre\u00e7at a persones no alfabetitzades o poc alfabetitzades en la llengua materna.<br \/>\n<\/span><\/span><\/h4>\n<\/div>\n<div>\n<div>\n<div>\n<h4><span lang=\"CA\"><span style=\"color: #000000; font-size: large;\">Les persones que assoleixen els continguts d&#8217;aquests quatre nivells obtenen el certificat acreditatiu de formaci\u00f3 instrumental que equival als estudis primaris.<\/span><\/span><\/h4>\n<h4><span lang=\"CA\"><span style=\"color: #000000; font-size: large;\">Aquest curs al nostre centre s&#8217;impartiran els seg\u00fcents nivells:<\/span><\/span><\/h4>\n<\/div>\n<\/div>\n<\/div>\n<p>&nbsp;<\/p>\n<div>\n<div>\n<div>\n<h4><span style=\"color: #993366;\"><b><u><span lang=\"CA\">FORMACI\u00d3 INSTRUMENTAL\u00a0 1<\/span><\/u><\/b><\/span><\/h4>\n<\/div>\n<\/div>\n<\/div>\n<h4 style=\"padding-left: 40px;\"><span style=\"color: #000000;\"><span style=\"font-size: large;\"><span lang=\"CA\">Adre\u00e7at a persones que volen aprendre a llegir i escriure. Tamb\u00e9 es treballa la comprensi\u00f3 i <\/span><\/span><span style=\"font-size: large;\"><span lang=\"CA\">l&#8217;expressi\u00f3 oral, la numeraci\u00f3, la iniciaci\u00f3 al c\u00e0lcul i el coneixement de l&#8217;entorn.<\/span><\/span><\/span><\/h4>\n<h4 style=\"padding-left: 40px;\"><span style=\"color: #000000; font-size: large; font-family: inherit;\">Organitzat en un curs escolar de 8 hores setmanals (en horari de vespre) o en dos cursos escolars de 4 hores setmanals en horari de mat\u00ed.<\/span><\/h4>\n<p>&nbsp;<\/p>\n<h4><span style=\"color: #993366;\"><b><u><span lang=\"CA\">FORMACI\u00d3 <\/span><\/u><\/b><\/span><span style=\"color: #993366;\"><b><u><span lang=\"CA\">INSTRUMENTAL \u00a02<\/span><\/u><\/b><\/span><\/h4>\n<h4 style=\"padding-left: 40px;\"><span lang=\"CA\" style=\"color: #000000;\">T\u00e9 com a objectiu la millora en les habilitats de la lectura i escriptura. Tamb\u00e9 \u00e9s treballaran les quatre operacions b\u00e0siques del c\u00e0lcul matem\u00e0tic i el coneixement de l&#8217;entorn.<\/span><\/h4>\n<h4 style=\"padding-left: 40px;\"><span lang=\"CA\" style=\"color: #000000;\">El nivell de formaci\u00f3 instrumental 3 s&#8217;organitza en un curs escolar de 6 hores setmanals.<\/span><\/h4>\n<p>&nbsp;<\/p>\n<h4><span style=\"color: #993366;\"><b><u><span lang=\"CA\">FORMACI\u00d3 <\/span><\/u><\/b><\/span><strong><span style=\"text-decoration: underline; color: #993366;\"><span lang=\"CA\">INSTRUMENTAL 3<\/span><\/span><\/strong><\/h4>\n<h4 style=\"padding-left: 40px;\"><span style=\"color: #000000;\">Aquest curs s&#8217;adre\u00e7a a persones <span lang=\"CA\">que tenen assolits els\u00a0 coneixements\u00a0 dels\u00a0 nivells anteriors i volen continuar amb la seva formaci\u00f3.<\/span> Es treballen les matem\u00e0tiques, la llengua catalana i castellana, les ci\u00e8ncies experimentals i socials, la inform\u00e0tica i l&#8217;angl\u00e8s.<\/span><\/h4>\n<h4 style=\"padding-left: 40px;\"><span lang=\"CA\" style=\"color: #000000;\">El nivell de formaci\u00f3 instrumental 3 s&#8217;organitza en un curs escolar de 6 hores setmanals.<\/span><\/h4>\n<p>&nbsp;<\/p>\n<p>&nbsp;<\/p>\n<p>&nbsp;<\/p>\n<p>&nbsp;<\/p>\n<p>&nbsp;<\/p>\n<h4><\/h4>\n<\/td>\n<\/tr>\n<\/tbody>\n<\/table>\n<h4 style=\"text-align: justify;\"><\/h4>\n<p>&nbsp;<\/p>\n","protected":false},"excerpt":{"rendered":"<p>&nbsp;<br \/>\nAquests ensenyaments ofereixen una formaci\u00f3 general de nivell b\u00e0sic.<\/p>\n<p>El cicle de formaci\u00f3 instrumental s&#8217;organitza en quatre nivells d&#8217;aprenentatge, i va adre\u00e7at a persones no alfabetitzades o poc alfabetitzades en la llengua materna.<\/p>\n<p>Les persones que assoleixen els continguts d&#8217;aquests quatre nivells obtenen el certificat acreditatiu de&hellip;  <a href=\"https:\/\/agora.xtec.cat\/cfalloretdemar\/ensenyaments\/formacio-instrumental\/\" title=\"Read Formaci\u00f3 instrumental\">Llegeix m\u00e9s\u00bb<\/a><\/p>\n","protected":false},"author":1,"featured_media":0,"parent":274,"menu_order":2,"comment_status":"closed","ping_status":"closed","template":"page-templates\/side-menu.php","meta":{"_bbp_topic_count":0,"_bbp_reply_count":0,"_bbp_total_topic_count":0,"_bbp_total_reply_count":0,"_bbp_voice_count":0,"_bbp_anonymous_reply_count":0,"_bbp_topic_count_hidden":0,"_bbp_reply_count_hidden":0,"_bbp_forum_subforum_count":0,"footnotes":""},"class_list":["post-301","page","type-page","status-publish","hentry"],"post_mailing_queue_ids":[],"_links":{"self":[{"href":"https:\/\/agora.xtec.cat\/cfalloretdemar\/wp-json\/wp\/v2\/pages\/301","targetHints":{"allow":["GET"]}}],"collection":[{"href":"https:\/\/agora.xtec.cat\/cfalloretdemar\/wp-json\/wp\/v2\/pages"}],"about":[{"href":"https:\/\/agora.xtec.cat\/cfalloretdemar\/wp-json\/wp\/v2\/types\/page"}],"author":[{"embeddable":true,"href":"https:\/\/agora.xtec.cat\/cfalloretdemar\/wp-json\/wp\/v2\/users\/1"}],"replies":[{"embeddable":true,"href":"https:\/\/agora.xtec.cat\/cfalloretdemar\/wp-json\/wp\/v2\/comments?post=301"}],"version-history":[{"count":7,"href":"https:\/\/agora.xtec.cat\/cfalloretdemar\/wp-json\/wp\/v2\/pages\/301\/revisions"}],"predecessor-version":[{"id":3829,"href":"https:\/\/agora.xtec.cat\/cfalloretdemar\/wp-json\/wp\/v2\/pages\/301\/revisions\/3829"}],"up":[{"embeddable":true,"href":"https:\/\/agora.xtec.cat\/cfalloretdemar\/wp-json\/wp\/v2\/pages\/274"}],"wp:attachment":[{"href":"https:\/\/agora.xtec.cat\/cfalloretdemar\/wp-json\/wp\/v2\/media?parent=301"}],"curies":[{"name":"wp","href":"https:\/\/api.w.org\/{rel}","templated":true}]}}