{"id":299,"date":"2015-01-28T11:21:22","date_gmt":"2015-01-28T10:21:22","guid":{"rendered":"http:\/\/agora.xtec.cat\/cfalloretdemar\/?page_id=299"},"modified":"2022-11-22T20:08:48","modified_gmt":"2022-11-22T19:08:48","slug":"llengua-castellana","status":"publish","type":"page","link":"https:\/\/agora.xtec.cat\/cfalloretdemar\/ensenyaments\/llengua-castellana\/","title":{"rendered":"Llengua castellana"},"content":{"rendered":"<h4 style=\"text-align: justify;\"><\/h4>\n<table cellspacing=\"0\">\n<tbody>\n<tr>\n<td>\n<h4><strong><span style=\"color: #993366;\">\u00a0<\/span><\/strong><strong><span style=\"color: #993366;\">LLENGUA CASTELLANA<\/span><\/strong><\/h4>\n<h4 style=\"text-align: justify;\"><span style=\"color: #000000;\">Aquests ensenyaments, que tenen com a objectiu que les persones adultes assoleixin un grau de compet\u00e8ncia m\u00ednima en llengua castellana, s&#8217;imparteixen en tres nivells: Llengua Castellana nivell 1, 2 i 3 (corresponents als nivell de compet\u00e8ncia A1, A2 i B1 del MECR-Marc europeu com\u00fa de refer\u00e8ncia per a les lleng\u00fces).<\/span><\/h4>\n<h4 style=\"text-align: justify;\"><span style=\"color: #000000;\">En el nostre centre actualment s&#8217;imparteixen els nivells 1, 2 i 3. Aquests ensenyaments tenen una durada d\u2019un curs acad\u00e8mic sencer, \u00e9s a dir, comencen al mes de setembre i acaben al juny.<\/span><\/h4>\n<h4 style=\"text-align: justify;\"><strong><span style=\"color: #993366;\">\u00a0<\/span><\/strong><\/h4>\n<h4 style=\"text-align: justify;\"><strong><span style=\"color: #993366;\">LLENGUA CASTELLANA 1 (A1)\u00a0<\/span><\/strong><\/h4>\n<h4><span style=\"color: #000000;\">Adre\u00e7at a persones amb total desconeixement de la llengua que saben llegir i escriure en alguna llengua rom\u00e0nica.<\/span><\/h4>\n<h4 style=\"text-align: justify;\"><span style=\"color: #000000;\">Aquest curs consta de 105 hores anuals distribu\u00efdes en 3 hores setmanals.<\/span><\/h4>\n<h4 align=\"justify\"><span style=\"color: #000000;\">L\u2019alumnat que supera el curs obtindr\u00e0 el certificat acreditatiu del nivell cursat.<\/span><\/h4>\n<h4 style=\"text-align: justify;\"><span style=\"color: #000000;\">\u00a0<\/span><\/h4>\n<div align=\"justify\"><\/div>\n<div align=\"justify\">\n<h4><strong><span style=\"color: #993366;\">LLENGUA CASTELLANA 2 (A2)<\/span><\/strong><\/h4>\n<h4 align=\"justify\"><span style=\"color: #000000;\">Adre\u00e7at a persones que han superat el nivell A1 o que ja tenen un m\u00ednim de\u00a0coneixement de la llengua castellana i\u00a0saben llegir i escriure en alguna llengua rom\u00e0nica.<\/span><\/h4>\n<h4><span style=\"color: #000000;\">Aquest curs consta de 140 hores anuals distribu\u00efdes en 4 hores setmanals.<\/span><\/h4>\n<h4 align=\"justify\"><span style=\"color: #000000;\">L\u2019alumnat que supera el curs obtindr\u00e0 el certificat acreditatiu del nivell cursat.<\/span><\/h4>\n<\/div>\n<p>&nbsp;<\/p>\n<h4><strong><span style=\"color: #993366;\">LLENGUA CASTELLANA 3 (B1)<\/span><\/strong><\/h4>\n<h4 align=\"justify\"><span style=\"color: #000000;\">Adre\u00e7at a persones que han superat el nivell A2 o que tenen aquest nivell.<\/span><\/h4>\n<h4><span style=\"color: #000000;\">Aquest curs consta de 140 hores anuals distribu\u00efdes en 4 hores setmanals.<\/span><\/h4>\n<h4 align=\"justify\"><span style=\"color: #000000;\">L\u2019alumnat que supera el curs obtindr\u00e0 el certificat acreditatiu del nivell cursat.<\/span><\/h4>\n<\/td>\n<\/tr>\n<\/tbody>\n<\/table>\n","protected":false},"excerpt":{"rendered":"<p>\u00a0LLENGUA CASTELLANA<br \/>\nAquests ensenyaments, que tenen com a objectiu que les persones adultes assoleixin un grau de compet\u00e8ncia m\u00ednima en llengua castellana, s&#8217;imparteixen en tres nivells: Llengua Castellana nivell 1, 2 i 3 (corresponents als nivell de compet\u00e8ncia A1, A2 i B1 del MECR-Marc europeu com\u00fa&hellip;  <a href=\"https:\/\/agora.xtec.cat\/cfalloretdemar\/ensenyaments\/llengua-castellana\/\" title=\"Read Llengua castellana\">Llegeix m\u00e9s\u00bb<\/a><\/p>\n","protected":false},"author":1,"featured_media":0,"parent":274,"menu_order":7,"comment_status":"closed","ping_status":"closed","template":"page-templates\/side-menu.php","meta":{"_bbp_topic_count":0,"_bbp_reply_count":0,"_bbp_total_topic_count":0,"_bbp_total_reply_count":0,"_bbp_voice_count":0,"_bbp_anonymous_reply_count":0,"_bbp_topic_count_hidden":0,"_bbp_reply_count_hidden":0,"_bbp_forum_subforum_count":0,"footnotes":""},"class_list":["post-299","page","type-page","status-publish","hentry"],"post_mailing_queue_ids":[],"_links":{"self":[{"href":"https:\/\/agora.xtec.cat\/cfalloretdemar\/wp-json\/wp\/v2\/pages\/299","targetHints":{"allow":["GET"]}}],"collection":[{"href":"https:\/\/agora.xtec.cat\/cfalloretdemar\/wp-json\/wp\/v2\/pages"}],"about":[{"href":"https:\/\/agora.xtec.cat\/cfalloretdemar\/wp-json\/wp\/v2\/types\/page"}],"author":[{"embeddable":true,"href":"https:\/\/agora.xtec.cat\/cfalloretdemar\/wp-json\/wp\/v2\/users\/1"}],"replies":[{"embeddable":true,"href":"https:\/\/agora.xtec.cat\/cfalloretdemar\/wp-json\/wp\/v2\/comments?post=299"}],"version-history":[{"count":4,"href":"https:\/\/agora.xtec.cat\/cfalloretdemar\/wp-json\/wp\/v2\/pages\/299\/revisions"}],"predecessor-version":[{"id":3433,"href":"https:\/\/agora.xtec.cat\/cfalloretdemar\/wp-json\/wp\/v2\/pages\/299\/revisions\/3433"}],"up":[{"embeddable":true,"href":"https:\/\/agora.xtec.cat\/cfalloretdemar\/wp-json\/wp\/v2\/pages\/274"}],"wp:attachment":[{"href":"https:\/\/agora.xtec.cat\/cfalloretdemar\/wp-json\/wp\/v2\/media?parent=299"}],"curies":[{"name":"wp","href":"https:\/\/api.w.org\/{rel}","templated":true}]}}