{"id":286,"date":"2015-01-28T11:07:30","date_gmt":"2015-01-28T10:07:30","guid":{"rendered":"http:\/\/agora.xtec.cat\/cfalloretdemar\/?page_id=286"},"modified":"2025-09-05T11:39:08","modified_gmt":"2025-09-05T09:39:08","slug":"ensenyaments-transprofessionals","status":"publish","type":"page","link":"https:\/\/agora.xtec.cat\/cfalloretdemar\/ensenyaments\/ensenyaments-transprofessionals\/","title":{"rendered":"GES a dist\u00e0ncia a l\u2019IOC"},"content":{"rendered":"<h5><span style=\"color: #000000;\">El CFA Lloret de Mar \u00e9s un <strong>centre de suport<\/strong> de l\u2019IOC per als <strong>estudis de GES <\/strong>(Graduat en Educaci\u00f3 Secund\u00e0ria).<\/span><\/h5>\n<h5><span style=\"color: #000000;\">Les persones que vulguin estudiar el GES a dist\u00e0ncia ho poden fer matriculant-se a l\u2019IOC a trav\u00e9s del CFA Lloret de Mar.<\/span><\/h5>\n<h5><span style=\"color: #000000;\">Com a centre de suport gestionem la matr\u00edcula, la tutoria i les proves presencials per a l\u2019avaluaci\u00f3 (una dia cada trimestre es realitzen les proves presencials la <em>Casa<\/em><em> de la cultura<\/em> de Lloret de Mar, edifici on es troba el CFA Lloret de Mar).<\/span><\/h5>\n<h4><span style=\"color: #0000ff;\"><strong><em>Qu\u00e8 \u00e9s l\u2019IOC?<\/em><\/strong><\/span><\/h4>\n<h5><span style=\"color: #000000;\">L\u2019IOC (Institut Obert de Catalunya) \u00e9s un institut de secund\u00e0ria que ofereix els estudis a dist\u00e0ncia.<\/span><\/h5>\n<h5><span style=\"color: #000000;\">Els estudis que ofereix s\u00f3n: GES, Batxillerat, Cicles formatius de formaci\u00f3 professional, Idiomes, Curs de preparaci\u00f3 per a les proves d\u2019acc\u00e9s als cicles formatius de grau superior i formaci\u00f3 professional no reglada.<\/span><\/h5>\n<h4><strong><em><span style=\"color: #0000ff;\">Requisits d\u2019acc\u00e9s\u00a0 \u00a0 \u00a0 \u00a0 \u00a0 \u00a0 \u00a0 \u00a0 \u00a0 \u00a0<\/span>\u00a0 \u00a0 \u00a0 \u00a0 \u00a0 \u00a0 \u00a0 \u00a0 \u00a0 \u00a0 \u00a0 \u00a0 \u00a0 \u00a0 \u00a0 \u00a0 \u00a0 \u00a0 \u00a0 \u00a0 \u00a0 \u00a0 \u00a0 \u00a0 \u00a0 \u00a0 \u00a0 \u00a0 \u00a0 \u00a0 \u00a0 \u00a0 \u00a0 \u00a0 \u00a0 \u00a0 \u00a0 \u00a0 \u00a0 \u00a0 \u00a0 \u00a0 \u00a0 \u00a0 \u00a0 \u00a0 \u00a0 \u00a0 \u00a0 \u00a0 \u00a0 \u00a0 \u00a0 \u00a0 \u00a0 \u00a0 \u00a0 \u00a0 \u00a0 \u00a0 \u00a0 \u00a0 \u00a0 \u00a0 \u00a0 \u00a0 \u00a0<\/em><\/strong><\/h4>\n<h5><span style=\"color: #000000;\">Poden\u00a0accedir a l\u2019Institut Obert de Catalunya totes les persones que volen\u00a0estudiar de manera no presencial i tenen m\u00e9s de <strong>18 anys<\/strong>, o els compleixen durant l\u2019any que inicien la formaci\u00f3.<\/span><\/h5>\n<h5><span style=\"color: #000000;\">Les persones que tenen\u00a0<strong>16 i 17 anys<\/strong>\u00a0nom\u00e9s poden estudiar a dist\u00e0ncia a l&#8217;IOC si justifiquen documentalment que no poden fer-ho presencialment en un institut i que reuneixen condicions per poder seguir els estudis a dist\u00e0ncia.<\/span><\/h5>\n<h5><span style=\"color: #000000;\">Per poder estudiar a l&#8217;IOC \u00e9s imprescindible tenir acc\u00e9s a un ordinador amb entrada i sortida d&#8217;\u00e0udio, i a una connexi\u00f3 a internet. En cas de no tenir-ne, des de l&#8217;IOC i els seus centres col\u00b7laboradors es pot oferir informaci\u00f3 sobre espais d&#8217;acc\u00e9s p\u00fablic a internet.<\/span><\/h5>\n<h4><span style=\"color: #0000ff;\"><strong><em>Matr\u00edcula<\/em><\/strong><\/span><\/h4>\n<h5><span style=\"color: #0000ff;\"><strong>Calendari<\/strong><\/span><\/h5>\n<h5><span style=\"color: #000000;\">Cada trimestre s\u2019obre un per\u00edode de matr\u00edcula per cursar els estudis de GES a dist\u00e0ncia. El calendari de matr\u00edcula dels estudis de GES a l\u2019IOC del curs 2025-26 \u00e9s el seg\u00fcent:<\/span><\/h5>\n<table>\n<tbody>\n<tr>\n<td rowspan=\"2\" width=\"349\">\n<h4><span style=\"color: #000000;\">Trimestre de tardor del 2025<\/span><\/h4>\n<\/td>\n<td width=\"295\">\n<h4><span style=\"color: #000000;\">alumnat antic<\/span><\/h4>\n<\/td>\n<td width=\"378\">\n<h4><span style=\"color: #000000;\">del 23 al 27 de juny de 2025<\/span><\/h4>\n<\/td>\n<\/tr>\n<tr>\n<td width=\"295\">\n<h4><span style=\"color: #000000;\">alumnat antic i alumnat nou<\/span><\/h4>\n<\/td>\n<td width=\"378\">\n<h4><span style=\"color: #000000;\">Del 2 al 8 de setembre de 2025<\/span><\/h4>\n<\/td>\n<\/tr>\n<tr>\n<td rowspan=\"2\" width=\"349\">\n<h4><span style=\"color: #000000;\">Trimestre d&#8217;hivern del 2026<\/span><\/h4>\n<\/td>\n<td width=\"295\">\n<h4><span style=\"color: #000000;\">alumnat nou<\/span><\/h4>\n<\/td>\n<td width=\"378\">\n<h4><span style=\"color: #000000;\">del 3 al 7 de novembre de 2026<\/span><\/h4>\n<\/td>\n<\/tr>\n<tr>\n<td width=\"295\">\n<h4><span style=\"color: #000000;\">alumnat antic<\/span><\/h4>\n<\/td>\n<td width=\"378\">\n<h4><span style=\"color: #000000;\">del 9 al 17 de desembre de 2026<\/span><\/h4>\n<\/td>\n<\/tr>\n<tr>\n<td rowspan=\"2\" width=\"349\">\n<h4><span style=\"color: #000000;\">Trimestre de primavera del 2026<\/span><\/h4>\n<\/td>\n<td width=\"295\">\n<h4><span style=\"color: #000000;\">alumnat nou<\/span><\/h4>\n<\/td>\n<td width=\"378\">\n<h4><span style=\"color: #000000;\">del 2 al 6 de febrer de 2026<\/span><\/h4>\n<\/td>\n<\/tr>\n<tr>\n<td width=\"295\">\n<h4><span style=\"color: #000000;\">alumnat antic<\/span><\/h4>\n<\/td>\n<td width=\"378\">\n<h4><span style=\"color: #000000;\">del 23 al 25 de mar\u00e7 de 2026<\/span><\/h4>\n<\/td>\n<\/tr>\n<\/tbody>\n<\/table>\n<h5><span style=\"color: #000000;\">L\u2019alumnat nou ha de <strong>demanar hora per matricular-se<\/strong> trucant al tel\u00e8fon <strong><span style=\"color: #800080;\">972 36 20 20<\/span><\/strong> la setmana anterior a la matr\u00edcula en l\u2019horari d\u2019atenci\u00f3 al p\u00fablic del centre indicat a la p\u00e0gina web.<\/span><\/h5>\n<h5><span style=\"color: #000000;\"><em>El proc\u00e9s de matr\u00edcula \u00e9s llarg i pot durar m\u00e9s d\u2019una hora.<\/em><\/span><\/h5>\n<h4><span style=\"color: #0000ff;\"><strong>Documentaci\u00f3<\/strong><\/span><\/h4>\n<ul>\n<li>\n<h5><span style=\"color: #000000;\">DNI: original i una fotoc\u00f2pia<\/span><\/h5>\n<\/li>\n<li>\n<h5><span style=\"color: #000000;\">Documentaci\u00f3 acad\u00e8mica (llibre d\u2019escolaritat, certificat de notes, historial acad\u00e8mic, Graduat escolar&#8230;): original i una fotoc\u00f2pia.<\/span><\/h5>\n<\/li>\n<li>\n<h5><span style=\"color: #000000;\">Si s\u2019escau: carnet fam\u00edlia nombrosa, fam\u00edlia monoparental, discapacitat&#8230;<\/span><\/h5>\n<\/li>\n<li>\n<h5><span style=\"color: #000000;\">Els alumnes menors d\u2019edat (que fan els 18 anys abans que acabi l\u2019any) han de venir acompanyats del pare, mare o tutor legal i portar, a m\u00e9s de la documentaci\u00f3 ja indicada, el DNI del pare, mare o tutor legal. \u00c7<\/span><\/h5>\n<\/li>\n<\/ul>\n<h5><span style=\"color: #000000;\">Els alumnes menors d\u2019edat de presentar una sol\u00b7licitud d&#8217;autoritzaci\u00f3 a la direcci\u00f3 de l&#8217;IOC. Aquesta sol\u00b7licitud ha de ser raonada, exposant el m\u00e0xim de detalls i amb la documentaci\u00f3 del centre d&#8217;origen i l&#8217;EAP corresponent. Tamb\u00e9 es podr\u00e0 exigir l&#8217;assist\u00e8ncia a una entrevista personal amb el Departament d&#8217;Orientaci\u00f3 Educativa de l&#8217;IOC per comprovar que s&#8217;han exhaurit les mesures proposades i que pot ser recomanable la formaci\u00f3 a dist\u00e0ncia.<\/span><\/h5>\n<h4><span style=\"color: #0000ff;\"><strong>Preinscripci\u00f3 en l\u00ednia<\/strong><\/span><\/h4>\n<h5><span style=\"color: #000000;\">Abans de venir al centre a formalitzar la matr\u00edcula l\u2019alumnat nou ha de fer una preinscripci\u00f3 en l\u00ednia que estar\u00e0 disponible un o uns dies abans del per\u00edode de matr\u00edcula. S\u2019han de seguir els passos seg\u00fcents:<\/span><\/h5>\n<h5 style=\"padding-left: 40px;\"><span style=\"color: #000000;\"><u>Pas 1<\/u><\/span><\/h5>\n<h5 style=\"padding-left: 80px;\"><span style=\"color: #000000;\">o\u00a0\u00a0 Entrar a la p\u00e0gina de l\u2019IOC,\u00a0 <u>llegir la informaci\u00f3<\/u> de l\u2019enlla\u00e7 Estudis de GES i clicar a Vull matricular-me.<\/span><\/h5>\n<h5 style=\"padding-left: 80px;\"><span style=\"color: #000000;\">o\u00a0\u00a0 Llegir les instruccions, accedir al Formulari d\u2019inscripci\u00f3 i <u>introduir dades personals<\/u>.<\/span><\/h5>\n<h5 style=\"padding-left: 80px;\"><span style=\"color: #000000;\">o\u00a0\u00a0 Apuntar nom d\u2019usuari i contrasenya.<\/span><\/h5>\n<h5 style=\"padding-left: 80px;\"><span style=\"color: #000000;\">o\u00a0\u00a0 Entrar al campus amb aquest nom d\u2019usuari i contrasenya.<\/span><\/h5>\n<h5 style=\"padding-left: 40px;\"><span style=\"color: #000000;\">\u00a0<u>Pas 2<\/u><\/span><\/h5>\n<h5 style=\"padding-left: 80px;\"><span style=\"color: #000000;\">o\u00a0\u00a0 Clicar l\u2019enlla\u00e7 Secretaria de GES<\/span><\/h5>\n<h5 style=\"padding-left: 80px;\"><span style=\"color: #000000;\">o\u00a0\u00a0 Clicar la pestanya Dades personals<\/span><\/h5>\n<h5 style=\"padding-left: 80px;\"><span style=\"color: #000000;\">o\u00a0\u00a0 Acabar d\u2019introduir les dades personals (adre\u00e7a, lloc i data de naixement&#8230;)<\/span><\/h5>\n<h5 style=\"padding-left: 40px;\"><span style=\"color: #000000;\">\u00a0<u>Pas 3<\/u><\/span><\/h5>\n<h5 style=\"padding-left: 80px;\"><span style=\"color: #000000;\">o\u00a0\u00a0 Escanejar o fotografiar la documentaci\u00f3<\/span><\/h5>\n<h5 style=\"padding-left: 80px;\"><span style=\"color: #000000;\">o\u00a0\u00a0 Entrar en Secretaria de GES, clicar la pestanya Documents aportats i penjar la documentaci\u00f3 escanejada\/fotografiada.<\/span><\/h5>\n<h5><\/h5>\n<div id=\"sites-canvas-main\" class=\"sites-canvas-main\">\n<h5><\/h5>\n<\/div>\n","protected":false},"excerpt":{"rendered":"<p>El CFA Lloret de Mar \u00e9s un centre de suport de l\u2019IOC per als estudis de GES (Graduat en Educaci\u00f3 Secund\u00e0ria).<br \/>\nLes persones que vulguin estudiar el GES a dist\u00e0ncia ho poden fer matriculant-se a l\u2019IOC a trav\u00e9s del CFA Lloret de Mar.<br \/>\nCom a centre de&hellip;  <a href=\"https:\/\/agora.xtec.cat\/cfalloretdemar\/ensenyaments\/ensenyaments-transprofessionals\/\" title=\"Read GES a dist\u00e0ncia a l\u2019IOC\">Llegeix m\u00e9s\u00bb<\/a><\/p>\n","protected":false},"author":1,"featured_media":0,"parent":274,"menu_order":4,"comment_status":"closed","ping_status":"closed","template":"page-templates\/side-menu.php","meta":{"_bbp_topic_count":0,"_bbp_reply_count":0,"_bbp_total_topic_count":0,"_bbp_total_reply_count":0,"_bbp_voice_count":0,"_bbp_anonymous_reply_count":0,"_bbp_topic_count_hidden":0,"_bbp_reply_count_hidden":0,"_bbp_forum_subforum_count":0,"footnotes":""},"class_list":["post-286","page","type-page","status-publish","hentry"],"post_mailing_queue_ids":[],"_links":{"self":[{"href":"https:\/\/agora.xtec.cat\/cfalloretdemar\/wp-json\/wp\/v2\/pages\/286","targetHints":{"allow":["GET"]}}],"collection":[{"href":"https:\/\/agora.xtec.cat\/cfalloretdemar\/wp-json\/wp\/v2\/pages"}],"about":[{"href":"https:\/\/agora.xtec.cat\/cfalloretdemar\/wp-json\/wp\/v2\/types\/page"}],"author":[{"embeddable":true,"href":"https:\/\/agora.xtec.cat\/cfalloretdemar\/wp-json\/wp\/v2\/users\/1"}],"replies":[{"embeddable":true,"href":"https:\/\/agora.xtec.cat\/cfalloretdemar\/wp-json\/wp\/v2\/comments?post=286"}],"version-history":[{"count":6,"href":"https:\/\/agora.xtec.cat\/cfalloretdemar\/wp-json\/wp\/v2\/pages\/286\/revisions"}],"predecessor-version":[{"id":4371,"href":"https:\/\/agora.xtec.cat\/cfalloretdemar\/wp-json\/wp\/v2\/pages\/286\/revisions\/4371"}],"up":[{"embeddable":true,"href":"https:\/\/agora.xtec.cat\/cfalloretdemar\/wp-json\/wp\/v2\/pages\/274"}],"wp:attachment":[{"href":"https:\/\/agora.xtec.cat\/cfalloretdemar\/wp-json\/wp\/v2\/media?parent=286"}],"curies":[{"name":"wp","href":"https:\/\/api.w.org\/{rel}","templated":true}]}}