{"id":865,"date":"2020-02-18T06:19:48","date_gmt":"2020-02-18T05:19:48","guid":{"rendered":"http:\/\/agora.xtec.cat\/afalloreda\/?page_id=865"},"modified":"2020-06-17T13:14:49","modified_gmt":"2020-06-17T11:14:49","slug":"speaking-meeting","status":"publish","type":"page","link":"https:\/\/agora.xtec.cat\/cfalloredalapau\/concursos\/speaking-meeting\/","title":{"rendered":"Speaking Point"},"content":{"rendered":"<p><img loading=\"lazy\" decoding=\"async\" class=\"n3VNCb\" src=\"https:\/\/cdn.pixabay.com\/photo\/2015\/05\/03\/11\/33\/english-751057_960_720.png\" alt=\"Resultado de imagen de english language\" width=\"388\" height=\"104\" data-noaft=\"1\" \/><\/p>\n<p>Les nostres classes de Speaking duren una hora i mitja. En elles afavorim que l&#8217;alumne \/ a parli angl\u00e8s. Creem un ambient de confian\u00e7a i obertura i preparem activitats perqu\u00e8 la classe sigui un espai de confian\u00e7a, di\u00e0leg i aprenentatge. Organitzem jocs, com per exemple, el tab\u00fa, per a l&#8217;aprenentatge de vocabulari i per a la pr\u00e0ctica de l&#8217;parlar; realitzem teatres tem\u00e0tics per aprendre a comunicar-se en situacions de la vida quotidiana, fem lectura de textos en veu alta, preparem tem\u00e0tiques que s\u00f3n explicades i comentades pels propis estudiants, cantem can\u00e7ons, &#8230;<\/p>\n<p><span class=\"tlid-translation translation\" lang=\"en\"><strong><span title=\"\">It is a place to practice English oral language.<\/span> <span class=\"\" title=\"\">We create a relaxed moment where you can increase the English oral language.<\/span><\/strong><br \/>\n<span class=\"\" title=\"\"><strong>Levels:<\/strong><\/span><\/span><\/p>\n<table style=\"width: 892px; height: 35px;\" width=\"730\">\n<tbody>\n<tr>\n<td style=\"width: 122.067px;\">Elementary<\/td>\n<td style=\"width: 720.417px;\">Students can say and understand a few things in English.<\/td>\n<td style=\"width: 39.0167px;\">A+<\/td>\n<\/tr>\n<\/tbody>\n<\/table>\n<table style=\"width: 890px;\">\n<tbody>\n<tr>\n<td style=\"width: 114.9px;\">Pre-intermediate<\/td>\n<td style=\"width: 727.1px;\">Students can communicate simply and understand in familiar situations but only with some difficulty.<\/td>\n<td style=\"width: 37.5px;\">A2<\/td>\n<\/tr>\n<\/tbody>\n<\/table>\n<table style=\"width: 892px; height: 56px;\">\n<tbody>\n<tr>\n<td style=\"width: 123.133px;\">Low Intermediate<\/td>\n<td style=\"width: 721.7px;\">I can make simple sentences and can understand the main points of a conversation but need much more vocabulary.<\/td>\n<td style=\"width: 36.6667px;\">B1<\/td>\n<\/tr>\n<\/tbody>\n<\/table>\n<p><a href=\"https:\/\/agora.xtec.cat\/afalloreda\/wp-content\/uploads\/usu1854\/2020\/03\/FotoJet-2.jpg\"><img loading=\"lazy\" decoding=\"async\" class=\" wp-image-915 alignleft\" src=\"https:\/\/agora.xtec.cat\/afalloreda\/wp-content\/uploads\/usu1854\/2020\/03\/FotoJet-2-150x150.jpg\" alt=\"\" width=\"234\" height=\"234\" srcset=\"https:\/\/agora.xtec.cat\/cfalloredalapau\/wp-content\/uploads\/usu1854\/2020\/03\/FotoJet-2-150x150.jpg 150w, https:\/\/agora.xtec.cat\/cfalloredalapau\/wp-content\/uploads\/usu1854\/2020\/03\/FotoJet-2-300x300.jpg 300w, https:\/\/agora.xtec.cat\/cfalloredalapau\/wp-content\/uploads\/usu1854\/2020\/03\/FotoJet-2-768x768.jpg 768w, https:\/\/agora.xtec.cat\/cfalloredalapau\/wp-content\/uploads\/usu1854\/2020\/03\/FotoJet-2-1024x1024.jpg 1024w, https:\/\/agora.xtec.cat\/cfalloredalapau\/wp-content\/uploads\/usu1854\/2020\/03\/FotoJet-2.jpg 1200w\" sizes=\"auto, (max-width: 234px) 100vw, 234px\" \/><\/a><\/p>\n<p><a href=\"https:\/\/agora.xtec.cat\/afalloreda\/wp-content\/uploads\/usu1854\/2020\/03\/FotoJet-1.jpg\"> <img loading=\"lazy\" decoding=\"async\" class=\" wp-image-916 alignleft\" src=\"https:\/\/agora.xtec.cat\/afalloreda\/wp-content\/uploads\/usu1854\/2020\/03\/FotoJet-1-150x150.jpg\" alt=\"\" width=\"235\" height=\"235\" srcset=\"https:\/\/agora.xtec.cat\/cfalloredalapau\/wp-content\/uploads\/usu1854\/2020\/03\/FotoJet-1-150x150.jpg 150w, https:\/\/agora.xtec.cat\/cfalloredalapau\/wp-content\/uploads\/usu1854\/2020\/03\/FotoJet-1-300x300.jpg 300w, https:\/\/agora.xtec.cat\/cfalloredalapau\/wp-content\/uploads\/usu1854\/2020\/03\/FotoJet-1-768x768.jpg 768w, https:\/\/agora.xtec.cat\/cfalloredalapau\/wp-content\/uploads\/usu1854\/2020\/03\/FotoJet-1-1024x1024.jpg 1024w, https:\/\/agora.xtec.cat\/cfalloredalapau\/wp-content\/uploads\/usu1854\/2020\/03\/FotoJet-1.jpg 1200w\" sizes=\"auto, (max-width: 235px) 100vw, 235px\" \/><\/a><\/p>\n<p>&nbsp;<\/p>\n<p>&nbsp;<\/p>\n<p>&nbsp;<\/p>\n<p>&nbsp;<\/p>\n<p>&nbsp;<\/p>\n<p><a href=\"https:\/\/agora.xtec.cat\/afalloreda\/wp-content\/uploads\/usu1854\/2020\/06\/Collage-Comiat-Patricia.jpg\"><img loading=\"lazy\" decoding=\"async\" class=\"wp-image-1120 alignleft\" src=\"https:\/\/agora.xtec.cat\/afalloreda\/wp-content\/uploads\/usu1854\/2020\/06\/Collage-Comiat-Patricia.jpg\" alt=\"\" width=\"457\" height=\"348\" srcset=\"https:\/\/agora.xtec.cat\/cfalloredalapau\/wp-content\/uploads\/usu1854\/2020\/06\/Collage-Comiat-Patricia.jpg 740w, https:\/\/agora.xtec.cat\/cfalloredalapau\/wp-content\/uploads\/usu1854\/2020\/06\/Collage-Comiat-Patricia-300x229.jpg 300w\" sizes=\"auto, (max-width: 457px) 100vw, 457px\" \/><\/a><\/p>\n","protected":false},"excerpt":{"rendered":"<p>Les nostres classes de Speaking duren una hora i mitja. En elles afavorim que l&#8217;alumne \/ a parli angl\u00e8s. Creem un ambient de confian\u00e7a i obertura i preparem activitats perqu\u00e8 la classe sigui un espai de confian\u00e7a, di\u00e0leg i aprenentatge. Organitzem jocs, com per exemple,&hellip;  <a href=\"https:\/\/agora.xtec.cat\/cfalloredalapau\/concursos\/speaking-meeting\/\" title=\"Read Speaking Point\">Llegeix m\u00e9s\u00bb<\/a><\/p>\n","protected":false},"author":1,"featured_media":0,"parent":822,"menu_order":0,"comment_status":"closed","ping_status":"closed","template":"","meta":{"_bbp_topic_count":0,"_bbp_reply_count":0,"_bbp_total_topic_count":0,"_bbp_total_reply_count":0,"_bbp_voice_count":0,"_bbp_anonymous_reply_count":0,"_bbp_topic_count_hidden":0,"_bbp_reply_count_hidden":0,"_bbp_forum_subforum_count":0,"footnotes":""},"class_list":["post-865","page","type-page","status-publish","hentry"],"post_mailing_queue_ids":[],"_links":{"self":[{"href":"https:\/\/agora.xtec.cat\/cfalloredalapau\/wp-json\/wp\/v2\/pages\/865","targetHints":{"allow":["GET"]}}],"collection":[{"href":"https:\/\/agora.xtec.cat\/cfalloredalapau\/wp-json\/wp\/v2\/pages"}],"about":[{"href":"https:\/\/agora.xtec.cat\/cfalloredalapau\/wp-json\/wp\/v2\/types\/page"}],"author":[{"embeddable":true,"href":"https:\/\/agora.xtec.cat\/cfalloredalapau\/wp-json\/wp\/v2\/users\/1"}],"replies":[{"embeddable":true,"href":"https:\/\/agora.xtec.cat\/cfalloredalapau\/wp-json\/wp\/v2\/comments?post=865"}],"version-history":[{"count":4,"href":"https:\/\/agora.xtec.cat\/cfalloredalapau\/wp-json\/wp\/v2\/pages\/865\/revisions"}],"predecessor-version":[{"id":1122,"href":"https:\/\/agora.xtec.cat\/cfalloredalapau\/wp-json\/wp\/v2\/pages\/865\/revisions\/1122"}],"up":[{"embeddable":true,"href":"https:\/\/agora.xtec.cat\/cfalloredalapau\/wp-json\/wp\/v2\/pages\/822"}],"wp:attachment":[{"href":"https:\/\/agora.xtec.cat\/cfalloredalapau\/wp-json\/wp\/v2\/media?parent=865"}],"curies":[{"name":"wp","href":"https:\/\/api.w.org\/{rel}","templated":true}]}}