{"id":849,"date":"2020-02-01T13:09:55","date_gmt":"2020-02-01T12:09:55","guid":{"rendered":"http:\/\/agora.xtec.cat\/afalloreda\/?page_id=849"},"modified":"2021-10-12T14:03:56","modified_gmt":"2021-10-12T12:03:56","slug":"radio-lascensor","status":"publish","type":"page","link":"https:\/\/agora.xtec.cat\/cfalloredalapau\/concursos\/radio-lascensor\/","title":{"rendered":"R\u00e0dio. L&#8217;Ascensor"},"content":{"rendered":"<div style=\"width: 100%;\">\n<div style=\"position: relative; padding-bottom: 56.25%; padding-top: 0; height: 0;\"><iframe loading=\"lazy\" src=\"https:\/\/view.genial.ly\/5e4b0508c663b40ee72a90e3\" width=\"1200\" height=\"675\" frameborder=\"0\"><\/iframe><\/div>\n<div><\/div>\n<\/div>\n<p>&nbsp;<\/p>\n<h5><a href=\"https:\/\/agora.xtec.cat\/afalloreda\/wp-content\/uploads\/usu1854\/2020\/02\/logo-r\u00e0dio.jpg\"><img loading=\"lazy\" decoding=\"async\" class=\"size-thumbnail wp-image-857 aligncenter\" src=\"https:\/\/agora.xtec.cat\/afalloreda\/wp-content\/uploads\/usu1854\/2020\/02\/logo-r\u00e0dio-150x150.jpg\" alt=\"\" width=\"150\" height=\"150\" \/><\/a><\/h5>\n<h3><a href=\"https:\/\/agora.xtec.cat\/afalloreda\/wp-content\/uploads\/usu1854\/2020\/02\/logo-r\u00e0dio.jpg\"><strong><span style=\"color: #ff0000;\">Escola LLoreda BDN.<\/span><\/strong><\/a><\/h3>\n<p>L\u2019Ascensor \u00e9s un projecte que neix a l&#8217;escola d\u2019Adults Lloreda amb la intenci\u00f3 de fer m\u00e9s visibles totes les activitats que en fem a l\u2019escola i amb una m\u00e0xima, \u00a0treballar les capacitats orals de comunicaci\u00f3 del nostre alumnat.<\/p>\n<p>Volem impulsar un canal de r\u00e0dio comunitari, nascut del teixit de l\u2019alumnat de la nostra escola Lloreda. Tamb\u00e9 pretenem que esdevingui una eina col\u00b7laborativa de comunicaci\u00f3 per les ve\u00efnes i ve\u00efns del barri, i permetre a aquests formar-ne part aportant el seu gra de sorra.<\/p>\n<p>Tothom t\u00e9 acc\u00e9s als programes de <em>L\u2019ASCENSOR\u201d <\/em>publicats via <em>streaming<\/em>.<\/p>\n<p><a href=\"https:\/\/www.youtube.com\/?pageId=none\"><strong>Accedir-hi. Escola Lloreda BDN<\/strong><\/a><\/p>\n<h6><u>OBJECTIUS<\/u><\/h6>\n<ul>\n<li>Desenvolupar la flu\u00efdesa el llenguatge oral<\/li>\n<li>Treballar el discurs oral.<\/li>\n<li>Enfortir les activitats de lectura en veu alta i la comprensi\u00f3 lectora.<\/li>\n<li>Treballar de manera transversal integrant a tots els alumnes.<\/li>\n<\/ul>\n<p><strong>PROGRAMES<\/strong><\/p>\n<p><a href=\"https:\/\/agora.xtec.cat\/afalloreda\/wp-content\/uploads\/usu1854\/2020\/04\/EL-ASCENSOR-LOGO.png\"><img loading=\"lazy\" decoding=\"async\" class=\"alignnone size-thumbnail wp-image-1000\" src=\"https:\/\/agora.xtec.cat\/afalloreda\/wp-content\/uploads\/usu1854\/2020\/04\/EL-ASCENSOR-LOGO-150x150.png\" alt=\"\" width=\"150\" height=\"150\" \/><\/a><\/p>\n<p>1r programa: \u00a0<a href=\"https:\/\/youtu.be\/pnch1ebQoHU\">2020-04-10 Col.loqui COVID-19<\/a><br \/>\n2n programa: <a href=\"https:\/\/www.youtube.com\/watch?v=0P7jPofHeJo\">2020-06-11 La tornada a les aules<\/a><\/p>\n<p>3r programa <a href=\"https:\/\/youtu.be\/54juNQu6NOc\">2021-03-16<\/a><a href=\"https:\/\/youtu.be\/54juNQu6NOc\"> Tert\u00falia liter\u00e0ria<\/a><\/p>\n<p>4t programa <a href=\"https:\/\/youtu.be\/m4MR_84-NQ4\">2021-04-09 Najat El Hachmi<\/a><\/p>\n","protected":false},"excerpt":{"rendered":"<p>&nbsp;<br \/>\n<a href=\"https:\/\/agora.xtec.cat\/afalloreda\/wp-content\/uploads\/usu1854\/2020\/02\/logo-r\u00e0dio.jpg\"><\/a><br \/>\n<a href=\"https:\/\/agora.xtec.cat\/afalloreda\/wp-content\/uploads\/usu1854\/2020\/02\/logo-r\u00e0dio.jpg\">Escola LLoreda BDN.<\/a><br \/>\nL\u2019Ascensor \u00e9s un projecte que neix a l&#8217;escola d\u2019Adults Lloreda amb la intenci\u00f3 de fer m\u00e9s visibles totes les activitats que en fem a l\u2019escola i amb una m\u00e0xima, \u00a0treballar les capacitats orals de comunicaci\u00f3 del nostre alumnat.<br \/>\nVolem impulsar un canal&hellip;  <a href=\"https:\/\/agora.xtec.cat\/cfalloredalapau\/concursos\/radio-lascensor\/\" title=\"Read R\u00e0dio. L&#8217;Ascensor\">Llegeix m\u00e9s\u00bb<\/a><\/p>\n","protected":false},"author":1,"featured_media":0,"parent":822,"menu_order":0,"comment_status":"closed","ping_status":"closed","template":"","meta":{"_bbp_topic_count":0,"_bbp_reply_count":0,"_bbp_total_topic_count":0,"_bbp_total_reply_count":0,"_bbp_voice_count":0,"_bbp_anonymous_reply_count":0,"_bbp_topic_count_hidden":0,"_bbp_reply_count_hidden":0,"_bbp_forum_subforum_count":0,"footnotes":""},"class_list":["post-849","page","type-page","status-publish","hentry"],"post_mailing_queue_ids":[],"_links":{"self":[{"href":"https:\/\/agora.xtec.cat\/cfalloredalapau\/wp-json\/wp\/v2\/pages\/849","targetHints":{"allow":["GET"]}}],"collection":[{"href":"https:\/\/agora.xtec.cat\/cfalloredalapau\/wp-json\/wp\/v2\/pages"}],"about":[{"href":"https:\/\/agora.xtec.cat\/cfalloredalapau\/wp-json\/wp\/v2\/types\/page"}],"author":[{"embeddable":true,"href":"https:\/\/agora.xtec.cat\/cfalloredalapau\/wp-json\/wp\/v2\/users\/1"}],"replies":[{"embeddable":true,"href":"https:\/\/agora.xtec.cat\/cfalloredalapau\/wp-json\/wp\/v2\/comments?post=849"}],"version-history":[{"count":4,"href":"https:\/\/agora.xtec.cat\/cfalloredalapau\/wp-json\/wp\/v2\/pages\/849\/revisions"}],"predecessor-version":[{"id":1633,"href":"https:\/\/agora.xtec.cat\/cfalloredalapau\/wp-json\/wp\/v2\/pages\/849\/revisions\/1633"}],"up":[{"embeddable":true,"href":"https:\/\/agora.xtec.cat\/cfalloredalapau\/wp-json\/wp\/v2\/pages\/822"}],"wp:attachment":[{"href":"https:\/\/agora.xtec.cat\/cfalloredalapau\/wp-json\/wp\/v2\/media?parent=849"}],"curies":[{"name":"wp","href":"https:\/\/api.w.org\/{rel}","templated":true}]}}