{"id":824,"date":"2019-12-15T19:57:18","date_gmt":"2019-12-15T18:57:18","guid":{"rendered":"http:\/\/agora.xtec.cat\/afalloreda\/?page_id=824"},"modified":"2020-05-13T20:42:39","modified_gmt":"2020-05-13T18:42:39","slug":"mobile-history-map","status":"publish","type":"page","link":"https:\/\/agora.xtec.cat\/cfalloredalapau\/concursos\/mobile-history-map\/","title":{"rendered":"Mobile History Map"},"content":{"rendered":"<p><strong><a href=\"https:\/\/mhm.mobileworldcapital.com\/\">Mobile History Map<\/a><\/strong>, iniciativa del programa mSchools, \u00e9s una aplicaci\u00f3 m\u00f2bil i plataforma de georeferenciaci\u00f3 que permet als alumnes crear continguts de forma col\u00b7lectiva sobre punts d\u2019inter\u00e8s propers, alhora que potencia les habilitats en tecnologia digital.<\/p>\n<p>L&#8217;escola de Formaci\u00f3 d&#8217;Adults Lloreda es presenta aquest any amb el projecte de &#8220;Badalona romana&#8221;.<\/p>\n<p><a href=\"https:\/\/mhm.mobileworldcapital.com\/es\/escenari\/1784\/showedit\">Escola Adults Lloreda: Baetulo, Badalona Romana<\/a><\/p>\n<p><iframe loading=\"lazy\" src=\"https:\/\/www.youtube.com\/embed\/1QkN7EGEazU\" width=\"560\" height=\"315\" frameborder=\"0\"><\/iframe><\/p>\n<p>&nbsp;<\/p>\n<p><a href=\"https:\/\/agora.xtec.cat\/afalloreda\/wp-content\/uploads\/usu1854\/2020\/05\/P\u00d2STER-AFA-LLOREDA.jpg\"><img loading=\"lazy\" decoding=\"async\" class=\" wp-image-1066 aligncenter\" src=\"https:\/\/agora.xtec.cat\/afalloreda\/wp-content\/uploads\/usu1854\/2020\/05\/P\u00d2STER-AFA-LLOREDA-721x1024.jpg\" alt=\"\" width=\"509\" height=\"724\" srcset=\"https:\/\/agora.xtec.cat\/cfalloredalapau\/wp-content\/uploads\/usu1854\/2020\/05\/P\u00d2STER-AFA-LLOREDA-721x1024.jpg 721w, https:\/\/agora.xtec.cat\/cfalloredalapau\/wp-content\/uploads\/usu1854\/2020\/05\/P\u00d2STER-AFA-LLOREDA-211x300.jpg 211w, https:\/\/agora.xtec.cat\/cfalloredalapau\/wp-content\/uploads\/usu1854\/2020\/05\/P\u00d2STER-AFA-LLOREDA-768x1091.jpg 768w, https:\/\/agora.xtec.cat\/cfalloredalapau\/wp-content\/uploads\/usu1854\/2020\/05\/P\u00d2STER-AFA-LLOREDA.jpg 1169w\" sizes=\"auto, (max-width: 509px) 100vw, 509px\" \/><\/a><\/p>\n","protected":false},"excerpt":{"rendered":"<p><a href=\"https:\/\/mhm.mobileworldcapital.com\/\">Mobile History Map<\/a>, iniciativa del programa mSchools, \u00e9s una aplicaci\u00f3 m\u00f2bil i plataforma de georeferenciaci\u00f3 que permet als alumnes crear continguts de forma col\u00b7lectiva sobre punts d\u2019inter\u00e8s propers, alhora que potencia les habilitats en tecnologia digital.<br \/>\nL&#8217;escola de Formaci\u00f3 d&#8217;Adults Lloreda es presenta aquest any&hellip;  <a href=\"https:\/\/agora.xtec.cat\/cfalloredalapau\/concursos\/mobile-history-map\/\" title=\"Read Mobile History Map\">Llegeix m\u00e9s\u00bb<\/a><\/p>\n","protected":false},"author":1,"featured_media":0,"parent":822,"menu_order":0,"comment_status":"closed","ping_status":"closed","template":"","meta":{"_bbp_topic_count":0,"_bbp_reply_count":0,"_bbp_total_topic_count":0,"_bbp_total_reply_count":0,"_bbp_voice_count":0,"_bbp_anonymous_reply_count":0,"_bbp_topic_count_hidden":0,"_bbp_reply_count_hidden":0,"_bbp_forum_subforum_count":0,"footnotes":""},"class_list":["post-824","page","type-page","status-publish","hentry"],"post_mailing_queue_ids":[],"_links":{"self":[{"href":"https:\/\/agora.xtec.cat\/cfalloredalapau\/wp-json\/wp\/v2\/pages\/824","targetHints":{"allow":["GET"]}}],"collection":[{"href":"https:\/\/agora.xtec.cat\/cfalloredalapau\/wp-json\/wp\/v2\/pages"}],"about":[{"href":"https:\/\/agora.xtec.cat\/cfalloredalapau\/wp-json\/wp\/v2\/types\/page"}],"author":[{"embeddable":true,"href":"https:\/\/agora.xtec.cat\/cfalloredalapau\/wp-json\/wp\/v2\/users\/1"}],"replies":[{"embeddable":true,"href":"https:\/\/agora.xtec.cat\/cfalloredalapau\/wp-json\/wp\/v2\/comments?post=824"}],"version-history":[{"count":4,"href":"https:\/\/agora.xtec.cat\/cfalloredalapau\/wp-json\/wp\/v2\/pages\/824\/revisions"}],"predecessor-version":[{"id":1067,"href":"https:\/\/agora.xtec.cat\/cfalloredalapau\/wp-json\/wp\/v2\/pages\/824\/revisions\/1067"}],"up":[{"embeddable":true,"href":"https:\/\/agora.xtec.cat\/cfalloredalapau\/wp-json\/wp\/v2\/pages\/822"}],"wp:attachment":[{"href":"https:\/\/agora.xtec.cat\/cfalloredalapau\/wp-json\/wp\/v2\/media?parent=824"}],"curies":[{"name":"wp","href":"https:\/\/api.w.org\/{rel}","templated":true}]}}