{"id":67,"date":"2014-09-18T10:14:18","date_gmt":"2014-09-18T09:14:18","guid":{"rendered":"http:\/\/agora.xtec.cat\/afalloreda\/?page_id=67"},"modified":"2019-07-08T16:29:26","modified_gmt":"2019-07-08T14:29:26","slug":"acollida","status":"publish","type":"page","link":"https:\/\/agora.xtec.cat\/cfalloredalapau\/serveis\/acollida\/","title":{"rendered":"Orientaci\u00f3 acad\u00e8mica"},"content":{"rendered":"<p>Vols saber com funciona el sistema educatiu actual o con\u00e8ixer m\u00e9s a fons el procediment d\u2019acreditaci\u00f3 dels estudis?<\/p>\n<p>A trav\u00e9s de l\u2019atenci\u00f3 individual i personalitzada per part d\u2019un\/a professional, intentarem ajudar-te i donar resposta a tots aquells dubtes i neguits que tinguis en relaci\u00f3 al teu itinerari acad\u00e8mic.<\/p>\n<p>Com a servei d\u2019informaci\u00f3, orientaci\u00f3 i assessorament acad\u00e8mic et donem la possibilitat de con\u00e8ixer tot all\u00f2 que vulguis saber sobre:<\/p>\n<ul>\n<li>Graduat en Educaci\u00f3 Secund\u00e0ria Obligat\u00f2ria\u00a0(GESO)<\/li>\n<li>Programes per a joves sense ESO<\/li>\n<li>Proves d\u2019acc\u00e9s als Cicles Formatius<\/li>\n<li>Curs de formaci\u00f3 espec\u00edfic per a l&#8217;acc\u00e9s als Cicles de Grau Mitj\u00e0<\/li>\n<li>Curs de preparaci\u00f3 per a la incorporaci\u00f3 als Cicles Formatius de Grau Superior<\/li>\n<li>Cicles Formatius de Grau Mitj\u00e0<\/li>\n<li>Cicles Formatius de Grau Superior<\/li>\n<li>Ensenyaments d\u2019idiomes<\/li>\n<li>Titulacions en noves tecnologies<\/li>\n<\/ul>\n","protected":false},"excerpt":{"rendered":"<p>Vols saber com funciona el sistema educatiu actual o con\u00e8ixer m\u00e9s a fons el procediment d\u2019acreditaci\u00f3 dels estudis?<br \/>\nA trav\u00e9s de l\u2019atenci\u00f3 individual i personalitzada per part d\u2019un\/a professional, intentarem ajudar-te i donar resposta a tots aquells dubtes i neguits que tinguis en relaci\u00f3 al teu&hellip;  <a href=\"https:\/\/agora.xtec.cat\/cfalloredalapau\/serveis\/acollida\/\" title=\"Read Orientaci\u00f3 acad\u00e8mica\">Llegeix m\u00e9s\u00bb<\/a><\/p>\n","protected":false},"author":1,"featured_media":0,"parent":63,"menu_order":20,"comment_status":"closed","ping_status":"closed","template":"page-templates\/side-menu.php","meta":{"_bbp_topic_count":0,"_bbp_reply_count":0,"_bbp_total_topic_count":0,"_bbp_total_reply_count":0,"_bbp_voice_count":0,"_bbp_anonymous_reply_count":0,"_bbp_topic_count_hidden":0,"_bbp_reply_count_hidden":0,"_bbp_forum_subforum_count":0,"footnotes":""},"class_list":["post-67","page","type-page","status-publish","hentry"],"post_mailing_queue_ids":[],"_links":{"self":[{"href":"https:\/\/agora.xtec.cat\/cfalloredalapau\/wp-json\/wp\/v2\/pages\/67","targetHints":{"allow":["GET"]}}],"collection":[{"href":"https:\/\/agora.xtec.cat\/cfalloredalapau\/wp-json\/wp\/v2\/pages"}],"about":[{"href":"https:\/\/agora.xtec.cat\/cfalloredalapau\/wp-json\/wp\/v2\/types\/page"}],"author":[{"embeddable":true,"href":"https:\/\/agora.xtec.cat\/cfalloredalapau\/wp-json\/wp\/v2\/users\/1"}],"replies":[{"embeddable":true,"href":"https:\/\/agora.xtec.cat\/cfalloredalapau\/wp-json\/wp\/v2\/comments?post=67"}],"version-history":[{"count":4,"href":"https:\/\/agora.xtec.cat\/cfalloredalapau\/wp-json\/wp\/v2\/pages\/67\/revisions"}],"predecessor-version":[{"id":600,"href":"https:\/\/agora.xtec.cat\/cfalloredalapau\/wp-json\/wp\/v2\/pages\/67\/revisions\/600"}],"up":[{"embeddable":true,"href":"https:\/\/agora.xtec.cat\/cfalloredalapau\/wp-json\/wp\/v2\/pages\/63"}],"wp:attachment":[{"href":"https:\/\/agora.xtec.cat\/cfalloredalapau\/wp-json\/wp\/v2\/media?parent=67"}],"curies":[{"name":"wp","href":"https:\/\/api.w.org\/{rel}","templated":true}]}}