{"id":606,"date":"2019-07-08T23:13:38","date_gmt":"2019-07-08T21:13:38","guid":{"rendered":"http:\/\/agora.xtec.cat\/afalloreda\/?page_id=606"},"modified":"2019-11-11T22:15:37","modified_gmt":"2019-11-11T21:15:37","slug":"la-rotllana","status":"publish","type":"page","link":"https:\/\/agora.xtec.cat\/cfalloredalapau\/treball-en-xarxa\/la-rotllana\/","title":{"rendered":"La Rotllana"},"content":{"rendered":"<p>&#8220;La Rotllana&#8221; \u00e9s una associaci\u00f3 sense \u00e0nim de lucre que treballa pels infants, joves i comunitat amb una especial motivaci\u00f3 per donar suport a les persones amb menys oportunitats.<\/p>\n<p>Els alumnes de l\u2019escola poden \u00a0gaudir d\u2019auxiliars de conversa a les classes d\u2019angl\u00e8s gr\u00e0cies a la m\u00fatua col\u00b7laboraci\u00f3 amb \u201dLa Rotllana\u201d. Aquesta entitat \u00a0realitza intercanvis internacionals de voluntariat entre altres activitats. L\u2019escola gaudeix dels auxiliars de conversa que ens proporciona aquesta entitat.<\/p>\n<p><strong>El projecte<\/strong> enforteix les relacions entre l&#8217;escola i entitats del territori, donant a con\u00e8ixer als alumnes les oportunitats que tenen en el marc de l&#8217;educaci\u00f3 no formal, i als\/les &#8220;speakers&#8221; l&#8217;oportunitat de con\u00e8ixer m\u00e9s a prop la cultura del nostre entorn.<\/p>\n<p style=\"text-align: center;\"><a href=\"https:\/\/agora.xtec.cat\/afalloreda\/wp-content\/uploads\/usu1854\/2019\/11\/FotoJet.jpg\"><img loading=\"lazy\" decoding=\"async\" class=\"alignnone wp-image-766\" src=\"https:\/\/agora.xtec.cat\/afalloreda\/wp-content\/uploads\/usu1854\/2019\/11\/FotoJet-150x150.jpg\" alt=\"\" width=\"201\" height=\"201\" srcset=\"https:\/\/agora.xtec.cat\/cfalloredalapau\/wp-content\/uploads\/usu1854\/2019\/11\/FotoJet-150x150.jpg 150w, https:\/\/agora.xtec.cat\/cfalloredalapau\/wp-content\/uploads\/usu1854\/2019\/11\/FotoJet-300x300.jpg 300w, https:\/\/agora.xtec.cat\/cfalloredalapau\/wp-content\/uploads\/usu1854\/2019\/11\/FotoJet-768x768.jpg 768w, https:\/\/agora.xtec.cat\/cfalloredalapau\/wp-content\/uploads\/usu1854\/2019\/11\/FotoJet-1024x1024.jpg 1024w, https:\/\/agora.xtec.cat\/cfalloredalapau\/wp-content\/uploads\/usu1854\/2019\/11\/FotoJet.jpg 1200w\" sizes=\"auto, (max-width: 201px) 100vw, 201px\" \/><\/a><\/p>\n","protected":false},"excerpt":{"rendered":"<p>&#8220;La Rotllana&#8221; \u00e9s una associaci\u00f3 sense \u00e0nim de lucre que treballa pels infants, joves i comunitat amb una especial motivaci\u00f3 per donar suport a les persones amb menys oportunitats.<br \/>\nEls alumnes de l\u2019escola poden \u00a0gaudir d\u2019auxiliars de conversa a les classes d\u2019angl\u00e8s gr\u00e0cies a la m\u00fatua&hellip;  <a href=\"https:\/\/agora.xtec.cat\/cfalloredalapau\/treball-en-xarxa\/la-rotllana\/\" title=\"Read La Rotllana\">Llegeix m\u00e9s\u00bb<\/a><\/p>\n","protected":false},"author":1,"featured_media":0,"parent":476,"menu_order":0,"comment_status":"closed","ping_status":"closed","template":"page-templates\/side-menu.php","meta":{"_bbp_topic_count":0,"_bbp_reply_count":0,"_bbp_total_topic_count":0,"_bbp_total_reply_count":0,"_bbp_voice_count":0,"_bbp_anonymous_reply_count":0,"_bbp_topic_count_hidden":0,"_bbp_reply_count_hidden":0,"_bbp_forum_subforum_count":0,"footnotes":""},"class_list":["post-606","page","type-page","status-publish","hentry"],"post_mailing_queue_ids":[],"_links":{"self":[{"href":"https:\/\/agora.xtec.cat\/cfalloredalapau\/wp-json\/wp\/v2\/pages\/606","targetHints":{"allow":["GET"]}}],"collection":[{"href":"https:\/\/agora.xtec.cat\/cfalloredalapau\/wp-json\/wp\/v2\/pages"}],"about":[{"href":"https:\/\/agora.xtec.cat\/cfalloredalapau\/wp-json\/wp\/v2\/types\/page"}],"author":[{"embeddable":true,"href":"https:\/\/agora.xtec.cat\/cfalloredalapau\/wp-json\/wp\/v2\/users\/1"}],"replies":[{"embeddable":true,"href":"https:\/\/agora.xtec.cat\/cfalloredalapau\/wp-json\/wp\/v2\/comments?post=606"}],"version-history":[{"count":4,"href":"https:\/\/agora.xtec.cat\/cfalloredalapau\/wp-json\/wp\/v2\/pages\/606\/revisions"}],"predecessor-version":[{"id":771,"href":"https:\/\/agora.xtec.cat\/cfalloredalapau\/wp-json\/wp\/v2\/pages\/606\/revisions\/771"}],"up":[{"embeddable":true,"href":"https:\/\/agora.xtec.cat\/cfalloredalapau\/wp-json\/wp\/v2\/pages\/476"}],"wp:attachment":[{"href":"https:\/\/agora.xtec.cat\/cfalloredalapau\/wp-json\/wp\/v2\/media?parent=606"}],"curies":[{"name":"wp","href":"https:\/\/api.w.org\/{rel}","templated":true}]}}