{"id":604,"date":"2019-07-08T23:12:47","date_gmt":"2019-07-08T21:12:47","guid":{"rendered":"http:\/\/agora.xtec.cat\/afalloreda\/?page_id=604"},"modified":"2019-07-09T09:11:18","modified_gmt":"2019-07-09T07:11:18","slug":"glorr","status":"publish","type":"page","link":"https:\/\/agora.xtec.cat\/cfalloredalapau\/treball-en-xarxa\/glorr\/","title":{"rendered":"Glorr"},"content":{"rendered":"<p><a href=\"https:\/\/agora.xtec.cat\/afalloreda\/wp-content\/uploads\/usu1854\/2019\/07\/Glorr.jpg\"><img loading=\"lazy\" decoding=\"async\" class=\" wp-image-618 aligncenter\" src=\"https:\/\/agora.xtec.cat\/afalloreda\/wp-content\/uploads\/usu1854\/2019\/07\/Glorr-150x150.jpg\" alt=\"\" width=\"100\" height=\"100\" srcset=\"https:\/\/agora.xtec.cat\/cfalloredalapau\/wp-content\/uploads\/usu1854\/2019\/07\/Glorr-150x150.jpg 150w, https:\/\/agora.xtec.cat\/cfalloredalapau\/wp-content\/uploads\/usu1854\/2019\/07\/Glorr.jpg 225w\" sizes=\"auto, (max-width: 100px) 100vw, 100px\" \/><\/a>Desde GLORR Fundaci\u00f3 ajuden als menors m\u00e9s desfavorits en el nostre pa\u00eds com el servei de les bosses de roba, cal\u00e7at, roba d&#8217;abril.<\/p>\n<p>L&#8217;escola col.labora amb la campanya de tardor i de primavera.<\/p>\n<p>&nbsp;<\/p>\n","protected":false},"excerpt":{"rendered":"<p><a href=\"https:\/\/agora.xtec.cat\/afalloreda\/wp-content\/uploads\/usu1854\/2019\/07\/Glorr.jpg\"><\/a>Desde GLORR Fundaci\u00f3 ajuden als menors m\u00e9s desfavorits en el nostre pa\u00eds com el servei de les bosses de roba, cal\u00e7at, roba d&#8217;abril.<br \/>\nL&#8217;escola col.labora amb la campanya de tardor i de primavera.<br \/>\n&nbsp;<\/p>\n","protected":false},"author":1,"featured_media":0,"parent":476,"menu_order":0,"comment_status":"closed","ping_status":"closed","template":"page-templates\/side-menu.php","meta":{"_bbp_topic_count":0,"_bbp_reply_count":0,"_bbp_total_topic_count":0,"_bbp_total_reply_count":0,"_bbp_voice_count":0,"_bbp_anonymous_reply_count":0,"_bbp_topic_count_hidden":0,"_bbp_reply_count_hidden":0,"_bbp_forum_subforum_count":0,"footnotes":""},"class_list":["post-604","page","type-page","status-publish","hentry"],"post_mailing_queue_ids":[],"_links":{"self":[{"href":"https:\/\/agora.xtec.cat\/cfalloredalapau\/wp-json\/wp\/v2\/pages\/604","targetHints":{"allow":["GET"]}}],"collection":[{"href":"https:\/\/agora.xtec.cat\/cfalloredalapau\/wp-json\/wp\/v2\/pages"}],"about":[{"href":"https:\/\/agora.xtec.cat\/cfalloredalapau\/wp-json\/wp\/v2\/types\/page"}],"author":[{"embeddable":true,"href":"https:\/\/agora.xtec.cat\/cfalloredalapau\/wp-json\/wp\/v2\/users\/1"}],"replies":[{"embeddable":true,"href":"https:\/\/agora.xtec.cat\/cfalloredalapau\/wp-json\/wp\/v2\/comments?post=604"}],"version-history":[{"count":3,"href":"https:\/\/agora.xtec.cat\/cfalloredalapau\/wp-json\/wp\/v2\/pages\/604\/revisions"}],"predecessor-version":[{"id":619,"href":"https:\/\/agora.xtec.cat\/cfalloredalapau\/wp-json\/wp\/v2\/pages\/604\/revisions\/619"}],"up":[{"embeddable":true,"href":"https:\/\/agora.xtec.cat\/cfalloredalapau\/wp-json\/wp\/v2\/pages\/476"}],"wp:attachment":[{"href":"https:\/\/agora.xtec.cat\/cfalloredalapau\/wp-json\/wp\/v2\/media?parent=604"}],"curies":[{"name":"wp","href":"https:\/\/api.w.org\/{rel}","templated":true}]}}