{"id":472,"date":"2019-07-03T23:07:52","date_gmt":"2019-07-03T21:07:52","guid":{"rendered":"http:\/\/agora.xtec.cat\/afalloreda\/?page_id=472"},"modified":"2023-09-14T09:20:35","modified_gmt":"2023-09-14T07:20:35","slug":"secretaria","status":"publish","type":"page","link":"https:\/\/agora.xtec.cat\/cfalloredalapau\/escola\/secretaria\/","title":{"rendered":"Secretaria"},"content":{"rendered":"<h3><span style=\"color: #000080;\"><strong>Contacte secretaria<\/strong><\/span><\/h3>\n<p>Per a qualsevol dubte sobre la matr\u00edcula pots dirigir-te a:<\/p>\n<h5><a href=\"mailto:cfalloredalapau@xtec.cat\"> cfalloredalapau@xtec.cat<\/a><\/h5>\n<h3><span style=\"color: #000080;\"><strong>HORARI<\/strong><\/span><\/h3>\n<p>De dilluns a divendres de 9:00h a 13:00h<\/p>\n<p>De dilluns a dijous de 15:00h a 17:30h<\/p>\n<p>* juliol amb cita telef\u00f2nica pr\u00e8via.<br \/>\n**agost tancat per vacances.<\/p>\n<h3><a href=\"https:\/\/view.genial.ly\/5ec0f58d8e243b0d5a333f6a\/presentation-portes-obertes-escola-lloreda\"><strong><span style=\"color: #000080;\">PORTES OBERTES<\/span><\/strong><\/a><\/h3>\n<h3><strong><span style=\"color: #000080;\">MATRICULACI\u00d3<\/span><\/strong><\/h3>\n<p><strong>Requisits d&#8217;acc\u00e9s;<\/strong><br \/>\nAmb car\u00e0cter general poden accedir als ensenyaments de l&#8217;escola d&#8217;adults les persones que han complert els 18 anys o b\u00e9 els compleixen durant l&#8217;any natural en qu\u00e8 inicien la formaci\u00f3.<br \/>\nTamb\u00e9 hi poden accedir les persones que compleixen com a m\u00ednim 16 anys l&#8217;any natural en qu\u00e8 inicien la formaci\u00f3 i es troben en alguna de les situacions seg\u00fcents:<\/p>\n<ul>\n<li>Tenir un contracte laboral que els impedeix assistir als centres educatius en r\u00e8gim ordinari<\/li>\n<li>Trobar-se en proc\u00e9s d&#8217;obtenir un perm\u00eds de treball<\/li>\n<li>Ser esportista d&#8217;alt rendiment,<\/li>\n<li>Haver cursat i superat un programa de formaci\u00f3 i inserci\u00f3 (PFI),<\/li>\n<li>Voler cursar la formaci\u00f3 per a les proves d&#8217;acc\u00e9s als cicles formatius de grau mitj\u00e0,<\/li>\n<li>Participar al programa d&#8217;experi\u00e8ncia professional per a l&#8217;ocupaci\u00f3 juvenil a Catalunya &#8220;Joves per l&#8217;ocupaci\u00f3&#8221;.<\/li>\n<\/ul>\n<p>Excepcionalment, el director o directora dels serveis territorials corresponents o la gerent del Consorci d&#8217;Educaci\u00f3 de Barcelona poden autoritzar la incorporaci\u00f3 d&#8217;alumnes que no compleixin els requisits anteriors, previ informe de la Inspecci\u00f3 d&#8217;Educaci\u00f3.<\/p>\n<p>&nbsp;<\/p>\n<p><strong>Documentaci\u00f3 i criteris de prioritat<\/strong><br \/>\nJuntament amb la sol\u00b7licitud de preinscripci\u00f3 cal presentar la documentaci\u00f3 en el termini establert.<br \/>\nQuan el nombre de sol\u00b7licituds d&#8217;admissi\u00f3 \u00e9s superior a l&#8217;oferta de places s&#8217;aplica el criteri de prioritat; el compliment d&#8217;aquest criteri s&#8217;ha d&#8217;acreditar amb la documentaci\u00f3 corresponent (el barem s&#8217;aplica en relaci\u00f3 amb el centre demanat en primer lloc i es mant\u00e9 per a la resta de peticions). En les situacions d&#8217;empat que es produeixin despr\u00e9s d&#8217;aplicar els criteris, l&#8217;ordenaci\u00f3 de les sol\u00b7licituds afectades es fa per sorteig p\u00fablic del n\u00famero de desempat.<br \/>\nTotes les persones que es prescriuen han de presentar l&#8217;original i una fotoc\u00f2pia del DNI, NIE o passaport (si es tracta d&#8217;estrangers comunitaris, el document d&#8217;identitat del pa\u00eds d&#8217;origen).<br \/>\nSegons les circumst\u00e0ncies de cada sol\u00b7licitant, tamb\u00e9 cal presentar:<\/p>\n<ul>\n<li>Persones amb contracte laboral: document que acrediti la seva afiliaci\u00f3 a la Seguretat Social (si no tenen obligaci\u00f3 d&#8217;estar afiliats, el certificat del familiar titular de l&#8217;empresa i la declaraci\u00f3 dels tutors legals).<br \/>\nPersones en proc\u00e9s d&#8217;obtenci\u00f3 d&#8217;un perm\u00eds de treball: documentaci\u00f3 acreditativa corresponent.<\/li>\n<li>Esportistes d&#8217;alt rendiment que comparteixen ensenyaments: certificat acreditatiu expedit pel Consell Catal\u00e0 de l&#8217;Esport.<\/li>\n<li>Persones que han cursat i superat un programa de formaci\u00f3 i inserci\u00f3 (PFI): certificat en qu\u00e8 consti que l&#8217;han cursat.<\/li>\n<li>Persones que participen al programa &#8220;Joves per l&#8217;ocupaci\u00f3&#8221;: document acreditatiu expedit per l&#8217;entitat on han desenvolupat el programa.<\/li>\n<\/ul>\n<p><strong>Persones menors d&#8217;edat<\/strong><\/p>\n<p>Original i fotoc\u00f2pia del llibre de fam\u00edlia o altres documents relatius a la filiaci\u00f3 i el consentiment del pare o mare o tutor legal del menor. Si est\u00e0 en situaci\u00f3 d&#8217;acolliment, la resoluci\u00f3 del Departament de Treball, Afers Socials i Fam\u00edlies.<br \/>\nOriginal i fotoc\u00f2pia del DNI de la persona sol\u00b7licitant (pare, mare, tutor\/a o guardador\/a de fet) o si la persona sol\u00b7licitant \u00e9s estrangera, de la targeta de resid\u00e8ncia on consta el NIE, o del passaport. Si es tracta d&#8217;estrangers comunitaris, document d&#8217;identitat del pa\u00eds d&#8217;origen.<\/p>\n<p><strong>Criteris de prioritat<\/strong><br \/>\nT\u00e9 prefer\u00e8ncia per cursar aquests ensenyaments:<\/p>\n<ul style=\"list-style-type: disc;\">\n<li>Qui visqui o treballi en el mateix municipi on est\u00e0 situat el centre o l&#8217;aula.<\/li>\n<li>Qui visqui o treballi en un municipi proper al municipi del centre o aula, on no hi hagi oferta p\u00fablica de formaci\u00f3 d&#8217;adults dels ensenyaments que se sol\u00b7liciten.<\/li>\n<li>Qui hagi cursat i superat un programa de formaci\u00f3 i inserci\u00f3.<\/li>\n<li>Qui participi en el programa d&#8217;experi\u00e8ncia professional per a l&#8217;ocupaci\u00f3 juvenil a Catalunya &#8220;Joves per l&#8217;ocupaci\u00f3&#8221;.<\/li>\n<\/ul>\n","protected":false},"excerpt":{"rendered":"<p>Contacte secretaria<br \/>\nPer a qualsevol dubte sobre la matr\u00edcula pots dirigir-te a:<br \/>\n<a href=\"mailto:cfalloredalapau@xtec.cat\"> cfalloredalapau@xtec.cat<\/a><br \/>\nHORARI<br \/>\nDe dilluns a divendres de 9:00h a 13:00h<br \/>\nDe dilluns a dijous de 15:00h a 17:30h<br \/>\n* juliol amb cita telef\u00f2nica pr\u00e8via.<br \/>\n**agost tancat per vacances.<br \/>\n<a href=\"https:\/\/view.genial.ly\/5ec0f58d8e243b0d5a333f6a\/presentation-portes-obertes-escola-lloreda\">PORTES OBERTES<\/a><br \/>\nMATRICULACI\u00d3<br \/>\nRequisits d&#8217;acc\u00e9s;<br \/>\nAmb car\u00e0cter general poden accedir als ensenyaments de&hellip;  <a href=\"https:\/\/agora.xtec.cat\/cfalloredalapau\/escola\/secretaria\/\" title=\"Read Secretaria\">Llegeix m\u00e9s\u00bb<\/a><\/p>\n","protected":false},"author":1,"featured_media":0,"parent":874,"menu_order":0,"comment_status":"closed","ping_status":"closed","template":"","meta":{"_bbp_topic_count":0,"_bbp_reply_count":0,"_bbp_total_topic_count":0,"_bbp_total_reply_count":0,"_bbp_voice_count":0,"_bbp_anonymous_reply_count":0,"_bbp_topic_count_hidden":0,"_bbp_reply_count_hidden":0,"_bbp_forum_subforum_count":0,"footnotes":""},"class_list":["post-472","page","type-page","status-publish","hentry"],"post_mailing_queue_ids":[],"_links":{"self":[{"href":"https:\/\/agora.xtec.cat\/cfalloredalapau\/wp-json\/wp\/v2\/pages\/472","targetHints":{"allow":["GET"]}}],"collection":[{"href":"https:\/\/agora.xtec.cat\/cfalloredalapau\/wp-json\/wp\/v2\/pages"}],"about":[{"href":"https:\/\/agora.xtec.cat\/cfalloredalapau\/wp-json\/wp\/v2\/types\/page"}],"author":[{"embeddable":true,"href":"https:\/\/agora.xtec.cat\/cfalloredalapau\/wp-json\/wp\/v2\/users\/1"}],"replies":[{"embeddable":true,"href":"https:\/\/agora.xtec.cat\/cfalloredalapau\/wp-json\/wp\/v2\/comments?post=472"}],"version-history":[{"count":4,"href":"https:\/\/agora.xtec.cat\/cfalloredalapau\/wp-json\/wp\/v2\/pages\/472\/revisions"}],"predecessor-version":[{"id":2223,"href":"https:\/\/agora.xtec.cat\/cfalloredalapau\/wp-json\/wp\/v2\/pages\/472\/revisions\/2223"}],"up":[{"embeddable":true,"href":"https:\/\/agora.xtec.cat\/cfalloredalapau\/wp-json\/wp\/v2\/pages\/874"}],"wp:attachment":[{"href":"https:\/\/agora.xtec.cat\/cfalloredalapau\/wp-json\/wp\/v2\/media?parent=472"}],"curies":[{"name":"wp","href":"https:\/\/api.w.org\/{rel}","templated":true}]}}