{"id":39,"date":"2014-09-17T16:36:44","date_gmt":"2014-09-17T16:36:44","guid":{"rendered":"http:\/\/agora.xtec.cat\/afalloreda\/?page_id=39"},"modified":"2020-02-18T06:51:39","modified_gmt":"2020-02-18T05:51:39","slug":"instal%c2%b7lacions","status":"publish","type":"page","link":"https:\/\/agora.xtec.cat\/cfalloredalapau\/escola\/instal%c2%b7lacions\/","title":{"rendered":"Instal\u00b7lacions"},"content":{"rendered":"<p>\r\n\t<div class=\"slideshow_container slideshow_container_style-light\" style=\"height: 300px; \" data-slideshow-id=\"503\" data-style-name=\"style-light\" data-style-version=\"2.3.1\" >\r\n\r\n\t\t\t\t\t<div class=\"slideshow_loading_icon\"><\/div>\r\n\t\t\r\n\t\t<div class=\"slideshow_content\" style=\"display: none;\">\r\n\r\n\t\t\t<div class=\"slideshow_view\">\r\n\t\t\t\t<div class=\"slideshow_slide slideshow_slide_image\">\r\n\t\t\t\t\t\t\t\t\t\t\t<img src=\"https:\/\/agora.xtec.cat\/cfalloredalapau\/wp-content\/uploads\/usu1854\/2019\/07\/S\u00ed-vest\u00edbul.jpg\" alt=\"S\u00ed vest\u00edbul\" width=\"400\" height=\"185\" \/>\r\n\t\t\t\t\t\t\t\t\t\t<div class=\"slideshow_description_box slideshow_transparent\">\r\n\t\t\t\t\t\t<div class=\"slideshow_title\">S\u00ed vest\u00edbul<\/div>\t\t\t\t\t\t\t\t\t\t\t<\/div>\r\n\t\t\t\t<\/div>\r\n\r\n\t\t\t\t\t\t<div style=\"clear: both;\"><\/div><\/div><div class=\"slideshow_view\">\r\n\t\t\t\t<div class=\"slideshow_slide slideshow_slide_image\">\r\n\t\t\t\t\t\t\t\t\t\t\t<img src=\"https:\/\/agora.xtec.cat\/cfalloredalapau\/wp-content\/uploads\/usu1854\/2019\/07\/S\u00ed-porxo.jpg\" alt=\"S\u00ed porxo\" width=\"400\" height=\"185\" \/>\r\n\t\t\t\t\t\t\t\t\t\t<div class=\"slideshow_description_box slideshow_transparent\">\r\n\t\t\t\t\t\t<div class=\"slideshow_title\">S\u00ed porxo<\/div>\t\t\t\t\t\t\t\t\t\t\t<\/div>\r\n\t\t\t\t<\/div>\r\n\r\n\t\t\t\t\t\t<div style=\"clear: both;\"><\/div><\/div><div class=\"slideshow_view\">\r\n\t\t\t\t<div class=\"slideshow_slide slideshow_slide_image\">\r\n\t\t\t\t\t\t\t\t\t\t\t<img src=\"https:\/\/agora.xtec.cat\/cfalloredalapau\/wp-content\/uploads\/usu1854\/2019\/07\/S\u00ed-porta-entrada.jpg\" alt=\"S\u00ed porta entrada\" width=\"400\" height=\"185\" \/>\r\n\t\t\t\t\t\t\t\t\t\t<div class=\"slideshow_description_box slideshow_transparent\">\r\n\t\t\t\t\t\t<div class=\"slideshow_title\">S\u00ed porta entrada<\/div>\t\t\t\t\t\t\t\t\t\t\t<\/div>\r\n\t\t\t\t<\/div>\r\n\r\n\t\t\t\t\t\t<div style=\"clear: both;\"><\/div><\/div><div class=\"slideshow_view\">\r\n\t\t\t\t<div class=\"slideshow_slide slideshow_slide_image\">\r\n\t\t\t\t\t\t\t\t\t\t\t<img src=\"https:\/\/agora.xtec.cat\/cfalloredalapau\/wp-content\/uploads\/usu1854\/2019\/07\/S\u00ed-passad\u00eds.jpg\" alt=\"S\u00ed passad\u00eds\" width=\"400\" height=\"185\" \/>\r\n\t\t\t\t\t\t\t\t\t\t<div class=\"slideshow_description_box slideshow_transparent\">\r\n\t\t\t\t\t\t<div class=\"slideshow_title\">S\u00ed passad\u00eds<\/div>\t\t\t\t\t\t\t\t\t\t\t<\/div>\r\n\t\t\t\t<\/div>\r\n\r\n\t\t\t\t\t\t<div style=\"clear: both;\"><\/div><\/div><div class=\"slideshow_view\">\r\n\t\t\t\t<div class=\"slideshow_slide slideshow_slide_image\">\r\n\t\t\t\t\t\t\t\t\t\t\t<img src=\"https:\/\/agora.xtec.cat\/cfalloredalapau\/wp-content\/uploads\/usu1854\/2019\/07\/S\u00ed-entrada.jpg\" alt=\"S\u00ed entrada\" width=\"400\" height=\"185\" \/>\r\n\t\t\t\t\t\t\t\t\t\t<div class=\"slideshow_description_box slideshow_transparent\">\r\n\t\t\t\t\t\t<div class=\"slideshow_title\">S\u00ed entrada<\/div>\t\t\t\t\t\t\t\t\t\t\t<\/div>\r\n\t\t\t\t<\/div>\r\n\r\n\t\t\t\t\t\t<div style=\"clear: both;\"><\/div><\/div><div class=\"slideshow_view\">\r\n\t\t\t\t<div class=\"slideshow_slide slideshow_slide_image\">\r\n\t\t\t\t\t\t\t\t\t\t\t<img src=\"https:\/\/agora.xtec.cat\/cfalloredalapau\/wp-content\/uploads\/usu1854\/2019\/07\/S\u00ed-biblioteca.jpg\" alt=\"S\u00ed biblioteca\" width=\"400\" height=\"185\" \/>\r\n\t\t\t\t\t\t\t\t\t\t<div class=\"slideshow_description_box slideshow_transparent\">\r\n\t\t\t\t\t\t<div class=\"slideshow_title\">S\u00ed biblioteca<\/div>\t\t\t\t\t\t\t\t\t\t\t<\/div>\r\n\t\t\t\t<\/div>\r\n\r\n\t\t\t\t\t\t<div style=\"clear: both;\"><\/div><\/div><div class=\"slideshow_view\">\r\n\t\t\t\t<div class=\"slideshow_slide slideshow_slide_image\">\r\n\t\t\t\t\t\t\t\t\t\t\t<img src=\"https:\/\/agora.xtec.cat\/cfalloredalapau\/wp-content\/uploads\/usu1854\/2019\/07\/s\u00ed-aula-inform\u00e0tica.jpg\" alt=\"s\u00ed aula inform\u00e0tica\" width=\"400\" height=\"185\" \/>\r\n\t\t\t\t\t\t\t\t\t\t<div class=\"slideshow_description_box slideshow_transparent\">\r\n\t\t\t\t\t\t<div class=\"slideshow_title\">s\u00ed aula inform\u00e0tica<\/div>\t\t\t\t\t\t\t\t\t\t\t<\/div>\r\n\t\t\t\t<\/div>\r\n\r\n\t\t\t\t\t\t<div style=\"clear: both;\"><\/div><\/div><div class=\"slideshow_view\">\r\n\t\t\t\t<div class=\"slideshow_slide slideshow_slide_image\">\r\n\t\t\t\t\t\t\t\t\t\t\t<img src=\"https:\/\/agora.xtec.cat\/cfalloredalapau\/wp-content\/uploads\/usu1854\/2019\/07\/S\u00ed-aula-autoformaci\u00f3.jpg\" alt=\"S\u00ed aula autoformaci\u00f3\" width=\"400\" height=\"185\" \/>\r\n\t\t\t\t\t\t\t\t\t\t<div class=\"slideshow_description_box slideshow_transparent\">\r\n\t\t\t\t\t\t<div class=\"slideshow_title\">S\u00ed aula autoformaci\u00f3<\/div>\t\t\t\t\t\t\t\t\t\t\t<\/div>\r\n\t\t\t\t<\/div>\r\n\r\n\t\t\t\t\t\t<div style=\"clear: both;\"><\/div><\/div><div class=\"slideshow_view\">\r\n\t\t\t\t<div class=\"slideshow_slide slideshow_slide_image\">\r\n\t\t\t\t\t\t\t\t\t\t\t<img src=\"https:\/\/agora.xtec.cat\/cfalloredalapau\/wp-content\/uploads\/usu1854\/2019\/07\/S\u00ed-Aula-1.jpg\" alt=\"Instal.lacions\" width=\"400\" height=\"185\" \/>\r\n\t\t\t\t\t\t\t\t\t\t<div class=\"slideshow_description_box slideshow_transparent\">\r\n\t\t\t\t\t\t<div class=\"slideshow_title\">Instal.lacions<\/div>\t\t\t\t\t\t\t\t\t\t\t<\/div>\r\n\t\t\t\t<\/div>\r\n\r\n\t\t\t\t\t\t<div style=\"clear: both;\"><\/div><\/div>\r\n\t\t<\/div>\r\n\r\n\t\t<div class=\"slideshow_controlPanel slideshow_transparent\" style=\"display: none;\"><ul><li class=\"slideshow_togglePlay\" data-play-text=\"Visualitza\" data-pause-text=\"Pausa\"><\/li><\/ul><\/div>\r\n\r\n\t\t<div class=\"slideshow_button slideshow_previous slideshow_transparent\" role=\"button\" data-previous-text=\"Anterior\" style=\"display: none;\"><\/div>\r\n\t\t<div class=\"slideshow_button slideshow_next slideshow_transparent\" role=\"button\" data-next-text=\"Seg\u00fcent\" style=\"display: none;\"><\/div>\r\n\r\n\t\t<div class=\"slideshow_pagination\" style=\"display: none;\" data-go-to-text=\"V\u00e9s a la diapositiva\"><div class=\"slideshow_pagination_center\"><\/div><\/div>\r\n\r\n\t\t<!-- WordPress Slideshow Version 2.3.1 -->\r\n\r\n\t\t\t<\/div>\r\n\r\n<br \/>\nL&#8217;escola disposa d&#8217;un edifici de dues plantes:<\/p>\n<ul>\n<li>Sala de mestres<\/li>\n<li>Biblioteca<\/li>\n<li>2 sales d&#8217;ordinadors<\/li>\n<li>3 aules<\/li>\n<\/ul>\n<p>Tamb\u00e9 tenim acc\u00e9s a una pista d&#8217;esport f\u00fatbol i b\u00e0squet.<\/p>\n","protected":false},"excerpt":{"rendered":"<p>\t\t\t\t\t\tS\u00ed vest\u00edbul\t\t\t\t\t\t\t\t\t\t\t<\/p>\n<p>\t\t\t\t\t\tS\u00ed porxo\t\t\t\t\t\t\t\t\t\t\t<\/p>\n<p>\t\t\t\t\t\tS\u00ed porta entrada\t\t\t\t\t\t\t\t\t\t\t<\/p>\n<p>\t\t\t\t\t\tS\u00ed passad\u00eds\t\t\t\t\t\t\t\t\t\t\t<\/p>\n<p>\t\t\t\t\t\tS\u00ed entrada\t\t\t\t\t\t\t\t\t\t\t<\/p>\n<p>\t\t\t\t\t\tS\u00ed biblioteca\t\t\t\t\t\t\t\t\t\t\t<\/p>\n<p>\t\t\t\t\t\ts\u00ed aula inform\u00e0tica\t\t\t\t\t\t\t\t\t\t\t<\/p>\n<p>\t\t\t\t\t\tS\u00ed aula autoformaci\u00f3\t\t\t\t\t\t\t\t\t\t\t<\/p>\n<p>\t\t\t\t\t\tInstal.lacions\t\t\t\t\t\t\t\t\t\t\t<\/p>\n<ul>\n<li class=\"slideshow_togglePlay\" data-play-text=\"Visualitza\" data-pause-text=\"Pausa\"><\/li>\n<\/ul>\n<p>L&#8217;escola disposa d&#8217;un edifici de dues plantes:<\/p>\n<ul>\n<li>Sala de mestres<\/li>\n<li>Biblioteca<\/li>\n<li>2 sales d&#8217;ordinadors<\/li>\n<li>3 aules<\/li>\n<\/ul>\n<p>Tamb\u00e9 tenim acc\u00e9s a una pista d&#8217;esport f\u00fatbol i b\u00e0squet.<\/p>\n","protected":false},"author":1,"featured_media":0,"parent":874,"menu_order":30,"comment_status":"closed","ping_status":"closed","template":"page-templates\/side-menu.php","meta":{"_bbp_topic_count":0,"_bbp_reply_count":0,"_bbp_total_topic_count":0,"_bbp_total_reply_count":0,"_bbp_voice_count":0,"_bbp_anonymous_reply_count":0,"_bbp_topic_count_hidden":0,"_bbp_reply_count_hidden":0,"_bbp_forum_subforum_count":0,"footnotes":""},"class_list":["post-39","page","type-page","status-publish","hentry"],"post_mailing_queue_ids":[],"_links":{"self":[{"href":"https:\/\/agora.xtec.cat\/cfalloredalapau\/wp-json\/wp\/v2\/pages\/39","targetHints":{"allow":["GET"]}}],"collection":[{"href":"https:\/\/agora.xtec.cat\/cfalloredalapau\/wp-json\/wp\/v2\/pages"}],"about":[{"href":"https:\/\/agora.xtec.cat\/cfalloredalapau\/wp-json\/wp\/v2\/types\/page"}],"author":[{"embeddable":true,"href":"https:\/\/agora.xtec.cat\/cfalloredalapau\/wp-json\/wp\/v2\/users\/1"}],"replies":[{"embeddable":true,"href":"https:\/\/agora.xtec.cat\/cfalloredalapau\/wp-json\/wp\/v2\/comments?post=39"}],"version-history":[{"count":4,"href":"https:\/\/agora.xtec.cat\/cfalloredalapau\/wp-json\/wp\/v2\/pages\/39\/revisions"}],"predecessor-version":[{"id":517,"href":"https:\/\/agora.xtec.cat\/cfalloredalapau\/wp-json\/wp\/v2\/pages\/39\/revisions\/517"}],"up":[{"embeddable":true,"href":"https:\/\/agora.xtec.cat\/cfalloredalapau\/wp-json\/wp\/v2\/pages\/874"}],"wp:attachment":[{"href":"https:\/\/agora.xtec.cat\/cfalloredalapau\/wp-json\/wp\/v2\/media?parent=39"}],"curies":[{"name":"wp","href":"https:\/\/api.w.org\/{rel}","templated":true}]}}