{"id":320,"date":"2015-01-28T11:35:13","date_gmt":"2015-01-28T10:35:13","guid":{"rendered":"http:\/\/agora.xtec.cat\/afalloreda\/?page_id=320"},"modified":"2019-07-08T12:39:51","modified_gmt":"2019-07-08T10:39:51","slug":"a-cicles-formatius-de-grau-superior","status":"publish","type":"page","link":"https:\/\/agora.xtec.cat\/cfalloredalapau\/ensenyaments\/ensenyaments-per-a-la-preparacio-de-proves-dacces\/a-cicles-formatius-de-grau-superior\/","title":{"rendered":"Curs preparaci\u00f3 Acc\u00e9s Cicles Grau Superior (PPAS)"},"content":{"rendered":"<div>Aspectes Generals del curs de preparaci\u00f3 de la prova d\u2019acc\u00e9s a grau Superior:<\/div>\n<div><\/div>\n<ul>\n<li>Lacertificaci\u00f3 del curs t\u00e9 com a requisit imprescindible l\u2019assist\u00e8ncia a unm\u00ednim del 80% de les classes aix\u00ed com l\u2019aprofitament i l\u2019actitud correcte i decorosa envers els professors i companys.<\/li>\n<li>\u00c9s responsabilitat de l\u2019alumne tant la inscripci\u00f3 a la prova com el proc\u00e9s de entrega de documentaci\u00f3 a la seu avaluadora.<\/li>\n<li>No es permetr\u00e0 l\u2019\u00fas del m\u00f2bil dins de l\u2019aula. L\u2019incompliment d\u2019aquesta premissa ser\u00e0 considerat com una actitud incorrecte i tindr\u00e0 repercussi\u00f3 directa a la qualificaci\u00f3 de l\u2019alumne\/a<\/li>\n<li>L\u2019alumne\/ano sortir\u00e0 ni entrar\u00e0del\u2019aulamentre s\u2019estigui impartint laclasse. Si es produ\u00eds una situaci\u00f3 extraordin\u00e0ria es consultaria amb elprofessor els detalls de la situaci\u00f3.<\/li>\n<li>La falta d\u2019assist\u00e8ncia continuada i no justificada comportar\u00e0 la baixa de l\u2019ensenyament.<\/li>\n<\/ul>\n<h6><\/h6>\n<h6><strong>Quines mat\u00e8ries he de cursar?:<\/strong><\/h6>\n<ul style=\"list-style-type: disc;\">\n<li>El curs d\u2019acc\u00e9s a grau superior es divideix en dos blocs.<\/li>\n<li>Les mat\u00e8ries comunes i les espec\u00edfiques.Les mat\u00e8ries comunes seran Castell\u00e0, Catal\u00e0, Angl\u00e8s i Matem\u00e0tiques.<\/li>\n<li>Tamb\u00e9 es podr\u00e0 optar pel franc\u00e8s com a llengua estrangera, per\u00f2 en aquest cas s\u2019haur\u00e0 de cursar la modalitat telem\u00e0tica a trav\u00e9s del IOC.<\/li>\n<li>Els alumnes que optin per un cicle d\u2019arts pl\u00e0stiques, Disseny o Esportiu podran escollir entre fer matem\u00e0tiques o hist\u00f2ria.<\/li>\n<li>Els alumnes que portin menys de dos anys empadronats a Catalunya podran demanar l\u2019exempci\u00f3 de la Llengua catalana.<\/li>\n<li>Les mat\u00e8ries espec\u00edfiques dependran del cicle al qual vulguin optar i es cursaran a trav\u00e9s del IOC de forma telem\u00e0tica.<\/li>\n<li>Es cursaran dues mat\u00e8ries espec\u00edfiques que dependran de l\u2019opci\u00f3 triada per l\u2019alumne\/a.<\/li>\n<li>Els alumnes que tinguin un cicle formatiu de grau mitj\u00e0 de la mateixa opci\u00f3 que el cicle de grau superior pel qual opten podran demanar l\u2019exempci\u00f3 d\u2019espec\u00edfiques.<\/li>\n<li>Els alumnes que tinguin una experi\u00e8ncia laboral demostrable relacionada amb el cicle al qual opten podran demanar igualment, l\u2019exempci\u00f3 de les espec\u00edfiques. En aquest cas l\u2019exempci\u00f3 ser\u00e0 nom\u00e9s per un cicle concret, no per totes els cicles de la opci\u00f3.<br \/>\n<h6><\/h6>\n<p><strong>Com s&#8217;avalua?<\/strong><\/li>\n<li>El curs es dividir\u00e0 en dos quadrimestres, amb una nota per cada quadrimestre.La nota quadrimestral sortir\u00e0 de fer la mitja entre les notes de mat\u00e8ries comunes i mat\u00e8ries espec\u00edfiques, en el cas que s\u2019estiguin cursant. En cas contrar i la nota ser\u00e0 directament la mitja de les mat\u00e8ries comunes.<\/li>\n<\/ul>\n<p>Qualificacions comunes= Castell\u00e0+Catal\u00e0+Angl\u00e8s+Matem\u00e0tiques \/ 4<\/p>\n<p>Qualificacions espec\u00edfiques= Espec\u00edfica 1 + Espec\u00edfica 2 \/ 2<\/p>\n<p>Qualificaci\u00f3 quadrimestral= Qualif Comunes + Qualif espec\u00edfiques \/ 2<\/p>\n<ul style=\"list-style-type: disc;\">\n<li>La qualificaci\u00f3 final del curs sortir\u00e0 de fer la mitja entre les dues qualificacions quadrimestrals.<\/li>\n<li>Per accedir als cicles formatius de grau superior cal inscriure\u2019s a la prova d\u2019acc\u00e9s al institut triat per l\u2019alumne\/a. Les dates i la normativa ser\u00e0 publicada pel departament al moment oport\u00fa.<\/li>\n<li>L\u2019escola emetr\u00e0 un certificat del curs de preparaci\u00f3 de la prova d\u2019acc\u00e9s amb un valor num\u00e8ric entre el 0 i el 10. Aquesta nota es multiplicar\u00e0 per 0.2 i es sumar\u00e0 a la nota de la prova d\u2019acc\u00e9s, sempre i quan a questa nota sigui superior a 4.<\/li>\n<\/ul>\n<h6><\/h6>\n<h6><strong>Com resoldre els meus dubtes?<\/strong><\/h6>\n<div>Dins de l\u2019horari el tutor del grup t\u00e9 destinada una franja hor\u00e0ria en la que es dedicar\u00e0 a atendre els dubtes que puguin sorgir a l\u2019alumne.<\/div>\n","protected":false},"excerpt":{"rendered":"<p>Aspectes Generals del curs de preparaci\u00f3 de la prova d\u2019acc\u00e9s a grau Superior:<\/p>\n<ul>\n<li>Lacertificaci\u00f3 del curs t\u00e9 com a requisit imprescindible l\u2019assist\u00e8ncia a unm\u00ednim del 80% de les classes aix\u00ed com l\u2019aprofitament i l\u2019actitud correcte i decorosa envers els professors i companys.<\/li>\n<li>\u00c9s responsabilitat de l\u2019alumne tant&hellip;  <a href=\"https:\/\/agora.xtec.cat\/cfalloredalapau\/ensenyaments\/ensenyaments-per-a-la-preparacio-de-proves-dacces\/a-cicles-formatius-de-grau-superior\/\" title=\"Read Curs preparaci\u00f3 Acc\u00e9s Cicles Grau Superior (PPAS)\">Llegeix m\u00e9s\u00bb<\/a><br \/>\n","protected":false},"author":1,"featured_media":0,"parent":288,"menu_order":0,"comment_status":"closed","ping_status":"closed","template":"page-templates\/side-menu.php","meta":{"_bbp_topic_count":0,"_bbp_reply_count":0,"_bbp_total_topic_count":0,"_bbp_total_reply_count":0,"_bbp_voice_count":0,"_bbp_anonymous_reply_count":0,"_bbp_topic_count_hidden":0,"_bbp_reply_count_hidden":0,"_bbp_forum_subforum_count":0,"footnotes":""},"class_list":["post-320","page","type-page","status-publish","hentry"],"post_mailing_queue_ids":[],"_links":{"self":[{"href":"https:\/\/agora.xtec.cat\/cfalloredalapau\/wp-json\/wp\/v2\/pages\/320","targetHints":{"allow":["GET"]}}],"collection":[{"href":"https:\/\/agora.xtec.cat\/cfalloredalapau\/wp-json\/wp\/v2\/pages"}],"about":[{"href":"https:\/\/agora.xtec.cat\/cfalloredalapau\/wp-json\/wp\/v2\/types\/page"}],"author":[{"embeddable":true,"href":"https:\/\/agora.xtec.cat\/cfalloredalapau\/wp-json\/wp\/v2\/users\/1"}],"replies":[{"embeddable":true,"href":"https:\/\/agora.xtec.cat\/cfalloredalapau\/wp-json\/wp\/v2\/comments?post=320"}],"version-history":[{"count":4,"href":"https:\/\/agora.xtec.cat\/cfalloredalapau\/wp-json\/wp\/v2\/pages\/320\/revisions"}],"predecessor-version":[{"id":596,"href":"https:\/\/agora.xtec.cat\/cfalloredalapau\/wp-json\/wp\/v2\/pages\/320\/revisions\/596"}],"up":[{"embeddable":true,"href":"https:\/\/agora.xtec.cat\/cfalloredalapau\/wp-json\/wp\/v2\/pages\/288"}],"wp:attachment":[{"href":"https:\/\/agora.xtec.cat\/cfalloredalapau\/wp-json\/wp\/v2\/media?parent=320"}],"curies":[{"name":"wp","href":"https:\/\/api.w.org\/{rel}","templated":true}]}}