{"id":316,"date":"2015-01-28T11:33:51","date_gmt":"2015-01-28T10:33:51","guid":{"rendered":"http:\/\/agora.xtec.cat\/afalloreda\/?page_id=316"},"modified":"2025-02-07T13:39:04","modified_gmt":"2025-02-07T12:39:04","slug":"competencia-digital-competic","status":"publish","type":"page","link":"https:\/\/agora.xtec.cat\/cfalloredalapau\/ensenyaments\/ensenyaments-inicials-i-formacio-basica\/competencia-digital-competic\/","title":{"rendered":"Compet\u00e8ncia digital COMPETIC"},"content":{"rendered":"<p>La duraci\u00f3 del curs \u00e9s de setembre a juny.<br \/>\nLa promoci\u00f3 de curs i\/o obtenci\u00f3 de certificaci\u00f3 s&#8217;atorga al final de curs.<br \/>\nS&#8217;imparteixen 4 nivells d&#8217;inform\u00e0tica.<\/p>\n<p><strong>Acc\u00e9s<\/strong> Poden accedir a aquests estudis les persones m\u00e9s grans de 18 anys i les que els compleixen durant l\u2019any natural en qu\u00e8 s\u2019inicia la formaci\u00f3.<\/p>\n<p><strong><a href=\"https:\/\/sites.google.com\/a\/xtec.cat\/competic-fpa\/competic-inicial\" target=\"_blank\" rel=\"noopener noreferrer\">COMPETIC INICIAL<\/a>: <\/strong>Curs de 105 hores de duraci\u00f3, en dues sessions setmanals de 1h 30\u2032 cadascuna. Aquest nivell va adre\u00e7at a les persones que volen iniciar-se en el m\u00f3n de la inform\u00e0tica per assolir un domini b\u00e0sic de les tecnologies de la informaci\u00f3 i la comunicaci\u00f3 (TIC).<\/p>\n<p><strong>Continguts:\u00a0<\/strong>COMPETIC INICIAL Recull tres de les sis compet\u00e8ncies del nivell b\u00e0sic de l\u2019acreditaci\u00f3 de compet\u00e8ncies en tecnologies de la informaci\u00f3 i la comunicaci\u00f3 (ACTIC):<\/p>\n<table>\n<tbody>\n<tr>\n<td>C2: Tecnologia digital, \u00fas de l\u2019ordinador i del sistema operatiu.<\/td>\n<\/tr>\n<tr>\n<td>C3: Navegaci\u00f3 i comunicaci\u00f3 en el m\u00f3n digital.<\/td>\n<\/tr>\n<tr>\n<td>C4: Tractament de la informaci\u00f3 escrita.<\/td>\n<\/tr>\n<\/tbody>\n<\/table>\n<p>Els diferents nivells usuari d\u2019inform\u00e0tica (COMPETIC 1, 2 i 3) van adre\u00e7ats a persones que tenen uns coneixements b\u00e0sics del funcionament de l\u2019ordinador, del tractament de textos, de l\u2019\u00fas del correu electr\u00f2nic i de la cerca d\u2019informaci\u00f3 per Internet, el civisme digital, full de c\u00e0lcul i tractament de la imatge i el so.<\/p>\n<p>&nbsp;<\/p>\n<p><strong><a href=\"https:\/\/sites.google.com\/a\/xtec.cat\/competic-fpa\/competic-1\" target=\"_blank\" rel=\"noopener noreferrer\">COMPETIC 1<\/a>:<\/strong> Curs de <strong>105 hores<\/strong> de duraci\u00f3, en <strong>dues sessions<\/strong> setmanals <strong>de 1h 30\u2032<\/strong> cadascuna. El nivell 1 suposa un domini elemental de les tecnologies de la informaci\u00f3 i la comunicaci\u00f3. La superaci\u00f3 del curs \u00e9s equivalent al <strong>nivell certificat ACTIC B\u00e0sic A1 <\/strong>\u2013<a href=\"http:\/\/acticweb.gencat.cat\/ca\/actic_informacio\/actic_competencies_i_nivells\/\" target=\"_blank\" rel=\"noopener noreferrer\">Acreditaci\u00f3 en Tecnologies de la Informaci\u00f3 i la Comunicaci\u00f3<\/a>-.<\/p>\n<p><strong> Continguts<\/strong><\/p>\n<table style=\"height: 47px;\" width=\"499\">\n<tbody>\n<tr style=\"height: 47px;\">\n<td style=\"width: 493px; height: 47px;\">C1: Cultura, participaci\u00f3 i civisme digital.<\/td>\n<\/tr>\n<\/tbody>\n<\/table>\n<table>\n<tbody>\n<tr>\n<td>C5: Tractament de la informaci\u00f3 gr\u00e0fica, sonora i de la imatge en moviment.<\/td>\n<\/tr>\n<tr>\n<td>C6: Tractament de la informaci\u00f3 num\u00e8rica.<\/td>\n<\/tr>\n<\/tbody>\n<\/table>\n<p>&nbsp;<\/p>\n<p><strong><a href=\"https:\/\/sites.google.com\/a\/xtec.cat\/competic-fpa\/competic-2\" target=\"_blank\" rel=\"noopener noreferrer\">COMPETIC 2<\/a><\/strong>: Equivalent a <strong>140 hores de duraci\u00f3 en<\/strong> <strong>dues sessions setmanals de 2h. <\/strong>El nivell 2 suposa un domini efectiu de les tecnologies de la informaci\u00f3 i la comunicaci\u00f3 en relaci\u00f3 amb els seus \u00e0mbits generals d\u2019aplicaci\u00f3. Aquest nivell correspon a una persona usu\u00e0ria que t\u00e9 autonomia i capacitat cr\u00edtica envers l\u2019\u00fas d\u2019aquestes tecnologies. La superaci\u00f3 del curs \u00e9s equivalent al <strong>nivell Mitj\u00e0 d\u2019ACTIC A2<\/strong>.<\/p>\n<p><strong>Continguts<\/strong><\/p>\n<table>\n<tbody>\n<tr>\n<td>C1: Cultura, participaci\u00f3 i civisme digital.<\/td>\n<\/tr>\n<tr>\n<td>C2: Tecnologia digital, \u00fas de l\u2019ordinador i del sistema operatiu.<\/td>\n<\/tr>\n<tr>\n<td>C3: Navegaci\u00f3 i comunicaci\u00f3 en el m\u00f3n digital.<\/td>\n<\/tr>\n<tr>\n<td>C4: Tractament de la informaci\u00f3 escrita.<\/td>\n<\/tr>\n<tr>\n<td>C5: Tractament de la informaci\u00f3 gr\u00e0fica, sonora i de la imatge en moviment.<\/td>\n<\/tr>\n<tr>\n<td>C6: Tractament de la informaci\u00f3 num\u00e8rica.<\/td>\n<\/tr>\n<tr>\n<td>C7: Tractament de les dades.<\/td>\n<\/tr>\n<tr>\n<td>C8: Presentaci\u00f3 de continguts.<\/td>\n<\/tr>\n<\/tbody>\n<\/table>\n<p><strong><a href=\"https:\/\/sites.google.com\/a\/xtec.cat\/competic-fpa\/competic-3\" target=\"_blank\" rel=\"noopener noreferrer\">COMPETIC 3<\/a>: <\/strong>Curs equivalent a <strong>105h<\/strong> de duraci\u00f3 en <strong>dues sessions setmanals de 1h 30\u2032<\/strong> cadascuna. El nivell 3 suposa un domini avan\u00e7at de les tecnologies de la informaci\u00f3 i la comunicaci\u00f3 en relaci\u00f3 amb els seus \u00e0mbits espec\u00edfics d\u2019aplicaci\u00f3. La superaci\u00f3 del curs \u00e9s equivalent al <strong>nivell avan\u00e7at d\u2019ACTIC A3<\/strong>. Cal posseir el reconeixement del nivell de COMPETIC 2 o ACTIC mitj\u00e0 per accedir a la formaci\u00f3 de COMPETIC 3.<\/p>\n<p><strong>Continguts<\/strong><\/p>\n<table style=\"width: 87.1333%; height: 150px;\" width=\"992\">\n<tbody>\n<tr style=\"height: 48px;\">\n<td style=\"width: 10.9911%; height: 48px;\" width=\"108\">1<sup>er<\/sup> Trimestre<\/td>\n<td style=\"width: 30.305%; height: 48px;\" width=\"360\">C6: Tractament de la informaci\u00f3 num\u00e8rica<\/td>\n<td style=\"width: 50.7014%; height: 48px;\" width=\"525\">C4: Tractament de la informaci\u00f3 escrita<\/td>\n<\/tr>\n<tr style=\"height: 61px;\">\n<td style=\"width: 10.9911%; height: 61px;\" width=\"108\">2<sup>on<\/sup> Trimestre<\/td>\n<td style=\"width: 30.305%; height: 61px;\" width=\"360\">C4: Tractament de la informaci\u00f3 escrita<\/td>\n<td style=\"width: 50.7014%; height: 61px;\" width=\"525\">C5: Tractament de la informaci\u00f3 gr\u00e0fica, sonora i de la imatge en moviment<\/td>\n<\/tr>\n<tr style=\"height: 41px;\">\n<td style=\"width: 10.9911%; height: 41px;\" width=\"108\">3<sup>er<\/sup> Trimestre<\/td>\n<td style=\"width: 30.305%; height: 41px;\" width=\"360\">C7: Tractament de les dades<\/td>\n<td style=\"width: 50.7014%; height: 41px;\" width=\"525\">C8: Presentaci\u00f3 de continguts<\/td>\n<\/tr>\n<\/tbody>\n<\/table>\n<p>&nbsp;<\/p>\n","protected":false},"excerpt":{"rendered":"<p>La duraci\u00f3 del curs \u00e9s de setembre a juny.<br \/>\nLa promoci\u00f3 de curs i\/o obtenci\u00f3 de certificaci\u00f3 s&#8217;atorga al final de curs.<br \/>\nS&#8217;imparteixen 4 nivells d&#8217;inform\u00e0tica.<br \/>\nAcc\u00e9s Poden accedir a aquests estudis les persones m\u00e9s grans de 18 anys i les que els compleixen durant l\u2019any natural en&hellip;  <a href=\"https:\/\/agora.xtec.cat\/cfalloredalapau\/ensenyaments\/ensenyaments-inicials-i-formacio-basica\/competencia-digital-competic\/\" title=\"Read Compet\u00e8ncia digital COMPETIC\">Llegeix m\u00e9s\u00bb<\/a><\/p>\n","protected":false},"author":1,"featured_media":0,"parent":283,"menu_order":0,"comment_status":"closed","ping_status":"closed","template":"page-templates\/side-menu.php","meta":{"_bbp_topic_count":0,"_bbp_reply_count":0,"_bbp_total_topic_count":0,"_bbp_total_reply_count":0,"_bbp_voice_count":0,"_bbp_anonymous_reply_count":0,"_bbp_topic_count_hidden":0,"_bbp_reply_count_hidden":0,"_bbp_forum_subforum_count":0,"footnotes":""},"class_list":["post-316","page","type-page","status-publish","hentry"],"post_mailing_queue_ids":[],"_links":{"self":[{"href":"https:\/\/agora.xtec.cat\/cfalloredalapau\/wp-json\/wp\/v2\/pages\/316","targetHints":{"allow":["GET"]}}],"collection":[{"href":"https:\/\/agora.xtec.cat\/cfalloredalapau\/wp-json\/wp\/v2\/pages"}],"about":[{"href":"https:\/\/agora.xtec.cat\/cfalloredalapau\/wp-json\/wp\/v2\/types\/page"}],"author":[{"embeddable":true,"href":"https:\/\/agora.xtec.cat\/cfalloredalapau\/wp-json\/wp\/v2\/users\/1"}],"replies":[{"embeddable":true,"href":"https:\/\/agora.xtec.cat\/cfalloredalapau\/wp-json\/wp\/v2\/comments?post=316"}],"version-history":[{"count":7,"href":"https:\/\/agora.xtec.cat\/cfalloredalapau\/wp-json\/wp\/v2\/pages\/316\/revisions"}],"predecessor-version":[{"id":2620,"href":"https:\/\/agora.xtec.cat\/cfalloredalapau\/wp-json\/wp\/v2\/pages\/316\/revisions\/2620"}],"up":[{"embeddable":true,"href":"https:\/\/agora.xtec.cat\/cfalloredalapau\/wp-json\/wp\/v2\/pages\/283"}],"wp:attachment":[{"href":"https:\/\/agora.xtec.cat\/cfalloredalapau\/wp-json\/wp\/v2\/media?parent=316"}],"curies":[{"name":"wp","href":"https:\/\/api.w.org\/{rel}","templated":true}]}}