{"id":312,"date":"2015-01-28T11:32:38","date_gmt":"2015-01-28T10:32:38","guid":{"rendered":"http:\/\/agora.xtec.cat\/afalloreda\/?page_id=312"},"modified":"2021-02-01T21:34:12","modified_gmt":"2021-02-01T20:34:12","slug":"llengua-anglesa","status":"publish","type":"page","link":"https:\/\/agora.xtec.cat\/cfalloredalapau\/ensenyaments\/ensenyaments-inicials-i-formacio-basica\/llengua-anglesa\/","title":{"rendered":"Llengua anglesa"},"content":{"rendered":"<ul>\n<li><strong>Nivells:<\/strong> l\u2019Escola ofereix els tres nivells d\u2019angl\u00e8s. Aquests estudis tenen com a objectiu que les persones adultes assoleixin un grau de compet\u00e8ncia b\u00e0sic per a comunicar-se en llengua anglesa i s\u2019imparteixen en tres nivells: llengua anglesa nivell 1, 2 i 3, que corresponen als nivells A1, A2.1 i A2.2 del MECR (Marc europeu com\u00fa de refer\u00e8ncia per a les lleng\u00fces). T\u00edtols atorgat i homologats per la Uni\u00f3 Europea<br \/>\nEn els tres nivells es treballen les habilitats de comprensi\u00f3 i expressi\u00f3 orals i escrites que permeten fer front a la major part de situacions ling\u00fc\u00edstiques de la vida quotidiana i comunicar-se de forma b\u00e0sica en un entorn pluriling\u00fce i multicultural. Vegeu el curr\u00edculum d\u2019aquests estudis<\/li>\n<li><strong>Durada:\u00a0<\/strong>\n<ul>\n<li>Nivell 1: 105 h.<\/li>\n<li>Nivell 2: 140 h.<\/li>\n<li>Nivell 3: 140 h.<\/li>\n<li>Els cursos comencen al setembre i finalitzen al juny.<\/li>\n<li>La promoci\u00f3 de curs i\/o obtenci\u00f3 de certificaci\u00f3 s&#8217;otorga al final de curs.<\/li>\n<\/ul>\n<\/li>\n<li><strong>Curr\u00edculum:<\/strong>\u00a0Vegeu el <a href=\"http:\/\/queestudiar.gencat.cat\/web\/.content\/home\/estudis\/adults\/normativa\/resoluciocurriculumsllenguescfa.pdf\">curr\u00edculum<\/a> d\u2019aquests estudis<\/li>\n<li><strong>Avantatges:\u00a0<\/strong>\n<ul>\n<li>Certificat que pot computar com a m\u00e8rit en determinats processos selectius a l\u2019Administraci\u00f3 p\u00fablica.<\/li>\n<li>Certificat que demostra els coneixements de la llengua a l\u2019hora de cercar feina.<\/li>\n<li>Acc\u00e9s directe, sense fer prova de nivell, al 3r curs de les EOI.<\/li>\n<\/ul>\n<\/li>\n<li><strong>Bibliografia:: <\/strong>\n<ul>\n<li><strong>English File A1. Student\u2019s book and workbook with Key Pack (English FileFourth Edition)<\/strong>\u00a0Oxford University Press.\u00a0<strong>ISBN -13:\u00a0<\/strong>978-0194057950<\/li>\n<li><strong>English File A1\/A2. Student\u2019s book and workbook with Key Pack (English File Fourth Edition)<\/strong>\u00a0Oxford University Press.\u00a0<strong>ISBN -13:\u00a0<\/strong>978-0194031424<\/li>\n<li>English 3<\/li>\n<\/ul>\n<\/li>\n<li><strong>BIBLIOGRAFIA RECOMANADA<\/strong>\n<ul>\n<li><strong>Essential Grammar in Use with Answers<\/strong><em>\u00a0(4\u00aa Edici\u00f3n en Espa\u00f1ol)<\/em>\u00a0(con CD-Rom), Raymond Murphy and Fernando Garc\u00eda Clemente. Cambridge University Press. ISBN 978-84-9036103-0<\/li>\n<li><strong>NEW Elementary Language Practice with Key\u00a0<\/strong>(Third edition) (With CD-Rom), Michael Vince.\u00a0Macmillan Publishers. ISBN 978-0-2307-2696-3<\/li>\n<\/ul>\n<\/li>\n<\/ul>\n","protected":false},"excerpt":{"rendered":"<ul>\n<li>Nivells: l\u2019Escola ofereix els tres nivells d\u2019angl\u00e8s. Aquests estudis tenen com a objectiu que les persones adultes assoleixin un grau de compet\u00e8ncia b\u00e0sic per a comunicar-se en llengua anglesa i s\u2019imparteixen en tres nivells: llengua anglesa nivell 1, 2 i 3, que corresponen als nivells&hellip;  <a href=\"https:\/\/agora.xtec.cat\/cfalloredalapau\/ensenyaments\/ensenyaments-inicials-i-formacio-basica\/llengua-anglesa\/\" title=\"Read Llengua anglesa\">Llegeix m\u00e9s\u00bb<\/a><br \/>\n","protected":false},"author":1,"featured_media":0,"parent":283,"menu_order":0,"comment_status":"closed","ping_status":"closed","template":"page-templates\/side-menu.php","meta":{"_bbp_topic_count":0,"_bbp_reply_count":0,"_bbp_total_topic_count":0,"_bbp_total_reply_count":0,"_bbp_voice_count":0,"_bbp_anonymous_reply_count":0,"_bbp_topic_count_hidden":0,"_bbp_reply_count_hidden":0,"_bbp_forum_subforum_count":0,"footnotes":""},"class_list":["post-312","page","type-page","status-publish","hentry"],"post_mailing_queue_ids":[],"_links":{"self":[{"href":"https:\/\/agora.xtec.cat\/cfalloredalapau\/wp-json\/wp\/v2\/pages\/312","targetHints":{"allow":["GET"]}}],"collection":[{"href":"https:\/\/agora.xtec.cat\/cfalloredalapau\/wp-json\/wp\/v2\/pages"}],"about":[{"href":"https:\/\/agora.xtec.cat\/cfalloredalapau\/wp-json\/wp\/v2\/types\/page"}],"author":[{"embeddable":true,"href":"https:\/\/agora.xtec.cat\/cfalloredalapau\/wp-json\/wp\/v2\/users\/1"}],"replies":[{"embeddable":true,"href":"https:\/\/agora.xtec.cat\/cfalloredalapau\/wp-json\/wp\/v2\/comments?post=312"}],"version-history":[{"count":3,"href":"https:\/\/agora.xtec.cat\/cfalloredalapau\/wp-json\/wp\/v2\/pages\/312\/revisions"}],"predecessor-version":[{"id":1356,"href":"https:\/\/agora.xtec.cat\/cfalloredalapau\/wp-json\/wp\/v2\/pages\/312\/revisions\/1356"}],"up":[{"embeddable":true,"href":"https:\/\/agora.xtec.cat\/cfalloredalapau\/wp-json\/wp\/v2\/pages\/283"}],"wp:attachment":[{"href":"https:\/\/agora.xtec.cat\/cfalloredalapau\/wp-json\/wp\/v2\/media?parent=312"}],"curies":[{"name":"wp","href":"https:\/\/api.w.org\/{rel}","templated":true}]}}