{"id":301,"date":"2015-01-28T11:21:46","date_gmt":"2015-01-28T10:21:46","guid":{"rendered":"http:\/\/agora.xtec.cat\/afalloreda\/?page_id=301"},"modified":"2022-06-21T21:18:08","modified_gmt":"2022-06-21T19:18:08","slug":"formacio-instrumental","status":"publish","type":"page","link":"https:\/\/agora.xtec.cat\/cfalloredalapau\/ensenyaments\/ensenyaments-inicials-i-formacio-basica\/formacio-instrumental\/","title":{"rendered":"Formaci\u00f3 instrumental"},"content":{"rendered":"<p>La superaci\u00f3 d\u2019aquests estudis permet l\u2019obtenci\u00f3 del\u00a0<strong>certificat<\/strong> de formaci\u00f3 instrumental.<\/p>\n<ul style=\"list-style-type: disc;\">\n<li><strong>Nivell 1<\/strong> <em>En aquests moments no s&#8217;ofereix.<\/em><\/li>\n<li><strong>Nivell 2<\/strong> <em>En aquests moments no s&#8217;ofereix.<\/em><\/li>\n<li><strong>Nivell 3 <\/strong>S\u00ed s&#8217;ofereix<\/li>\n<li><strong>Nivell 4<\/strong><em>En aquests moments no s&#8217;ofereix.<\/em><\/li>\n<\/ul>\n<p>Cada nivell inclou \u00e0rees de coneixement:<\/p>\n<ul>\n<li style=\"list-style-type: none;\">\n<ul style=\"list-style-type: circle;\">\n<li>Llengua<\/li>\n<li>Matem\u00e0tiques<\/li>\n<li>Medi natural i social<\/li>\n<li>Ofim\u00e0tica<\/li>\n<\/ul>\n<\/li>\n<\/ul>\n<ul style=\"list-style-type: disc;\">\n<li>La durada aproximada d\u2019aquesta formaci\u00f3 \u00e9s de 350 hores. Aix\u00f2 no obstant, segons els coneixements previs, les necessitats formatives, i els ritmes d\u2019aprenentatge de l\u2019alumnat, la durada pot ser m\u00e9s llarga o menys.<\/li>\n<li><strong>HORARI<\/strong>\n<ul>\n<li>de setembre a juny<\/li>\n<li><\/li>\n<\/ul>\n<\/li>\n<li style=\"text-align: left;\">Curr\u00edculum<\/li>\n<\/ul>\n","protected":false},"excerpt":{"rendered":"<p>La superaci\u00f3 d\u2019aquests estudis permet l\u2019obtenci\u00f3 del\u00a0certificat de formaci\u00f3 instrumental.<\/p>\n<ul style=\"list-style-type: disc;\">\n<li>Nivell 1 En aquests moments no s&#8217;ofereix.<\/li>\n<li>Nivell 2 En aquests moments no s&#8217;ofereix.<\/li>\n<li>Nivell 3 S\u00ed s&#8217;ofereix<\/li>\n<li>Nivell 4En aquests moments no s&#8217;ofereix.<\/li>\n<\/ul>\n<p>Cada nivell inclou \u00e0rees de coneixement:<\/p>\n<ul>\n<li style=\"list-style-type: none;\">\n<ul style=\"list-style-type: circle;\">\n<li>Llengua<\/li>\n<li>Matem\u00e0tiques<\/li>\n<li>Medi natural i social<\/li>\n<li>Ofim\u00e0tica<\/li>\n<\/ul>\n<\/li>\n<\/ul>\n<ul style=\"list-style-type:&hellip;  <a href=\"https:\/\/agora.xtec.cat\/cfalloredalapau\/ensenyaments\/ensenyaments-inicials-i-formacio-basica\/formacio-instrumental\/\" title=\"Read Formaci\u00f3 instrumental\">Llegeix m\u00e9s\u00bb<\/a><\/p>\n","protected":false},"author":1,"featured_media":0,"parent":283,"menu_order":0,"comment_status":"closed","ping_status":"closed","template":"page-templates\/side-menu.php","meta":{"_bbp_topic_count":0,"_bbp_reply_count":0,"_bbp_total_topic_count":0,"_bbp_total_reply_count":0,"_bbp_voice_count":0,"_bbp_anonymous_reply_count":0,"_bbp_topic_count_hidden":0,"_bbp_reply_count_hidden":0,"_bbp_forum_subforum_count":0,"footnotes":""},"class_list":["post-301","page","type-page","status-publish","hentry"],"post_mailing_queue_ids":[],"_links":{"self":[{"href":"https:\/\/agora.xtec.cat\/cfalloredalapau\/wp-json\/wp\/v2\/pages\/301","targetHints":{"allow":["GET"]}}],"collection":[{"href":"https:\/\/agora.xtec.cat\/cfalloredalapau\/wp-json\/wp\/v2\/pages"}],"about":[{"href":"https:\/\/agora.xtec.cat\/cfalloredalapau\/wp-json\/wp\/v2\/types\/page"}],"author":[{"embeddable":true,"href":"https:\/\/agora.xtec.cat\/cfalloredalapau\/wp-json\/wp\/v2\/users\/1"}],"replies":[{"embeddable":true,"href":"https:\/\/agora.xtec.cat\/cfalloredalapau\/wp-json\/wp\/v2\/comments?post=301"}],"version-history":[{"count":4,"href":"https:\/\/agora.xtec.cat\/cfalloredalapau\/wp-json\/wp\/v2\/pages\/301\/revisions"}],"predecessor-version":[{"id":1883,"href":"https:\/\/agora.xtec.cat\/cfalloredalapau\/wp-json\/wp\/v2\/pages\/301\/revisions\/1883"}],"up":[{"embeddable":true,"href":"https:\/\/agora.xtec.cat\/cfalloredalapau\/wp-json\/wp\/v2\/pages\/283"}],"wp:attachment":[{"href":"https:\/\/agora.xtec.cat\/cfalloredalapau\/wp-json\/wp\/v2\/media?parent=301"}],"curies":[{"name":"wp","href":"https:\/\/api.w.org\/{rel}","templated":true}]}}