{"id":274,"date":"2015-01-27T17:56:20","date_gmt":"2015-01-27T16:56:20","guid":{"rendered":"http:\/\/agora.xtec.cat\/afalloreda\/?page_id=274"},"modified":"2019-09-24T22:00:19","modified_gmt":"2019-09-24T20:00:19","slug":"ensenyaments","status":"publish","type":"page","link":"https:\/\/agora.xtec.cat\/cfalloredalapau\/ensenyaments\/","title":{"rendered":"Oferta Formativa"},"content":{"rendered":"<h4>Ensenyaments inicials, formaci\u00f3 b\u00e0sica i Competencia per la Societat de la informaci\u00f3:<\/h4>\n<ul>\n<li>Formaci\u00f3 instrumental 3<\/li>\n<li>Llengua catalana Nivell 1, Nivell 2, Nivell 3.<\/li>\n<li>Llengua castellana Nivell 1, Nivell 2, Nivell 3.<\/li>\n<li>Llengua anglesa Nivell 1, Nivell 2, Nivell 3.<\/li>\n<li>Compet\u00e8ncia digital:\n<ul>\n<li>COMPETIC INICIAL<\/li>\n<li>COMPETIC 1 (CERTIFICAT ACTIC INICIAL)<\/li>\n<li>COMPETIC 2 (CERTIFICAT ACTIC B\u00c0SIC)<\/li>\n<\/ul>\n<\/li>\n<\/ul>\n<h4>Ensenyament per a la preparaci\u00f3 de proves d\u2019acc\u00e9s<\/h4>\n<ul>\n<li>Graduat educaci\u00f3 secund\u00e0ria (GES) a dist\u00e0ncia.<\/li>\n<li>Preparaci\u00f3 per la prova d&#8217;acc\u00e9s a grau mitj\u00e0 (PPACFGM)<\/li>\n<li>Preparaci\u00f3 per la prova d&#8217;acc\u00e9s a grau superior (PPACFGS)<\/li>\n<\/ul>\n","protected":false},"excerpt":{"rendered":"<p>Ensenyaments inicials, formaci\u00f3 b\u00e0sica i Competencia per la Societat de la informaci\u00f3:<\/p>\n<ul>\n<li>Formaci\u00f3 instrumental 3<\/li>\n<li>Llengua catalana Nivell 1, Nivell 2, Nivell 3.<\/li>\n<li>Llengua castellana Nivell 1, Nivell 2, Nivell 3.<\/li>\n<li>Llengua anglesa Nivell 1, Nivell 2, Nivell 3.<\/li>\n<li>Compet\u00e8ncia digital:\n<ul>\n<li>COMPETIC INICIAL<\/li>\n<li>COMPETIC 1 (CERTIFICAT ACTIC INICIAL)<\/li>\n<li>COMPETIC 2 (CERTIFICAT ACTIC B\u00c0SIC)<\/li>\n<\/ul>\n<\/li>\n<\/ul>\n<p>Ensenyament&hellip;  <a href=\"https:\/\/agora.xtec.cat\/cfalloredalapau\/ensenyaments\/\" title=\"Read Oferta Formativa\">Llegeix m\u00e9s\u00bb<\/a><\/p>\n","protected":false},"author":1,"featured_media":0,"parent":0,"menu_order":0,"comment_status":"closed","ping_status":"closed","template":"page-templates\/side-menu.php","meta":{"_bbp_topic_count":0,"_bbp_reply_count":0,"_bbp_total_topic_count":0,"_bbp_total_reply_count":0,"_bbp_voice_count":0,"_bbp_anonymous_reply_count":0,"_bbp_topic_count_hidden":0,"_bbp_reply_count_hidden":0,"_bbp_forum_subforum_count":0,"footnotes":""},"class_list":["post-274","page","type-page","status-publish","hentry"],"post_mailing_queue_ids":[],"_links":{"self":[{"href":"https:\/\/agora.xtec.cat\/cfalloredalapau\/wp-json\/wp\/v2\/pages\/274","targetHints":{"allow":["GET"]}}],"collection":[{"href":"https:\/\/agora.xtec.cat\/cfalloredalapau\/wp-json\/wp\/v2\/pages"}],"about":[{"href":"https:\/\/agora.xtec.cat\/cfalloredalapau\/wp-json\/wp\/v2\/types\/page"}],"author":[{"embeddable":true,"href":"https:\/\/agora.xtec.cat\/cfalloredalapau\/wp-json\/wp\/v2\/users\/1"}],"replies":[{"embeddable":true,"href":"https:\/\/agora.xtec.cat\/cfalloredalapau\/wp-json\/wp\/v2\/comments?post=274"}],"version-history":[{"count":3,"href":"https:\/\/agora.xtec.cat\/cfalloredalapau\/wp-json\/wp\/v2\/pages\/274\/revisions"}],"predecessor-version":[{"id":693,"href":"https:\/\/agora.xtec.cat\/cfalloredalapau\/wp-json\/wp\/v2\/pages\/274\/revisions\/693"}],"wp:attachment":[{"href":"https:\/\/agora.xtec.cat\/cfalloredalapau\/wp-json\/wp\/v2\/media?parent=274"}],"curies":[{"name":"wp","href":"https:\/\/api.w.org\/{rel}","templated":true}]}}