{"id":265,"date":"2015-01-27T17:28:56","date_gmt":"2015-01-27T16:28:56","guid":{"rendered":"http:\/\/agora.xtec.cat\/afalloreda\/?page_id=265"},"modified":"2025-10-09T18:49:37","modified_gmt":"2025-10-09T16:49:37","slug":"organitzacio-interna","status":"publish","type":"page","link":"https:\/\/agora.xtec.cat\/cfalloredalapau\/escola\/organitzacio-interna\/","title":{"rendered":"Organitzaci\u00f3 interna"},"content":{"rendered":"<p>En aquesta secci\u00f3, els centres publiquen la informaci\u00f3 relativa a la seva organitzaci\u00f3 interna. Es recomana que els centres educatius dissenyin el nivell d\u2019exhaustivitat de la informaci\u00f3 publicada. Ser\u00e0 convenient que en el seu plantejament singular, els centres vertebrin el contingut tenint en compte els seg\u00fcents aspectes:<\/p>\n<ul>\n<li>Equip directiu:\n<ul>\n<li>Director &#8211; Rafael Santos Blanco<\/li>\n<li>Cap d&#8217;Estudis &#8211; Manela Ara\u00fajo Salgado<\/li>\n<li>Secret\u00e0ria &#8211; Marisol Garcia Oneca<\/li>\n<\/ul>\n<\/li>\n<li>Coordinacions:\n<ul>\n<li>FBI (Formacions B\u00e0siques Instrumental): Eva Ges Torell\u00f3<\/li>\n<li>EIB (Ensenyaments Inicials i B\u00e0sics): Isabel Serrano M\u00e1rquez<\/li>\n<li>CSI (Compet\u00e8ncies de la Societat de la Informaci\u00f3) Josep Ribas Baltrons<\/li>\n<li>PPAS (Preparaci\u00f3 Proves d&#8217;Acc\u00e9s)\u00a0 Marta P\u00e9rez Piera.<\/li>\n<li>Riscos Laborals. Rafael Santos Blanco<\/li>\n<\/ul>\n<\/li>\n<li>PAS:\n<ul>\n<li>Administrativa: Sara Costa Santos<\/li>\n<\/ul>\n<\/li>\n<\/ul>\n","protected":false},"excerpt":{"rendered":"<p>En aquesta secci\u00f3, els centres publiquen la informaci\u00f3 relativa a la seva organitzaci\u00f3 interna. Es recomana que els centres educatius dissenyin el nivell d\u2019exhaustivitat de la informaci\u00f3 publicada. Ser\u00e0 convenient que en el seu plantejament singular, els centres vertebrin el contingut tenint en compte els&hellip;  <a href=\"https:\/\/agora.xtec.cat\/cfalloredalapau\/escola\/organitzacio-interna\/\" title=\"Read Organitzaci\u00f3 interna\">Llegeix m\u00e9s\u00bb<\/a><\/p>\n","protected":false},"author":1,"featured_media":0,"parent":874,"menu_order":40,"comment_status":"closed","ping_status":"closed","template":"page-templates\/side-menu.php","meta":{"_bbp_topic_count":0,"_bbp_reply_count":0,"_bbp_total_topic_count":0,"_bbp_total_reply_count":0,"_bbp_voice_count":0,"_bbp_anonymous_reply_count":0,"_bbp_topic_count_hidden":0,"_bbp_reply_count_hidden":0,"_bbp_forum_subforum_count":0,"footnotes":""},"class_list":["post-265","page","type-page","status-publish","hentry"],"post_mailing_queue_ids":[],"_links":{"self":[{"href":"https:\/\/agora.xtec.cat\/cfalloredalapau\/wp-json\/wp\/v2\/pages\/265","targetHints":{"allow":["GET"]}}],"collection":[{"href":"https:\/\/agora.xtec.cat\/cfalloredalapau\/wp-json\/wp\/v2\/pages"}],"about":[{"href":"https:\/\/agora.xtec.cat\/cfalloredalapau\/wp-json\/wp\/v2\/types\/page"}],"author":[{"embeddable":true,"href":"https:\/\/agora.xtec.cat\/cfalloredalapau\/wp-json\/wp\/v2\/users\/1"}],"replies":[{"embeddable":true,"href":"https:\/\/agora.xtec.cat\/cfalloredalapau\/wp-json\/wp\/v2\/comments?post=265"}],"version-history":[{"count":7,"href":"https:\/\/agora.xtec.cat\/cfalloredalapau\/wp-json\/wp\/v2\/pages\/265\/revisions"}],"predecessor-version":[{"id":2775,"href":"https:\/\/agora.xtec.cat\/cfalloredalapau\/wp-json\/wp\/v2\/pages\/265\/revisions\/2775"}],"up":[{"embeddable":true,"href":"https:\/\/agora.xtec.cat\/cfalloredalapau\/wp-json\/wp\/v2\/pages\/874"}],"wp:attachment":[{"href":"https:\/\/agora.xtec.cat\/cfalloredalapau\/wp-json\/wp\/v2\/media?parent=265"}],"curies":[{"name":"wp","href":"https:\/\/api.w.org\/{rel}","templated":true}]}}