{"id":2084,"date":"2023-03-04T18:42:14","date_gmt":"2023-03-04T17:42:14","guid":{"rendered":"https:\/\/agora.xtec.cat\/cfalloredalapau\/?page_id=2084"},"modified":"2023-03-04T19:08:49","modified_gmt":"2023-03-04T18:08:49","slug":"objectius","status":"publish","type":"page","link":"https:\/\/agora.xtec.cat\/cfalloredalapau\/estrategia-digital-de-centre-2\/estrategia-digital\/objectius\/","title":{"rendered":"Objectius"},"content":{"rendered":"<p><strong>Objectius<\/strong><\/p>\n<p style=\"text-align: justify;\">Un cop realitzada la diagnosi de l\u2019estat del centre, cal afegir dos aspectes m\u00e9s per poder determinar els objectius de la nostra EDC. El primer aspecte s\u00f3n els\u00a0 objectius del Projecte Educatiu de Centre. Cal veure de quina manera les fortaleses i les debilitats detectades en la diagnosi poden contribuir en la consecuci\u00f3 d\u2019aquests objectius del PEC.<br \/>\nEl segon aspecte que cal afegir \u00e9s la visi\u00f3 del centre en l\u2019\u00e0mbit digital. Com ens imaginem el centre d\u2019aqu\u00ed a uns anys en l\u2019\u00e0mbit digital? Moltes vegades aquesta visi\u00f3 ja es contempla en el PEC. Si \u00e9s aix\u00ed, no cal definir-la de nou, per\u00f2 s\u00ed incloure-la en l\u2019EDC per garantir la coher\u00e8ncia entre els dos documents.<\/p>\n<p><a href=\"https:\/\/agora.xtec.cat\/cfalloredalapau\/wp-content\/uploads\/usu1854\/2023\/03\/Captura-2.png\"><img loading=\"lazy\" decoding=\"async\" class=\"wp-image-2101 aligncenter\" src=\"https:\/\/agora.xtec.cat\/cfalloredalapau\/wp-content\/uploads\/usu1854\/2023\/03\/Captura-2.png\" alt=\"\" width=\"593\" height=\"223\" srcset=\"https:\/\/agora.xtec.cat\/cfalloredalapau\/wp-content\/uploads\/usu1854\/2023\/03\/Captura-2.png 883w, https:\/\/agora.xtec.cat\/cfalloredalapau\/wp-content\/uploads\/usu1854\/2023\/03\/Captura-2-300x113.png 300w, https:\/\/agora.xtec.cat\/cfalloredalapau\/wp-content\/uploads\/usu1854\/2023\/03\/Captura-2-768x289.png 768w\" sizes=\"auto, (max-width: 593px) 100vw, 593px\" \/><\/a><\/p>\n<table style=\"width: 100%; border-collapse: collapse; border-style: solid; border-color: #f20c0c; background-color: #f09e9e;\">\n<tbody>\n<tr>\n<td style=\"width: 100%;\"><span style=\"color: #ffffff;\"><strong>OBJECTIUS DEL CENTRE<\/strong><\/span><\/td>\n<\/tr>\n<\/tbody>\n<\/table>\n<p><a href=\"https:\/\/agora.xtec.cat\/cfalloredalapau\/wp-content\/uploads\/usu1854\/2023\/03\/Captura-3.png\"><img loading=\"lazy\" decoding=\"async\" class=\"alignright size-full wp-image-2103\" src=\"https:\/\/agora.xtec.cat\/cfalloredalapau\/wp-content\/uploads\/usu1854\/2023\/03\/Captura-3.png\" alt=\"\" width=\"1326\" height=\"354\" srcset=\"https:\/\/agora.xtec.cat\/cfalloredalapau\/wp-content\/uploads\/usu1854\/2023\/03\/Captura-3.png 1326w, https:\/\/agora.xtec.cat\/cfalloredalapau\/wp-content\/uploads\/usu1854\/2023\/03\/Captura-3-300x80.png 300w, https:\/\/agora.xtec.cat\/cfalloredalapau\/wp-content\/uploads\/usu1854\/2023\/03\/Captura-3-1024x273.png 1024w, https:\/\/agora.xtec.cat\/cfalloredalapau\/wp-content\/uploads\/usu1854\/2023\/03\/Captura-3-768x205.png 768w\" sizes=\"auto, (max-width: 1326px) 100vw, 1326px\" \/><\/a><\/p>\n<p>&nbsp;<\/p>\n<p>&nbsp;<\/p>\n<p>&nbsp;<\/p>\n<p>&nbsp;<\/p>\n<p>&nbsp;<\/p>\n<p>&nbsp;<\/p>\n<p>&nbsp;<\/p>\n","protected":false},"excerpt":{"rendered":"<p>Objectius<br \/>\nUn cop realitzada la diagnosi de l\u2019estat del centre, cal afegir dos aspectes m\u00e9s per poder determinar els objectius de la nostra EDC. El primer aspecte s\u00f3n els\u00a0 objectius del Projecte Educatiu de Centre. Cal veure de quina manera les fortaleses i les debilitats detectades&hellip;  <a href=\"https:\/\/agora.xtec.cat\/cfalloredalapau\/estrategia-digital-de-centre-2\/estrategia-digital\/objectius\/\" title=\"Read Objectius\">Llegeix m\u00e9s\u00bb<\/a><\/p>\n","protected":false},"author":1,"featured_media":0,"parent":2074,"menu_order":0,"comment_status":"closed","ping_status":"closed","template":"page-templates\/side-menu.php","meta":{"_bbp_topic_count":0,"_bbp_reply_count":0,"_bbp_total_topic_count":0,"_bbp_total_reply_count":0,"_bbp_voice_count":0,"_bbp_anonymous_reply_count":0,"_bbp_topic_count_hidden":0,"_bbp_reply_count_hidden":0,"_bbp_forum_subforum_count":0,"footnotes":""},"class_list":["post-2084","page","type-page","status-publish","hentry"],"post_mailing_queue_ids":[],"_links":{"self":[{"href":"https:\/\/agora.xtec.cat\/cfalloredalapau\/wp-json\/wp\/v2\/pages\/2084","targetHints":{"allow":["GET"]}}],"collection":[{"href":"https:\/\/agora.xtec.cat\/cfalloredalapau\/wp-json\/wp\/v2\/pages"}],"about":[{"href":"https:\/\/agora.xtec.cat\/cfalloredalapau\/wp-json\/wp\/v2\/types\/page"}],"author":[{"embeddable":true,"href":"https:\/\/agora.xtec.cat\/cfalloredalapau\/wp-json\/wp\/v2\/users\/1"}],"replies":[{"embeddable":true,"href":"https:\/\/agora.xtec.cat\/cfalloredalapau\/wp-json\/wp\/v2\/comments?post=2084"}],"version-history":[{"count":3,"href":"https:\/\/agora.xtec.cat\/cfalloredalapau\/wp-json\/wp\/v2\/pages\/2084\/revisions"}],"predecessor-version":[{"id":2104,"href":"https:\/\/agora.xtec.cat\/cfalloredalapau\/wp-json\/wp\/v2\/pages\/2084\/revisions\/2104"}],"up":[{"embeddable":true,"href":"https:\/\/agora.xtec.cat\/cfalloredalapau\/wp-json\/wp\/v2\/pages\/2074"}],"wp:attachment":[{"href":"https:\/\/agora.xtec.cat\/cfalloredalapau\/wp-json\/wp\/v2\/media?parent=2084"}],"curies":[{"name":"wp","href":"https:\/\/api.w.org\/{rel}","templated":true}]}}