{"id":2069,"date":"2023-03-04T17:46:22","date_gmt":"2023-03-04T16:46:22","guid":{"rendered":"https:\/\/agora.xtec.cat\/cfalloredalapau\/?page_id=2069"},"modified":"2023-03-04T20:21:21","modified_gmt":"2023-03-04T19:21:21","slug":"estrategia-digital-de-centre-2","status":"publish","type":"page","link":"https:\/\/agora.xtec.cat\/cfalloredalapau\/estrategia-digital-de-centre-2\/","title":{"rendered":"Estrat\u00e8gia Digital de Centre"},"content":{"rendered":"<p><a href=\"https:\/\/agora.xtec.cat\/cfalloredalapau\/wp-content\/uploads\/usu1854\/2023\/03\/Captura-11.png\"><img loading=\"lazy\" decoding=\"async\" class=\"alignright size-full wp-image-2125\" src=\"https:\/\/agora.xtec.cat\/cfalloredalapau\/wp-content\/uploads\/usu1854\/2023\/03\/Captura-11.png\" alt=\"\" width=\"237\" height=\"133\" \/><\/a>L&#8217;Estrat\u00e8gia Digital de Centre\u00a0 (EDC) \u00e9s el conjunt d&#8217;accions i documents referents a l&#8217;\u00e0mbit digital d&#8217;un centre educatiu i que serveixen per avan\u00e7ar en la millora i documentar tot el que fa refer\u00e8ncia en aquest \u00e0mbit i que es treballa en el centre.<\/p>\n<p>L&#8217;EDC s&#8217;estructura en dues linies: la part estrat\u00e8gica i la part de cultura digital cada una d&#8217;aquestes dues l\u00ednies la podem dividir en les parts que veiem a continuaci\u00f3:<\/p>\n<table class=\" aligncenter\" style=\"height: 160px; width: 37.11%; border-collapse: collapse;\">\n<tbody>\n<tr style=\"height: 32px;\">\n<td style=\"width: 18.2813%; background-color: #ed1111; height: 32px; text-align: center;\"><span style=\"color: #ffffff;\">Estrat\u00e8gia Digital<\/span><\/td>\n<td style=\"width: 17.3344%; height: 32px; background-color: #ed1111; text-align: center;\"><span style=\"color: #ffffff;\">Cultura Digital<\/span><\/td>\n<\/tr>\n<tr style=\"height: 32px;\">\n<td style=\"width: 18.2813%; height: 32px; text-align: center;\"><a href=\"https:\/\/agora.xtec.cat\/cfalloredalapau\/estrategia-digital-de-centre-2\/estrategia-digital\/diagnosi\/\">Diagnosi<\/a><\/td>\n<td style=\"width: 17.3344%; height: 32px; text-align: center;\">Centre<\/td>\n<\/tr>\n<tr style=\"height: 32px;\">\n<td style=\"width: 18.2813%; height: 32px; text-align: center;\"><a href=\"https:\/\/agora.xtec.cat\/cfalloredalapau\/estrategia-digital-de-centre-2\/estrategia-digital\/objectius\/\">Objectius<\/a><\/td>\n<td style=\"width: 17.3344%; height: 32px; text-align: center;\">Alumnat<\/td>\n<\/tr>\n<tr style=\"height: 32px;\">\n<td style=\"width: 18.2813%; height: 32px; text-align: center;\"><a href=\"https:\/\/agora.xtec.cat\/cfalloredalapau\/estrategia-digital-de-centre-2\/estrategia-digital\/actuacions\/\">Planificaci\u00f3<\/a><\/td>\n<td style=\"width: 17.3344%; height: 32px; text-align: center;\">Professorat<\/td>\n<\/tr>\n<tr style=\"height: 32px;\">\n<td style=\"width: 18.2813%; height: 32px; text-align: center;\"><a href=\"https:\/\/agora.xtec.cat\/cfalloredalapau\/estrategia-digital-de-centre-2\/estrategia-digital\/avaluacio\/\">Avaluaci\u00f3<\/a><\/td>\n<td style=\"width: 17.3344%; height: 32px; text-align: center;\">Fam\u00edlies<\/td>\n<\/tr>\n<\/tbody>\n<\/table>\n","protected":false},"excerpt":{"rendered":"<p><a href=\"https:\/\/agora.xtec.cat\/cfalloredalapau\/wp-content\/uploads\/usu1854\/2023\/03\/Captura-11.png\"><\/a>L&#8217;Estrat\u00e8gia Digital de Centre\u00a0 (EDC) \u00e9s el conjunt d&#8217;accions i documents referents a l&#8217;\u00e0mbit digital d&#8217;un centre educatiu i que serveixen per avan\u00e7ar en la millora i documentar tot el que fa refer\u00e8ncia en aquest \u00e0mbit i que es treballa en el centre.<br \/>\nL&#8217;EDC s&#8217;estructura&hellip;  <a href=\"https:\/\/agora.xtec.cat\/cfalloredalapau\/estrategia-digital-de-centre-2\/\" title=\"Read Estrat\u00e8gia Digital de Centre\">Llegeix m\u00e9s\u00bb<\/a><\/p>\n","protected":false},"author":1,"featured_media":0,"parent":0,"menu_order":0,"comment_status":"closed","ping_status":"closed","template":"page-templates\/side-menu.php","meta":{"_bbp_topic_count":0,"_bbp_reply_count":0,"_bbp_total_topic_count":0,"_bbp_total_reply_count":0,"_bbp_voice_count":0,"_bbp_anonymous_reply_count":0,"_bbp_topic_count_hidden":0,"_bbp_reply_count_hidden":0,"_bbp_forum_subforum_count":0,"footnotes":""},"class_list":["post-2069","page","type-page","status-publish","hentry"],"post_mailing_queue_ids":[],"_links":{"self":[{"href":"https:\/\/agora.xtec.cat\/cfalloredalapau\/wp-json\/wp\/v2\/pages\/2069","targetHints":{"allow":["GET"]}}],"collection":[{"href":"https:\/\/agora.xtec.cat\/cfalloredalapau\/wp-json\/wp\/v2\/pages"}],"about":[{"href":"https:\/\/agora.xtec.cat\/cfalloredalapau\/wp-json\/wp\/v2\/types\/page"}],"author":[{"embeddable":true,"href":"https:\/\/agora.xtec.cat\/cfalloredalapau\/wp-json\/wp\/v2\/users\/1"}],"replies":[{"embeddable":true,"href":"https:\/\/agora.xtec.cat\/cfalloredalapau\/wp-json\/wp\/v2\/comments?post=2069"}],"version-history":[{"count":3,"href":"https:\/\/agora.xtec.cat\/cfalloredalapau\/wp-json\/wp\/v2\/pages\/2069\/revisions"}],"predecessor-version":[{"id":2126,"href":"https:\/\/agora.xtec.cat\/cfalloredalapau\/wp-json\/wp\/v2\/pages\/2069\/revisions\/2126"}],"wp:attachment":[{"href":"https:\/\/agora.xtec.cat\/cfalloredalapau\/wp-json\/wp\/v2\/media?parent=2069"}],"curies":[{"name":"wp","href":"https:\/\/api.w.org\/{rel}","templated":true}]}}