{"id":1648,"date":"2021-11-10T10:28:58","date_gmt":"2021-11-10T09:28:58","guid":{"rendered":"https:\/\/agora.xtec.cat\/cfalloredalapau\/?page_id=1648"},"modified":"2021-11-11T13:23:15","modified_gmt":"2021-11-11T12:23:15","slug":"escola-sostenible","status":"publish","type":"page","link":"https:\/\/agora.xtec.cat\/cfalloredalapau\/concursos\/escola-sostenible\/","title":{"rendered":"Escola Sostenible"},"content":{"rendered":"<p><img loading=\"lazy\" decoding=\"async\" class=\"size-full wp-image-1653 aligncenter\" src=\"https:\/\/agora.xtec.cat\/cfalloredalapau\/wp-content\/uploads\/usu1854\/2021\/11\/retallat.png\" alt=\"\" width=\"115\" height=\"112\" \/>Des del CFA Lloreda tenim el comprom\u00eds de treballar per a qu\u00e8 la sostenibilitat formi part dels principis b\u00e0sics del nostre Projecte de Centre .<\/p>\n<p><strong style=\"font-family: inherit; font-size: 1em;\">PRINCIPALS OBJECTIUS i ACTUACIONS:<\/strong><\/p>\n<p>\u2013 Tenir cura dels espais verds.<\/p>\n<p>\u2013 Celebrar la setmana del Medi Ambient.<\/p>\n<p>\u2013 Realitzar la recollida selectiva de paper i pl\u00e0stics, procurant disminuir el m\u00e0xim els residus.<\/p>\n<p>\u2013 Fer difusi\u00f3 d\u2019activitats relacionades amb el medi ambient.<\/p>\n<p>\u2013 Promoure campanyes de sensibilitzaci\u00f3: estalvi de llum, calefacci\u00f3, aigua, bosses de pl\u00e0stic.<\/p>\n<p>\u2013 Fomentar el consum responsable.<\/p>\n<p>\u2013 Desenvolupar uns bons h\u00e0bits i actituds ecol\u00f2gics i socioambientals.<\/p>\n","protected":false},"excerpt":{"rendered":"<p>Des del CFA Lloreda tenim el comprom\u00eds de treballar per a qu\u00e8 la sostenibilitat formi part dels principis b\u00e0sics del nostre Projecte de Centre .<br \/>\nPRINCIPALS OBJECTIUS i ACTUACIONS:<br \/>\n\u2013 Tenir cura dels espais verds.<br \/>\n\u2013 Celebrar la setmana del Medi Ambient.<br \/>\n\u2013 Realitzar la recollida selectiva de paper&hellip;  <a href=\"https:\/\/agora.xtec.cat\/cfalloredalapau\/concursos\/escola-sostenible\/\" title=\"Read Escola Sostenible\">Llegeix m\u00e9s\u00bb<\/a><\/p>\n","protected":false},"author":1,"featured_media":0,"parent":822,"menu_order":0,"comment_status":"closed","ping_status":"closed","template":"","meta":{"_bbp_topic_count":0,"_bbp_reply_count":0,"_bbp_total_topic_count":0,"_bbp_total_reply_count":0,"_bbp_voice_count":0,"_bbp_anonymous_reply_count":0,"_bbp_topic_count_hidden":0,"_bbp_reply_count_hidden":0,"_bbp_forum_subforum_count":0,"footnotes":""},"class_list":["post-1648","page","type-page","status-publish","hentry"],"post_mailing_queue_ids":[],"_links":{"self":[{"href":"https:\/\/agora.xtec.cat\/cfalloredalapau\/wp-json\/wp\/v2\/pages\/1648","targetHints":{"allow":["GET"]}}],"collection":[{"href":"https:\/\/agora.xtec.cat\/cfalloredalapau\/wp-json\/wp\/v2\/pages"}],"about":[{"href":"https:\/\/agora.xtec.cat\/cfalloredalapau\/wp-json\/wp\/v2\/types\/page"}],"author":[{"embeddable":true,"href":"https:\/\/agora.xtec.cat\/cfalloredalapau\/wp-json\/wp\/v2\/users\/1"}],"replies":[{"embeddable":true,"href":"https:\/\/agora.xtec.cat\/cfalloredalapau\/wp-json\/wp\/v2\/comments?post=1648"}],"version-history":[{"count":3,"href":"https:\/\/agora.xtec.cat\/cfalloredalapau\/wp-json\/wp\/v2\/pages\/1648\/revisions"}],"predecessor-version":[{"id":1656,"href":"https:\/\/agora.xtec.cat\/cfalloredalapau\/wp-json\/wp\/v2\/pages\/1648\/revisions\/1656"}],"up":[{"embeddable":true,"href":"https:\/\/agora.xtec.cat\/cfalloredalapau\/wp-json\/wp\/v2\/pages\/822"}],"wp:attachment":[{"href":"https:\/\/agora.xtec.cat\/cfalloredalapau\/wp-json\/wp\/v2\/media?parent=1648"}],"curies":[{"name":"wp","href":"https:\/\/api.w.org\/{rel}","templated":true}]}}