{"id":1624,"date":"2021-10-12T11:10:12","date_gmt":"2021-10-12T09:10:12","guid":{"rendered":"https:\/\/agora.xtec.cat\/cfalloredalapau\/?page_id=1624"},"modified":"2023-07-07T10:09:29","modified_gmt":"2023-07-07T08:09:29","slug":"lart-de-parlar","status":"publish","type":"page","link":"https:\/\/agora.xtec.cat\/cfalloredalapau\/concursos\/lart-de-parlar\/","title":{"rendered":"L&#8217;Art de Parlar"},"content":{"rendered":"<p>El programa d\u2019innovaci\u00f3 pedag\u00f2gica \u201c<a href=\"http:\/\/xtec.gencat.cat\/ca\/innovacio\/programes_innovacio\/centres-de-formacio-adults\/lart-de-parlar\/\" target=\"_blank\" rel=\"noopener noreferrer\"><strong>L\u2019Art de Parlar:<\/strong><\/a>\u00a0<strong>aprenem llengua a trav\u00e9s de l\u2019art i les estrat\u00e8gies de pensament visual (VT<a href=\"https:\/\/agora.xtec.cat\/cfalloredalapau\/wp-content\/uploads\/usu1854\/2021\/10\/Logo_ArtdeParlar-1-300x232-1.jpg\"><img loading=\"lazy\" decoding=\"async\" class=\"wp-image-1625 alignleft\" src=\"https:\/\/agora.xtec.cat\/cfalloredalapau\/wp-content\/uploads\/usu1854\/2021\/10\/Logo_ArtdeParlar-1-300x232-1.jpg\" alt=\"\" width=\"105\" height=\"81\" \/><\/a>S)<\/strong>\u201d es genera a partir de la necessitat dels Centres de Formaci\u00f3 d\u2019Adults de trobar un espai i una metodologia per impulsar la pr\u00e0ctica oral dels alumnes dels programes de lleng\u00fces que s\u2019ofereixen en aquests centres. Aquest objectiu educatiu s\u2019alinea amb la missi\u00f3 del Museu Nacional d\u2019Art de Catalunya d\u2019arribar a d\u2019altres col\u00b7lectius m\u00e9s enll\u00e0 del p\u00fablic escolar i coincideix amb l\u2019experimentaci\u00f3 de la metodologia VTS a d\u2019altres p\u00fablics. L\u2019objectiu principal del projecte \u00e9s co-crear un programa sostenible d\u2019aprenentatge de la llengua utilitzant les col\u00b7leccions del museu i la metodologia de les VTS.<\/p>\n<p>El programa<strong>\u00a0<\/strong><a href=\"http:\/\/xtec.gencat.cat\/ca\/innovacio\/programes_innovacio\/centres-de-formacio-adults\/lart-de-parlar\/\" target=\"_blank\" rel=\"noopener noreferrer\"><strong>L\u2019Art de Parlar<\/strong><\/a> pret\u00e9n refor\u00e7ar la compet\u00e8ncia oral dels alumnes dels ensenyaments de llengua a l\u2019educaci\u00f3 d\u2019adults en el marc de la compet\u00e8ncia global implementant les estrat\u00e8gies de pensament visual aplicades a les obres d\u2019art amb un enfocament competencial que faciliti a l\u2019alumne entendre el m\u00f3n i apreciar l\u2019\u00e8tica i l\u2019est\u00e8tica en la representaci\u00f3 significativa i aprofundir en la construcci\u00f3 de la societat des de la col\u00b7laboraci\u00f3 dels agents educatius en l\u2019\u00e0mbit formal i no formal.<\/p>\n<div>\u200bEl Programa l\u2019Art de parlar s\u2019emmarca en els tres\u00a0\u00e0mbits definits per la Comissi\u00f3 d\u2019Innovaci\u00f3 del Departament d\u2019Educaci\u00f3:<\/div>\n<div><\/div>\n<ul>\n<li>\n<ul>\n<li><em>\u00c0mbit 1:<\/em>\u00a0metodologies i recursos per a la millora de l\u2019ensenyament i aprenentatge<\/li>\n<li><em>\u00c0mbit 2:<\/em>\u00a0organitzaci\u00f3 i gesti\u00f3 educativa<\/li>\n<li><em>\u00c0mbit 3:<\/em>\u00a0relaci\u00f3 i cooperaci\u00f3 amb la comunitat educativa i l\u2019entorn<\/li>\n<\/ul>\n<\/li>\n<\/ul>\n","protected":false},"excerpt":{"rendered":"<p>El programa d\u2019innovaci\u00f3 pedag\u00f2gica \u201c<a href=\"http:\/\/xtec.gencat.cat\/ca\/innovacio\/programes_innovacio\/centres-de-formacio-adults\/lart-de-parlar\/\" target=\"_blank\" rel=\"noopener noreferrer\">L\u2019Art de Parlar:<\/a>\u00a0aprenem llengua a trav\u00e9s de l\u2019art i les estrat\u00e8gies de pensament visual (VT<a href=\"https:\/\/agora.xtec.cat\/cfalloredalapau\/wp-content\/uploads\/usu1854\/2021\/10\/Logo_ArtdeParlar-1-300x232-1.jpg\"><\/a>S)\u201d es genera a partir de la necessitat dels Centres de Formaci\u00f3 d\u2019Adults de trobar un espai i una metodologia per impulsar&hellip;  <a href=\"https:\/\/agora.xtec.cat\/cfalloredalapau\/concursos\/lart-de-parlar\/\" title=\"Read L&#8217;Art de Parlar\">Llegeix m\u00e9s\u00bb<\/a><\/p>\n","protected":false},"author":1,"featured_media":0,"parent":822,"menu_order":0,"comment_status":"closed","ping_status":"closed","template":"","meta":{"_bbp_topic_count":0,"_bbp_reply_count":0,"_bbp_total_topic_count":0,"_bbp_total_reply_count":0,"_bbp_voice_count":0,"_bbp_anonymous_reply_count":0,"_bbp_topic_count_hidden":0,"_bbp_reply_count_hidden":0,"_bbp_forum_subforum_count":0,"footnotes":""},"class_list":["post-1624","page","type-page","status-publish","hentry"],"post_mailing_queue_ids":[],"_links":{"self":[{"href":"https:\/\/agora.xtec.cat\/cfalloredalapau\/wp-json\/wp\/v2\/pages\/1624","targetHints":{"allow":["GET"]}}],"collection":[{"href":"https:\/\/agora.xtec.cat\/cfalloredalapau\/wp-json\/wp\/v2\/pages"}],"about":[{"href":"https:\/\/agora.xtec.cat\/cfalloredalapau\/wp-json\/wp\/v2\/types\/page"}],"author":[{"embeddable":true,"href":"https:\/\/agora.xtec.cat\/cfalloredalapau\/wp-json\/wp\/v2\/users\/1"}],"replies":[{"embeddable":true,"href":"https:\/\/agora.xtec.cat\/cfalloredalapau\/wp-json\/wp\/v2\/comments?post=1624"}],"version-history":[{"count":2,"href":"https:\/\/agora.xtec.cat\/cfalloredalapau\/wp-json\/wp\/v2\/pages\/1624\/revisions"}],"predecessor-version":[{"id":2188,"href":"https:\/\/agora.xtec.cat\/cfalloredalapau\/wp-json\/wp\/v2\/pages\/1624\/revisions\/2188"}],"up":[{"embeddable":true,"href":"https:\/\/agora.xtec.cat\/cfalloredalapau\/wp-json\/wp\/v2\/pages\/822"}],"wp:attachment":[{"href":"https:\/\/agora.xtec.cat\/cfalloredalapau\/wp-json\/wp\/v2\/media?parent=1624"}],"curies":[{"name":"wp","href":"https:\/\/api.w.org\/{rel}","templated":true}]}}