{"id":1620,"date":"2021-10-12T11:05:42","date_gmt":"2021-10-12T09:05:42","guid":{"rendered":"https:\/\/agora.xtec.cat\/cfalloredalapau\/?page_id=1620"},"modified":"2023-09-14T20:21:20","modified_gmt":"2023-09-14T18:21:20","slug":"autors-a-les-aules","status":"publish","type":"page","link":"https:\/\/agora.xtec.cat\/cfalloredalapau\/concursos\/autors-a-les-aules\/","title":{"rendered":"Autors a les Aules"},"content":{"rendered":"<p><a href=\"https:\/\/agora.xtec.cat\/cfalloredalapau\/wp-content\/uploads\/usu1854\/2021\/10\/autors-aules-web.jpg_2035112596.jpg\"><img loading=\"lazy\" decoding=\"async\" class=\"wp-image-1628 aligncenter\" src=\"https:\/\/agora.xtec.cat\/cfalloredalapau\/wp-content\/uploads\/usu1854\/2021\/10\/autors-aules-web.jpg_2035112596.jpg\" alt=\"\" width=\"310\" height=\"111\" srcset=\"https:\/\/agora.xtec.cat\/cfalloredalapau\/wp-content\/uploads\/usu1854\/2021\/10\/autors-aules-web.jpg_2035112596.jpg 990w, https:\/\/agora.xtec.cat\/cfalloredalapau\/wp-content\/uploads\/usu1854\/2021\/10\/autors-aules-web.jpg_2035112596-300x108.jpg 300w, https:\/\/agora.xtec.cat\/cfalloredalapau\/wp-content\/uploads\/usu1854\/2021\/10\/autors-aules-web.jpg_2035112596-768x277.jpg 768w\" sizes=\"auto, (max-width: 310px) 100vw, 310px\" \/><\/a>Autors a les Aules \u00e9s una activitat que, des de 1998, promociona la literatura catalana i el foment de la lectura en l&#8217;\u00e0mbit de l&#8217;ensenyament primari, secundari i d&#8217;adults.<\/p>\n<p>Autors a les Aules permet que l&#8217;alumnat lector entri en contacte directe amb els escriptors i escriptores i hi estableixi un di\u00e0leg al voltant dels seus llibres de creaci\u00f3 i d&#8217;altres temes relacionats amb el fet literari com l&#8217;ofici d&#8217;escriure, el proc\u00e9s de creaci\u00f3, el m\u00f3n editorial, etc.<\/p>\n<p>OBJECTIUS del Projecte:<\/p>\n<p>&#8211; Promoure el valor, la import\u00e0ncia i la naturalesa transformadora de la lectura.<\/p>\n<p>&#8211; Visibilitzar el llibre i els autors.<\/p>\n<p>&#8211; Contribuir a la divulgaci\u00f3 i al coneixement dels escriptors<\/p>\n<p>&nbsp;<\/p>\n<p>Autors que han passat per les nostres aules:<\/p>\n<p>2020 Najat El hachmi<\/p>\n<p>2021 David Nel\u00b7lo<\/p>\n<p>2022 Asha Mir\u00f3 Vega<\/p>\n","protected":false},"excerpt":{"rendered":"<p><a href=\"https:\/\/agora.xtec.cat\/cfalloredalapau\/wp-content\/uploads\/usu1854\/2021\/10\/autors-aules-web.jpg_2035112596.jpg\"><\/a>Autors a les Aules \u00e9s una activitat que, des de 1998, promociona la literatura catalana i el foment de la lectura en l&#8217;\u00e0mbit de l&#8217;ensenyament primari, secundari i d&#8217;adults.<br \/>\nAutors a les Aules permet que l&#8217;alumnat lector entri en contacte directe amb els escriptors i&hellip;  <a href=\"https:\/\/agora.xtec.cat\/cfalloredalapau\/concursos\/autors-a-les-aules\/\" title=\"Read Autors a les Aules\">Llegeix m\u00e9s\u00bb<\/a><\/p>\n","protected":false},"author":1,"featured_media":0,"parent":822,"menu_order":0,"comment_status":"closed","ping_status":"closed","template":"","meta":{"_bbp_topic_count":0,"_bbp_reply_count":0,"_bbp_total_topic_count":0,"_bbp_total_reply_count":0,"_bbp_voice_count":0,"_bbp_anonymous_reply_count":0,"_bbp_topic_count_hidden":0,"_bbp_reply_count_hidden":0,"_bbp_forum_subforum_count":0,"footnotes":""},"class_list":["post-1620","page","type-page","status-publish","hentry"],"post_mailing_queue_ids":[],"_links":{"self":[{"href":"https:\/\/agora.xtec.cat\/cfalloredalapau\/wp-json\/wp\/v2\/pages\/1620","targetHints":{"allow":["GET"]}}],"collection":[{"href":"https:\/\/agora.xtec.cat\/cfalloredalapau\/wp-json\/wp\/v2\/pages"}],"about":[{"href":"https:\/\/agora.xtec.cat\/cfalloredalapau\/wp-json\/wp\/v2\/types\/page"}],"author":[{"embeddable":true,"href":"https:\/\/agora.xtec.cat\/cfalloredalapau\/wp-json\/wp\/v2\/users\/1"}],"replies":[{"embeddable":true,"href":"https:\/\/agora.xtec.cat\/cfalloredalapau\/wp-json\/wp\/v2\/comments?post=1620"}],"version-history":[{"count":3,"href":"https:\/\/agora.xtec.cat\/cfalloredalapau\/wp-json\/wp\/v2\/pages\/1620\/revisions"}],"predecessor-version":[{"id":2227,"href":"https:\/\/agora.xtec.cat\/cfalloredalapau\/wp-json\/wp\/v2\/pages\/1620\/revisions\/2227"}],"up":[{"embeddable":true,"href":"https:\/\/agora.xtec.cat\/cfalloredalapau\/wp-json\/wp\/v2\/pages\/822"}],"wp:attachment":[{"href":"https:\/\/agora.xtec.cat\/cfalloredalapau\/wp-json\/wp\/v2\/media?parent=1620"}],"curies":[{"name":"wp","href":"https:\/\/api.w.org\/{rel}","templated":true}]}}