{"id":1616,"date":"2021-10-12T10:55:32","date_gmt":"2021-10-12T08:55:32","guid":{"rendered":"https:\/\/agora.xtec.cat\/cfalloredalapau\/?page_id=1616"},"modified":"2021-10-12T10:55:32","modified_gmt":"2021-10-12T08:55:32","slug":"smbn","status":"publish","type":"page","link":"https:\/\/agora.xtec.cat\/cfalloredalapau\/treball-en-xarxa\/smbn\/","title":{"rendered":"SMBN"},"content":{"rendered":"<p>Salut Mental Barcelon\u00e8s Nord \u00e9s una associaci\u00f3 sense afany de lucre que treballa en pro de la salut mental a Badal<a href=\"https:\/\/agora.xtec.cat\/cfalloredalapau\/wp-content\/uploads\/usu1854\/2021\/10\/salut-mental-logo.jpg\"><img loading=\"lazy\" decoding=\"async\" class=\"wp-image-1617 alignright\" src=\"https:\/\/agora.xtec.cat\/cfalloredalapau\/wp-content\/uploads\/usu1854\/2021\/10\/salut-mental-logo.jpg\" alt=\"\" width=\"152\" height=\"38\" srcset=\"https:\/\/agora.xtec.cat\/cfalloredalapau\/wp-content\/uploads\/usu1854\/2021\/10\/salut-mental-logo.jpg 325w, https:\/\/agora.xtec.cat\/cfalloredalapau\/wp-content\/uploads\/usu1854\/2021\/10\/salut-mental-logo-300x74.jpg 300w\" sizes=\"auto, (max-width: 152px) 100vw, 152px\" \/><\/a>ona i Sant Adri\u00e0 de Bes\u00f3s.<\/p>\n<p>Creada al 1997 per un grup de familiars de persones afectades per trastorns mentals greus, ofereix\u00a0orientaci\u00f3, atenci\u00f3 i suport a persones o fam\u00edlies\u00a0entorn els trastorns mentals.<\/p>\n<p>L&#8217;escola CFA Lloreda obre les seves aules per col.laborar en l&#8217;instrucci\u00f3 curricular d&#8217;aquestes persones.<\/p>\n<p>&nbsp;<\/p>\n","protected":false},"excerpt":{"rendered":"<p>Salut Mental Barcelon\u00e8s Nord \u00e9s una associaci\u00f3 sense afany de lucre que treballa en pro de la salut mental a Badal<a href=\"https:\/\/agora.xtec.cat\/cfalloredalapau\/wp-content\/uploads\/usu1854\/2021\/10\/salut-mental-logo.jpg\"><\/a>ona i Sant Adri\u00e0 de Bes\u00f3s.<br \/>\nCreada al 1997 per un grup de familiars de persones afectades per trastorns mentals greus, ofereix\u00a0orientaci\u00f3, atenci\u00f3 i suport&hellip;  <a href=\"https:\/\/agora.xtec.cat\/cfalloredalapau\/treball-en-xarxa\/smbn\/\" title=\"Read SMBN\">Llegeix m\u00e9s\u00bb<\/a><\/p>\n","protected":false},"author":1,"featured_media":0,"parent":476,"menu_order":0,"comment_status":"closed","ping_status":"closed","template":"","meta":{"_bbp_topic_count":0,"_bbp_reply_count":0,"_bbp_total_topic_count":0,"_bbp_total_reply_count":0,"_bbp_voice_count":0,"_bbp_anonymous_reply_count":0,"_bbp_topic_count_hidden":0,"_bbp_reply_count_hidden":0,"_bbp_forum_subforum_count":0,"footnotes":""},"class_list":["post-1616","page","type-page","status-publish","hentry"],"post_mailing_queue_ids":[],"_links":{"self":[{"href":"https:\/\/agora.xtec.cat\/cfalloredalapau\/wp-json\/wp\/v2\/pages\/1616","targetHints":{"allow":["GET"]}}],"collection":[{"href":"https:\/\/agora.xtec.cat\/cfalloredalapau\/wp-json\/wp\/v2\/pages"}],"about":[{"href":"https:\/\/agora.xtec.cat\/cfalloredalapau\/wp-json\/wp\/v2\/types\/page"}],"author":[{"embeddable":true,"href":"https:\/\/agora.xtec.cat\/cfalloredalapau\/wp-json\/wp\/v2\/users\/1"}],"replies":[{"embeddable":true,"href":"https:\/\/agora.xtec.cat\/cfalloredalapau\/wp-json\/wp\/v2\/comments?post=1616"}],"version-history":[{"count":1,"href":"https:\/\/agora.xtec.cat\/cfalloredalapau\/wp-json\/wp\/v2\/pages\/1616\/revisions"}],"predecessor-version":[{"id":1618,"href":"https:\/\/agora.xtec.cat\/cfalloredalapau\/wp-json\/wp\/v2\/pages\/1616\/revisions\/1618"}],"up":[{"embeddable":true,"href":"https:\/\/agora.xtec.cat\/cfalloredalapau\/wp-json\/wp\/v2\/pages\/476"}],"wp:attachment":[{"href":"https:\/\/agora.xtec.cat\/cfalloredalapau\/wp-json\/wp\/v2\/media?parent=1616"}],"curies":[{"name":"wp","href":"https:\/\/api.w.org\/{rel}","templated":true}]}}