{"id":81,"date":"2014-09-18T10:38:05","date_gmt":"2014-09-18T10:38:05","guid":{"rendered":"http:\/\/agora.xtec.cat\/cfalaverneda\/?page_id=81"},"modified":"2025-09-28T11:43:50","modified_gmt":"2025-09-28T09:43:50","slug":"secretaria","status":"publish","type":"page","link":"https:\/\/agora.xtec.cat\/cfalaverneda\/secretaria\/","title":{"rendered":"Secretaria"},"content":{"rendered":"<p style=\"text-align: left;\">Excepte en el per\u00edode de preinscripci\u00f3 i matriculaci\u00f3 en qu\u00e8 la secretaria tindr\u00e0 un horari espec\u00edfic i el m\u00e9s ampli possible, la resta del temps romandr\u00e0 oberta per a tr\u00e0mits administratius en el seg\u00fcent horari:<\/p>\n<table style=\"height: 364px; width: 63.6297%; border-color: #000000; border-style: outset;\">\n<tbody>\n<tr style=\"height: 20px;\">\n<td style=\"width: 503px; background-color: #087eb6; border-style: solid; height: 69px; text-align: center;\" colspan=\"3\" width=\"503\">\n<p style=\"text-align: center;\"><span style=\"color: #ffffff;\"><strong>HORARI\u00a0 DE SECRETARIA<\/strong><\/span><\/p>\n<\/td>\n<\/tr>\n<tr style=\"height: 20px;\">\n<td style=\"background-color: #0b98db; border-style: solid; height: 42px; text-align: center;\" width=\"134\"><\/td>\n<td style=\"width: 185px; background-color: #0b98db; height: 42px; border-color: #000000; border-style: outset; text-align: center;\" width=\"185\">\n<p style=\"text-align: center;\"><span style=\"color: #ffffff;\"><strong>MAT\u00cd<\/strong><\/span><\/p>\n<\/td>\n<td style=\"width: 185px; background-color: #0b98db; height: 42px; border-color: #000000; border-style: outset; text-align: center;\" width=\"185\">\n<p style=\"text-align: center;\"><span style=\"color: #ffffff;\"><strong>TARDA<\/strong><\/span><\/p>\n<\/td>\n<\/tr>\n<tr style=\"height: 20px;\">\n<td style=\"width: 134px; background-color: #0eb1ff; border-style: solid; height: 53px; text-align: center;\" width=\"134\"><strong>DILLUNS<\/strong><\/td>\n<td style=\"height: 53px; border-color: #000000; border-style: outset; text-align: center;\" width=\"185\"><\/td>\n<td style=\"height: 53px; border-color: #000000; border-style: outset; text-align: center;\" width=\"185\"><strong>16h \u2013 18h<\/strong><\/td>\n<\/tr>\n<tr style=\"height: 20px;\">\n<td style=\"width: 134px; background-color: #0eb1ff; border-style: solid; height: 53px; text-align: center;\" width=\"134\"><strong>DIMARTS<\/strong><\/td>\n<td style=\"height: 53px; border-color: #000000; border-style: outset; text-align: center;\" width=\"185\"><\/td>\n<td style=\"height: 53px; border-color: #000000; border-style: outset; text-align: center;\" width=\"185\"><strong>16h \u2013 18h<\/strong><\/td>\n<\/tr>\n<tr style=\"height: 20px;\">\n<td style=\"width: 134px; background-color: #0eb1ff; border-style: solid; height: 53px; text-align: center;\" width=\"134\"><strong>DIMECRES<\/strong><\/td>\n<td style=\"height: 53px; border-color: #000000; border-style: outset; text-align: center;\" width=\"185\"><strong>11h \u2013 13h<\/strong><\/td>\n<td style=\"height: 53px; border-color: #000000; border-style: outset; text-align: center;\" width=\"185\"><\/td>\n<\/tr>\n<tr style=\"height: 20px;\">\n<td style=\"width: 134px; background-color: #0eb1ff; border-style: solid; height: 53px; text-align: center;\"><strong>DIJOUS<\/strong><\/td>\n<td style=\"height: 53px; border-color: #000000; border-style: outset; text-align: center;\"><strong>11h \u2013 13h<\/strong><\/td>\n<td style=\"height: 53px; border-color: #000000; border-style: outset; text-align: center;\"><strong>\u00a0<\/strong><\/td>\n<\/tr>\n<tr style=\"height: 20px;\">\n<td style=\"width: 134px; background-color: #0eb1ff; border-style: solid; height: 17px; text-align: center;\"><strong>DIVENDRES<\/strong><\/td>\n<td style=\"height: 17px; border-color: #000000; border-style: outset; text-align: center;\"><strong>11h \u2013 13h<\/strong><\/td>\n<td style=\"height: 17px; border-color: #000000; border-style: outset; text-align: center;\"><\/td>\n<\/tr>\n<\/tbody>\n<\/table>\n<p>L&#8217;expedici\u00f3 de certificats requereix 48h des de la sol\u00b7licitud.<\/p>\n","protected":false},"excerpt":{"rendered":"<p>Excepte en el per\u00edode de preinscripci\u00f3 i matriculaci\u00f3 en qu\u00e8 la secretaria tindr\u00e0 un horari espec\u00edfic i el m\u00e9s ampli possible, la resta del temps romandr\u00e0 oberta per a tr\u00e0mits administratius en el seg\u00fcent horari: HORARI\u00a0 DE SECRETARIA MAT\u00cd TARDA DILLUNS 16h \u2013 18h DIMARTS 16h \u2013 18h DIMECRES 11h \u2013 13h DIJOUS 11h \u2013 [&hellip;]<\/p>\n","protected":false},"author":1,"featured_media":0,"parent":0,"menu_order":0,"comment_status":"closed","ping_status":"closed","template":"","meta":{"_bbp_topic_count":0,"_bbp_reply_count":0,"_bbp_total_topic_count":0,"_bbp_total_reply_count":0,"_bbp_voice_count":0,"_bbp_anonymous_reply_count":0,"_bbp_topic_count_hidden":0,"_bbp_reply_count_hidden":0,"_bbp_forum_subforum_count":0,"site-sidebar-layout":"default","site-content-layout":"","ast-site-content-layout":"default","site-content-style":"default","site-sidebar-style":"default","ast-global-header-display":"","ast-banner-title-visibility":"","ast-main-header-display":"","ast-hfb-above-header-display":"","ast-hfb-below-header-display":"","ast-hfb-mobile-header-display":"","site-post-title":"","ast-breadcrumbs-content":"","ast-featured-img":"","footer-sml-layout":"","theme-transparent-header-meta":"default","adv-header-id-meta":"","stick-header-meta":"","header-above-stick-meta":"","header-main-stick-meta":"","header-below-stick-meta":"","astra-migrate-meta-layouts":"set","ast-page-background-enabled":"default","ast-page-background-meta":{"desktop":{"background-color":"var(--ast-global-color-4)","background-image":"","background-repeat":"repeat","background-position":"center center","background-size":"auto","background-attachment":"scroll","background-type":"","background-media":"","overlay-type":"","overlay-color":"","overlay-opacity":"","overlay-gradient":""},"tablet":{"background-color":"","background-image":"","background-repeat":"repeat","background-position":"center center","background-size":"auto","background-attachment":"scroll","background-type":"","background-media":"","overlay-type":"","overlay-color":"","overlay-opacity":"","overlay-gradient":""},"mobile":{"background-color":"","background-image":"","background-repeat":"repeat","background-position":"center center","background-size":"auto","background-attachment":"scroll","background-type":"","background-media":"","overlay-type":"","overlay-color":"","overlay-opacity":"","overlay-gradient":""}},"ast-content-background-meta":{"desktop":{"background-color":"var(--ast-global-color-5)","background-image":"","background-repeat":"repeat","background-position":"center center","background-size":"auto","background-attachment":"scroll","background-type":"","background-media":"","overlay-type":"","overlay-color":"","overlay-opacity":"","overlay-gradient":""},"tablet":{"background-color":"var(--ast-global-color-5)","background-image":"","background-repeat":"repeat","background-position":"center center","background-size":"auto","background-attachment":"scroll","background-type":"","background-media":"","overlay-type":"","overlay-color":"","overlay-opacity":"","overlay-gradient":""},"mobile":{"background-color":"var(--ast-global-color-5)","background-image":"","background-repeat":"repeat","background-position":"center center","background-size":"auto","background-attachment":"scroll","background-type":"","background-media":"","overlay-type":"","overlay-color":"","overlay-opacity":"","overlay-gradient":""}},"footnotes":""},"class_list":["post-81","page","type-page","status-publish","hentry"],"post_mailing_queue_ids":[],"_links":{"self":[{"href":"https:\/\/agora.xtec.cat\/cfalaverneda\/wp-json\/wp\/v2\/pages\/81","targetHints":{"allow":["GET"]}}],"collection":[{"href":"https:\/\/agora.xtec.cat\/cfalaverneda\/wp-json\/wp\/v2\/pages"}],"about":[{"href":"https:\/\/agora.xtec.cat\/cfalaverneda\/wp-json\/wp\/v2\/types\/page"}],"author":[{"embeddable":true,"href":"https:\/\/agora.xtec.cat\/cfalaverneda\/wp-json\/wp\/v2\/users\/1"}],"replies":[{"embeddable":true,"href":"https:\/\/agora.xtec.cat\/cfalaverneda\/wp-json\/wp\/v2\/comments?post=81"}],"version-history":[{"count":6,"href":"https:\/\/agora.xtec.cat\/cfalaverneda\/wp-json\/wp\/v2\/pages\/81\/revisions"}],"predecessor-version":[{"id":3065,"href":"https:\/\/agora.xtec.cat\/cfalaverneda\/wp-json\/wp\/v2\/pages\/81\/revisions\/3065"}],"wp:attachment":[{"href":"https:\/\/agora.xtec.cat\/cfalaverneda\/wp-json\/wp\/v2\/media?parent=81"}],"curies":[{"name":"wp","href":"https:\/\/api.w.org\/{rel}","templated":true}]}}