{"id":404,"date":"2016-04-15T22:31:47","date_gmt":"2016-04-15T21:31:47","guid":{"rendered":"http:\/\/agora.xtec.cat\/cfalaverneda\/?page_id=404"},"modified":"2016-04-18T16:50:47","modified_gmt":"2016-04-18T15:50:47","slug":"qui-som","status":"publish","type":"page","link":"https:\/\/agora.xtec.cat\/cfalaverneda\/qui-som\/","title":{"rendered":"Qui som?"},"content":{"rendered":"<p style=\"text-align: justify;\">El nostre centre accepta desenvolupar\u00a0 la seva tasca formativa en el marc del conjunt de valors, actituds i normes que caracteritzen una societat plural i democr\u00e0tica, i procura que aquesta formaci\u00f3 abasti totes les dimensions importants d&#8217;una educaci\u00f3 integral. \u00c9s per aix\u00f2 que vetllem perqu\u00e8 la vida de relaci\u00f3 en el centre s&#8217;orienti cap a la toler\u00e0ncia, la llibertat, la responsabilitat i el di\u00e0leg, alhora que treballem perqu\u00e8 aquests valors serveixin de fonament en qualsevol activitat educativa.<\/p>\n<p style=\"text-align: justify;\"><strong>\u00c9s per tot aix\u00f2 que ens guiarem pels principis seg\u00fcents<\/strong>:<\/p>\n<p style=\"text-align: justify;\">Educaci\u00f3 lligada a la realitat nacional de Catalunya, plural i al llarg de la vida. El centre \u00e9s un espai d\u2019acolliment, intercultural, dins un marc integrador per la igualtat de g\u00e8nere, participatiu i obert. La qualitat acad\u00e8mica i innovadora es basa en aprendre a aprendre, l\u2019atenci\u00f3 personalitzada, el treball personal i cooperatiu, dins de l\u2019educaci\u00f3 en la societat de la informaci\u00f3.<\/p>\n<p>&nbsp;<\/p>\n","protected":false},"excerpt":{"rendered":"<p>El nostre centre accepta desenvolupar\u00a0 la seva tasca formativa en el marc del conjunt de valors, actituds i normes que caracteritzen una societat plural i democr\u00e0tica, i procura que aquesta formaci\u00f3 abasti totes les dimensions importants d&#8217;una educaci\u00f3 integral. \u00c9s per aix\u00f2 que vetllem perqu\u00e8 la vida de relaci\u00f3 en el centre s&#8217;orienti cap a [&hellip;]<\/p>\n","protected":false},"author":1,"featured_media":0,"parent":0,"menu_order":0,"comment_status":"closed","ping_status":"closed","template":"page-templates\/side-menu.php","meta":{"_bbp_topic_count":0,"_bbp_reply_count":0,"_bbp_total_topic_count":0,"_bbp_total_reply_count":0,"_bbp_voice_count":0,"_bbp_anonymous_reply_count":0,"_bbp_topic_count_hidden":0,"_bbp_reply_count_hidden":0,"_bbp_forum_subforum_count":0,"site-sidebar-layout":"default","site-content-layout":"","ast-site-content-layout":"","site-content-style":"default","site-sidebar-style":"default","ast-global-header-display":"","ast-banner-title-visibility":"","ast-main-header-display":"","ast-hfb-above-header-display":"","ast-hfb-below-header-display":"","ast-hfb-mobile-header-display":"","site-post-title":"","ast-breadcrumbs-content":"","ast-featured-img":"","footer-sml-layout":"","theme-transparent-header-meta":"","adv-header-id-meta":"","stick-header-meta":"","header-above-stick-meta":"","header-main-stick-meta":"","header-below-stick-meta":"","astra-migrate-meta-layouts":"default","ast-page-background-enabled":"default","ast-page-background-meta":{"desktop":{"background-color":"var(--ast-global-color-4)","background-image":"","background-repeat":"repeat","background-position":"center center","background-size":"auto","background-attachment":"scroll","background-type":"","background-media":"","overlay-type":"","overlay-color":"","overlay-opacity":"","overlay-gradient":""},"tablet":{"background-color":"","background-image":"","background-repeat":"repeat","background-position":"center center","background-size":"auto","background-attachment":"scroll","background-type":"","background-media":"","overlay-type":"","overlay-color":"","overlay-opacity":"","overlay-gradient":""},"mobile":{"background-color":"","background-image":"","background-repeat":"repeat","background-position":"center center","background-size":"auto","background-attachment":"scroll","background-type":"","background-media":"","overlay-type":"","overlay-color":"","overlay-opacity":"","overlay-gradient":""}},"ast-content-background-meta":{"desktop":{"background-color":"var(--ast-global-color-5)","background-image":"","background-repeat":"repeat","background-position":"center center","background-size":"auto","background-attachment":"scroll","background-type":"","background-media":"","overlay-type":"","overlay-color":"","overlay-opacity":"","overlay-gradient":""},"tablet":{"background-color":"var(--ast-global-color-5)","background-image":"","background-repeat":"repeat","background-position":"center center","background-size":"auto","background-attachment":"scroll","background-type":"","background-media":"","overlay-type":"","overlay-color":"","overlay-opacity":"","overlay-gradient":""},"mobile":{"background-color":"var(--ast-global-color-5)","background-image":"","background-repeat":"repeat","background-position":"center center","background-size":"auto","background-attachment":"scroll","background-type":"","background-media":"","overlay-type":"","overlay-color":"","overlay-opacity":"","overlay-gradient":""}},"footnotes":""},"class_list":["post-404","page","type-page","status-publish","hentry"],"post_mailing_queue_ids":[],"_links":{"self":[{"href":"https:\/\/agora.xtec.cat\/cfalaverneda\/wp-json\/wp\/v2\/pages\/404","targetHints":{"allow":["GET"]}}],"collection":[{"href":"https:\/\/agora.xtec.cat\/cfalaverneda\/wp-json\/wp\/v2\/pages"}],"about":[{"href":"https:\/\/agora.xtec.cat\/cfalaverneda\/wp-json\/wp\/v2\/types\/page"}],"author":[{"embeddable":true,"href":"https:\/\/agora.xtec.cat\/cfalaverneda\/wp-json\/wp\/v2\/users\/1"}],"replies":[{"embeddable":true,"href":"https:\/\/agora.xtec.cat\/cfalaverneda\/wp-json\/wp\/v2\/comments?post=404"}],"version-history":[{"count":3,"href":"https:\/\/agora.xtec.cat\/cfalaverneda\/wp-json\/wp\/v2\/pages\/404\/revisions"}],"predecessor-version":[{"id":409,"href":"https:\/\/agora.xtec.cat\/cfalaverneda\/wp-json\/wp\/v2\/pages\/404\/revisions\/409"}],"wp:attachment":[{"href":"https:\/\/agora.xtec.cat\/cfalaverneda\/wp-json\/wp\/v2\/media?parent=404"}],"curies":[{"name":"wp","href":"https:\/\/api.w.org\/{rel}","templated":true}]}}