{"id":39,"date":"2014-09-17T16:36:44","date_gmt":"2014-09-17T16:36:44","guid":{"rendered":"http:\/\/agora.xtec.cat\/cfalaverneda\/?page_id=39"},"modified":"2026-02-01T11:45:55","modified_gmt":"2026-02-01T10:45:55","slug":"instal%c2%b7lacions","status":"publish","type":"page","link":"https:\/\/agora.xtec.cat\/cfalaverneda\/instal%c2%b7lacions\/","title":{"rendered":"Instal\u00b7lacions"},"content":{"rendered":"<p data-path-to-node=\"4\">Al <b data-path-to-node=\"4\" data-index-in-node=\"3\">CFA La Verneda<\/b>, creiem que l\u2019aprenentatge neix de la suma d&#8217;un entorn adequat i de la passi\u00f3 de les persones que el formen. Les nostres instal\u00b7lacions estan pensades per ser molt m\u00e9s que aules: s\u00f3n <b data-path-to-node=\"4\" data-index-in-node=\"201\">espais de trobada, reflexi\u00f3 i creixement<\/b>. Des de les nostres aules equipades amb tecnologia fins als espais comuns on compartim idees, cada rac\u00f3 del centre est\u00e0 dissenyat per facilitar que tothom se senti com a casa mentre avan\u00e7a en el seu cam\u00ed educatiu.<\/p>\n<p><a href=\"https:\/\/agora.xtec.cat\/cfalaverneda\/wp-content\/uploads\/usu1193\/2016\/06\/colenouweb-copia-1.jpg\"><img loading=\"lazy\" decoding=\"async\" src=\"https:\/\/agora.xtec.cat\/cfalaverneda\/wp-content\/uploads\/usu1193\/2016\/06\/colenouweb-copia-1.jpg\" alt=\"\" width=\"2480\" height=\"3508\" \/><\/a><\/p>\n<p><a href=\"https:\/\/agora.xtec.cat\/cfalaverneda\/wp-content\/uploads\/usu1193\/2016\/06\/colenouweb2-copia.jpg\"><img loading=\"lazy\" decoding=\"async\" src=\"https:\/\/agora.xtec.cat\/cfalaverneda\/wp-content\/uploads\/usu1193\/2016\/06\/colenouweb2-copia.jpg\" alt=\"\" width=\"3508\" height=\"2480\" \/><\/a><\/p>\n<p><a href=\"http:\/\/agora.xtec.cat\/cfalaverneda\/wp-content\/uploads\/usu1193\/2014\/09\/44-una-aula-e1460633870504.jpg\"><img loading=\"lazy\" decoding=\"async\" class=\"alignnone size-large wp-image-395\" src=\"http:\/\/agora.xtec.cat\/cfalaverneda\/wp-content\/uploads\/usu1193\/2014\/09\/44-una-aula-1024x348.jpg\" alt=\"44- una aula\" width=\"1024\" height=\"348\" \/><\/a><\/p>\n<h2>&#8220;Tot est\u00e0 per fer i tot \u00e9s possible&#8221;: El llegat de les nostres veus<\/h2>\n<p>Per\u00f2 el que realment dona sentit a aquests espais s\u00f3n les veus dels qui hi passen. Com ens recorden els testimonis dels nostres alumnes, la nostra escola \u00e9s un motor de canvi. Escoltant les seves experi\u00e8ncies, descobrim que el centre no \u00e9s nom\u00e9s un lloc on es ve a buscar un t\u00edtol, sin\u00f3 un lloc on es recupera la <b data-path-to-node=\"5\" data-index-in-node=\"313\">confian\u00e7a en un mateix<\/b> i es descobreixen noves capacitats. El seu llegat ens demostra que, en l&#8217;entorn adequat, <i data-path-to-node=\"5\" data-index-in-node=\"425\">&#8220;tot est\u00e0 per fer i tot \u00e9s possible&#8221;<\/i>.<\/p>\n<p data-path-to-node=\"4\">Recuperem avui un document molt especial del nostre arxiu, publicat el maig de 2017, que ens recorda per qu\u00e8 som aqu\u00ed. En aquest v\u00eddeo, no nom\u00e9s veiem cares, sin\u00f3 que escoltem <b data-path-to-node=\"4\" data-index-in-node=\"176\">testimonis de vida<\/b> que parlen d&#8217;esfor\u00e7, de segones oportunitats i de la il\u00b7lusi\u00f3 per aprendre per millorar.<\/p>\n<p data-path-to-node=\"8\"><b data-path-to-node=\"8\" data-index-in-node=\"0\">Us convidem a tornar a sentir aquestes veus que formen part de la nostra identitat:<\/b><\/p>\n<div class=\"ast-oembed-container \" style=\"height: 100%;\"><iframe loading=\"lazy\" title=\"CFA La Verneda\" width=\"500\" height=\"375\" src=\"https:\/\/www.youtube.com\/embed\/pJ1DEyLHZ48?feature=oembed\" frameborder=\"0\" allow=\"accelerometer; autoplay; clipboard-write; encrypted-media; gyroscope; picture-in-picture; web-share\" referrerpolicy=\"strict-origin-when-cross-origin\" allowfullscreen><\/iframe><\/div>\n<p data-path-to-node=\"4\">S\u00f3n paraules que ens parlen de:<\/p>\n<ul data-path-to-node=\"6\">\n<li>\n<p data-path-to-node=\"6,0,0\"><b data-path-to-node=\"6,0,0\" data-index-in-node=\"0\">La valentia de tornar a comen\u00e7ar<\/b>, sense importar l&#8217;edat o el punt de partida.<\/p>\n<\/li>\n<li>\n<p data-path-to-node=\"6,1,0\"><b data-path-to-node=\"6,1,0\" data-index-in-node=\"0\">L&#8217;oportunitat de cr\u00e9ixer<\/b> a trav\u00e9s de la formaci\u00f3 al llarg de la vida.<\/p>\n<\/li>\n<li>\n<p data-path-to-node=\"6,2,0\"><b data-path-to-node=\"6,2,0\" data-index-in-node=\"0\">La for\u00e7a de la comunitat<\/b> del CFA La Verneda com un espai on els somnis es poden materialitzar.<\/p>\n<\/li>\n<\/ul>\n<p data-path-to-node=\"7\">Aquests testimonis s\u00f3n el mirall on ens mirem avui. El seu pas pel centre ens recorda que la voluntat de millorar \u00e9s el motor m\u00e9s potent que existeix. Com deia el poeta, i com ens van ensenyar ells, el futur no est\u00e0 escrit, sin\u00f3 que el constru\u00efm cada dia a cada classe.<\/p>\n","protected":false},"excerpt":{"rendered":"<p>Al CFA La Verneda, creiem que l\u2019aprenentatge neix de la suma d&#8217;un entorn adequat i de la passi\u00f3 de les persones que el formen. Les nostres instal\u00b7lacions estan pensades per ser molt m\u00e9s que aules: s\u00f3n espais de trobada, reflexi\u00f3 i creixement. Des de les nostres aules equipades amb tecnologia fins als espais comuns on [&hellip;]<\/p>\n","protected":false},"author":1,"featured_media":0,"parent":0,"menu_order":30,"comment_status":"closed","ping_status":"closed","template":"","meta":{"_bbp_topic_count":0,"_bbp_reply_count":0,"_bbp_total_topic_count":0,"_bbp_total_reply_count":0,"_bbp_voice_count":0,"_bbp_anonymous_reply_count":0,"_bbp_topic_count_hidden":0,"_bbp_reply_count_hidden":0,"_bbp_forum_subforum_count":0,"site-sidebar-layout":"default","site-content-layout":"","ast-site-content-layout":"default","site-content-style":"default","site-sidebar-style":"default","ast-global-header-display":"","ast-banner-title-visibility":"","ast-main-header-display":"","ast-hfb-above-header-display":"","ast-hfb-below-header-display":"","ast-hfb-mobile-header-display":"","site-post-title":"","ast-breadcrumbs-content":"","ast-featured-img":"","footer-sml-layout":"","theme-transparent-header-meta":"default","adv-header-id-meta":"","stick-header-meta":"","header-above-stick-meta":"","header-main-stick-meta":"","header-below-stick-meta":"","astra-migrate-meta-layouts":"set","ast-page-background-enabled":"default","ast-page-background-meta":{"desktop":{"background-color":"var(--ast-global-color-4)","background-image":"","background-repeat":"repeat","background-position":"center center","background-size":"auto","background-attachment":"scroll","background-type":"","background-media":"","overlay-type":"","overlay-color":"","overlay-opacity":"","overlay-gradient":""},"tablet":{"background-color":"","background-image":"","background-repeat":"repeat","background-position":"center center","background-size":"auto","background-attachment":"scroll","background-type":"","background-media":"","overlay-type":"","overlay-color":"","overlay-opacity":"","overlay-gradient":""},"mobile":{"background-color":"","background-image":"","background-repeat":"repeat","background-position":"center center","background-size":"auto","background-attachment":"scroll","background-type":"","background-media":"","overlay-type":"","overlay-color":"","overlay-opacity":"","overlay-gradient":""}},"ast-content-background-meta":{"desktop":{"background-color":"var(--ast-global-color-5)","background-image":"","background-repeat":"repeat","background-position":"center center","background-size":"auto","background-attachment":"scroll","background-type":"","background-media":"","overlay-type":"","overlay-color":"","overlay-opacity":"","overlay-gradient":""},"tablet":{"background-color":"var(--ast-global-color-5)","background-image":"","background-repeat":"repeat","background-position":"center center","background-size":"auto","background-attachment":"scroll","background-type":"","background-media":"","overlay-type":"","overlay-color":"","overlay-opacity":"","overlay-gradient":""},"mobile":{"background-color":"var(--ast-global-color-5)","background-image":"","background-repeat":"repeat","background-position":"center center","background-size":"auto","background-attachment":"scroll","background-type":"","background-media":"","overlay-type":"","overlay-color":"","overlay-opacity":"","overlay-gradient":""}},"footnotes":""},"class_list":["post-39","page","type-page","status-publish","hentry"],"post_mailing_queue_ids":[],"_links":{"self":[{"href":"https:\/\/agora.xtec.cat\/cfalaverneda\/wp-json\/wp\/v2\/pages\/39","targetHints":{"allow":["GET"]}}],"collection":[{"href":"https:\/\/agora.xtec.cat\/cfalaverneda\/wp-json\/wp\/v2\/pages"}],"about":[{"href":"https:\/\/agora.xtec.cat\/cfalaverneda\/wp-json\/wp\/v2\/types\/page"}],"author":[{"embeddable":true,"href":"https:\/\/agora.xtec.cat\/cfalaverneda\/wp-json\/wp\/v2\/users\/1"}],"replies":[{"embeddable":true,"href":"https:\/\/agora.xtec.cat\/cfalaverneda\/wp-json\/wp\/v2\/comments?post=39"}],"version-history":[{"count":6,"href":"https:\/\/agora.xtec.cat\/cfalaverneda\/wp-json\/wp\/v2\/pages\/39\/revisions"}],"predecessor-version":[{"id":434,"href":"https:\/\/agora.xtec.cat\/cfalaverneda\/wp-json\/wp\/v2\/pages\/39\/revisions\/434"}],"wp:attachment":[{"href":"https:\/\/agora.xtec.cat\/cfalaverneda\/wp-json\/wp\/v2\/media?parent=39"}],"curies":[{"name":"wp","href":"https:\/\/api.w.org\/{rel}","templated":true}]}}