{"id":316,"date":"2015-01-28T11:33:51","date_gmt":"2015-01-28T10:33:51","guid":{"rendered":"http:\/\/agora.xtec.cat\/cfalaverneda\/?page_id=316"},"modified":"2025-12-06T11:53:47","modified_gmt":"2025-12-06T10:53:47","slug":"competencia-digital-competic","status":"publish","type":"page","link":"https:\/\/agora.xtec.cat\/cfalaverneda\/ensenyaments\/ensenyaments-transprofessionals\/competencia-digital-competic\/","title":{"rendered":"Compet\u00e8ncia digital COMPETIC"},"content":{"rendered":"<p><a href=\"https:\/\/agora.xtec.cat\/cfalaverneda\/wp-content\/uploads\/usu1193\/2025\/06\/Etiqueta-adults-02.png\"><img loading=\"lazy\" decoding=\"async\" class=\"alignright wp-image-2866\" src=\"https:\/\/agora.xtec.cat\/cfalaverneda\/wp-content\/uploads\/usu1193\/2025\/06\/Etiqueta-adults-02-150x150.png\" alt=\"\" width=\"200\" height=\"200\" srcset=\"https:\/\/agora.xtec.cat\/cfalaverneda\/wp-content\/uploads\/usu1193\/2025\/06\/Etiqueta-adults-02-150x150.png 150w, https:\/\/agora.xtec.cat\/cfalaverneda\/wp-content\/uploads\/usu1193\/2025\/06\/Etiqueta-adults-02.png 271w\" sizes=\"auto, (max-width: 200px) 100vw, 200px\" \/><\/a>L\u2019ensenyament de <strong data-start=\"199\" data-end=\"233\">Compet\u00e8ncia digital (COMPETIC)<\/strong> t\u00e9 com a objectiu dotar l\u2019alumnat adult de les <strong data-start=\"281\" data-end=\"385\">habilitats i coneixements necessaris per utilitzar les tecnologies de la informaci\u00f3 i la comunicaci\u00f3<\/strong> de manera aut\u00f2noma, cr\u00edtica i segura. S\u2019ofereixen diversos <strong data-start=\"445\" data-end=\"488\">nivells progressius (Inicial, 1, 2 i 3)<\/strong>, que permeten des de <strong data-start=\"510\" data-end=\"571\">familiaritzar-se amb l\u2019\u00fas b\u00e0sic de l\u2019ordinador i Internet<\/strong> fins a treballar amb eines m\u00e9s avan\u00e7ades com la gesti\u00f3 de documents digitals, l\u2019ofim\u00e0tica o el treball col\u00b7laboratiu en l\u00ednia.<\/p>\n<p>Els cursos segueixen una metodologia pr\u00e0ctica i adaptada als interessos i ritmes dels participants, i <strong data-start=\"801\" data-end=\"868\">poden conduir a l\u2019obtenci\u00f3 d\u2019una acreditaci\u00f3 oficial reconeguda<\/strong>. Es fan en horaris de tarda, en sessions de dues vegades per setmana, i amb una durada que oscil\u00b7la entre les <strong data-start=\"979\" data-end=\"1009\">105 i les 140 hores anuals<\/strong>, segons el nivell. Els cursos COMPETIC <strong data-start=\"1049\" data-end=\"1156\">afavoreixen l\u2019autonomia digital, l\u2019acc\u00e9s al m\u00f3n laboral i la participaci\u00f3 activa a la societat digital.<\/strong><\/p>\n<h5><\/h5>\n<h5 data-start=\"216\" data-end=\"267\">\ud83d\udda5\ufe0f\u00a0Durada\u00a0\u2013 Compet\u00e8ncia digital per a adults<\/h5>\n<div class=\"_tableContainer_80l1q_1\">\n<div class=\"_tableWrapper_80l1q_14 group flex w-fit flex-col-reverse\" tabindex=\"-1\">\n<table class=\"w-fit min-w-(--thread-content-width)\" style=\"width: 99.9265%;\" data-start=\"269\" data-end=\"955\">\n<thead data-start=\"269\" data-end=\"380\">\n<tr data-start=\"269\" data-end=\"380\">\n<th style=\"text-align: center; width: 34.5588%;\" data-start=\"269\" data-end=\"290\" data-col-size=\"sm\"><strong data-start=\"271\" data-end=\"281\">Nivell<\/strong><\/th>\n<th style=\"text-align: center; width: 29.6324%;\" data-start=\"290\" data-end=\"309\" data-col-size=\"sm\"><strong data-start=\"292\" data-end=\"308\">Hores lectives anuals<\/strong><\/th>\n<th style=\"text-align: center; width: 35.7353%;\" data-start=\"309\" data-end=\"331\" data-col-size=\"sm\"><strong data-start=\"311\" data-end=\"330\">Hores setmanals<\/strong><\/th>\n<\/tr>\n<\/thead>\n<tbody data-start=\"496\" data-end=\"955\">\n<tr data-start=\"496\" data-end=\"610\">\n<td style=\"text-align: center; width: 34.5588%;\" data-start=\"496\" data-end=\"517\" data-col-size=\"sm\">COMPETIC Inicial<\/td>\n<td style=\"text-align: center; width: 29.6324%;\" data-col-size=\"sm\" data-start=\"517\" data-end=\"536\">105 h<\/td>\n<td style=\"text-align: center; width: 35.7353%;\" data-col-size=\"sm\" data-start=\"536\" data-end=\"559\">3 h<\/td>\n<\/tr>\n<tr data-start=\"611\" data-end=\"725\">\n<td style=\"text-align: center; width: 34.5588%;\" data-start=\"611\" data-end=\"632\" data-col-size=\"sm\">COMPETIC 1<\/td>\n<td style=\"text-align: center; width: 29.6324%;\" data-col-size=\"sm\" data-start=\"632\" data-end=\"651\">105 h<\/td>\n<td style=\"text-align: center; width: 35.7353%;\" data-col-size=\"sm\" data-start=\"651\" data-end=\"674\">3 h<\/td>\n<\/tr>\n<tr data-start=\"726\" data-end=\"840\">\n<td style=\"text-align: center; width: 34.5588%;\" data-start=\"726\" data-end=\"747\" data-col-size=\"sm\">COMPETIC 2<\/td>\n<td style=\"text-align: center; width: 29.6324%;\" data-col-size=\"sm\" data-start=\"747\" data-end=\"766\">140 h<\/td>\n<td style=\"text-align: center; width: 35.7353%;\" data-col-size=\"sm\" data-start=\"766\" data-end=\"789\">4 h<\/td>\n<\/tr>\n<\/tbody>\n<\/table>\n<div class=\"sticky end-(--thread-content-margin) h-0 self-end select-none\">\n<h5><strong>\ud83d\udd52 Horaris: <\/strong><a href=\"https:\/\/agora.xtec.cat\/cfalaverneda\/wp-content\/uploads\/usu1193\/2025\/06\/ETransp.png\"><img loading=\"lazy\" decoding=\"async\" class=\"aligncenter wp-image-2690 size-full\" src=\"https:\/\/agora.xtec.cat\/cfalaverneda\/wp-content\/uploads\/usu1193\/2025\/06\/ETransp-e1751135767112.png\" alt=\"\" width=\"543\" height=\"234\" srcset=\"https:\/\/agora.xtec.cat\/cfalaverneda\/wp-content\/uploads\/usu1193\/2025\/06\/ETransp-e1751135767112.png 543w, https:\/\/agora.xtec.cat\/cfalaverneda\/wp-content\/uploads\/usu1193\/2025\/06\/ETransp-e1751135767112-300x129.png 300w\" sizes=\"auto, (max-width: 543px) 100vw, 543px\" \/><\/a><\/h5>\n<p><span style=\"font-size: 1.2em; font-weight: bold;\">Curr\u00edculum<\/span><\/p>\n<\/div>\n<\/div>\n<\/div>\n<div style=\"text-align: justify;\"><span style=\"font-size: medium; color: #000000;\"><span style=\"font-size: medium; color: #000000;\"><span style=\"font-family: trebuchet ms,sans-serif;\">El curr\u00edculum de compet\u00e8ncia digital COMPETIC s&#8217;ha regulat mitjan\u00e7ant la <\/span><a style=\"color: #000000;\" href=\"http:\/\/educacio.gencat.cat\/documents\/PC\/ComunicacionsCentres\/Curriculums_ensenyaments_informatica.pdf\" rel=\"nofollow\">RESOLUCI\u00d3 de 19 de juny de 2012<\/a><span style=\"font-family: trebuchet ms,sans-serif;\">, per la qual s\u2019estableixen els curr\u00edculums dels ensenyaments d\u2019inform\u00e0tica d\u2019aplicaci\u00f3 als centres i aules de formaci\u00f3 de persones adultes, que depenen del Departament d\u2019Ensenyament.<\/span><\/span><\/span><span style=\"font-family: trebuchet ms,sans-serif;\">El curr\u00edculum de compet\u00e8ncia digital COMPETIC \u00e9s una adaptaci\u00f3 a<a style=\"color: #000000;\" href=\"http:\/\/acticweb.gencat.cat\/web\/.content\/01_informacio\/documents\/arxius\/ordre_emo_417_2012.pdf\" target=\"_blank\" rel=\"nofollow noopener noreferrer\"> l&#8217;ordre EMO\/417\/2012<\/a>, de 27 de novembre, per la qual es revisen i s\u2019actualitzen els continguts de les compet\u00e8ncies digitals detallats en <a style=\"color: #000000;\" href=\"http:\/\/ves.cat\/eufZ\" rel=\"nofollow\">l\u2019annex 2 del Decret 89\/2009<\/a>, de 9 de juny, pel qual es regula l\u2019acreditaci\u00f3 de compet\u00e8ncies en tecnologies de la informaci\u00f3 i la comunicaci\u00f3 <a style=\"color: #000000;\" href=\"http:\/\/ves.cat\/euf6\" rel=\"nofollow\">(ACTIC)<\/a>.<\/span><\/div>\n<div style=\"text-align: justify;\"><span style=\"font-family: trebuchet ms,sans-serif; font-size: medium; color: #000000;\">Ordre <a style=\"color: #000000;\" href=\"http:\/\/www20.gencat.cat\/portal\/site\/portaldogc\/menuitem.c973d2fc58aa0083e4492d92b0c0e1a0\/?vgnextoid=485946a6e5dfe210VgnVCM1000000b0c1e0aRCRD&amp;appInstanceName=default&amp;action=fitxa&amp;documentId=649126&amp;language=ca_ES\" target=\"_blank\" rel=\"nofollow noopener noreferrer\">ENS\/290\/2013, de 12 de novembre de 2013<\/a>, per la qual s&#8217;estableix l&#8217;equival\u00e8ncia entre els certificats de compet\u00e8ncia digital (COMPETIC) de l&#8217;educaci\u00f3 de persones adultes i els certificats de l\u2019acreditaci\u00f3 de compet\u00e8ncies en tecnologies de la informaci\u00f3 i la comunicaci\u00f3 (ACTIC)<\/span><\/div>\n<div style=\"text-align: justify;\"><span style=\"font-family: trebuchet ms,sans-serif; color: #000000;\"><span style=\"font-size: medium;\"><a style=\"color: #000000;\" href=\"http:\/\/www20.gencat.cat\/portal\/site\/portaldogc\/menuitem.c973d2fc58aa0083e4492d92b0c0e1a0\/?vgnextoid=485946a6e5dfe210VgnVCM1000000b0c1e0aRCRD&amp;appInstanceName=default&amp;action=fitxa&amp;documentId=661212&amp;language=ca_ES\" target=\"_blank\" rel=\"nofollow noopener noreferrer\">Resoluci\u00f3 ENS\/924\/2014, de 23 d&#8217;abril<\/a><b>,<\/b>\u00a0<\/span><span style=\"font-size: medium;\">per la qual s&#8217;estableix el procediment d&#8217;avaluaci\u00f3 i certificaci\u00f3 dels ensenyaments de compet\u00e8ncia digital a l&#8217;educaci\u00f3 d&#8217;adults.\u00a0<\/span><span style=\"font-size: medium;\">(DOGC n\u00fam. 6614, de\u00a02.5.2014)<\/span><\/span><\/div>\n<div style=\"text-align: justify;\"><\/div>\n<div style=\"text-align: justify;\"><a href=\"https:\/\/docs.google.com\/presentation\/d\/1h0OgAsQ_EdoeaZQ0Rus5DK7DzpIBlA-ZEWuXYMNzDow\/edit#slide=id.p7\">https:\/\/docs.google.com\/presentation\/d\/1h0OgAsQ_EdoeaZQ0Rus5DK7DzpIBlA-ZEWuXYMNzDow\/edit#slide=id.p7<\/a><\/div>\n<div><\/div>\n<h5>Recursos<\/h5>\n<p><a href=\"https:\/\/sites.google.com\/a\/xtec.cat\/competic-fpa\/home\">https:\/\/sites.google.com\/a\/xtec.cat\/competic-fpa\/home<\/a><\/p>\n<ul>\n<li>Aula virtual<\/li>\n<li>Avaluaci\u00f3<\/li>\n<\/ul>\n<p><a href=\"https:\/\/sites.google.com\/a\/xtec.cat\/competic-fpa\/home\">https:\/\/sites.google.com\/a\/xtec.cat\/competic-fpa\/home<\/a><\/p>\n<ul>\n<li>Promoci\u00f3 de curs i\/o obtenci\u00f3 de certificaci\u00f3<\/li>\n<\/ul>\n<p><a href=\"https:\/\/sites.google.com\/a\/xtec.cat\/competic-fpa\/home\">https:\/\/sites.google.com\/a\/xtec.cat\/competic-fpa\/home<\/a><\/p>\n<p>Complementa la teva formaci\u00f3 en compet\u00e8ncia digital:<\/p>\n<p><iframe loading=\"lazy\" src=\"https:\/\/agora.xtec.cat\/cfalaverneda\/wp-content\/uploads\/usu1193\/2025\/12\/Capacitacio-DIGITAL-GUIA.pdf\" width=\"800\" height=\"700\"><\/iframe><\/p>\n<p><!----comment node----><!--a=1--><\/p>\n<p><!----comment node----><!--a=1--><\/p>\n<p><!----comment node----><!--a=1--><\/p>\n<p><!----comment node----><!--a=1--><\/p>\n","protected":false},"excerpt":{"rendered":"<p>L\u2019ensenyament de Compet\u00e8ncia digital (COMPETIC) t\u00e9 com a objectiu dotar l\u2019alumnat adult de les habilitats i coneixements necessaris per utilitzar les tecnologies de la informaci\u00f3 i la comunicaci\u00f3 de manera aut\u00f2noma, cr\u00edtica i segura. S\u2019ofereixen diversos nivells progressius (Inicial, 1, 2 i 3), que permeten des de familiaritzar-se amb l\u2019\u00fas b\u00e0sic de l\u2019ordinador i Internet [&hellip;]<\/p>\n","protected":false},"author":1,"featured_media":0,"parent":286,"menu_order":0,"comment_status":"closed","ping_status":"closed","template":"","meta":{"_bbp_topic_count":0,"_bbp_reply_count":0,"_bbp_total_topic_count":0,"_bbp_total_reply_count":0,"_bbp_voice_count":0,"_bbp_anonymous_reply_count":0,"_bbp_topic_count_hidden":0,"_bbp_reply_count_hidden":0,"_bbp_forum_subforum_count":0,"site-sidebar-layout":"default","site-content-layout":"","ast-site-content-layout":"default","site-content-style":"default","site-sidebar-style":"default","ast-global-header-display":"","ast-banner-title-visibility":"","ast-main-header-display":"","ast-hfb-above-header-display":"","ast-hfb-below-header-display":"","ast-hfb-mobile-header-display":"","site-post-title":"","ast-breadcrumbs-content":"","ast-featured-img":"","footer-sml-layout":"","theme-transparent-header-meta":"default","adv-header-id-meta":"","stick-header-meta":"","header-above-stick-meta":"","header-main-stick-meta":"","header-below-stick-meta":"","astra-migrate-meta-layouts":"set","ast-page-background-enabled":"default","ast-page-background-meta":{"desktop":{"background-color":"var(--ast-global-color-4)","background-image":"","background-repeat":"repeat","background-position":"center center","background-size":"auto","background-attachment":"scroll","background-type":"","background-media":"","overlay-type":"","overlay-color":"","overlay-opacity":"","overlay-gradient":""},"tablet":{"background-color":"","background-image":"","background-repeat":"repeat","background-position":"center center","background-size":"auto","background-attachment":"scroll","background-type":"","background-media":"","overlay-type":"","overlay-color":"","overlay-opacity":"","overlay-gradient":""},"mobile":{"background-color":"","background-image":"","background-repeat":"repeat","background-position":"center center","background-size":"auto","background-attachment":"scroll","background-type":"","background-media":"","overlay-type":"","overlay-color":"","overlay-opacity":"","overlay-gradient":""}},"ast-content-background-meta":{"desktop":{"background-color":"var(--ast-global-color-5)","background-image":"","background-repeat":"repeat","background-position":"center center","background-size":"auto","background-attachment":"scroll","background-type":"","background-media":"","overlay-type":"","overlay-color":"","overlay-opacity":"","overlay-gradient":""},"tablet":{"background-color":"var(--ast-global-color-5)","background-image":"","background-repeat":"repeat","background-position":"center center","background-size":"auto","background-attachment":"scroll","background-type":"","background-media":"","overlay-type":"","overlay-color":"","overlay-opacity":"","overlay-gradient":""},"mobile":{"background-color":"var(--ast-global-color-5)","background-image":"","background-repeat":"repeat","background-position":"center center","background-size":"auto","background-attachment":"scroll","background-type":"","background-media":"","overlay-type":"","overlay-color":"","overlay-opacity":"","overlay-gradient":""}},"footnotes":""},"class_list":["post-316","page","type-page","status-publish","hentry"],"post_mailing_queue_ids":[],"_links":{"self":[{"href":"https:\/\/agora.xtec.cat\/cfalaverneda\/wp-json\/wp\/v2\/pages\/316","targetHints":{"allow":["GET"]}}],"collection":[{"href":"https:\/\/agora.xtec.cat\/cfalaverneda\/wp-json\/wp\/v2\/pages"}],"about":[{"href":"https:\/\/agora.xtec.cat\/cfalaverneda\/wp-json\/wp\/v2\/types\/page"}],"author":[{"embeddable":true,"href":"https:\/\/agora.xtec.cat\/cfalaverneda\/wp-json\/wp\/v2\/users\/1"}],"replies":[{"embeddable":true,"href":"https:\/\/agora.xtec.cat\/cfalaverneda\/wp-json\/wp\/v2\/comments?post=316"}],"version-history":[{"count":6,"href":"https:\/\/agora.xtec.cat\/cfalaverneda\/wp-json\/wp\/v2\/pages\/316\/revisions"}],"predecessor-version":[{"id":3132,"href":"https:\/\/agora.xtec.cat\/cfalaverneda\/wp-json\/wp\/v2\/pages\/316\/revisions\/3132"}],"up":[{"embeddable":true,"href":"https:\/\/agora.xtec.cat\/cfalaverneda\/wp-json\/wp\/v2\/pages\/286"}],"wp:attachment":[{"href":"https:\/\/agora.xtec.cat\/cfalaverneda\/wp-json\/wp\/v2\/media?parent=316"}],"curies":[{"name":"wp","href":"https:\/\/api.w.org\/{rel}","templated":true}]}}