{"id":312,"date":"2015-01-28T11:32:38","date_gmt":"2015-01-28T10:32:38","guid":{"rendered":"http:\/\/agora.xtec.cat\/cfalaverneda\/?page_id=312"},"modified":"2025-06-30T18:21:32","modified_gmt":"2025-06-30T16:21:32","slug":"llengua-anglesa","status":"publish","type":"page","link":"https:\/\/agora.xtec.cat\/cfalaverneda\/ensenyaments\/ensenyaments-transprofessionals\/llengua-anglesa\/","title":{"rendered":"Llengua anglesa"},"content":{"rendered":"<div class=\"entry-content\">\n<p style=\"text-align: justify;\"><a href=\"https:\/\/agora.xtec.cat\/cfalaverneda\/wp-content\/uploads\/usu1193\/2025\/06\/Etiqueta-adults-04.png\"><img loading=\"lazy\" decoding=\"async\" class=\"alignright wp-image-2864\" src=\"https:\/\/agora.xtec.cat\/cfalaverneda\/wp-content\/uploads\/usu1193\/2025\/06\/Etiqueta-adults-04-150x150.png\" alt=\"\" width=\"200\" height=\"200\" srcset=\"https:\/\/agora.xtec.cat\/cfalaverneda\/wp-content\/uploads\/usu1193\/2025\/06\/Etiqueta-adults-04-150x150.png 150w, https:\/\/agora.xtec.cat\/cfalaverneda\/wp-content\/uploads\/usu1193\/2025\/06\/Etiqueta-adults-04.png 271w\" sizes=\"auto, (max-width: 200px) 100vw, 200px\" \/><\/a>L\u2019ensenyament de <strong data-start=\"193\" data-end=\"212\">llengua anglesa<\/strong> al centre s\u2019adre\u00e7a a persones adultes que volen <strong data-start=\"261\" data-end=\"317\">comen\u00e7ar o continuar el seu aprenentatge de l\u2019angl\u00e8s<\/strong> per millorar la comunicaci\u00f3 en situacions quotidianes, laborals o de viatge. Oferim cursos <strong data-start=\"409\" data-end=\"444\">introductoris i de nivell b\u00e0sic<\/strong> (Angl\u00e8s I, II i III) basats en una metodologia pr\u00e0ctica i participativa, que posa l\u2019accent en la <strong data-start=\"542\" data-end=\"573\">comprensi\u00f3 i expressi\u00f3 oral<\/strong>, sense deixar de banda la lectura i l\u2019escriptura. Les classes es fan en grups redu\u00efts i fomenten la conversa, el vocabulari \u00fatil i la confian\u00e7a per <strong data-start=\"722\" data-end=\"758\" data-wp-editing=\"1\">utilitzar l\u2019angl\u00e8s amb seguretat<\/strong>. Aquests cursos et poden ajudar a <strong data-start=\"793\" data-end=\"814\">guanyar autonomia<\/strong>, continuar formant-te o accedir a altres estudis o oportunitats.<\/p>\n<div class=\"_tableContainer_80l1q_1\"><\/div>\n<h6>Nivells<\/h6>\n<p>Angl\u00e8s 1 (A1) &#8211; Grup de tarda<br \/>\nAngl\u00e8s 2 (A2.1) &#8211; Grup de tarda<br \/>\nAngl\u00e8s 3 (A2.2) &#8211; Grup de tarda<\/p>\n<h6>Durada<\/h6>\n<div class=\"_tableContainer_80l1q_1\">\n<div class=\"_tableWrapper_80l1q_14 group flex w-fit flex-col-reverse\" tabindex=\"-1\">\n<table class=\"w-fit min-w-(--thread-content-width)\" data-start=\"524\" data-end=\"891\">\n<thead data-start=\"524\" data-end=\"595\">\n<tr data-start=\"524\" data-end=\"595\">\n<th data-start=\"524\" data-end=\"544\" data-col-size=\"sm\"><strong data-start=\"526\" data-end=\"536\">Nivell<\/strong><\/th>\n<th data-start=\"544\" data-end=\"572\" data-col-size=\"sm\"><strong data-start=\"546\" data-end=\"571\">Hores lectives anuals<\/strong><\/th>\n<th data-start=\"572\" data-end=\"595\" data-col-size=\"sm\"><strong data-start=\"574\" data-end=\"593\">Hores setmanals<\/strong><\/th>\n<\/tr>\n<\/thead>\n<tbody data-start=\"670\" data-end=\"891\">\n<tr data-start=\"670\" data-end=\"743\">\n<td style=\"text-align: center;\" data-start=\"670\" data-end=\"690\" data-col-size=\"sm\">Angl\u00e8s 1 (A1)<\/td>\n<td style=\"text-align: center;\" data-col-size=\"sm\" data-start=\"690\" data-end=\"719\">105 h<\/td>\n<td style=\"text-align: center;\" data-col-size=\"sm\" data-start=\"719\" data-end=\"743\">3 h \/ setmana<\/td>\n<\/tr>\n<tr data-start=\"744\" data-end=\"817\">\n<td style=\"text-align: center;\" data-start=\"744\" data-end=\"764\" data-col-size=\"sm\">Angl\u00e8s 2 (A2.1)<\/td>\n<td style=\"text-align: center;\" data-col-size=\"sm\" data-start=\"764\" data-end=\"793\">140 h<\/td>\n<td style=\"text-align: center;\" data-col-size=\"sm\" data-start=\"793\" data-end=\"817\">4 h \/ setmana<\/td>\n<\/tr>\n<tr data-start=\"818\" data-end=\"891\">\n<td style=\"text-align: center;\" data-start=\"818\" data-end=\"838\" data-col-size=\"sm\">Angl\u00e8s 3 (A2.2)<\/td>\n<td style=\"text-align: center;\" data-col-size=\"sm\" data-start=\"838\" data-end=\"867\">140 h<\/td>\n<td style=\"text-align: center;\" data-col-size=\"sm\" data-start=\"867\" data-end=\"891\">4 h \/ setmana<\/td>\n<\/tr>\n<\/tbody>\n<\/table>\n<\/div>\n<\/div>\n<div class=\"_tableContainer_80l1q_1\">\n<div class=\"_tableWrapper_80l1q_14 group flex w-fit flex-col-reverse\" tabindex=\"-1\"><\/div>\n<\/div>\n<h5><strong>\ud83d\udd52 Horaris:<\/strong><a href=\"https:\/\/agora.xtec.cat\/cfalaverneda\/wp-content\/uploads\/usu1193\/2025\/06\/ETransp1.png\"><img loading=\"lazy\" decoding=\"async\" class=\"aligncenter wp-image-3015 size-full\" src=\"https:\/\/agora.xtec.cat\/cfalaverneda\/wp-content\/uploads\/usu1193\/2025\/06\/ETransp1-e1751300482775.png\" alt=\"\" width=\"543\" height=\"232\" srcset=\"https:\/\/agora.xtec.cat\/cfalaverneda\/wp-content\/uploads\/usu1193\/2025\/06\/ETransp1-e1751300482775.png 543w, https:\/\/agora.xtec.cat\/cfalaverneda\/wp-content\/uploads\/usu1193\/2025\/06\/ETransp1-e1751300482775-300x128.png 300w\" sizes=\"auto, (max-width: 543px) 100vw, 543px\" \/><\/a><\/h5>\n<h6>Curr\u00edculum<\/h6>\n<p style=\"text-align: justify;\">RESOLUCI\u00d3 de 10 de maig de 2013, per la qual s\u2019estableixen els curr\u00edculums dels ensenyaments corresponents a llengua catalana i castellana, llengua occitana, denominada aran\u00e8s a l\u2019Aran, i a les lleng\u00fces estrangeres, d\u2019aplicaci\u00f3 als centres de formaci\u00f3 d\u2019adults que depenen del Departament d\u2019Ensenyament.<\/p>\n<p><strong><a href=\"http:\/\/dogc.gencat.cat\/ca\/pdogc_canals_interns\/pdogc_resultats_fitxa\/?action=fitxa&amp;mode=single&amp;documentId=821281&amp;language=ca_ES\" target=\"_blank\" rel=\"noopener noreferrer\">RESOLUCI\u00d3 ENS\/1403\/2018, de 21 de juny<\/a><\/strong>, per la qual s\u2019estableix el curr\u00edculum de lleng\u00fces estrangeres als centres de formaci\u00f3 d\u2019adults del Departament d\u2019Ensenyament.<\/p>\n<h6>Recursos<\/h6>\n<p>Llibre de text amb extensi\u00f3 digital.<\/p>\n<p><a href=\"https:\/\/sites.google.com\/view\/profe360\/omg-english?authuser=2\">Profe360.org<\/a><\/p>\n<h6>Aula virtual<\/h6>\n<p>Tots els cursos d&#8217;angl\u00e8s compten amb un entorn virtual d&#8217;aprenentatge de Google Classroom.<\/p>\n<h6>Avaluaci\u00f3<\/h6>\n<p style=\"text-align: justify;\">Es considerar\u00e0 que l\u2019alumnat ha superat un nivell d\u2019una llengua quan hagi assolit els objectius corresponents, en aquest cas rebr\u00e0 la qualificaci\u00f3 d\u2019\u201cApte\u201d. En cas contrari, se\u2019l qualificar\u00e0 com a \u201cNo apte\u201d del nivell corresponent. La superaci\u00f3 de cadascun dels nivells de les diferents lleng\u00fces dona dret a l\u2019obtenci\u00f3 d\u2019un certificat acreditatiu em\u00e8s pel centre de formaci\u00f3 d\u2019adults, en qu\u00e8 es far\u00e0 constar, si escau, la correspond\u00e8ncia del nivell assolit amb el seu equivalent segons el Marc Europeu Com\u00fa de Refer\u00e8ncia per a les Lleng\u00fces.<\/p>\n<\/div>\n<p><!----comment node----><!--a=1--><\/p>\n<p><!----comment node----><!--a=1--><\/p>\n<p><!----comment node----><!--a=1--><!--a=1--><\/p>\n<p><!----comment node----><!--a=1--><\/p>\n","protected":false},"excerpt":{"rendered":"<p>L\u2019ensenyament de llengua anglesa al centre s\u2019adre\u00e7a a persones adultes que volen comen\u00e7ar o continuar el seu aprenentatge de l\u2019angl\u00e8s per millorar la comunicaci\u00f3 en situacions quotidianes, laborals o de viatge. Oferim cursos introductoris i de nivell b\u00e0sic (Angl\u00e8s I, II i III) basats en una metodologia pr\u00e0ctica i participativa, que posa l\u2019accent en la [&hellip;]<\/p>\n","protected":false},"author":1,"featured_media":0,"parent":286,"menu_order":0,"comment_status":"closed","ping_status":"closed","template":"","meta":{"_bbp_topic_count":0,"_bbp_reply_count":0,"_bbp_total_topic_count":0,"_bbp_total_reply_count":0,"_bbp_voice_count":0,"_bbp_anonymous_reply_count":0,"_bbp_topic_count_hidden":0,"_bbp_reply_count_hidden":0,"_bbp_forum_subforum_count":0,"site-sidebar-layout":"default","site-content-layout":"","ast-site-content-layout":"default","site-content-style":"default","site-sidebar-style":"default","ast-global-header-display":"","ast-banner-title-visibility":"","ast-main-header-display":"","ast-hfb-above-header-display":"","ast-hfb-below-header-display":"","ast-hfb-mobile-header-display":"","site-post-title":"","ast-breadcrumbs-content":"","ast-featured-img":"","footer-sml-layout":"","theme-transparent-header-meta":"default","adv-header-id-meta":"","stick-header-meta":"","header-above-stick-meta":"","header-main-stick-meta":"","header-below-stick-meta":"","astra-migrate-meta-layouts":"set","ast-page-background-enabled":"default","ast-page-background-meta":{"desktop":{"background-color":"var(--ast-global-color-4)","background-image":"","background-repeat":"repeat","background-position":"center center","background-size":"auto","background-attachment":"scroll","background-type":"","background-media":"","overlay-type":"","overlay-color":"","overlay-opacity":"","overlay-gradient":""},"tablet":{"background-color":"","background-image":"","background-repeat":"repeat","background-position":"center center","background-size":"auto","background-attachment":"scroll","background-type":"","background-media":"","overlay-type":"","overlay-color":"","overlay-opacity":"","overlay-gradient":""},"mobile":{"background-color":"","background-image":"","background-repeat":"repeat","background-position":"center center","background-size":"auto","background-attachment":"scroll","background-type":"","background-media":"","overlay-type":"","overlay-color":"","overlay-opacity":"","overlay-gradient":""}},"ast-content-background-meta":{"desktop":{"background-color":"var(--ast-global-color-5)","background-image":"","background-repeat":"repeat","background-position":"center center","background-size":"auto","background-attachment":"scroll","background-type":"","background-media":"","overlay-type":"","overlay-color":"","overlay-opacity":"","overlay-gradient":""},"tablet":{"background-color":"var(--ast-global-color-5)","background-image":"","background-repeat":"repeat","background-position":"center center","background-size":"auto","background-attachment":"scroll","background-type":"","background-media":"","overlay-type":"","overlay-color":"","overlay-opacity":"","overlay-gradient":""},"mobile":{"background-color":"var(--ast-global-color-5)","background-image":"","background-repeat":"repeat","background-position":"center center","background-size":"auto","background-attachment":"scroll","background-type":"","background-media":"","overlay-type":"","overlay-color":"","overlay-opacity":"","overlay-gradient":""}},"footnotes":""},"class_list":["post-312","page","type-page","status-publish","hentry"],"post_mailing_queue_ids":[],"_links":{"self":[{"href":"https:\/\/agora.xtec.cat\/cfalaverneda\/wp-json\/wp\/v2\/pages\/312","targetHints":{"allow":["GET"]}}],"collection":[{"href":"https:\/\/agora.xtec.cat\/cfalaverneda\/wp-json\/wp\/v2\/pages"}],"about":[{"href":"https:\/\/agora.xtec.cat\/cfalaverneda\/wp-json\/wp\/v2\/types\/page"}],"author":[{"embeddable":true,"href":"https:\/\/agora.xtec.cat\/cfalaverneda\/wp-json\/wp\/v2\/users\/1"}],"replies":[{"embeddable":true,"href":"https:\/\/agora.xtec.cat\/cfalaverneda\/wp-json\/wp\/v2\/comments?post=312"}],"version-history":[{"count":6,"href":"https:\/\/agora.xtec.cat\/cfalaverneda\/wp-json\/wp\/v2\/pages\/312\/revisions"}],"predecessor-version":[{"id":3016,"href":"https:\/\/agora.xtec.cat\/cfalaverneda\/wp-json\/wp\/v2\/pages\/312\/revisions\/3016"}],"up":[{"embeddable":true,"href":"https:\/\/agora.xtec.cat\/cfalaverneda\/wp-json\/wp\/v2\/pages\/286"}],"wp:attachment":[{"href":"https:\/\/agora.xtec.cat\/cfalaverneda\/wp-json\/wp\/v2\/media?parent=312"}],"curies":[{"name":"wp","href":"https:\/\/api.w.org\/{rel}","templated":true}]}}