{"id":303,"date":"2015-01-28T11:23:05","date_gmt":"2015-01-28T10:23:05","guid":{"rendered":"http:\/\/agora.xtec.cat\/cfalaverneda\/?page_id=303"},"modified":"2025-09-22T10:59:16","modified_gmt":"2025-09-22T08:59:16","slug":"graduat-en-educacio-secundaria-per-adults","status":"publish","type":"page","link":"https:\/\/agora.xtec.cat\/cfalaverneda\/ensenyaments\/ensenyaments-inicials-i-formacio-basica\/graduat-en-educacio-secundaria-per-adults\/","title":{"rendered":"Graduat en educaci\u00f3 secundaria per a adults (GES)"},"content":{"rendered":"<h5><strong>Qu\u00e8 \u00e9s?<\/strong><\/h5>\n<p style=\"text-align: justify;\"><a href=\"https:\/\/agora.xtec.cat\/cfalaverneda\/wp-content\/uploads\/usu1193\/2025\/06\/Etiqueta-adults-01-GESO.png\"><img loading=\"lazy\" decoding=\"async\" class=\"alignright wp-image-2863\" src=\"https:\/\/agora.xtec.cat\/cfalaverneda\/wp-content\/uploads\/usu1193\/2025\/06\/Etiqueta-adults-01-GESO.png\" alt=\"\" width=\"200\" height=\"200\" srcset=\"https:\/\/agora.xtec.cat\/cfalaverneda\/wp-content\/uploads\/usu1193\/2025\/06\/Etiqueta-adults-01-GESO.png 271w, https:\/\/agora.xtec.cat\/cfalaverneda\/wp-content\/uploads\/usu1193\/2025\/06\/Etiqueta-adults-01-GESO-150x150.png 150w\" sizes=\"auto, (max-width: 200px) 100vw, 200px\" \/><\/a><\/p>\n<p data-start=\"297\" data-end=\"546\">El <strong data-start=\"300\" data-end=\"308\">GESO<\/strong>\u00a0\u00e9s l\u2019ensenyament adre\u00e7at a persones adultes que volen obtenir el <strong data-start=\"374\" data-end=\"420\">Graduat en Educaci\u00f3 Secund\u00e0ria Obligat\u00f2ria<\/strong>, equivalent a l\u2019<strong data-start=\"437\" data-end=\"444\">ESO<\/strong>. Aquest t\u00edtol <strong data-start=\"459\" data-end=\"545\">permet l\u2019acc\u00e9s al batxillerat, als cicles formatius de grau mitj\u00e0 o al m\u00f3n laboral<\/strong>.<\/p>\n<p data-start=\"548\" data-end=\"875\">La formaci\u00f3 s\u2019organitza en <strong data-start=\"575\" data-end=\"621\">m\u00f2duls trimestrals agrupats en tres \u00e0mbits<\/strong>: <strong data-start=\"623\" data-end=\"669\">Comunicaci\u00f3, Cient\u00edfic-tecnol\u00f2gic i Social<\/strong>. L\u2019avaluaci\u00f3 \u00e9s <strong data-start=\"686\" data-end=\"698\">cont\u00ednua<\/strong>, l\u2019<strong data-start=\"702\" data-end=\"732\">assist\u00e8ncia \u00e9s obligat\u00f2ria<\/strong>, i es requereix <strong data-start=\"749\" data-end=\"785\">una dedicaci\u00f3 de 3 hores di\u00e0ries<\/strong>, de dilluns a divendres. Alguns <strong data-start=\"818\" data-end=\"838\">m\u00f2duls opcionals<\/strong> es cursen fora de l\u2019horari habitual.<\/p>\n<h5 style=\"text-align: justify;\"><strong>\ud83c\udf93 Durada dels estudis<\/strong><\/h5>\n<p data-start=\"909\" data-end=\"1014\">La durada total del programa \u00e9s de <strong data-start=\"944\" data-end=\"959\">1.190 hores<\/strong>. El GESO es pot cursar en <strong data-start=\"986\" data-end=\"1005\">un o dos cursos<\/strong>, segons:<\/p>\n<ul data-start=\"1016\" data-end=\"1300\">\n<li data-start=\"1016\" data-end=\"1124\">\n<p data-start=\"1018\" data-end=\"1124\"><strong data-start=\"1018\" data-end=\"1028\">1 curs<\/strong>: si la persona ha superat tot 3r d\u2019ESO, tot 1r de BUP, tot 1r d\u2019FP o t\u00e9 el <strong data-start=\"1104\" data-end=\"1123\">Graduat Escolar<\/strong>.<\/p>\n<\/li>\n<li data-start=\"1125\" data-end=\"1223\">\n<p data-start=\"1127\" data-end=\"1223\"><strong data-start=\"1127\" data-end=\"1143\">1 o 2 cursos<\/strong>: segons el resultat de la <strong data-start=\"1170\" data-end=\"1197\">prova inicial de nivell<\/strong> que es pot fer al centre.<\/p>\n<\/li>\n<li data-start=\"1224\" data-end=\"1300\">\n<p data-start=\"1226\" data-end=\"1300\">\u00c9s possible <strong data-start=\"1238\" data-end=\"1259\">convalidar \u00e0mbits<\/strong> amb certificats d\u2019ESO, batxillerat o FP.<\/p>\n<\/li>\n<\/ul>\n<h5><strong>\ud83d\udd52 Horaris: m<\/strong><strong>at\u00ed de 10h a 13h i t<\/strong><strong>arda de 18h a 21h<\/strong><a href=\"https:\/\/agora.xtec.cat\/cfalaverneda\/wp-content\/uploads\/usu1193\/2025\/06\/GESO.png\"><img loading=\"lazy\" decoding=\"async\" class=\"aligncenter wp-image-2691 size-full\" src=\"https:\/\/agora.xtec.cat\/cfalaverneda\/wp-content\/uploads\/usu1193\/2025\/06\/GESO-e1751135016845.png\" alt=\"\" width=\"624\" height=\"194\" srcset=\"https:\/\/agora.xtec.cat\/cfalaverneda\/wp-content\/uploads\/usu1193\/2025\/06\/GESO-e1751135016845.png 624w, https:\/\/agora.xtec.cat\/cfalaverneda\/wp-content\/uploads\/usu1193\/2025\/06\/GESO-e1751135016845-300x93.png 300w\" sizes=\"auto, (max-width: 624px) 100vw, 624px\" \/><\/a><\/h5>\n<p><a href=\"https:\/\/agora.xtec.cat\/cfalaverneda\/wp-content\/uploads\/usu1193\/2025\/06\/Moduls-del-GESO-1.png\"><img loading=\"lazy\" decoding=\"async\" class=\"aligncenter wp-image-2998\" src=\"https:\/\/agora.xtec.cat\/cfalaverneda\/wp-content\/uploads\/usu1193\/2025\/06\/Moduls-del-GESO-1.png\" alt=\"\" width=\"624\" height=\"365\" srcset=\"https:\/\/agora.xtec.cat\/cfalaverneda\/wp-content\/uploads\/usu1193\/2025\/06\/Moduls-del-GESO-1.png 1242w, https:\/\/agora.xtec.cat\/cfalaverneda\/wp-content\/uploads\/usu1193\/2025\/06\/Moduls-del-GESO-1-300x175.png 300w, https:\/\/agora.xtec.cat\/cfalaverneda\/wp-content\/uploads\/usu1193\/2025\/06\/Moduls-del-GESO-1-1024x599.png 1024w, https:\/\/agora.xtec.cat\/cfalaverneda\/wp-content\/uploads\/usu1193\/2025\/06\/Moduls-del-GESO-1-768x449.png 768w\" sizes=\"auto, (max-width: 624px) 100vw, 624px\" \/><\/a><\/p>\n<table style=\"width: 97.8879%; border-color: #000000; border-style: outset; height: 348px;\" width=\"97.8879%\">\n<tbody>\n<tr style=\"border-color: #000000; border-style: outset;\">\n<td style=\"width: 201.922px; border-color: #000000; border-style: outset; height: 348px;\" rowspan=\"2\">\n<h6 data-start=\"1624\" data-end=\"1643\">\u270f\ufe0f\u00a0<strong>GES I Tarda<\/strong><\/h6>\n<h6>De 18h a<\/h6>\n<h6>21h<\/h6>\n<\/td>\n<td style=\"width: 216.859px; background-color: #f7caae; border-color: #000000; border-style: outset; text-align: center; height: 51px;\">\n<h6><span style=\"color: #000000;\"><strong>Dilluns<\/strong><\/span><\/h6>\n<\/td>\n<td style=\"width: 261.156px; background-color: #f7caae; border-color: #000000; border-style: outset; text-align: center; height: 51px;\">\n<h6><span style=\"color: #000000;\"><strong>Dimarts<\/strong><\/span><\/h6>\n<\/td>\n<td style=\"width: 202.484px; background-color: #f7caae; border-color: #000000; border-style: outset; text-align: center; height: 51px;\">\n<h6><span style=\"color: #000000;\"><strong>Dimecres<\/strong><\/span><\/h6>\n<\/td>\n<td style=\"width: 246.234px; background-color: #f7caae; border-color: #000000; border-style: outset; text-align: center; height: 51px;\">\n<h6><span style=\"color: #000000;\"><strong>Dijous<\/strong><\/span><\/h6>\n<\/td>\n<td style=\"width: 30px; background-color: #f7caae; border-color: #000000; border-style: outset; text-align: center; height: 51px;\">\n<h6><span style=\"color: #000000;\"><strong>Divendres<\/strong><\/span><\/h6>\n<\/td>\n<\/tr>\n<tr style=\"border-color: #000000; border-style: outset;\">\n<td style=\"width: 216.859px; border-color: #000000; border-style: solid; text-align: center; height: 297px;\">HIST\u00d2RIA I<\/p>\n<p>(1r trimestre)<\/p>\n<p>GEOGRAFIA I<\/p>\n<p>(2n trimestre)<\/p>\n<p>CC.SS I<\/p>\n<p>(3r trimestre)<\/td>\n<td style=\"width: 261.156px; border-color: #000000; border-style: outset; text-align: center; height: 297px;\">MAT. I<\/p>\n<p>(1r trimestre)<\/p>\n<p>MAT. II<\/p>\n<p>(2n trimestre)<\/p>\n<p>F\u00cdSICA I QU\u00cdMICA<\/p>\n<p>(3r trimestre)<\/td>\n<td style=\"width: 202.484px; border-color: #000000; border-style: outset; text-align: center; height: 297px;\">ED. SALUT<\/p>\n<p>(1r trimestre)<\/p>\n<p>C. NATURALS<\/p>\n<p>(2n trimestre)<\/td>\n<td style=\"width: 246.234px; border-color: #000000; border-style: outset; text-align: center; height: 297px;\">CASTELL\u00c0 I<\/p>\n<p>(1r trimestre)<\/p>\n<p>CASTELL\u00c0 II<\/p>\n<p>(2n trimestre)<\/p>\n<p>LITERATURA (3r trimestre)<\/td>\n<td style=\"width: 202.594px; border-color: #000000; border-style: outset; text-align: center; height: 297px;\">CATAL\u00c0 I<\/p>\n<p>(1r trimestre)<\/p>\n<p>CATAL\u00c0 II<\/p>\n<p>(2n trimestre)<\/td>\n<\/tr>\n<\/tbody>\n<\/table>\n<h6 data-start=\"1624\" data-end=\"1643\"><\/h6>\n<table style=\"width: 98.0208%; border-color: #000000; border-style: outset;\" width=\"97.5065%\">\n<tbody>\n<tr style=\"border-color: #000000; border-style: outset;\">\n<td style=\"width: 14.9978%; border-color: #000000; border-style: outset;\" rowspan=\"2\">\n<h6 data-start=\"1624\" data-end=\"1643\">\u270f\ufe0f <strong>GES II Mat\u00ed<\/strong><\/h6>\n<h6>De 10h a 13h<\/h6>\n<\/td>\n<td style=\"width: 16.6901%; border-color: #000000; text-align: center; background-color: #fae4d5; border-style: solid;\">\n<h6><span style=\"color: #000000;\"><strong>Dilluns<\/strong><\/span><\/h6>\n<\/td>\n<td style=\"width: 19.368%; border-color: #000000; text-align: center; background-color: #fae4d5; border-style: solid;\" width=\"145\">\n<h6><span style=\"color: #000000;\"><strong>Dimarts<\/strong><\/span><\/h6>\n<\/td>\n<td style=\"width: 15.5379%; border-color: #000000; text-align: center; background-color: #fae4d5; border-style: solid;\" width=\"161\">\n<h6><span style=\"color: #000000;\"><strong>Dimecres<\/strong><\/span><\/h6>\n<\/td>\n<td style=\"width: 18.3566%; border-color: #000000; text-align: center; background-color: #fae4d5; border-style: solid;\" width=\"113\">\n<h6><span style=\"color: #000000;\"><strong>Dijous<\/strong><\/span><\/h6>\n<\/td>\n<td style=\"width: 35.4214%; border-color: #000000; text-align: center; background-color: #fae4d5; border-style: solid;\" width=\"85\">\n<h6><span style=\"color: #000000;\"><strong>Divendres<\/strong><\/span><\/h6>\n<\/td>\n<\/tr>\n<tr style=\"border-color: #000000; border-style: outset;\">\n<td style=\"width: 16.6901%; border-color: #000000; border-style: outset; text-align: center;\">LITERATURA CASTELLANA II<\/p>\n<p>(1r trimestre)<\/p>\n<p>CATAL\u00c0 III<\/p>\n<p>(2n trimestre)<\/p>\n<p>CASTELL\u00c0 III<\/p>\n<p>(3r trimestre)<\/td>\n<td style=\"width: 19.368%; border-color: #000000; border-style: outset; text-align: center;\" width=\"145\">ANGL\u00c8S II<\/p>\n<p>(1r trimestre)<\/p>\n<p>ANGL\u00c8S III<\/p>\n<p>(2n trimestre)<\/p>\n<p>LITERATURA CATALANA<\/p>\n<p>(3r trimestre)<\/td>\n<td style=\"width: 15.5379%; border-color: #000000; border-style: outset; text-align: center;\" width=\"161\">HIST\u00d2RIA II<\/p>\n<p>(1r trimestre)<\/p>\n<p>GEOGRAFIA II<\/p>\n<p>(2n trimestre)<\/p>\n<p>MOVIMENTS MIGRATORIS<\/p>\n<p>(3r trimestre)<\/td>\n<td style=\"width: 18.3566%; border-color: #000000; border-style: outset; text-align: center;\" width=\"113\">BIOLOGIA<\/p>\n<p>(1r trimestre)<\/p>\n<p>F\u00cdSICA i QU\u00cdMICA<\/p>\n<p>(2r trimestre)<\/p>\n<p>TECNOLOGIA<\/p>\n<p>(3r trimestre)<\/td>\n<td style=\"width: 35.4214%; border-color: #000000; border-style: outset; text-align: center;\" width=\"85\">MAT. III<\/p>\n<p>(1r trimestre)<\/p>\n<p>MAT. IV<\/p>\n<p>(2n trimestre)<\/td>\n<\/tr>\n<\/tbody>\n<\/table>\n<p>&nbsp;<\/p>\n<table style=\"width: 98.2937%; border-color: #000000; border-style: outset;\" width=\"96.0894%\">\n<tbody>\n<tr>\n<td style=\"width: 14.7799%; border-color: #000000; border-style: outset;\" rowspan=\"2\" width=\"92\">\n<h6 data-start=\"1624\" data-end=\"1643\">\u270f\ufe0f\u00a0<strong>GES II Tarda<\/strong><\/h6>\n<h6>De 18h a 21h<\/h6>\n<\/td>\n<td style=\"width: 17.1139%; border-color: #000000; text-align: center; background-color: #faece2; border-style: solid;\" width=\"89\">\n<h6><strong>Dilluns<\/strong><\/h6>\n<\/td>\n<td style=\"width: 19.3258%; border-color: #000000; text-align: center; background-color: #faece2; border-style: solid;\" width=\"151\">\n<h6><strong>Dimarts<\/strong><\/h6>\n<\/td>\n<td style=\"width: 15.7388%; border-color: #000000; text-align: center; background-color: #faece2; border-style: solid;\" width=\"178\">\n<h6><strong>Dimecres<\/strong><\/h6>\n<\/td>\n<td style=\"width: 17.7692%; border-color: #000000; text-align: center; background-color: #faece2; border-style: solid;\" width=\"98\">\n<h6><strong>Dijous<\/strong><\/h6>\n<\/td>\n<td style=\"width: 44.3098%; border-color: #000000; text-align: center; background-color: #faece2; border-style: solid;\" width=\"107\">\n<h6><strong>Divendres<\/strong><\/h6>\n<\/td>\n<\/tr>\n<tr>\n<td style=\"width: 17.1139%; border-color: #000000; border-style: outset; text-align: center;\" width=\"89\">MAT. III<\/p>\n<p>(1r trimestre)<\/p>\n<p>MAT. IV<\/p>\n<p>(2n trimestre)<\/p>\n<p>TECNOLOGIA<\/p>\n<p>(3r trimestre)<\/td>\n<td style=\"width: 19.3258%; border-color: #000000; border-style: outset; text-align: center;\" width=\"151\">HIST\u00d2RIA II<\/p>\n<p>(1r trimestre)<\/p>\n<p>GEOGRAFIA II<\/p>\n<p>(2n trimestre)<\/p>\n<p>MOVIMENTS MIGRATORIS<\/p>\n<p>(3r trimestre)<\/td>\n<td style=\"width: 15.7388%; border-color: #000000; border-style: outset; text-align: center;\" width=\"178\">LITERATURA CASTELLANA<\/p>\n<p>(1r trimestre)<\/p>\n<p>CATAL\u00c0 III<\/p>\n<p>(2n trimestre)<\/p>\n<p>CASTELL\u00c0 III<\/p>\n<p>(3r trimestre)<\/td>\n<td style=\"width: 17.7692%; border-color: #000000; border-style: outset; text-align: center;\" width=\"98\">ANGL\u00c8S II<\/p>\n<p>(1r trimestre)<\/p>\n<p>ANGL\u00c8S III<\/p>\n<p>(2n trimestre)<\/p>\n<p>LITERATURA CATALANA<\/p>\n<p>(3r trimestre)<\/td>\n<td style=\"width: 44.3098%; border-color: #000000; border-style: outset; text-align: center;\" width=\"107\">BIOLOGIA<\/p>\n<p>(1r trimestre)<\/p>\n<p>F\u00cdSICA i QU\u00cdMICA<\/p>\n<p>(2n trimestre)<\/td>\n<\/tr>\n<\/tbody>\n<\/table>\n<h5><strong>Curr\u00edculum<\/strong><\/h5>\n<p data-start=\"1405\" data-end=\"1622\">El programa es divideix en <strong data-start=\"1432\" data-end=\"1457\">34 m\u00f2duls trimestrals<\/strong>, dels quals <strong data-start=\"1470\" data-end=\"1501\">28 s\u00f3n comuns i 6 opcionals<\/strong>, distribu\u00efts en dos cursos escolars. A continuaci\u00f3, es mostra la distribuci\u00f3 dels m\u00f2duls comuns per \u00e0mbits i trimestres:<\/p>\n<h6 data-start=\"1624\" data-end=\"1643\">\u270f\ufe0f Primer curs<\/h6>\n<div class=\"_tableContainer_80l1q_1\">\n<div class=\"_tableWrapper_80l1q_14 group flex w-fit flex-col-reverse\" tabindex=\"-1\">\n<table class=\"w-fit min-w-(--thread-content-width)\" data-start=\"1645\" data-end=\"2455\">\n<thead data-start=\"1645\" data-end=\"1760\">\n<tr data-start=\"1645\" data-end=\"1760\">\n<th data-start=\"1645\" data-end=\"1667\" data-col-size=\"sm\">\u00c0mbit<\/th>\n<th data-start=\"1667\" data-end=\"1696\" data-col-size=\"sm\">1r trimestre<\/th>\n<th data-start=\"1696\" data-end=\"1723\" data-col-size=\"sm\">2n trimestre<\/th>\n<th data-start=\"1723\" data-end=\"1760\" data-col-size=\"sm\">3r trimestre<\/th>\n<\/tr>\n<\/thead>\n<tbody data-start=\"1876\" data-end=\"2455\">\n<tr data-start=\"1876\" data-end=\"1990\">\n<td style=\"text-align: center;\" data-start=\"1876\" data-end=\"1898\" data-col-size=\"sm\"><strong data-start=\"1878\" data-end=\"1893\">Comunicaci\u00f3<\/strong><\/td>\n<td style=\"text-align: center;\" data-col-size=\"sm\" data-start=\"1898\" data-end=\"1927\">Llengua catalana I<\/td>\n<td style=\"text-align: center;\" data-col-size=\"sm\" data-start=\"1927\" data-end=\"1954\">Llengua catalana II<\/td>\n<td style=\"text-align: center;\" data-col-size=\"sm\" data-start=\"1954\" data-end=\"1990\">Literatura<\/td>\n<\/tr>\n<tr data-start=\"1991\" data-end=\"2105\">\n<td style=\"text-align: center;\" data-start=\"1991\" data-end=\"2013\" data-col-size=\"sm\"><\/td>\n<td style=\"text-align: center;\" data-col-size=\"sm\" data-start=\"2013\" data-end=\"2042\">Llengua castellana I<\/td>\n<td style=\"text-align: center;\" data-col-size=\"sm\" data-start=\"2042\" data-end=\"2069\">Llengua castellana II<\/td>\n<td style=\"text-align: center;\" data-col-size=\"sm\" data-start=\"2069\" data-end=\"2105\">Angl\u00e8s I<\/td>\n<\/tr>\n<tr data-start=\"2106\" data-end=\"2225\">\n<td style=\"text-align: center;\" data-start=\"2106\" data-end=\"2133\" data-col-size=\"sm\"><strong data-start=\"2108\" data-end=\"2132\">Cient\u00edfic-tecnol\u00f2gic<\/strong><\/td>\n<td style=\"text-align: center;\" data-col-size=\"sm\" data-start=\"2133\" data-end=\"2162\">Matem\u00e0tiques I<\/td>\n<td style=\"text-align: center;\" data-col-size=\"sm\" data-start=\"2162\" data-end=\"2189\">Matem\u00e0tiques II<\/td>\n<td style=\"text-align: center;\" data-col-size=\"sm\" data-start=\"2189\" data-end=\"2225\">F\u00edsica i Qu\u00edmica I<\/td>\n<\/tr>\n<tr data-start=\"2226\" data-end=\"2340\">\n<td style=\"text-align: center;\" data-start=\"2226\" data-end=\"2248\" data-col-size=\"sm\"><\/td>\n<td style=\"text-align: center;\" data-col-size=\"sm\" data-start=\"2248\" data-end=\"2277\">Educaci\u00f3 per a la salut<\/td>\n<td style=\"text-align: center;\" data-col-size=\"sm\" data-start=\"2277\" data-end=\"2304\">Ci\u00e8ncies naturals<\/td>\n<td style=\"text-align: center;\" data-col-size=\"sm\" data-start=\"2304\" data-end=\"2340\">Educaci\u00f3 per a la salut<\/td>\n<\/tr>\n<tr data-start=\"2341\" data-end=\"2455\">\n<td style=\"text-align: center;\" data-start=\"2341\" data-end=\"2363\" data-col-size=\"sm\"><strong data-start=\"2343\" data-end=\"2353\">Social<\/strong><\/td>\n<td style=\"text-align: center;\" data-col-size=\"sm\" data-start=\"2363\" data-end=\"2395\">Ci\u00e8ncies socials i ciutadania<\/td>\n<td style=\"text-align: center;\" data-col-size=\"sm\" data-start=\"2395\" data-end=\"2419\">Geografia I<\/td>\n<td style=\"text-align: center;\" data-col-size=\"sm\" data-start=\"2419\" data-end=\"2455\">Hist\u00f2ria I<\/td>\n<\/tr>\n<\/tbody>\n<\/table>\n<div class=\"sticky end-(--thread-content-margin) h-0 self-end select-none\">\n<div class=\"absolute end-0 flex items-end\"><\/div>\n<\/div>\n<\/div>\n<\/div>\n<h6 data-start=\"2457\" data-end=\"2475\">\u270f\ufe0f Segon curs<\/h6>\n<div class=\"_tableContainer_80l1q_1\">\n<div class=\"_tableWrapper_80l1q_14 group flex w-fit flex-col-reverse\" tabindex=\"-1\">\n<table class=\"w-fit min-w-(--thread-content-width)\" data-start=\"2477\" data-end=\"3286\">\n<thead data-start=\"2477\" data-end=\"2592\">\n<tr data-start=\"2477\" data-end=\"2592\">\n<th data-start=\"2477\" data-end=\"2499\" data-col-size=\"sm\">\u00c0mbit<\/th>\n<th data-start=\"2499\" data-end=\"2528\" data-col-size=\"sm\">1r trimestre<\/th>\n<th data-start=\"2528\" data-end=\"2555\" data-col-size=\"sm\">2n trimestre<\/th>\n<th data-start=\"2555\" data-end=\"2592\" data-col-size=\"sm\">3r trimestre<\/th>\n<\/tr>\n<\/thead>\n<tbody data-start=\"2708\" data-end=\"3286\">\n<tr data-start=\"2708\" data-end=\"2822\">\n<td style=\"text-align: center;\" data-start=\"2708\" data-end=\"2730\" data-col-size=\"sm\"><strong data-start=\"2710\" data-end=\"2725\">Comunicaci\u00f3<\/strong><\/td>\n<td style=\"text-align: center;\" data-col-size=\"sm\" data-start=\"2730\" data-end=\"2759\">Llengua catalana III<\/td>\n<td style=\"text-align: center;\" data-col-size=\"sm\" data-start=\"2759\" data-end=\"2786\">Llengua castellana III<\/td>\n<td style=\"text-align: center;\" data-col-size=\"sm\" data-start=\"2786\" data-end=\"2822\">Literatura catalana<\/td>\n<\/tr>\n<tr data-start=\"2823\" data-end=\"2937\">\n<td style=\"text-align: center;\" data-start=\"2823\" data-end=\"2845\" data-col-size=\"sm\"><\/td>\n<td style=\"text-align: center;\" data-start=\"2845\" data-end=\"2874\" data-col-size=\"sm\">Angl\u00e8s II<\/td>\n<td style=\"text-align: center;\" data-start=\"2874\" data-end=\"2901\" data-col-size=\"sm\">Angl\u00e8s III<\/td>\n<td style=\"text-align: center;\" data-start=\"2901\" data-end=\"2937\" data-col-size=\"sm\">Literatura castellana<\/td>\n<\/tr>\n<tr data-start=\"2938\" data-end=\"3056\">\n<td style=\"text-align: center;\" data-start=\"2938\" data-end=\"2965\" data-col-size=\"sm\"><strong data-start=\"2940\" data-end=\"2964\">Cient\u00edfic-tecnol\u00f2gic<\/strong><\/td>\n<td style=\"text-align: center;\" data-start=\"2965\" data-end=\"2993\" data-col-size=\"sm\">Biologia i geologia<\/td>\n<td style=\"text-align: center;\" data-start=\"2993\" data-end=\"3020\" data-col-size=\"sm\">Matem\u00e0tiques III<\/td>\n<td style=\"text-align: center;\" data-start=\"3020\" data-end=\"3056\" data-col-size=\"sm\">Matem\u00e0tiques IV<\/td>\n<\/tr>\n<tr data-start=\"3057\" data-end=\"3171\">\n<td style=\"text-align: center;\" data-start=\"3057\" data-end=\"3079\" data-col-size=\"sm\"><\/td>\n<td style=\"text-align: center;\" data-start=\"3079\" data-end=\"3108\" data-col-size=\"sm\">Tecnologia<\/td>\n<td style=\"text-align: center;\" data-start=\"3108\" data-end=\"3135\" data-col-size=\"sm\">F\u00edsica i Qu\u00edmica II<\/td>\n<td style=\"text-align: center;\" data-start=\"3135\" data-end=\"3171\" data-col-size=\"sm\">\u2014<\/td>\n<\/tr>\n<tr data-start=\"3172\" data-end=\"3286\">\n<td style=\"text-align: center;\" data-start=\"3172\" data-end=\"3194\" data-col-size=\"sm\"><strong data-start=\"3174\" data-end=\"3184\">Social<\/strong><\/td>\n<td style=\"text-align: center;\" data-start=\"3194\" data-end=\"3223\" data-col-size=\"sm\">Geografia II<\/td>\n<td style=\"text-align: center;\" data-start=\"3223\" data-end=\"3250\" data-col-size=\"sm\">Hist\u00f2ria II<\/td>\n<td style=\"text-align: center;\" data-start=\"3250\" data-end=\"3286\" data-col-size=\"sm\">Ci\u00e8ncies socials i migracions<\/td>\n<\/tr>\n<\/tbody>\n<\/table>\n<\/div>\n<\/div>\n<p style=\"text-align: justify;\"><span style=\"font-size: 16px;\">A m\u00e9s s&#8217;hauran de cursar 6 m\u00f2duls opcionals d&#8217;entre els ofertats pel centre.<\/span><\/p>\n<p>Podeu consultar la normativa en aquest <a href=\"https:\/\/portaljuridic.gencat.cat\/ca\/document-del-pjur\/?documentId=504619\">enlla\u00e7<\/a>.<\/p>\n<p><!--a=1--><!--a=1--><!--a=1--><!--a=1--><\/p>\n<p><!--a=1--><!--a=1--><\/p>\n<p><!--a=1--><!--a=1--><\/p>\n<p><!--a=1--><\/p>\n<p><!--a=1--><\/p>\n<p><!--a=1--><\/p>\n<p><!----comment node----><!--a=1--><!--a=1--><!--a=1--><\/p>\n<p><!----comment node----><!--a=1--><\/p>\n<p><!----comment node----><!--a=1--><!--a=1--><\/p>\n<p><!----comment node----><!--a=1--><!--a=1--><\/p>\n","protected":false},"excerpt":{"rendered":"<p>Qu\u00e8 \u00e9s? El GESO\u00a0\u00e9s l\u2019ensenyament adre\u00e7at a persones adultes que volen obtenir el Graduat en Educaci\u00f3 Secund\u00e0ria Obligat\u00f2ria, equivalent a l\u2019ESO. Aquest t\u00edtol permet l\u2019acc\u00e9s al batxillerat, als cicles formatius de grau mitj\u00e0 o al m\u00f3n laboral. La formaci\u00f3 s\u2019organitza en m\u00f2duls trimestrals agrupats en tres \u00e0mbits: Comunicaci\u00f3, Cient\u00edfic-tecnol\u00f2gic i Social. L\u2019avaluaci\u00f3 \u00e9s cont\u00ednua, l\u2019assist\u00e8ncia [&hellip;]<\/p>\n","protected":false},"author":1,"featured_media":0,"parent":283,"menu_order":0,"comment_status":"closed","ping_status":"closed","template":"","meta":{"_bbp_topic_count":0,"_bbp_reply_count":0,"_bbp_total_topic_count":0,"_bbp_total_reply_count":0,"_bbp_voice_count":0,"_bbp_anonymous_reply_count":0,"_bbp_topic_count_hidden":0,"_bbp_reply_count_hidden":0,"_bbp_forum_subforum_count":0,"site-sidebar-layout":"default","site-content-layout":"","ast-site-content-layout":"default","site-content-style":"default","site-sidebar-style":"default","ast-global-header-display":"","ast-banner-title-visibility":"","ast-main-header-display":"","ast-hfb-above-header-display":"","ast-hfb-below-header-display":"","ast-hfb-mobile-header-display":"","site-post-title":"","ast-breadcrumbs-content":"","ast-featured-img":"","footer-sml-layout":"","theme-transparent-header-meta":"default","adv-header-id-meta":"","stick-header-meta":"","header-above-stick-meta":"","header-main-stick-meta":"","header-below-stick-meta":"","astra-migrate-meta-layouts":"set","ast-page-background-enabled":"default","ast-page-background-meta":{"desktop":{"background-color":"var(--ast-global-color-4)","background-image":"","background-repeat":"repeat","background-position":"center center","background-size":"auto","background-attachment":"scroll","background-type":"","background-media":"","overlay-type":"","overlay-color":"","overlay-opacity":"","overlay-gradient":""},"tablet":{"background-color":"","background-image":"","background-repeat":"repeat","background-position":"center center","background-size":"auto","background-attachment":"scroll","background-type":"","background-media":"","overlay-type":"","overlay-color":"","overlay-opacity":"","overlay-gradient":""},"mobile":{"background-color":"","background-image":"","background-repeat":"repeat","background-position":"center center","background-size":"auto","background-attachment":"scroll","background-type":"","background-media":"","overlay-type":"","overlay-color":"","overlay-opacity":"","overlay-gradient":""}},"ast-content-background-meta":{"desktop":{"background-color":"var(--ast-global-color-5)","background-image":"","background-repeat":"repeat","background-position":"center center","background-size":"auto","background-attachment":"scroll","background-type":"","background-media":"","overlay-type":"","overlay-color":"","overlay-opacity":"","overlay-gradient":""},"tablet":{"background-color":"var(--ast-global-color-5)","background-image":"","background-repeat":"repeat","background-position":"center center","background-size":"auto","background-attachment":"scroll","background-type":"","background-media":"","overlay-type":"","overlay-color":"","overlay-opacity":"","overlay-gradient":""},"mobile":{"background-color":"var(--ast-global-color-5)","background-image":"","background-repeat":"repeat","background-position":"center center","background-size":"auto","background-attachment":"scroll","background-type":"","background-media":"","overlay-type":"","overlay-color":"","overlay-opacity":"","overlay-gradient":""}},"footnotes":""},"class_list":["post-303","page","type-page","status-publish","hentry"],"post_mailing_queue_ids":[],"_links":{"self":[{"href":"https:\/\/agora.xtec.cat\/cfalaverneda\/wp-json\/wp\/v2\/pages\/303","targetHints":{"allow":["GET"]}}],"collection":[{"href":"https:\/\/agora.xtec.cat\/cfalaverneda\/wp-json\/wp\/v2\/pages"}],"about":[{"href":"https:\/\/agora.xtec.cat\/cfalaverneda\/wp-json\/wp\/v2\/types\/page"}],"author":[{"embeddable":true,"href":"https:\/\/agora.xtec.cat\/cfalaverneda\/wp-json\/wp\/v2\/users\/1"}],"replies":[{"embeddable":true,"href":"https:\/\/agora.xtec.cat\/cfalaverneda\/wp-json\/wp\/v2\/comments?post=303"}],"version-history":[{"count":6,"href":"https:\/\/agora.xtec.cat\/cfalaverneda\/wp-json\/wp\/v2\/pages\/303\/revisions"}],"predecessor-version":[{"id":3054,"href":"https:\/\/agora.xtec.cat\/cfalaverneda\/wp-json\/wp\/v2\/pages\/303\/revisions\/3054"}],"up":[{"embeddable":true,"href":"https:\/\/agora.xtec.cat\/cfalaverneda\/wp-json\/wp\/v2\/pages\/283"}],"wp:attachment":[{"href":"https:\/\/agora.xtec.cat\/cfalaverneda\/wp-json\/wp\/v2\/media?parent=303"}],"curies":[{"name":"wp","href":"https:\/\/api.w.org\/{rel}","templated":true}]}}