{"id":296,"date":"2015-01-28T11:18:08","date_gmt":"2015-01-28T10:18:08","guid":{"rendered":"http:\/\/agora.xtec.cat\/cfalaverneda\/?page_id=296"},"modified":"2025-06-30T16:39:06","modified_gmt":"2025-06-30T14:39:06","slug":"llengua-catalana","status":"publish","type":"page","link":"https:\/\/agora.xtec.cat\/cfalaverneda\/ensenyaments\/ensenyaments-inicials-i-formacio-basica\/llengua-catalana\/","title":{"rendered":"Llengua catalana"},"content":{"rendered":"<h3 data-start=\"207\" data-end=\"251\">\ud83d\udcd7 Cursos de catal\u00e0 \u2013 Nivells i durada<\/h3>\n<p data-start=\"285\" data-end=\"640\">Els cursos de <strong data-start=\"299\" data-end=\"342\">llengua catalana per a persones adultes<\/strong> estan pensats per a aquelles persones que volen <strong data-start=\"391\" data-end=\"458\">comen\u00e7ar, millorar o consolidar els seus coneixements de catal\u00e0<\/strong>, tant per a la vida quotidiana com per a l\u2019\u00e0mbit laboral o educatiu. Els cursos es distribueixen per nivells segons el <strong data-start=\"578\" data-end=\"639\">Marc Europeu Com\u00fa de Refer\u00e8ncia per a les Lleng\u00fces (MECR)<\/strong>.<\/p>\n<h6>Nivells<\/h6>\n<p>Catal\u00e0 1 (A1) &#8211; Grup de mat\u00ed i grup de tarda<br \/>\nCatal\u00e0 2 (A2) &#8211; Grup de tarda<br \/>\nCatal\u00e0 3 (B1) &#8211; Grup de tarda<\/p>\n<h6>Durada<\/h6>\n<div class=\"_tableContainer_80l1q_1\">\n<div class=\"_tableWrapper_80l1q_14 group flex w-fit flex-col-reverse\" tabindex=\"-1\">\n<table class=\"w-fit min-w-(--thread-content-width)\" data-start=\"642\" data-end=\"1009\">\n<thead data-start=\"642\" data-end=\"713\">\n<tr data-start=\"642\" data-end=\"713\">\n<th style=\"text-align: center;\" data-start=\"642\" data-end=\"662\" data-col-size=\"sm\"><strong data-start=\"644\" data-end=\"654\">Nivell<\/strong><\/th>\n<th style=\"text-align: center;\" data-start=\"662\" data-end=\"690\" data-col-size=\"sm\"><strong data-start=\"664\" data-end=\"689\">Hores lectives anuals<\/strong><\/th>\n<th style=\"text-align: center;\" data-start=\"690\" data-end=\"713\" data-col-size=\"sm\"><strong data-start=\"692\" data-end=\"711\">Hores setmanals<\/strong><\/th>\n<\/tr>\n<\/thead>\n<tbody data-start=\"788\" data-end=\"1009\">\n<tr data-start=\"788\" data-end=\"861\">\n<td style=\"text-align: center;\" data-start=\"788\" data-end=\"808\" data-col-size=\"sm\">Catal\u00e0 1 (A1)<\/td>\n<td style=\"text-align: center;\" data-col-size=\"sm\" data-start=\"808\" data-end=\"837\">105 h<\/td>\n<td style=\"text-align: center;\" data-col-size=\"sm\" data-start=\"837\" data-end=\"861\">3 h \/ setmana<\/td>\n<\/tr>\n<tr data-start=\"862\" data-end=\"935\">\n<td style=\"text-align: center;\" data-start=\"862\" data-end=\"882\" data-col-size=\"sm\">Catal\u00e0 2 (A2)<\/td>\n<td style=\"text-align: center;\" data-start=\"882\" data-end=\"911\" data-col-size=\"sm\">140 h<\/td>\n<td style=\"text-align: center;\" data-start=\"911\" data-end=\"935\" data-col-size=\"sm\">4 h \/ setmana<\/td>\n<\/tr>\n<tr data-start=\"936\" data-end=\"1009\">\n<td style=\"text-align: center;\" data-start=\"936\" data-end=\"956\" data-col-size=\"sm\">Catal\u00e0 3 (B1)<\/td>\n<td style=\"text-align: center;\" data-start=\"956\" data-end=\"985\" data-col-size=\"sm\">140 h<\/td>\n<td style=\"text-align: center;\" data-start=\"985\" data-end=\"1009\" data-col-size=\"sm\">4 h \/ setmana<\/td>\n<\/tr>\n<\/tbody>\n<\/table>\n<div class=\"sticky end-(--thread-content-margin) h-0 self-end select-none\">\n<div class=\"absolute end-0 flex items-end\"><span style=\"font-size: 16px;\">Els grups s\u00f3n prou <\/span><strong style=\"font-size: 16px;\" data-start=\"1025\" data-end=\"1036\">redu\u00efts<\/strong><span style=\"font-size: 16px;\"> i les sessions segueixen una metodologia <\/span><strong style=\"font-size: 16px;\" data-start=\"1078\" data-end=\"1112\">pr\u00e0ctica, oral i participativa<\/strong><span style=\"font-size: 16px;\">, per tal que l\u2019alumnat guanyi confian\u00e7a i autonomia en l\u2019\u00fas del catal\u00e0.<\/span><\/div>\n<\/div>\n<\/div>\n<\/div>\n<p data-start=\"1188\" data-end=\"1383\">Aquest aprenentatge pot ser \u00fatil tant per <strong data-start=\"1230\" data-end=\"1312\">fer tr\u00e0mits, comunicar-se millor en el dia a dia, incorporar-se al m\u00f3n laboral<\/strong>, com per <strong data-start=\"1322\" data-end=\"1346\">continuar formant-se<\/strong> o accedir a certificacions oficials.<\/p>\n<h5><strong>\ud83d\udd52 Horaris:<\/strong><a href=\"https:\/\/agora.xtec.cat\/cfalaverneda\/wp-content\/uploads\/usu1193\/2024\/06\/image-1.png\"><img loading=\"lazy\" decoding=\"async\" class=\"size-full wp-image-2268 aligncenter\" src=\"https:\/\/agora.xtec.cat\/cfalaverneda\/wp-content\/uploads\/usu1193\/2024\/06\/image-1.png\" alt=\"\" width=\"464\" height=\"264\" srcset=\"https:\/\/agora.xtec.cat\/cfalaverneda\/wp-content\/uploads\/usu1193\/2024\/06\/image-1.png 464w, https:\/\/agora.xtec.cat\/cfalaverneda\/wp-content\/uploads\/usu1193\/2024\/06\/image-1-300x171.png 300w\" sizes=\"auto, (max-width: 464px) 100vw, 464px\" \/><\/a><\/h5>\n<h6>Curr\u00edculum<\/h6>\n<p style=\"text-align: justify;\">RESOLUCI\u00d3 de 10 de maig de 2013, per la qual s\u2019estableixen els curr\u00edculums dels ensenyaments corresponents a llengua catalana i castellana, llengua occitana, denominada aran\u00e8s a l\u2019Aran, i a les lleng\u00fces estrangeres, d\u2019aplicaci\u00f3 als centres de formaci\u00f3 d\u2019adults que depenen del Departament d\u2019Ensenyament.<\/p>\n<h6>Recursos<\/h6>\n<p><a href=\"http:\/\/www.parla.cat\/pres_catalaenlinia\/AppPHP\/login\/index.php\">Parla.cat<\/a><\/p>\n<p>Parla.cat \u00e9s un espai virtual d\u2019aprenentatge que posa a l\u2019abast de tothom materials did\u00e0ctics per aprendre la llengua catalana.<\/p>\n<p><a href=\"http:\/\/dlc.iec.cat\/\">Diec2<\/a><\/p>\n<p>2a edici\u00f3 del Diccionari de la llengua catalana de l&#8217;Institut d&#8217;Estudis Catalans.<\/p>\n<p><a href=\"http:\/\/www.edu365.cat\/eso\/muds\/catala\/dictats\/\">Dictats<\/a><\/p>\n<p>L&#8217;aplicaci\u00f3 Dictats pret\u00e9n oferir una oportunitat per a la pr\u00e0ctica de l&#8217;escriptura en llengua catalana, que ajudi en la identificaci\u00f3 del so i la grafia de les paraules.<\/p>\n<h6>Avaluaci\u00f3<\/h6>\n<p style=\"text-align: justify;\">Es considerar\u00e0 que l\u2019alumnat ha superat un nivell d\u2019una llengua quan hagi assolit els objectius corresponents, en aquest cas rebr\u00e0 la qualificaci\u00f3 d\u2019\u201cApte\u201d. En cas contrari, se\u2019l qualificar\u00e0 com a \u201cNo apte\u201d del nivell corresponent. La superaci\u00f3 de cadascun dels nivells de les diferents lleng\u00fces dona dret a l\u2019obtenci\u00f3 d\u2019un certificat acreditatiu em\u00e8s pel centre de formaci\u00f3 d\u2019adults, en qu\u00e8 es far\u00e0 constar, si escau, la correspond\u00e8ncia del nivell assolit amb el seu equivalent segons el Marc Europeu Com\u00fa de Refer\u00e8ncia per a les Lleng\u00fces.<\/p>\n<p><!--a=1--><\/p>\n<p><!----comment node----><!--a=1--><\/p>\n<p><!----comment node----><!--a=1--><\/p>\n<p><!----comment node----><!--a=1--><\/p>\n","protected":false},"excerpt":{"rendered":"<p>\ud83d\udcd7 Cursos de catal\u00e0 \u2013 Nivells i durada Els cursos de llengua catalana per a persones adultes estan pensats per a aquelles persones que volen comen\u00e7ar, millorar o consolidar els seus coneixements de catal\u00e0, tant per a la vida quotidiana com per a l\u2019\u00e0mbit laboral o educatiu. Els cursos es distribueixen per nivells segons el [&hellip;]<\/p>\n","protected":false},"author":1,"featured_media":0,"parent":283,"menu_order":1,"comment_status":"closed","ping_status":"closed","template":"","meta":{"_bbp_topic_count":0,"_bbp_reply_count":0,"_bbp_total_topic_count":0,"_bbp_total_reply_count":0,"_bbp_voice_count":0,"_bbp_anonymous_reply_count":0,"_bbp_topic_count_hidden":0,"_bbp_reply_count_hidden":0,"_bbp_forum_subforum_count":0,"site-sidebar-layout":"default","site-content-layout":"","ast-site-content-layout":"default","site-content-style":"default","site-sidebar-style":"default","ast-global-header-display":"","ast-banner-title-visibility":"","ast-main-header-display":"","ast-hfb-above-header-display":"","ast-hfb-below-header-display":"","ast-hfb-mobile-header-display":"","site-post-title":"","ast-breadcrumbs-content":"","ast-featured-img":"","footer-sml-layout":"","theme-transparent-header-meta":"default","adv-header-id-meta":"","stick-header-meta":"","header-above-stick-meta":"","header-main-stick-meta":"","header-below-stick-meta":"","astra-migrate-meta-layouts":"set","ast-page-background-enabled":"default","ast-page-background-meta":{"desktop":{"background-color":"var(--ast-global-color-4)","background-image":"","background-repeat":"repeat","background-position":"center center","background-size":"auto","background-attachment":"scroll","background-type":"","background-media":"","overlay-type":"","overlay-color":"","overlay-opacity":"","overlay-gradient":""},"tablet":{"background-color":"","background-image":"","background-repeat":"repeat","background-position":"center center","background-size":"auto","background-attachment":"scroll","background-type":"","background-media":"","overlay-type":"","overlay-color":"","overlay-opacity":"","overlay-gradient":""},"mobile":{"background-color":"","background-image":"","background-repeat":"repeat","background-position":"center center","background-size":"auto","background-attachment":"scroll","background-type":"","background-media":"","overlay-type":"","overlay-color":"","overlay-opacity":"","overlay-gradient":""}},"ast-content-background-meta":{"desktop":{"background-color":"var(--ast-global-color-5)","background-image":"","background-repeat":"repeat","background-position":"center center","background-size":"auto","background-attachment":"scroll","background-type":"","background-media":"","overlay-type":"","overlay-color":"","overlay-opacity":"","overlay-gradient":""},"tablet":{"background-color":"var(--ast-global-color-5)","background-image":"","background-repeat":"repeat","background-position":"center center","background-size":"auto","background-attachment":"scroll","background-type":"","background-media":"","overlay-type":"","overlay-color":"","overlay-opacity":"","overlay-gradient":""},"mobile":{"background-color":"var(--ast-global-color-5)","background-image":"","background-repeat":"repeat","background-position":"center center","background-size":"auto","background-attachment":"scroll","background-type":"","background-media":"","overlay-type":"","overlay-color":"","overlay-opacity":"","overlay-gradient":""}},"footnotes":""},"class_list":["post-296","page","type-page","status-publish","hentry"],"post_mailing_queue_ids":[],"_links":{"self":[{"href":"https:\/\/agora.xtec.cat\/cfalaverneda\/wp-json\/wp\/v2\/pages\/296","targetHints":{"allow":["GET"]}}],"collection":[{"href":"https:\/\/agora.xtec.cat\/cfalaverneda\/wp-json\/wp\/v2\/pages"}],"about":[{"href":"https:\/\/agora.xtec.cat\/cfalaverneda\/wp-json\/wp\/v2\/types\/page"}],"author":[{"embeddable":true,"href":"https:\/\/agora.xtec.cat\/cfalaverneda\/wp-json\/wp\/v2\/users\/1"}],"replies":[{"embeddable":true,"href":"https:\/\/agora.xtec.cat\/cfalaverneda\/wp-json\/wp\/v2\/comments?post=296"}],"version-history":[{"count":6,"href":"https:\/\/agora.xtec.cat\/cfalaverneda\/wp-json\/wp\/v2\/pages\/296\/revisions"}],"predecessor-version":[{"id":2946,"href":"https:\/\/agora.xtec.cat\/cfalaverneda\/wp-json\/wp\/v2\/pages\/296\/revisions\/2946"}],"up":[{"embeddable":true,"href":"https:\/\/agora.xtec.cat\/cfalaverneda\/wp-json\/wp\/v2\/pages\/283"}],"wp:attachment":[{"href":"https:\/\/agora.xtec.cat\/cfalaverneda\/wp-json\/wp\/v2\/media?parent=296"}],"curies":[{"name":"wp","href":"https:\/\/api.w.org\/{rel}","templated":true}]}}