{"id":2788,"date":"2025-06-26T12:45:11","date_gmt":"2025-06-26T10:45:11","guid":{"rendered":"https:\/\/agora.xtec.cat\/cfalaverneda\/?page_id=2788"},"modified":"2025-09-09T14:17:03","modified_gmt":"2025-09-09T12:17:03","slug":"preinscripcio-i-matricula-25-26","status":"publish","type":"page","link":"https:\/\/agora.xtec.cat\/cfalaverneda\/preinscripcio-i-matricula-25-26\/","title":{"rendered":"Matr\u00edcula 25-26"},"content":{"rendered":"<h5><strong>Si vols estar al cas de les diferents dates clau i dels terminis, has de tenir en compte alguns aspectes:<\/strong><\/h5>\n<ul>\n<li>El proc\u00e9s de preinscripci\u00f3 escolar s\u2019inicia a finals de maig i acaba amb la formalitzaci\u00f3 de la matr\u00edcula, a principis de setembre.<\/li>\n<li>Durant tot aquest temps, hi ha dates i terminis associats a actuacions clau que has de tenir presents, ja que determinen l\u2019assignaci\u00f3 final de places. Clica per<a href=\"https:\/\/preinscripcio.gencat.cat\/ca\/estudis\/educacio-adults\/informat\/calendari\/\" target=\"_blank\" rel=\"noopener noreferrer\">+info<\/a>.<\/li>\n<li>En aquells ensenyaments que hi hagi vacants, tamb\u00e9 es pot matricular alumnat sense sol\u00b7licitud de preinscripci\u00f3 a partir del 4 de setembre.<\/li>\n<\/ul>\n<p><a href=\"https:\/\/agora.xtec.cat\/cfalaverneda\/wp-content\/uploads\/usu1193\/2025\/06\/CFA2025-26.jpg\"><img loading=\"lazy\" decoding=\"async\" class=\"aligncenter wp-image-2784 size-full\" src=\"https:\/\/agora.xtec.cat\/cfalaverneda\/wp-content\/uploads\/usu1193\/2025\/06\/CFA2025-26.jpg\" alt=\"\" width=\"608\" height=\"306\" srcset=\"https:\/\/agora.xtec.cat\/cfalaverneda\/wp-content\/uploads\/usu1193\/2025\/06\/CFA2025-26.jpg 608w, https:\/\/agora.xtec.cat\/cfalaverneda\/wp-content\/uploads\/usu1193\/2025\/06\/CFA2025-26-300x151.jpg 300w\" sizes=\"auto, (max-width: 608px) 100vw, 608px\" \/><\/a><\/p>\n<h5>1. Abans de la preinscripci\u00f3<\/h5>\n<p><del>\ud83d\udccc <strong>23 de maig<\/strong>: Publicaci\u00f3 de l\u2019oferta d\u2019<a href=\"https:\/\/agora.xtec.cat\/cfalaverneda\/general\/horaris-curs-2025-2026\/\">ensenyaments<\/a>.<\/del><br \/>\n<del>\ud83d\udccc <strong>18 de juny<\/strong>: Oferta inicial de places escolars.<\/del><\/p>\n<ul>\n<li style=\"list-style-type: none;\">\n<ul>\n<li style=\"list-style-type: none;\">\n<ul>\n<li style=\"list-style-type: none;\">\n<ul>\n<li style=\"list-style-type: none;\">\n<ul>\n<li style=\"list-style-type: none;\">\n<ul>\n<li style=\"list-style-type: none;\">\n<ul>\n<li><strong>GESO<\/strong> \u2013 Graduat d&#8217;Educaci\u00f3 Secund\u00e0ria. <span style=\"font-family: inherit; font-size: 1em; font-weight: normal;\">Clica per<\/span><a style=\"font-family: inherit; font-size: 1em; font-weight: normal;\" href=\"https:\/\/agora.xtec.cat\/cfalaverneda\/wp-content\/uploads\/usu1193\/2025\/06\/GESO.png\" target=\"_blank\" rel=\"noopener noreferrer\">+info<\/a><span style=\"font-family: inherit; font-size: 1em; font-weight: normal;\">.<\/span><\/li>\n<li><strong>Idiomes <\/strong>\u2013 Ensenyaments B\u00e0sics de Catal\u00e0 i Castell\u00e0. <span style=\"font-family: inherit; font-size: 1em; font-weight: normal;\">Clica per<\/span><a style=\"font-family: inherit; font-size: 1em; font-weight: normal;\" href=\"https:\/\/agora.xtec.cat\/cfalaverneda\/wp-content\/uploads\/usu1193\/2025\/06\/EBas.png\" target=\"_blank\" rel=\"noopener noreferrer\">+info<\/a><span style=\"font-family: inherit; font-size: 1em; font-weight: normal;\">.<\/span><\/li>\n<li><b>Ensenyaments Transprofessionals<\/b> \u2013 Angl\u00e8s i COMPETIC. <span style=\"font-family: inherit; font-size: 1em; font-weight: normal;\">Clica per<\/span><a style=\"font-family: inherit; font-size: 1em; font-weight: normal;\" href=\"https:\/\/agora.xtec.cat\/cfalaverneda\/wp-content\/uploads\/usu1193\/2025\/06\/ETransp.png\" target=\"_blank\" rel=\"noopener noreferrer\">+info<\/a><span style=\"font-family: inherit; font-size: 1em; font-weight: normal;\">.<\/span><\/li>\n<\/ul>\n<\/li>\n<\/ul>\n<\/li>\n<\/ul>\n<\/li>\n<\/ul>\n<\/li>\n<\/ul>\n<\/li>\n<\/ul>\n<\/li>\n<\/ul>\n<p style=\"text-align: center;\"><a href=\"https:\/\/agora.xtec.cat\/cfalaverneda\/wp-content\/uploads\/usu1193\/2025\/06\/GESO.png\" target=\"_blank\" rel=\"noopener\"><img loading=\"lazy\" decoding=\"async\" class=\"alignnone wp-image-2691 size-medium\" src=\"https:\/\/agora.xtec.cat\/cfalaverneda\/wp-content\/uploads\/usu1193\/2025\/06\/GESO-300x124.png\" alt=\"\" width=\"300\" height=\"124\" \/><\/a> \u00a0<a href=\"https:\/\/agora.xtec.cat\/cfalaverneda\/wp-content\/uploads\/usu1193\/2025\/06\/EBas.png\" target=\"_blank\" rel=\"noopener\"><img loading=\"lazy\" decoding=\"async\" class=\"alignnone wp-image-2689 size-medium\" src=\"https:\/\/agora.xtec.cat\/cfalaverneda\/wp-content\/uploads\/usu1193\/2025\/06\/EBas-198x300.png\" alt=\"\" width=\"198\" height=\"300\" \/><\/a><a href=\"https:\/\/agora.xtec.cat\/cfalaverneda\/wp-content\/uploads\/usu1193\/2025\/06\/ETransp.png\" target=\"_blank\" rel=\"noopener\"><img loading=\"lazy\" decoding=\"async\" class=\"alignnone wp-image-2690 size-medium\" src=\"https:\/\/agora.xtec.cat\/cfalaverneda\/wp-content\/uploads\/usu1193\/2025\/06\/ETransp-300x292.png\" alt=\"\" width=\"300\" height=\"292\" \/><\/a><\/p>\n<h5>2. Oferta educativa<\/h5>\n<p><span style=\"font-family: inherit; font-size: 1em; font-weight: normal;\">\ud83d\udccc <del>Clica per<a style=\"font-family: inherit; font-size: 1em; font-weight: normal;\" href=\"https:\/\/agora.xtec.cat\/cfalaverneda\/wp-content\/uploads\/usu1193\/2025\/06\/Consulta-ofertes.png\" target=\"_blank\" rel=\"noopener noreferrer\">+info<\/a>.<\/del><\/span><\/p>\n<h5>3. Calendari<\/h5>\n<p><span style=\"font-family: inherit; font-size: 1em; font-weight: normal;\">\ud83d\udccc<del> Clica per<\/del><\/span><del><a style=\"font-family: inherit; font-size: 1em; font-weight: normal;\" href=\"https:\/\/agora.xtec.cat\/cfalaverneda\/wp-content\/uploads\/usu1193\/2025\/06\/Preinscripcio-i-matricula-2025-2026-1.png\" target=\"_blank\" rel=\"noopener noreferrer\">+info<\/a><span style=\"font-family: inherit; font-size: 1em; font-weight: normal;\">.<\/span><\/del><\/p>\n<p style=\"text-align: center;\"><a href=\"https:\/\/agora.xtec.cat\/cfalaverneda\/wp-content\/uploads\/usu1193\/2025\/06\/Consulta-ofertes.png\">\u00a0\u00a0 <\/a><a href=\"https:\/\/agora.xtec.cat\/cfalaverneda\/wp-content\/uploads\/usu1193\/2025\/06\/Consulta-ofertes.png\" target=\"_blank\" rel=\"noopener\"><img loading=\"lazy\" decoding=\"async\" class=\"alignnone wp-image-2729\" src=\"https:\/\/agora.xtec.cat\/cfalaverneda\/wp-content\/uploads\/usu1193\/2025\/06\/Consulta-ofertes-300x191.png\" alt=\"\" width=\"455\" height=\"290\" srcset=\"https:\/\/agora.xtec.cat\/cfalaverneda\/wp-content\/uploads\/usu1193\/2025\/06\/Consulta-ofertes-300x191.png 300w, https:\/\/agora.xtec.cat\/cfalaverneda\/wp-content\/uploads\/usu1193\/2025\/06\/Consulta-ofertes-1024x650.png 1024w, https:\/\/agora.xtec.cat\/cfalaverneda\/wp-content\/uploads\/usu1193\/2025\/06\/Consulta-ofertes-768x488.png 768w, https:\/\/agora.xtec.cat\/cfalaverneda\/wp-content\/uploads\/usu1193\/2025\/06\/Consulta-ofertes.png 1170w\" sizes=\"auto, (max-width: 455px) 100vw, 455px\" \/><\/a> \u00a0<a href=\"https:\/\/agora.xtec.cat\/cfalaverneda\/wp-content\/uploads\/usu1193\/2025\/06\/Preinscripcio-i-matricula-2025-2026-1.png\" target=\"_blank\" rel=\"noopener\"><img loading=\"lazy\" decoding=\"async\" class=\"alignnone wp-image-2719 size-medium\" src=\"https:\/\/agora.xtec.cat\/cfalaverneda\/wp-content\/uploads\/usu1193\/2025\/06\/Preinscripcio-i-matricula-2025-2026-1-207x300.png\" alt=\"\" width=\"207\" height=\"300\" srcset=\"https:\/\/agora.xtec.cat\/cfalaverneda\/wp-content\/uploads\/usu1193\/2025\/06\/Preinscripcio-i-matricula-2025-2026-1-207x300.png 207w, https:\/\/agora.xtec.cat\/cfalaverneda\/wp-content\/uploads\/usu1193\/2025\/06\/Preinscripcio-i-matricula-2025-2026-1-706x1024.png 706w, https:\/\/agora.xtec.cat\/cfalaverneda\/wp-content\/uploads\/usu1193\/2025\/06\/Preinscripcio-i-matricula-2025-2026-1-768x1114.png 768w, https:\/\/agora.xtec.cat\/cfalaverneda\/wp-content\/uploads\/usu1193\/2025\/06\/Preinscripcio-i-matricula-2025-2026-1-1059x1536.png 1059w, https:\/\/agora.xtec.cat\/cfalaverneda\/wp-content\/uploads\/usu1193\/2025\/06\/Preinscripcio-i-matricula-2025-2026-1-1412x2048.png 1412w\" sizes=\"auto, (max-width: 207px) 100vw, 207px\" \/><\/a><\/p>\n<h5>4. Presenta la sol\u00b7licitud de preinscripci\u00f3 i fes el seguiment<\/h5>\n<p><del>\ud83d\udccc <strong>Del 19 al 27 de juny<\/strong> \u2013 Presentaci\u00f3 de sol\u00b7licituds (no oblideu portar una fotoc\u00f2pia del vostre DNI, NIE o passaport i de la targeta sanit\u00e0ria).<\/del><br \/>\n<del>\ud83d\udccc <strong>4 de juliol<\/strong> \u2013 Llista de sol\u00b7licituds amb la puntuaci\u00f3 provisional. Podeu fer la consulta a la web del centre o al tauler d&#8217;anuncis.<\/del><br \/>\n<del>\ud83d\udccc <strong>Del 4 al 9 de juliol\u00a0<\/strong>\u2013 Presentaci\u00f3 de reclamacions de manera presencial o per correu electr\u00f2nic.<\/del><br \/>\n<del>\ud83d\udccc <strong>7 de juliol<\/strong> \u2013 Sorteig del n\u00famero de desempat (segons el resultat del sorteig per resoldre les sol\u00b7licituds del proc\u00e9s de preinscripci\u00f3 d\u2019adults hi ha previst un n\u00famero per determinar l\u2019ordre en cas d\u2019empat).<\/del><br \/>\n<del>\ud83d\udccc <strong>11 de juliol<\/strong> \u2013 Llista de sol\u00b7licituds amb la puntuaci\u00f3 un cop resoltes les reclamacions. Podeu fer la consulta a la web del centre o al tauler d&#8217;anuncis.<\/del><br \/>\n<del>\ud83d\udccc <strong>16 de juliol<\/strong> \u2013 Llista d\u2019alumnes admesos i llista d\u2019espera.<\/del><\/p>\n<h5>5. Ja pots formalitzar la matr\u00edcula!<\/h5>\n<p>\ud83d\udccc <del><strong>Del 2 al 9 de setembre<\/strong>\u00a0\u2013 MATR\u00cdCULA dels alumnes admesos.<\/del><br \/>\n\ud83d\udccc <strong>A partir del 10 de setembre<\/strong>\u00a0\u2013 Matr\u00edcula per a alumnes en llista d\u2019espera i nous alumnes si hi ha places disponibles.<\/p>\n<h5>Matr\u00edcula i quotes de material<\/h5>\n<p>L\u2019alumne haur\u00e0 d\u2019abonar una <strong>quota<\/strong> (\u00fanica per tot el curs) per a cada mat\u00e8ria matriculada en concepte de <strong>material<\/strong> utilitzat. Ho podr\u00e0 fer amb targeta de cr\u00e8dit\/d\u00e8bit, en el moment de formalitzar la matr\u00edcula.<\/p>\n<ul>\n<li style=\"list-style-type: none;\">\n<ul>\n<li style=\"list-style-type: none;\">\n<ul>\n<li dir=\"ltr\"><strong>Catal\u00e0, Angl\u00e8s i Castell\u00e0<\/strong>: 40\u202f\u20ac<\/li>\n<li><strong>COMPETIC<\/strong>: 30\u202f\u20ac<\/li>\n<li dir=\"ltr\"><span style=\"font-family: inherit; font-size: 1em;\"><strong>GESO 1<\/strong>: 20\u202f\u20ac<\/span><\/li>\n<li><strong>GESO 2<\/strong>: 20\u202f\u20ac \/ els menors d&#8217;edat hauran d&#8217;abonar una quota per a l&#8217;asseguran\u00e7a escolar d&#8217;1,12\u202f\u20ac<\/li>\n<\/ul>\n<\/li>\n<\/ul>\n<\/li>\n<\/ul>\n<h5>Normativa<\/h5>\n<p>Per a m\u00e9s informaci\u00f3 sobre la matr\u00edcula als ensenyaments d\u2019adults pots consultar:\u00a0<a href=\"https:\/\/preinscripcio.gencat.cat\/ca\/estudis\/educacio-adults\/inici\/\">https:\/\/preinscripcio.gencat.cat\/ca\/estudis\/educacio-adults\/inici\/<\/a><\/p>\n","protected":false},"excerpt":{"rendered":"<p>Si vols estar al cas de les diferents dates clau i dels terminis, has de tenir en compte alguns aspectes: El proc\u00e9s de preinscripci\u00f3 escolar s\u2019inicia a finals de maig i acaba amb la formalitzaci\u00f3 de la matr\u00edcula, a principis de setembre. Durant tot aquest temps, hi ha dates i terminis associats a actuacions clau [&hellip;]<\/p>\n","protected":false},"author":1,"featured_media":0,"parent":0,"menu_order":0,"comment_status":"closed","ping_status":"closed","template":"","meta":{"_bbp_topic_count":0,"_bbp_reply_count":0,"_bbp_total_topic_count":0,"_bbp_total_reply_count":0,"_bbp_voice_count":0,"_bbp_anonymous_reply_count":0,"_bbp_topic_count_hidden":0,"_bbp_reply_count_hidden":0,"_bbp_forum_subforum_count":0,"site-sidebar-layout":"default","site-content-layout":"","ast-site-content-layout":"default","site-content-style":"default","site-sidebar-style":"default","ast-global-header-display":"","ast-banner-title-visibility":"","ast-main-header-display":"","ast-hfb-above-header-display":"","ast-hfb-below-header-display":"","ast-hfb-mobile-header-display":"","site-post-title":"","ast-breadcrumbs-content":"","ast-featured-img":"","footer-sml-layout":"","theme-transparent-header-meta":"default","adv-header-id-meta":"","stick-header-meta":"","header-above-stick-meta":"","header-main-stick-meta":"","header-below-stick-meta":"","astra-migrate-meta-layouts":"set","ast-page-background-enabled":"default","ast-page-background-meta":{"desktop":{"background-color":"var(--ast-global-color-4)","background-image":"","background-repeat":"repeat","background-position":"center center","background-size":"auto","background-attachment":"scroll","background-type":"","background-media":"","overlay-type":"","overlay-color":"","overlay-opacity":"","overlay-gradient":""},"tablet":{"background-color":"","background-image":"","background-repeat":"repeat","background-position":"center center","background-size":"auto","background-attachment":"scroll","background-type":"","background-media":"","overlay-type":"","overlay-color":"","overlay-opacity":"","overlay-gradient":""},"mobile":{"background-color":"","background-image":"","background-repeat":"repeat","background-position":"center center","background-size":"auto","background-attachment":"scroll","background-type":"","background-media":"","overlay-type":"","overlay-color":"","overlay-opacity":"","overlay-gradient":""}},"ast-content-background-meta":{"desktop":{"background-color":"var(--ast-global-color-5)","background-image":"","background-repeat":"repeat","background-position":"center center","background-size":"auto","background-attachment":"scroll","background-type":"","background-media":"","overlay-type":"","overlay-color":"","overlay-opacity":"","overlay-gradient":""},"tablet":{"background-color":"var(--ast-global-color-5)","background-image":"","background-repeat":"repeat","background-position":"center center","background-size":"auto","background-attachment":"scroll","background-type":"","background-media":"","overlay-type":"","overlay-color":"","overlay-opacity":"","overlay-gradient":""},"mobile":{"background-color":"var(--ast-global-color-5)","background-image":"","background-repeat":"repeat","background-position":"center center","background-size":"auto","background-attachment":"scroll","background-type":"","background-media":"","overlay-type":"","overlay-color":"","overlay-opacity":"","overlay-gradient":""}},"footnotes":""},"class_list":["post-2788","page","type-page","status-publish","hentry"],"post_mailing_queue_ids":[],"_links":{"self":[{"href":"https:\/\/agora.xtec.cat\/cfalaverneda\/wp-json\/wp\/v2\/pages\/2788","targetHints":{"allow":["GET"]}}],"collection":[{"href":"https:\/\/agora.xtec.cat\/cfalaverneda\/wp-json\/wp\/v2\/pages"}],"about":[{"href":"https:\/\/agora.xtec.cat\/cfalaverneda\/wp-json\/wp\/v2\/types\/page"}],"author":[{"embeddable":true,"href":"https:\/\/agora.xtec.cat\/cfalaverneda\/wp-json\/wp\/v2\/users\/1"}],"replies":[{"embeddable":true,"href":"https:\/\/agora.xtec.cat\/cfalaverneda\/wp-json\/wp\/v2\/comments?post=2788"}],"version-history":[{"count":6,"href":"https:\/\/agora.xtec.cat\/cfalaverneda\/wp-json\/wp\/v2\/pages\/2788\/revisions"}],"predecessor-version":[{"id":3039,"href":"https:\/\/agora.xtec.cat\/cfalaverneda\/wp-json\/wp\/v2\/pages\/2788\/revisions\/3039"}],"wp:attachment":[{"href":"https:\/\/agora.xtec.cat\/cfalaverneda\/wp-json\/wp\/v2\/media?parent=2788"}],"curies":[{"name":"wp","href":"https:\/\/api.w.org\/{rel}","templated":true}]}}