{"id":274,"date":"2015-01-27T17:56:20","date_gmt":"2015-01-27T16:56:20","guid":{"rendered":"http:\/\/agora.xtec.cat\/cfalaverneda\/?page_id=274"},"modified":"2025-06-29T12:45:41","modified_gmt":"2025-06-29T10:45:41","slug":"ensenyaments","status":"publish","type":"page","link":"https:\/\/agora.xtec.cat\/cfalaverneda\/ensenyaments\/","title":{"rendered":"Ensenyaments"},"content":{"rendered":"<h4>Idiomes, GESO i inform\u00e0tica<\/h4>\n<p data-start=\"203\" data-end=\"521\"><a href=\"https:\/\/agora.xtec.cat\/cfalaverneda\/wp-content\/uploads\/usu1193\/2025\/06\/Etiqueta-educacio-adults.png\"><img loading=\"lazy\" decoding=\"async\" class=\"alignright wp-image-2865\" src=\"https:\/\/agora.xtec.cat\/cfalaverneda\/wp-content\/uploads\/usu1193\/2025\/06\/Etiqueta-educacio-adults-150x150.png\" alt=\"\" width=\"200\" height=\"200\" srcset=\"https:\/\/agora.xtec.cat\/cfalaverneda\/wp-content\/uploads\/usu1193\/2025\/06\/Etiqueta-educacio-adults-150x150.png 150w, https:\/\/agora.xtec.cat\/cfalaverneda\/wp-content\/uploads\/usu1193\/2025\/06\/Etiqueta-educacio-adults.png 271w\" sizes=\"auto, (max-width: 200px) 100vw, 200px\" \/><\/a>El nostre centre ofereix una \u00e0mplia gamma d\u2019<strong data-start=\"247\" data-end=\"286\">ensenyaments per a persones adultes<\/strong>, adaptats a les seves necessitats formatives, personals i professionals. L\u2019objectiu \u00e9s facilitar l\u2019acc\u00e9s a l\u2019<a href=\"https:\/\/projectes.xtec.cat\/xarxadults\/\">educaci\u00f3 al llarg de la vida<\/a>, amb itineraris flexibles, acompanyament proper i un entorn d\u2019aprenentatge inclusiu i motivador.<\/p>\n<p data-start=\"523\" data-end=\"929\">Els <strong data-start=\"527\" data-end=\"573\">ensenyaments inicials i de formaci\u00f3 b\u00e0sica<\/strong> estan pensats per a persones que volen <strong data-start=\"613\" data-end=\"677\">refor\u00e7ar o adquirir per primera vegada compet\u00e8ncies b\u00e0siques<\/strong> en lectura, escriptura, c\u00e0lcul o coneixement de l\u2019entorn. Tamb\u00e9 inclouen cursos de <strong data-start=\"761\" data-end=\"809\">catal\u00e0 i castell\u00e0 per a persones nouvingudes<\/strong>, distribu\u00efts per nivells segons el Marc Europeu Com\u00fa de Refer\u00e8ncia (MECR), amb una metodologia pr\u00e0ctica i comunicativa.<\/p>\n<p data-start=\"931\" data-end=\"1261\">L\u2019oferta de <strong data-start=\"943\" data-end=\"963\">formaci\u00f3 reglada<\/strong> inclou el <strong data-start=\"974\" data-end=\"1038\">Graduat en Educaci\u00f3 Secund\u00e0ria per a persones adultes (GESO)<\/strong>. Aquesta formaci\u00f3, organitzada en m\u00f2duls trimestrals i per \u00e0mbits de coneixement (Comunicaci\u00f3, Social i Cient\u00edfic-Tecnol\u00f2gic), permet obtenir el t\u00edtol oficial d\u2019ESO i <strong data-start=\"1206\" data-end=\"1260\">accedir a estudis postobligatoris o al m\u00f3n laboral<\/strong>.<\/p>\n<p data-start=\"1263\" data-end=\"1648\">Tamb\u00e9 oferim <strong data-start=\"1276\" data-end=\"1311\">ensenyaments de llengua anglesa<\/strong>, amb cursos b\u00e0sics i introductoris que posen l\u2019accent en la comunicaci\u00f3 oral i situacions de la vida quotidiana. D\u2019altra banda, completa aquesta oferta la <strong data-start=\"1443\" data-end=\"1477\">compet\u00e8ncia digital (COMPETIC)<\/strong> \u00e9s una \u00e0rea clau que permet desenvolupar les habilitats necess\u00e0ries per moure\u2019s amb autonomia en l\u2019entorn digital actual, des del nivell inicial fins a usos m\u00e9s avan\u00e7ats.<\/p>\n<p data-start=\"2017\" data-end=\"2228\">Amb aquesta diversitat de propostes, el nostre CFA vol ser un espai d\u2019oportunitats, acollida i aprenentatge per a totes les persones que volen seguir formant-se i avan\u00e7ant en el seu cam\u00ed personal i professional.<\/p>\n<h4>Ensenyaments inicials i formaci\u00f3 b\u00e0sica<\/h4>\n<ul>\n<li>Llengua catalana<\/li>\n<li>Llengua castellana<\/li>\n<li>Graduat en educaci\u00f3 secund\u00e0ria per a persones adultes (GESO)<\/li>\n<\/ul>\n<h4>Ensenyaments transprofessionals<\/h4>\n<ul>\n<li>Llengua anglesa<\/li>\n<li>Compet\u00e8ncia digital COMPETIC<\/li>\n<\/ul>\n<p><!--a=1--><!--a=1--><\/p>\n<p><!--a=1--><\/p>\n","protected":false},"excerpt":{"rendered":"<p>Idiomes, GESO i inform\u00e0tica El nostre centre ofereix una \u00e0mplia gamma d\u2019ensenyaments per a persones adultes, adaptats a les seves necessitats formatives, personals i professionals. L\u2019objectiu \u00e9s facilitar l\u2019acc\u00e9s a l\u2019educaci\u00f3 al llarg de la vida, amb itineraris flexibles, acompanyament proper i un entorn d\u2019aprenentatge inclusiu i motivador. Els ensenyaments inicials i de formaci\u00f3 b\u00e0sica [&hellip;]<\/p>\n","protected":false},"author":1,"featured_media":0,"parent":0,"menu_order":0,"comment_status":"closed","ping_status":"closed","template":"","meta":{"_bbp_topic_count":0,"_bbp_reply_count":0,"_bbp_total_topic_count":0,"_bbp_total_reply_count":0,"_bbp_voice_count":0,"_bbp_anonymous_reply_count":0,"_bbp_topic_count_hidden":0,"_bbp_reply_count_hidden":0,"_bbp_forum_subforum_count":0,"site-sidebar-layout":"default","site-content-layout":"","ast-site-content-layout":"default","site-content-style":"default","site-sidebar-style":"default","ast-global-header-display":"","ast-banner-title-visibility":"","ast-main-header-display":"","ast-hfb-above-header-display":"","ast-hfb-below-header-display":"","ast-hfb-mobile-header-display":"","site-post-title":"","ast-breadcrumbs-content":"","ast-featured-img":"","footer-sml-layout":"","theme-transparent-header-meta":"default","adv-header-id-meta":"","stick-header-meta":"","header-above-stick-meta":"","header-main-stick-meta":"","header-below-stick-meta":"","astra-migrate-meta-layouts":"set","ast-page-background-enabled":"default","ast-page-background-meta":{"desktop":{"background-color":"var(--ast-global-color-4)","background-image":"","background-repeat":"repeat","background-position":"center center","background-size":"auto","background-attachment":"scroll","background-type":"","background-media":"","overlay-type":"","overlay-color":"","overlay-opacity":"","overlay-gradient":""},"tablet":{"background-color":"","background-image":"","background-repeat":"repeat","background-position":"center center","background-size":"auto","background-attachment":"scroll","background-type":"","background-media":"","overlay-type":"","overlay-color":"","overlay-opacity":"","overlay-gradient":""},"mobile":{"background-color":"","background-image":"","background-repeat":"repeat","background-position":"center center","background-size":"auto","background-attachment":"scroll","background-type":"","background-media":"","overlay-type":"","overlay-color":"","overlay-opacity":"","overlay-gradient":""}},"ast-content-background-meta":{"desktop":{"background-color":"var(--ast-global-color-5)","background-image":"","background-repeat":"repeat","background-position":"center center","background-size":"auto","background-attachment":"scroll","background-type":"","background-media":"","overlay-type":"","overlay-color":"","overlay-opacity":"","overlay-gradient":""},"tablet":{"background-color":"var(--ast-global-color-5)","background-image":"","background-repeat":"repeat","background-position":"center center","background-size":"auto","background-attachment":"scroll","background-type":"","background-media":"","overlay-type":"","overlay-color":"","overlay-opacity":"","overlay-gradient":""},"mobile":{"background-color":"var(--ast-global-color-5)","background-image":"","background-repeat":"repeat","background-position":"center center","background-size":"auto","background-attachment":"scroll","background-type":"","background-media":"","overlay-type":"","overlay-color":"","overlay-opacity":"","overlay-gradient":""}},"footnotes":""},"class_list":["post-274","page","type-page","status-publish","hentry"],"post_mailing_queue_ids":[],"_links":{"self":[{"href":"https:\/\/agora.xtec.cat\/cfalaverneda\/wp-json\/wp\/v2\/pages\/274","targetHints":{"allow":["GET"]}}],"collection":[{"href":"https:\/\/agora.xtec.cat\/cfalaverneda\/wp-json\/wp\/v2\/pages"}],"about":[{"href":"https:\/\/agora.xtec.cat\/cfalaverneda\/wp-json\/wp\/v2\/types\/page"}],"author":[{"embeddable":true,"href":"https:\/\/agora.xtec.cat\/cfalaverneda\/wp-json\/wp\/v2\/users\/1"}],"replies":[{"embeddable":true,"href":"https:\/\/agora.xtec.cat\/cfalaverneda\/wp-json\/wp\/v2\/comments?post=274"}],"version-history":[{"count":7,"href":"https:\/\/agora.xtec.cat\/cfalaverneda\/wp-json\/wp\/v2\/pages\/274\/revisions"}],"predecessor-version":[{"id":2983,"href":"https:\/\/agora.xtec.cat\/cfalaverneda\/wp-json\/wp\/v2\/pages\/274\/revisions\/2983"}],"wp:attachment":[{"href":"https:\/\/agora.xtec.cat\/cfalaverneda\/wp-json\/wp\/v2\/media?parent=274"}],"curies":[{"name":"wp","href":"https:\/\/api.w.org\/{rel}","templated":true}]}}