{"id":27,"date":"2014-09-17T16:24:03","date_gmt":"2014-09-17T15:24:03","guid":{"rendered":"http:\/\/agora.xtec.cat\/cfalaverneda\/?page_id=27"},"modified":"2025-01-16T15:52:06","modified_gmt":"2025-01-16T14:52:06","slug":"historia","status":"publish","type":"page","link":"https:\/\/agora.xtec.cat\/cfalaverneda\/historia\/","title":{"rendered":"Hist\u00f2ria"},"content":{"rendered":"<p style=\"text-align: justify;\">El Centre de Formaci\u00f3 de Persones Adultes La Verneda va iniciar la seva acci\u00f3 formativa a finals dels anys 70, com a instrument per donar resposta a les necessitats educatives de l\u2019entorn. El curs 79-80 el MEC (Ministeri d\u2019Educaci\u00f3 i Ci\u00e8ncia) el reconeix oficialment amb seu al carrer Selva de Mar, 15, 5a. planta. El centre va dependre de diferents estaments i conselleries (Departament de Benestar i Fam\u00edlia de la Generalitat de Catalunya, Departament d\u2019ensenyament&#8230;).<\/p>\n<p style=\"text-align: justify;\">El CFA La Verneda est\u00e0 situat al barri de La Verneda, en el seu casc hist\u00f2ric, al costat de l\u2019antiga esgl\u00e9sia de Sant Mart\u00ed de Proven\u00e7als i de les tres \u00faniques masies (Ca L\u2019Arno, Can Planes i Can Cadenes) que testimonien un passat de pagesia, a l\u2019extrem nord del parc de Sant Mart\u00ed, just al costat de la que ser\u00e0 l\u2019estaci\u00f3 de l\u2019AVE.<\/p>\n<p style=\"text-align: justify;\">El curs 2003-2004, la llavors AFA La Verneda-Sant Mart\u00ed va passar a dependre del Departament d\u2019Educaci\u00f3 dins de la Direcci\u00f3 General de Formaci\u00f3 Professional i Educaci\u00f3 Permanent. El curs 2009-2010 es va traslladar al desaparegut IES Sant Mart\u00ed de Proven\u00e7als al carrer Pont del Treball, 15. A finals del curs 2010-11, en el DOGC 5854- 7\/4\/2011 segons GOV\/64\/2011, de 5 d\u2019abril, l\u2019AFA La Verneda-Sant Mart\u00ed va estar reconeguda jur\u00eddicament com a Centre de Formaci\u00f3 de Persones Adultes amb el nom de CFA La Verneda, iniciant la seva marxa com a tal el curs 2011-2012.<\/p>\n<p style=\"text-align: justify;\">Des del curs 2015-16, el centre es troba al carrer Almacelles, 1-11.<\/p>\n","protected":false},"excerpt":{"rendered":"<p>El Centre de Formaci\u00f3 de Persones Adultes La Verneda va iniciar la seva acci\u00f3 formativa a finals dels anys 70, com a instrument per donar resposta a les necessitats educatives de l\u2019entorn. El curs 79-80 el MEC (Ministeri d\u2019Educaci\u00f3 i Ci\u00e8ncia) el reconeix oficialment amb seu al carrer Selva de Mar, 15, 5a. planta. El [&hellip;]<\/p>\n","protected":false},"author":1,"featured_media":0,"parent":0,"menu_order":20,"comment_status":"closed","ping_status":"closed","template":"page-templates\/side-menu.php","meta":{"_bbp_topic_count":0,"_bbp_reply_count":0,"_bbp_total_topic_count":0,"_bbp_total_reply_count":0,"_bbp_voice_count":0,"_bbp_anonymous_reply_count":0,"_bbp_topic_count_hidden":0,"_bbp_reply_count_hidden":0,"_bbp_forum_subforum_count":0,"site-sidebar-layout":"default","site-content-layout":"","ast-site-content-layout":"","site-content-style":"default","site-sidebar-style":"default","ast-global-header-display":"","ast-banner-title-visibility":"","ast-main-header-display":"","ast-hfb-above-header-display":"","ast-hfb-below-header-display":"","ast-hfb-mobile-header-display":"","site-post-title":"","ast-breadcrumbs-content":"","ast-featured-img":"","footer-sml-layout":"","theme-transparent-header-meta":"","adv-header-id-meta":"","stick-header-meta":"","header-above-stick-meta":"","header-main-stick-meta":"","header-below-stick-meta":"","astra-migrate-meta-layouts":"default","ast-page-background-enabled":"default","ast-page-background-meta":{"desktop":{"background-color":"var(--ast-global-color-4)","background-image":"","background-repeat":"repeat","background-position":"center center","background-size":"auto","background-attachment":"scroll","background-type":"","background-media":"","overlay-type":"","overlay-color":"","overlay-opacity":"","overlay-gradient":""},"tablet":{"background-color":"","background-image":"","background-repeat":"repeat","background-position":"center center","background-size":"auto","background-attachment":"scroll","background-type":"","background-media":"","overlay-type":"","overlay-color":"","overlay-opacity":"","overlay-gradient":""},"mobile":{"background-color":"","background-image":"","background-repeat":"repeat","background-position":"center center","background-size":"auto","background-attachment":"scroll","background-type":"","background-media":"","overlay-type":"","overlay-color":"","overlay-opacity":"","overlay-gradient":""}},"ast-content-background-meta":{"desktop":{"background-color":"var(--ast-global-color-5)","background-image":"","background-repeat":"repeat","background-position":"center center","background-size":"auto","background-attachment":"scroll","background-type":"","background-media":"","overlay-type":"","overlay-color":"","overlay-opacity":"","overlay-gradient":""},"tablet":{"background-color":"var(--ast-global-color-5)","background-image":"","background-repeat":"repeat","background-position":"center center","background-size":"auto","background-attachment":"scroll","background-type":"","background-media":"","overlay-type":"","overlay-color":"","overlay-opacity":"","overlay-gradient":""},"mobile":{"background-color":"var(--ast-global-color-5)","background-image":"","background-repeat":"repeat","background-position":"center center","background-size":"auto","background-attachment":"scroll","background-type":"","background-media":"","overlay-type":"","overlay-color":"","overlay-opacity":"","overlay-gradient":""}},"footnotes":""},"class_list":["post-27","page","type-page","status-publish","hentry"],"post_mailing_queue_ids":[],"_links":{"self":[{"href":"https:\/\/agora.xtec.cat\/cfalaverneda\/wp-json\/wp\/v2\/pages\/27","targetHints":{"allow":["GET"]}}],"collection":[{"href":"https:\/\/agora.xtec.cat\/cfalaverneda\/wp-json\/wp\/v2\/pages"}],"about":[{"href":"https:\/\/agora.xtec.cat\/cfalaverneda\/wp-json\/wp\/v2\/types\/page"}],"author":[{"embeddable":true,"href":"https:\/\/agora.xtec.cat\/cfalaverneda\/wp-json\/wp\/v2\/users\/1"}],"replies":[{"embeddable":true,"href":"https:\/\/agora.xtec.cat\/cfalaverneda\/wp-json\/wp\/v2\/comments?post=27"}],"version-history":[{"count":5,"href":"https:\/\/agora.xtec.cat\/cfalaverneda\/wp-json\/wp\/v2\/pages\/27\/revisions"}],"predecessor-version":[{"id":2453,"href":"https:\/\/agora.xtec.cat\/cfalaverneda\/wp-json\/wp\/v2\/pages\/27\/revisions\/2453"}],"wp:attachment":[{"href":"https:\/\/agora.xtec.cat\/cfalaverneda\/wp-json\/wp\/v2\/media?parent=27"}],"curies":[{"name":"wp","href":"https:\/\/api.w.org\/{rel}","templated":true}]}}