{"id":2133,"date":"2024-03-08T13:32:08","date_gmt":"2024-03-08T12:32:08","guid":{"rendered":"https:\/\/agora.xtec.cat\/cfalaverneda\/?page_id=2133"},"modified":"2025-06-21T13:48:23","modified_gmt":"2025-06-21T11:48:23","slug":"cultura-digital","status":"publish","type":"page","link":"https:\/\/agora.xtec.cat\/cfalaverneda\/estrategia-digital-de-centre\/cultura-digital\/","title":{"rendered":"Cultura digital"},"content":{"rendered":"<div class=\"oKdM2c ZZyype Kzv0Me\">\n<div id=\"h.2ea78a08333fc805_0\" class=\"hJDwNd-AhqUyc-uQSCkd Ft7HRd-AhqUyc-uQSCkd jXK9ad D2fZ2 zu5uec OjCsFc dmUFtb\">\n<div class=\"jXK9ad-SmKAyb\">\n<div class=\"tyJCtd mGzaTb Depvyb baZpAe\">\n<p class=\"zfr3Q CDt4Ke \" dir=\"ltr\"><span class=\"C9DxTc \">El conjunt de <strong>documents<\/strong> i <strong>protocols<\/strong> que conformen l\u2019EDC esdevenen la refer\u00e8ncia del centre en l\u2019\u00e0mbit de tecnologies digitals. Per tant, \u00e9s important que aquest conjunt de documents tamb\u00e9 recullin la gesti\u00f3 di\u00e0ria de l\u2019organitzaci\u00f3 digital del centre.<\/span><span class=\"C9DxTc \">\u00a0<\/span><\/p>\n<\/div>\n<\/div>\n<\/div>\n<\/div>\n<div class=\"oKdM2c ZZyype\">\n<div id=\"h.2ea78a08333fc805_3\" class=\"hJDwNd-AhqUyc-uQSCkd Ft7HRd-AhqUyc-uQSCkd jXK9ad D2fZ2 zu5uec wHaque g5GTcb\">\n<div class=\"jXK9ad-SmKAyb\">\n<div class=\"tyJCtd mGzaTb Depvyb baZpAe\">\n<p class=\"zfr3Q CDt4Ke \" dir=\"ltr\"><span class=\"C9DxTc \">En aquesta part de cultura digital de l\u2019EDC s\u2019hi inclouen refer\u00e8ncies a les <strong>NOFC<\/strong>, el <strong>PEC<\/strong>, el <strong>Projecte de Direcci\u00f3<\/strong>, els <strong>Acords<\/strong> de Claustre o de Consell Escolar, <strong>plans espec\u00edfics<\/strong> dissenyats per millorar aspectes concrets, <strong>protocols<\/strong> a seguir per la gesti\u00f3 dels serveis, <strong>autoritzacions<\/strong> que les fam\u00edlies han de signar, descripcions dels serveis que s\u2019utilitzen al centre, etc.<\/span><span class=\"C9DxTc \">\u00a0<\/span><\/p>\n\t\t\t\t\t\t\t<h3 style=\"margin-bottom:20px ;display:block;width:100%;margin-top:10px\">Cultura digital <\/h3>\r\n\t\t\t\t\t\t\t\t<style>\r\n\t\t\t\t\r\n\t\t\t\t\t#tab_container_2177 {\r\n\toverflow:hidden;\r\n\tdisplay:block;\r\n\twidth:100%;\r\n\tborder:0px solid #ddd;\r\n\tmargin-bottom:30px;\r\n\t}\r\n\r\n#tab_container_2177 .tab-content{\r\n\tpadding:20px;\r\n\tborder: 1px solid #e6e6e6 !important;\r\n\tmargin-top: 0px;\r\n\tbackground-color:#ffffff !important;\r\n\tcolor: #000000 !important;\r\n\tfont-size:16px !important;\r\n\tfont-family: Arial !important;\r\n\t\r\n\t\tborder: 1px solid #e6e6e6 !important;\r\n\t}\r\n#tab_container_2177 .wpsm_nav-tabs {\r\n    border-bottom: 0px solid #ddd;\r\n}\r\n#tab_container_2177 .wpsm_nav-tabs > li.active > a, #tab_container_2177 .wpsm_nav-tabs > li.active > a:hover, #tab_container_2177 .wpsm_nav-tabs > li.active > a:focus {\r\n\tcolor: #000000 !important;\r\n\tcursor: default;\r\n\tbackground-color: #ffffff !important;\r\n\tborder: 1px solid #e6e6e6 !important;\r\n}\r\n\r\n#tab_container_2177 .wpsm_nav-tabs > li > a {\r\n    margin-right: 0px !important; \r\n    line-height: 1.42857143 !important;\r\n    border: 1px solid #006ba3 !important;\r\n    border-radius: 0px 0px 0 0 !important; \r\n\tbackground-color: #087eb6 !important;\r\n\tcolor: #ffffff !important;\r\n\tpadding: 15px 18px 15px 18px !important;\r\n\ttext-decoration: none !important;\r\n\tfont-size: 14px !important;\r\n\ttext-align:center !important;\r\n\tfont-family: Arial !important;\r\n}\r\n#tab_container_2177 .wpsm_nav-tabs > li > a:focus {\r\noutline: 0px !important;\r\n}\r\n\r\n#tab_container_2177 .wpsm_nav-tabs > li > a:before {\r\n\tdisplay:none !important;\r\n}\r\n#tab_container_2177 .wpsm_nav-tabs > li > a:after {\r\n\tdisplay:none !important ;\r\n}\r\n#tab_container_2177 .wpsm_nav-tabs > li{\r\npadding:0px !important ;\r\nmargin:0px;\r\n}\r\n\r\n#tab_container_2177 .wpsm_nav-tabs > li > a:hover , #tab_container_2177 .wpsm_nav-tabs > li > a:focus {\r\n    color: #ffffff !important;\r\n    background-color: #087eb6 !important;\r\n\tborder: 1px solid #006ba3 !important;\r\n\t\r\n}\r\n#tab_container_2177 .wpsm_nav-tabs > li > a .fa{\r\n\r\nmargin-right:5px !important;\r\n\r\nmargin-left:5px !important;\r\n\r\n\r\n}\r\n\r\n\t\t#tab_container_2177 .wpsm_nav-tabs a{\r\n\t\t\tbackground-image: none;\r\n\t\t\tbackground-position: 0 0;\r\n\t\t\tbackground-repeat: repeat-x;\r\n\t\t}\r\n\t\t\t\r\n\r\n\r\n#tab_container_2177 .wpsm_nav-tabs > li {\r\n    float: left;\r\n    margin-bottom: -1px !important;\r\n\tmargin-right:0px !important; \r\n}\r\n\r\n\r\n#tab_container_2177 .tab-content{\r\noverflow:hidden !important;\r\n}\r\n\r\n\r\n@media (min-width: 769px) {\r\n\r\n\t#tab_container_2177 .wpsm_nav-tabs > li{\r\n\t\tfloat:left !important ;\r\n\t\t\t\tmargin-right:-1px !important;\r\n\t\t\t\t\t}\r\n\t#tab_container_2177 .wpsm_nav-tabs{\r\n\t\tfloat:none !important;\r\n\t\tmargin:0px !important;\r\n\t}\r\n\r\n\t#tab_container_2177 .wpsm_nav-tabs > li {\r\n\t\t\t\t\r\n\t}\r\n\t#tab_container_2177 .wpsm_nav{\r\n\t\t\t}\r\n\r\n}\r\n\r\n\r\n\r\n@media (max-width: 768px) {\r\n\t#tab_container_2177 .wpsm_nav-tabs > li {\r\n\t\t\t\t\r\n\t}\r\n\t#tab_container_2177 .wpsm_nav{\r\n\t\t\t}\r\n}\r\n\r\n\r\n\t.wpsm_nav-tabs li:before{\r\n\t\tdisplay:none !important;\r\n\t}\r\n\r\n\t@media (max-width: 768px) {\r\n\t\t\t\t\r\n\t\t\t\t.wpsm_nav-tabs{\r\n\t\t\tmargin-left:0px !important;\r\n\t\t\tmargin-right:0px !important; \r\n\t\t\t\r\n\t\t}\r\n\t\t\t\t#tab_container_2177 .wpsm_nav-tabs > li{\r\n\t\t\tfloat:none !important;\r\n\t\t}\r\n\t\t\t\r\n\t}\t\t\t\t<\/style>\r\n\t\t\t\t<div id=\"tab_container_2177\" >\r\n\t \r\n\t\t\t\t\t<ul class=\"wpsm_nav wpsm_nav-tabs\" role=\"tablist\" id=\"myTab_2177\">\r\n\t\t\t\t\t\t\t\r\n\t\t\t\t\t\t\t<li role=\"presentation\"  class=\"active\"  onclick=\"do_resize()\">\r\n\r\n\t\t\t\t\t\t\t\t<!-- XTEC ************ MODIFICAT - Disable scrolling on tab change. Fixes error in option \"Tabs Description Animation\" -->\r\n\t\t\t\t\t\t\t\t<!-- 2021.12.01 @aginard -->\r\n\t\t\t\t\t\t\t\t<a href=\"javascript:void(0);\" aria-controls=\"tabs_desc_2177_1\" role=\"tab\" data-toggle=\"tab\" data-target=\"#tabs_desc_2177_1\">\r\n\t\t\t\t\t\t\t\t<!-- ORIGINAL\r\n\t\t\t\t\t\t\t\t<a href=\"#tabs_desc_2177_1\" aria-controls=\"tabs_desc_2177_1\" role=\"tab\" data-toggle=\"tab\">\r\n\t\t\t\t\t\t\t\t-->\r\n\t\t\t\t\t\t\t\t<!-- ************ FI -->\r\n\t\t\t\t\t\t\t\t\t\r\n\t\t\t\t\t\t\t\t\t\t\t\t\t\t\t\t\t\t\t\t\t\t\t\t\t\t\t\t\t\t\t<i class=\"fa fa-book\"><\/i> \t\t\t\t\t\t\t\t\t\t\t\t\t\t\t\t\t\t\t\r\n\t\t\t\t\t\t\t\t\t\t\t\t\t\t\t\t\t\t\r\n\t\t\t\t\t\t\t\t\t<span>Documentaci\u00f3 b\u00e0sica<\/span>\r\n\t\t\t\t\t\t\t\t\t\r\n\t\t\t\t\t\t\t\t\t\t\t\t\t\t\t\t\t\t\r\n\t\t\t\t\t\t\t\t\t\t\t\t\t\t\t\t\t\t\t\t\r\n\t\t\t\t\t\t\t\t\t\r\n\t\t\t\t\t\t\t\t<\/a>\r\n\t\t\t\t\t\t\t<\/li>\r\n\t\t\t\t\t\t\t\r\n\t\t\t\t\t\t\t<li role=\"presentation\"  onclick=\"do_resize()\">\r\n\r\n\t\t\t\t\t\t\t\t<!-- XTEC ************ MODIFICAT - Disable scrolling on tab change. Fixes error in option \"Tabs Description Animation\" -->\r\n\t\t\t\t\t\t\t\t<!-- 2021.12.01 @aginard -->\r\n\t\t\t\t\t\t\t\t<a href=\"javascript:void(0);\" aria-controls=\"tabs_desc_2177_2\" role=\"tab\" data-toggle=\"tab\" data-target=\"#tabs_desc_2177_2\">\r\n\t\t\t\t\t\t\t\t<!-- ORIGINAL\r\n\t\t\t\t\t\t\t\t<a href=\"#tabs_desc_2177_2\" aria-controls=\"tabs_desc_2177_2\" role=\"tab\" data-toggle=\"tab\">\r\n\t\t\t\t\t\t\t\t-->\r\n\t\t\t\t\t\t\t\t<!-- ************ FI -->\r\n\t\t\t\t\t\t\t\t\t\r\n\t\t\t\t\t\t\t\t\t\t\t\t\t\t\t\t\t\t\t\t\t\t\t\t\t\t\t\t\t\t\t<i class=\"fa fa-users\"><\/i> \t\t\t\t\t\t\t\t\t\t\t\t\t\t\t\t\t\t\t\r\n\t\t\t\t\t\t\t\t\t\t\t\t\t\t\t\t\t\t\r\n\t\t\t\t\t\t\t\t\t<span>Acollida digital<\/span>\r\n\t\t\t\t\t\t\t\t\t\r\n\t\t\t\t\t\t\t\t\t\t\t\t\t\t\t\t\t\t\r\n\t\t\t\t\t\t\t\t\t\t\t\t\t\t\t\t\t\t\t\t\r\n\t\t\t\t\t\t\t\t\t\r\n\t\t\t\t\t\t\t\t<\/a>\r\n\t\t\t\t\t\t\t<\/li>\r\n\t\t\t\t\t\t\t\r\n\t\t\t\t\t\t\t<li role=\"presentation\"  onclick=\"do_resize()\">\r\n\r\n\t\t\t\t\t\t\t\t<!-- XTEC ************ MODIFICAT - Disable scrolling on tab change. Fixes error in option \"Tabs Description Animation\" -->\r\n\t\t\t\t\t\t\t\t<!-- 2021.12.01 @aginard -->\r\n\t\t\t\t\t\t\t\t<a href=\"javascript:void(0);\" aria-controls=\"tabs_desc_2177_3\" role=\"tab\" data-toggle=\"tab\" data-target=\"#tabs_desc_2177_3\">\r\n\t\t\t\t\t\t\t\t<!-- ORIGINAL\r\n\t\t\t\t\t\t\t\t<a href=\"#tabs_desc_2177_3\" aria-controls=\"tabs_desc_2177_3\" role=\"tab\" data-toggle=\"tab\">\r\n\t\t\t\t\t\t\t\t-->\r\n\t\t\t\t\t\t\t\t<!-- ************ FI -->\r\n\t\t\t\t\t\t\t\t\t\r\n\t\t\t\t\t\t\t\t\t\t\t\t\t\t\t\t\t\t\t\t\t\t\t\t\t\t\t\t\t\t\t<i class=\"fa fa-comments\"><\/i> \t\t\t\t\t\t\t\t\t\t\t\t\t\t\t\t\t\t\t\r\n\t\t\t\t\t\t\t\t\t\t\t\t\t\t\t\t\t\t\r\n\t\t\t\t\t\t\t\t\t<span>Comunicaci\u00f3<\/span>\r\n\t\t\t\t\t\t\t\t\t\r\n\t\t\t\t\t\t\t\t\t\t\t\t\t\t\t\t\t\t\r\n\t\t\t\t\t\t\t\t\t\t\t\t\t\t\t\t\t\t\t\t\r\n\t\t\t\t\t\t\t\t\t\r\n\t\t\t\t\t\t\t\t<\/a>\r\n\t\t\t\t\t\t\t<\/li>\r\n\t\t\t\t\t\t\t\r\n\t\t\t\t\t\t\t<li role=\"presentation\"  onclick=\"do_resize()\">\r\n\r\n\t\t\t\t\t\t\t\t<!-- XTEC ************ MODIFICAT - Disable scrolling on tab change. Fixes error in option \"Tabs Description Animation\" -->\r\n\t\t\t\t\t\t\t\t<!-- 2021.12.01 @aginard -->\r\n\t\t\t\t\t\t\t\t<a href=\"javascript:void(0);\" aria-controls=\"tabs_desc_2177_4\" role=\"tab\" data-toggle=\"tab\" data-target=\"#tabs_desc_2177_4\">\r\n\t\t\t\t\t\t\t\t<!-- ORIGINAL\r\n\t\t\t\t\t\t\t\t<a href=\"#tabs_desc_2177_4\" aria-controls=\"tabs_desc_2177_4\" role=\"tab\" data-toggle=\"tab\">\r\n\t\t\t\t\t\t\t\t-->\r\n\t\t\t\t\t\t\t\t<!-- ************ FI -->\r\n\t\t\t\t\t\t\t\t\t\r\n\t\t\t\t\t\t\t\t\t\t\t\t\t\t\t\t\t\t\t\t\t\t\t\t\t\t\t\t\t\t\t<i class=\"fa fa-laptop\"><\/i> \t\t\t\t\t\t\t\t\t\t\t\t\t\t\t\t\t\t\t\r\n\t\t\t\t\t\t\t\t\t\t\t\t\t\t\t\t\t\t\r\n\t\t\t\t\t\t\t\t\t<span>Compet\u00e8ncia digital de l&#039;alumnat<\/span>\r\n\t\t\t\t\t\t\t\t\t\r\n\t\t\t\t\t\t\t\t\t\t\t\t\t\t\t\t\t\t\r\n\t\t\t\t\t\t\t\t\t\t\t\t\t\t\t\t\t\t\t\t\r\n\t\t\t\t\t\t\t\t\t\r\n\t\t\t\t\t\t\t\t<\/a>\r\n\t\t\t\t\t\t\t<\/li>\r\n\t\t\t\t\t\t\t\t\t\t\t <\/ul>\r\n\r\n\t\t\t\t\t  <!-- Tab panes -->\r\n\t\t\t\t\t  <div class=\"tab-content\" id=\"tab-content_2177\">\r\n\t\t\t\t\t\t\t\t\t\t\t\t <div role=\"tabpanel\" class=\"tab-pane  in active \" id=\"tabs_desc_2177_1\">\r\n\t\t\t\t\t\t\t\t<h4><strong><span class=\"C9DxTc \">Documentaci\u00f3 b\u00e0sica<\/span><\/strong><\/h4>\n<p><span class=\"C9DxTc \">La cultura digital apareix en pr\u00e0cticament tots els documents b\u00e0sics del centre. A continuaci\u00f3 es remarquen els aspectes m\u00e9s importants de cada un d'ells.<\/span><span class=\"C9DxTc \">\u00a0<\/span><\/p>\n<p><div class=\"h5p-iframe-wrapper\"><iframe id=\"h5p-iframe-4\" class=\"h5p-iframe\" data-content-id=\"4\" style=\"height:1px\" src=\"about:blank\" frameBorder=\"0\" scrolling=\"no\" title=\"Cultura Digital 1\"><\/iframe><\/div><\/p>\n\t\t\t\t\t\t <\/div>\r\n\t\t\t\t\t\t\t\t\t\t\t\t <div role=\"tabpanel\" class=\"tab-pane \" id=\"tabs_desc_2177_2\">\r\n\t\t\t\t\t\t\t\t<p>En comen\u00e7ar un nou curs escolar, davant l'arribada de <strong>docents<\/strong> nous al nostre centre, farem una acollida per explicar-los les normes de funcionament i organitzaci\u00f3 interna, a m\u00e9s dels pilars de la nostra l\u00ednia metodol\u00f2gica de treball i bases pedag\u00f2giques. A m\u00e9s es far\u00e0 un acolliment digital per mostrar la nostra organitzaci\u00f3.<\/p>\n<p>A les primeres reunions individuals de tutoria o en les sessions de presentaci\u00f3 col\u00b7lectiva d'inici del curs, proporcionem als <strong>alumnes<\/strong> informaci\u00f3 rellevant sobre la integraci\u00f3 digital al nostre centre.<\/p>\n<p>Aquests punts inclouen:<\/p>\n<p><div class=\"h5p-iframe-wrapper\"><iframe id=\"h5p-iframe-3\" class=\"h5p-iframe\" data-content-id=\"3\" style=\"height:1px\" src=\"about:blank\" frameBorder=\"0\" scrolling=\"no\" title=\"Cultura Digital 2\"><\/iframe><\/div><\/p>\n\t\t\t\t\t\t <\/div>\r\n\t\t\t\t\t\t\t\t\t\t\t\t <div role=\"tabpanel\" class=\"tab-pane \" id=\"tabs_desc_2177_3\">\r\n\t\t\t\t\t\t\t\t<p>A continuaci\u00f3, s\u2019exposa com es duu a terme la comunicaci\u00f3 entre les diferents parts de la comunitat educativa.<\/p>\n<div class=\"UtePc RCETm yxgWrb\" dir=\"ltr\" tabindex=\"-1\" role=\"main\" aria-hidden=\"false\">\n<section id=\"h.5752bee569a8b18c_8\" class=\"yaqOZd\">\n<div class=\"mYVXT\">\n<div class=\"LS81yb VICjCf j5pSsc db35Fc\" tabindex=\"-1\">\n<div class=\"hJDwNd-AhqUyc-uQSCkd Ft7HRd-AhqUyc-uQSCkd purZT-AhqUyc-II5mzb ZcASvf-AhqUyc-II5mzb pSzOP-AhqUyc-qWD73c Ktthjf-AhqUyc-qWD73c JNdkSc SQVYQc\">\n<div class=\"JNdkSc-SmKAyb LkDMRd\">\n<div class=\"\">\n<div class=\"oKdM2c ZZyype Kzv0Me\">\n<div id=\"h.5752bee569a8b18c_5\" class=\"hJDwNd-AhqUyc-uQSCkd Ft7HRd-AhqUyc-uQSCkd jXK9ad D2fZ2 zu5uec OjCsFc dmUFtb wHaque g5GTcb\">\n<div class=\"jXK9ad-SmKAyb\">\n<div class=\"tyJCtd mGzaTb Depvyb baZpAe\">\n<p class=\"zfr3Q CDt4Ke \" dir=\"ltr\"><span class=\"C9DxTc \"><strong>Direcci\u00f3 \u2013 Professorat<\/strong>:<\/span><\/p>\n<p class=\"zfr3Q CDt4Ke \" dir=\"ltr\"><span class=\"C9DxTc \">L\u2019equip directiu es comunica amb el professorat del centre a trav\u00e9s de correus electr\u00f2nics. El professorat rep aquests correus al seu compte XTEC.<\/span><\/p>\n<p class=\"zfr3Q CDt4Ke \" dir=\"ltr\"><span class=\"C9DxTc \"><strong>Direcci\u00f3\/Professorat\/Tutor\/a \u2013 Alumnat<\/strong>:<\/span><\/p>\n<p class=\"zfr3Q CDt4Ke \" dir=\"ltr\"><span class=\"C9DxTc \">La comunicaci\u00f3 de direcci\u00f3 amb l\u2019alumnat acostuma a ser a trav\u00e9s de la persona tutora del grup. Si la comunicaci\u00f3 s\u2019ha de fer de forma massiva o individual, s\u2019utilitza el correu electr\u00f2nic i la plataforma Mensario. En cas d'alumnes menors <\/span><span class=\"C9DxTc \">la fam\u00edlia podr\u00e0 contactar amb el centre. Els tut<\/span><span class=\"C9DxTc \">ors\/res dels\u00a0<\/span><span class=\"C9DxTc \">centres penitenciaris o\u00a0<\/span><span class=\"C9DxTc \">d'altres centres d'acollida o institucions tamb\u00e9 podran contactar amb el centre.<\/span><\/p>\n<p class=\"zfr3Q CDt4Ke \" dir=\"ltr\"><strong><span class=\"C9DxTc \">Altres comunicacions:<\/span><\/strong><\/p>\n<p class=\"zfr3Q CDt4Ke \" dir=\"ltr\"><span class=\"C9DxTc \">El\u00a0<\/span><a class=\"XqQF9c\" href=\"https:\/\/agora.xtec.cat\/cfalaverneda\/\" target=\"_blank\" rel=\"noopener\"><span class=\"C9DxTc \">web<\/span><\/a><span class=\"C9DxTc \">\u00a0del centre esdev\u00e9 el nucli que aglutina tota la informaci\u00f3 relativa a l'escola, secretaria, nivells educatius, projecte educatiu, extraescolars, serveis, calendari escolar, organitzaci\u00f3 de curs, documents d\u2019inter\u00e8s, enlla\u00e7os als entorns digitals i xarxes socials i finalment not\u00edcies del centre, i que \u00e9s visible a tota la comunitat educativa i obert a qualsevol persona que vulgui consultar.<\/span><\/p>\n<p class=\"zfr3Q CDt4Ke \" dir=\"ltr\"><span class=\"C9DxTc \">El correu\u00a0<\/span><a class=\"XqQF9c\" href=\"mailto:cfalaverneda@gmail.com\" target=\"_blank\" rel=\"noopener\"><span class=\"C9DxTc \">cfalaverneda@gmail.com<\/span><\/a><span class=\"C9DxTc \"> \u00e9s el mitj\u00e0 que t\u00e9 el p\u00fablic en general per demanar informaci\u00f3 sobre el centre i rebre orientaci\u00f3 acad\u00e8mica.<\/span><\/p>\n<p class=\"zfr3Q CDt4Ke \" dir=\"ltr\"><span style=\"font-family: inherit; font-size: 1em;\">Aix\u00ed, en aquest apartat, detallarem els canals de comunicaci\u00f3 disponibles al centre i les formes amb les quals els <\/span><strong style=\"font-family: inherit; font-size: 1em;\">estudiants<\/strong><span style=\"font-family: inherit; font-size: 1em;\"> poden interaccionar amb els formadors i tutors.<\/span><\/p>\n<p class=\"zfr3Q CDt4Ke \" dir=\"ltr\"><span style=\"font-family: inherit; font-size: 1em;\">Les <\/span><strong style=\"font-family: inherit; font-size: 1em;\">comunicacions m\u00e9s immediates<\/strong><span style=\"font-family: inherit; font-size: 1em;\"> amb els tutors\/es i docents es duran a terme mitjan\u00e7ant els canals establerts pel centre. Encara que tamb\u00e9 es podran rebre comunicacions informals, per\u00f2 se li atorgar\u00e0 prefer\u00e8ncia a l'\u00fas del correu electr\u00f2nic i de les aplicacions consensuades pel centre (Mensario). De manera complement\u00e0ria, s'utilitzar\u00e0 el tel\u00e8fon.<\/span><\/p>\n<\/div>\n<\/div>\n<\/div>\n<\/div>\n<\/div>\n<\/div>\n<\/div>\n<\/div>\n<\/div>\n<\/section>\n<\/div>\n<p>La comunicaci\u00f3 entre els <strong>docents<\/strong>, aix\u00ed com entre ells i la direcci\u00f3 del centre, es realitzar\u00e0 principalment a trav\u00e9s del correu electr\u00f2nic. En situacions que requereixin respostes r\u00e0pides, es podr\u00e0 fer servir el Telegram del CFA La Verneda. En cas de baixa m\u00e8dica, es remetr\u00e0 en format PDF a l'adre\u00e7a electr\u00f2nica de l'escola amb la major celeritat i es comunicar\u00e0 tamb\u00e9 a trav\u00e9s del Telegram al cap d'estudis.<\/p>\n<p>Pel seguiment de l'assist\u00e8ncia, els i les docents utilitzaran l'aplicaci\u00f3 determinada pel CFA La Verneda, indicant els motius dels retards i\/o abs\u00e8ncies. Aquesta informaci\u00f3 ser\u00e0 visible individualment pels estudiants.<\/p>\n<p><div class=\"h5p-iframe-wrapper\"><iframe id=\"h5p-iframe-2\" class=\"h5p-iframe\" data-content-id=\"2\" style=\"height:1px\" src=\"about:blank\" frameBorder=\"0\" scrolling=\"no\" title=\"Cultura Digital 3\"><\/iframe><\/div><\/p>\n\t\t\t\t\t\t <\/div>\r\n\t\t\t\t\t\t\t\t\t\t\t\t <div role=\"tabpanel\" class=\"tab-pane \" id=\"tabs_desc_2177_4\">\r\n\t\t\t\t\t\t\t\t<p>En aquest context espec\u00edfic als Centre de Formaci\u00f3 de persones Adultes (CFA), l'<strong>Educaci\u00f3 Digital Competent<\/strong> (EDC) emergeix com un element clau en la preparaci\u00f3 dels nostres estudiants adults en un entorn marcat pel r\u00e0pid <strong>avan\u00e7 tecnol\u00f2gic<\/strong> i la <strong>creixent digitalitzaci\u00f3<\/strong>. Al CFA, reconeixem la import\u00e0ncia cr\u00edtica de desenvolupar compet\u00e8ncies digitals en els nostres estudiants per assegurar una preparaci\u00f3 integral i significativa per a les seves vides laborals, acad\u00e8miques i socials.<\/p>\n<p>Els m\u00e8todes pedag\u00f2gics adoptaran l'enfocament de fomentar els <strong>aprenentatges significatius<\/strong>, l'<strong>experimentaci\u00f3<\/strong> i l'<strong>\u00fas de noves tecnologies<\/strong>, amb una especial atenci\u00f3 a l'adquisici\u00f3 de procediments i habilitats que millorin la seva vida social, personal i laboral. Aquesta metodologia t\u00e9 l'objectiu de capacitar als estudiants adults perqu\u00e8 siguin els protagonistes actius del seu propi proc\u00e9s d'aprenentatge, ajustant-se a les seves necessitats i ritmes individuals.<\/p>\n<p>Aquest enfocament proporciona eines crucials per desenvolupar habilitats essencials per a la seva vida quotidiana i per a futures oportunitats laborals, contribuint a millorar la seva inserci\u00f3 digital a la societat i reduint l'escletxa social entre cultures.<\/p>\n<p><div class=\"h5p-iframe-wrapper\"><iframe id=\"h5p-iframe-1\" class=\"h5p-iframe\" data-content-id=\"1\" style=\"height:1px\" src=\"about:blank\" frameBorder=\"0\" scrolling=\"no\" title=\"Cultura Digital 4\"><\/iframe><\/div><\/p>\n\t\t\t\t\t\t <\/div>\r\n\t\t\t\t\t\t\t\r\n\t\t\t\t\t <\/div>\r\n\t\t\t\t\t \r\n\t\t\t\t <\/div>\r\n <script>\r\n\t\tjQuery(function () {\r\n\t\t\tjQuery('#myTab_2177 a:first').tab('show')\r\n\t\t});\r\n\t\t\r\n\t\t\t\tjQuery(function(){\r\n\t\t\tvar b=\"fadeIn\";\r\n\t\t\tvar c;\r\n\t\t\tvar a;\r\n\t\t\td(jQuery(\"#myTab_2177 a\"),jQuery(\"#tab-content_2177\"));function d(e,f,g){\r\n\t\t\t\te.click(function(i){\r\n\t\t\t\t\ti.preventDefault();\r\n\t\t\t\t\tjQuery(this).tab(\"show\");\r\n\t\t\t\t\tvar h=jQuery(this).data(\"easein\");\r\n\t\t\t\t\tif(c){c.removeClass(a);}\r\n\t\t\t\t\tif(h){f.find(\"div.active\").addClass(\"animated \"+h);a=h;}\r\n\t\t\t\t\telse{if(g){f.find(\"div.active\").addClass(\"animated \"+g);a=g;}else{f.find(\"div.active\").addClass(\"animated \"+b);a=b;}}c=f.find(\"div.active\");\r\n\t\t\t\t});\r\n\t\t\t}\r\n\t\t});\r\n\t\t\r\n\r\n\t\tfunction do_resize(){\r\n\r\n\t\t\tvar width=jQuery( '.tab-content .tab-pane iframe' ).width();\r\n\t\t\tvar height=jQuery( '.tab-content .tab-pane iframe' ).height();\r\n\r\n\t\t\tvar toggleSize = true;\r\n\t\t\tjQuery('iframe').animate({\r\n\t\t\t    width: toggleSize ? width : 640,\r\n\t\t\t    height: toggleSize ? height : 360\r\n\t\t\t  }, 250);\r\n\r\n\t\t\t  toggleSize = !toggleSize;\r\n\t\t}\r\n\r\n\r\n\t<\/script>\r\n\t\t\t\t\r\n\t\t\t\n<\/div>\n<\/div>\n<\/div>\n<\/div>\n<p><!----comment node----><!--a=1--><\/p>\n","protected":false},"excerpt":{"rendered":"<p>El conjunt de documents i protocols que conformen l\u2019EDC esdevenen la refer\u00e8ncia del centre en l\u2019\u00e0mbit de tecnologies digitals. Per tant, \u00e9s important que aquest conjunt de documents tamb\u00e9 recullin la gesti\u00f3 di\u00e0ria de l\u2019organitzaci\u00f3 digital del centre.\u00a0 En aquesta part de cultura digital de l\u2019EDC s\u2019hi inclouen refer\u00e8ncies a les NOFC, el PEC, el [&hellip;]<\/p>\n","protected":false},"author":1,"featured_media":0,"parent":1896,"menu_order":2,"comment_status":"closed","ping_status":"closed","template":"page-templates\/side-menu.php","meta":{"_bbp_topic_count":0,"_bbp_reply_count":0,"_bbp_total_topic_count":0,"_bbp_total_reply_count":0,"_bbp_voice_count":0,"_bbp_anonymous_reply_count":0,"_bbp_topic_count_hidden":0,"_bbp_reply_count_hidden":0,"_bbp_forum_subforum_count":0,"site-sidebar-layout":"default","site-content-layout":"","ast-site-content-layout":"","site-content-style":"default","site-sidebar-style":"default","ast-global-header-display":"","ast-banner-title-visibility":"","ast-main-header-display":"","ast-hfb-above-header-display":"","ast-hfb-below-header-display":"","ast-hfb-mobile-header-display":"","site-post-title":"","ast-breadcrumbs-content":"","ast-featured-img":"","footer-sml-layout":"","theme-transparent-header-meta":"","adv-header-id-meta":"","stick-header-meta":"","header-above-stick-meta":"","header-main-stick-meta":"","header-below-stick-meta":"","astra-migrate-meta-layouts":"default","ast-page-background-enabled":"default","ast-page-background-meta":{"desktop":{"background-color":"var(--ast-global-color-4)","background-image":"","background-repeat":"repeat","background-position":"center center","background-size":"auto","background-attachment":"scroll","background-type":"","background-media":"","overlay-type":"","overlay-color":"","overlay-opacity":"","overlay-gradient":""},"tablet":{"background-color":"","background-image":"","background-repeat":"repeat","background-position":"center center","background-size":"auto","background-attachment":"scroll","background-type":"","background-media":"","overlay-type":"","overlay-color":"","overlay-opacity":"","overlay-gradient":""},"mobile":{"background-color":"","background-image":"","background-repeat":"repeat","background-position":"center center","background-size":"auto","background-attachment":"scroll","background-type":"","background-media":"","overlay-type":"","overlay-color":"","overlay-opacity":"","overlay-gradient":""}},"ast-content-background-meta":{"desktop":{"background-color":"var(--ast-global-color-5)","background-image":"","background-repeat":"repeat","background-position":"center center","background-size":"auto","background-attachment":"scroll","background-type":"","background-media":"","overlay-type":"","overlay-color":"","overlay-opacity":"","overlay-gradient":""},"tablet":{"background-color":"var(--ast-global-color-5)","background-image":"","background-repeat":"repeat","background-position":"center center","background-size":"auto","background-attachment":"scroll","background-type":"","background-media":"","overlay-type":"","overlay-color":"","overlay-opacity":"","overlay-gradient":""},"mobile":{"background-color":"var(--ast-global-color-5)","background-image":"","background-repeat":"repeat","background-position":"center center","background-size":"auto","background-attachment":"scroll","background-type":"","background-media":"","overlay-type":"","overlay-color":"","overlay-opacity":"","overlay-gradient":""}},"footnotes":""},"class_list":["post-2133","page","type-page","status-publish","hentry"],"post_mailing_queue_ids":[],"_links":{"self":[{"href":"https:\/\/agora.xtec.cat\/cfalaverneda\/wp-json\/wp\/v2\/pages\/2133","targetHints":{"allow":["GET"]}}],"collection":[{"href":"https:\/\/agora.xtec.cat\/cfalaverneda\/wp-json\/wp\/v2\/pages"}],"about":[{"href":"https:\/\/agora.xtec.cat\/cfalaverneda\/wp-json\/wp\/v2\/types\/page"}],"author":[{"embeddable":true,"href":"https:\/\/agora.xtec.cat\/cfalaverneda\/wp-json\/wp\/v2\/users\/1"}],"replies":[{"embeddable":true,"href":"https:\/\/agora.xtec.cat\/cfalaverneda\/wp-json\/wp\/v2\/comments?post=2133"}],"version-history":[{"count":3,"href":"https:\/\/agora.xtec.cat\/cfalaverneda\/wp-json\/wp\/v2\/pages\/2133\/revisions"}],"predecessor-version":[{"id":2732,"href":"https:\/\/agora.xtec.cat\/cfalaverneda\/wp-json\/wp\/v2\/pages\/2133\/revisions\/2732"}],"up":[{"embeddable":true,"href":"https:\/\/agora.xtec.cat\/cfalaverneda\/wp-json\/wp\/v2\/pages\/1896"}],"wp:attachment":[{"href":"https:\/\/agora.xtec.cat\/cfalaverneda\/wp-json\/wp\/v2\/media?parent=2133"}],"curies":[{"name":"wp","href":"https:\/\/api.w.org\/{rel}","templated":true}]}}