{"id":1896,"date":"2023-06-29T11:03:00","date_gmt":"2023-06-29T09:03:00","guid":{"rendered":"https:\/\/agora.xtec.cat\/cfalaverneda\/?page_id=1896"},"modified":"2024-03-08T19:14:53","modified_gmt":"2024-03-08T18:14:53","slug":"estrategia-digital-de-centre","status":"publish","type":"page","link":"https:\/\/agora.xtec.cat\/cfalaverneda\/estrategia-digital-de-centre\/","title":{"rendered":"Estrat\u00e8gia Digital de Centre"},"content":{"rendered":"<div class=\"oKdM2c ZZyype Kzv0Me\">\n<div id=\"h.243b6c2ce9bf6000_28\" class=\"hJDwNd-AhqUyc-qWD73c Ft7HRd-AhqUyc-qWD73c jXK9ad D2fZ2 zu5uec OjCsFc dmUFtb\">\n<div class=\"jXK9ad-SmKAyb\">\n<div class=\"tyJCtd mGzaTb Depvyb baZpAe\">\n<p class=\"zfr3Q CDt4Ke \" dir=\"ltr\"><strong><span class=\"C9DxTc \">En qu\u00e8 consisteix?<img loading=\"lazy\" decoding=\"async\" class=\" alignright\" src=\"https:\/\/projectes.xtec.cat\/edc-suport\/wp-content\/uploads\/usu2435\/2021\/03\/img_EDC_graph_01-574x1024.png\" width=\"340\" height=\"606\" \/><\/span><\/strong><\/p>\n<\/div>\n<\/div>\n<\/div>\n<\/div>\n<div class=\"oKdM2c ZZyype\">\n<div id=\"h.688ce5a9fcb19df9_69\" class=\"hJDwNd-AhqUyc-qWD73c Ft7HRd-AhqUyc-qWD73c jXK9ad D2fZ2 zu5uec wHaque g5GTcb\">\n<div class=\"jXK9ad-SmKAyb\">\n<div class=\"tyJCtd mGzaTb Depvyb baZpAe\">\n<p class=\"zfr3Q CDt4Ke \" dir=\"ltr\"><span class=\"C9DxTc \">L\u2019<\/span><span class=\"C9DxTc \">Estrat\u00e8gia Digital de Centre<\/span><span class=\"C9DxTc \">\u00a0(<a href=\"https:\/\/sites.google.com\/xtec.cat\/siteplantillaedc-ceeconchaesp?usp=share_link\">EDC<\/a>) \u00e9s un document que recull totes les accions que es realitzen en un centre, i les que es realitzaran a mitj\u00e0 termini, per aconseguir\u00a0<\/span><span class=\"C9DxTc \">la m\u00e0xima compet\u00e8ncia digital<\/span><span class=\"C9DxTc \">\u00a0de l\u2019<\/span><span class=\"C9DxTc \">alumnat<\/span><span class=\"C9DxTc \">, del\u00a0<\/span><span class=\"C9DxTc \">professorat\u00a0<\/span><span class=\"C9DxTc \">i del\u00a0<\/span><span class=\"C9DxTc \">centre educatiu<\/span><span class=\"C9DxTc \">\u00a0i t\u00e9 com a referent el\u00a0<\/span><span style=\"color: #0000ff;\"><a class=\"XqQF9c\" style=\"color: #0000ff;\" href=\"https:\/\/educacio.gencat.cat\/ca\/departament\/linies-estrategiques\/pla-educacio-digital\/\" target=\"_blank\" rel=\"noopener\"><span class=\"C9DxTc \">Pla d\u2019educaci\u00f3 digital de Catalunya (PEDC)<\/span><\/a><\/span><span class=\"C9DxTc \">, on s\u2019indica la necessitat d\u2019assolir la fita d\u2019una societat digitalment competent, fent \u00e8mfasi en l\u2019equitat i tenint en compte l\u2019evoluci\u00f3 del context social i tecnol\u00f2gic.\u00a0<\/span><\/p>\n<p class=\"zfr3Q CDt4Ke \" dir=\"ltr\"><strong><span class=\"C9DxTc \">L\u2019EDC s&#8217;estructura en dues l\u00ednies<\/span><\/strong><\/p>\n<ul>\n<li class=\"zfr3Q CDt4Ke \" dir=\"ltr\"><span class=\"C9DxTc \">Una primera part que \u00e9s m\u00e9s\u00a0<\/span><strong><span class=\"C9DxTc \">estrat\u00e8gica<\/span><\/strong><span class=\"C9DxTc \"><strong>\u00a0<\/strong>(diagnosi, objectius, activitats, planificaci\u00f3, etc.), on es defineix on vol arribar el centre digitalment\u00a0<\/span><span class=\"C9DxTc \">en els anys vinents<\/span><span class=\"C9DxTc \">.\u00a0<\/span><\/li>\n<li class=\"zfr3Q CDt4Ke \" dir=\"ltr\"><span class=\"C9DxTc \">La segona part mostra la\u00a0<\/span><span class=\"C9DxTc \"><strong>cultura digital<\/strong>,<\/span><span class=\"C9DxTc \"> ja que \u00e9s on es va recollint el que el centre ja t\u00e9 establert en aquest sentit (plans, procediments, protocols, normatives, serveis i acords que el centre ja utilitza).<\/span><\/li>\n<\/ul>\n<p class=\"zfr3Q CDt4Ke \" dir=\"ltr\"><span class=\"C9DxTc \">Per assolir aquesta compet\u00e8ncia digital, l\u2019EDC compr\u00e8n tots els \u00e0mbits del centre: <\/span><strong><span class=\"C9DxTc \">organitzatius<\/span><\/strong><span class=\"C9DxTc \">,\u00a0<\/span><strong><span class=\"C9DxTc \">metodol\u00f2gics<\/span><\/strong><span class=\"C9DxTc \">,\u00a0<\/span><strong><span class=\"C9DxTc \">curriculars\u00a0<\/span><\/strong><span class=\"C9DxTc \">i\u00a0<\/span><strong><span class=\"C9DxTc \">comunicatius<\/span><\/strong><span class=\"C9DxTc \">, els quals s\u2019han de veure necess\u00e0riament implicats i, si escau, transformats, des d\u2019una perspectiva d\u2019innovaci\u00f3 i de millora cont\u00ednua.<\/span><span class=\"C9DxTc \">\u00a0<\/span><\/p>\n<p class=\"zfr3Q CDt4Ke \" dir=\"ltr\"><strong><span class=\"C9DxTc \">Els objectius de l\u2019EDC <\/span><\/strong><\/p>\n<p class=\"zfr3Q CDt4Ke \" dir=\"ltr\"><span class=\"C9DxTc \">Es poden agrupar en cinc \u00e0mbits, que tenen com a fita el m\u00e0xim assoliment de la compet\u00e8ncia digital de l\u2019alumnat, del professorat i del centre:<\/span><\/p>\n<ul>\n<li class=\"zfr3Q CDt4Ke \" dir=\"ltr\" role=\"presentation\"><span class=\"C9DxTc \">Assoliment de la<\/span><span class=\"C9DxTc \">\u00a0<strong>compet\u00e8ncia digital<\/strong><\/span><\/li>\n<li class=\"zfr3Q CDt4Ke \" dir=\"ltr\" role=\"presentation\"><strong><span class=\"C9DxTc \">Planificaci\u00f3\u00a0<\/span><\/strong><span class=\"C9DxTc \">estrat\u00e8gica i organitzaci\u00f3<\/span><\/li>\n<li class=\"zfr3Q CDt4Ke \" dir=\"ltr\" role=\"presentation\"><span class=\"C9DxTc \"><strong>Metodologies<\/strong>\u00a0<\/span><span class=\"C9DxTc \">did\u00e0ctiques i innovaci\u00f3<\/span><\/li>\n<li class=\"zfr3Q CDt4Ke \" dir=\"ltr\" role=\"presentation\"><strong><span class=\"C9DxTc \">Inclusi\u00f3 digital i de g\u00e8nere<\/span><\/strong><\/li>\n<li class=\"zfr3Q CDt4Ke \" dir=\"ltr\" role=\"presentation\"><strong><span class=\"C9DxTc \">Seguretat i protecci\u00f3 de dades<\/span><\/strong><\/li>\n<\/ul>\n<\/div>\n<\/div>\n<\/div>\n<\/div>\n<p><span class=\"C9DxTc \"><iframe loading=\"lazy\" title=\"Estrat\u00e8gia digital de centre\" src=\"\/\/www.youtube.com\/embed\/uS5UUZIYLPQ\" width=\"640\" height=\"360\" frameborder=\"0\" allowfullscreen=\"allowfullscreen\" data-mce-fragment=\"1\"><\/iframe><\/span><\/p>\n","protected":false},"excerpt":{"rendered":"<p>En qu\u00e8 consisteix? L\u2019Estrat\u00e8gia Digital de Centre\u00a0(EDC) \u00e9s un document que recull totes les accions que es realitzen en un centre, i les que es realitzaran a mitj\u00e0 termini, per aconseguir\u00a0la m\u00e0xima compet\u00e8ncia digital\u00a0de l\u2019alumnat, del\u00a0professorat\u00a0i del\u00a0centre educatiu\u00a0i t\u00e9 com a referent el\u00a0Pla d\u2019educaci\u00f3 digital de Catalunya (PEDC), on s\u2019indica la necessitat d\u2019assolir la fita [&hellip;]<\/p>\n","protected":false},"author":1,"featured_media":0,"parent":0,"menu_order":0,"comment_status":"closed","ping_status":"closed","template":"page-templates\/side-menu.php","meta":{"_bbp_topic_count":0,"_bbp_reply_count":0,"_bbp_total_topic_count":0,"_bbp_total_reply_count":0,"_bbp_voice_count":0,"_bbp_anonymous_reply_count":0,"_bbp_topic_count_hidden":0,"_bbp_reply_count_hidden":0,"_bbp_forum_subforum_count":0,"site-sidebar-layout":"default","site-content-layout":"","ast-site-content-layout":"","site-content-style":"default","site-sidebar-style":"default","ast-global-header-display":"","ast-banner-title-visibility":"","ast-main-header-display":"","ast-hfb-above-header-display":"","ast-hfb-below-header-display":"","ast-hfb-mobile-header-display":"","site-post-title":"","ast-breadcrumbs-content":"","ast-featured-img":"","footer-sml-layout":"","theme-transparent-header-meta":"","adv-header-id-meta":"","stick-header-meta":"","header-above-stick-meta":"","header-main-stick-meta":"","header-below-stick-meta":"","astra-migrate-meta-layouts":"default","ast-page-background-enabled":"default","ast-page-background-meta":{"desktop":{"background-color":"var(--ast-global-color-4)","background-image":"","background-repeat":"repeat","background-position":"center center","background-size":"auto","background-attachment":"scroll","background-type":"","background-media":"","overlay-type":"","overlay-color":"","overlay-opacity":"","overlay-gradient":""},"tablet":{"background-color":"","background-image":"","background-repeat":"repeat","background-position":"center center","background-size":"auto","background-attachment":"scroll","background-type":"","background-media":"","overlay-type":"","overlay-color":"","overlay-opacity":"","overlay-gradient":""},"mobile":{"background-color":"","background-image":"","background-repeat":"repeat","background-position":"center center","background-size":"auto","background-attachment":"scroll","background-type":"","background-media":"","overlay-type":"","overlay-color":"","overlay-opacity":"","overlay-gradient":""}},"ast-content-background-meta":{"desktop":{"background-color":"var(--ast-global-color-5)","background-image":"","background-repeat":"repeat","background-position":"center center","background-size":"auto","background-attachment":"scroll","background-type":"","background-media":"","overlay-type":"","overlay-color":"","overlay-opacity":"","overlay-gradient":""},"tablet":{"background-color":"var(--ast-global-color-5)","background-image":"","background-repeat":"repeat","background-position":"center center","background-size":"auto","background-attachment":"scroll","background-type":"","background-media":"","overlay-type":"","overlay-color":"","overlay-opacity":"","overlay-gradient":""},"mobile":{"background-color":"var(--ast-global-color-5)","background-image":"","background-repeat":"repeat","background-position":"center center","background-size":"auto","background-attachment":"scroll","background-type":"","background-media":"","overlay-type":"","overlay-color":"","overlay-opacity":"","overlay-gradient":""}},"footnotes":""},"class_list":["post-1896","page","type-page","status-publish","hentry"],"post_mailing_queue_ids":[],"_links":{"self":[{"href":"https:\/\/agora.xtec.cat\/cfalaverneda\/wp-json\/wp\/v2\/pages\/1896","targetHints":{"allow":["GET"]}}],"collection":[{"href":"https:\/\/agora.xtec.cat\/cfalaverneda\/wp-json\/wp\/v2\/pages"}],"about":[{"href":"https:\/\/agora.xtec.cat\/cfalaverneda\/wp-json\/wp\/v2\/types\/page"}],"author":[{"embeddable":true,"href":"https:\/\/agora.xtec.cat\/cfalaverneda\/wp-json\/wp\/v2\/users\/1"}],"replies":[{"embeddable":true,"href":"https:\/\/agora.xtec.cat\/cfalaverneda\/wp-json\/wp\/v2\/comments?post=1896"}],"version-history":[{"count":6,"href":"https:\/\/agora.xtec.cat\/cfalaverneda\/wp-json\/wp\/v2\/pages\/1896\/revisions"}],"predecessor-version":[{"id":2178,"href":"https:\/\/agora.xtec.cat\/cfalaverneda\/wp-json\/wp\/v2\/pages\/1896\/revisions\/2178"}],"wp:attachment":[{"href":"https:\/\/agora.xtec.cat\/cfalaverneda\/wp-json\/wp\/v2\/media?parent=1896"}],"curies":[{"name":"wp","href":"https:\/\/api.w.org\/{rel}","templated":true}]}}