{"id":2409,"date":"2025-01-10T19:40:42","date_gmt":"2025-01-10T18:40:42","guid":{"rendered":"https:\/\/agora.xtec.cat\/cfalaselva\/?page_id=2409"},"modified":"2025-09-23T14:15:53","modified_gmt":"2025-09-23T12:15:53","slug":"serveis-4","status":"publish","type":"page","link":"https:\/\/agora.xtec.cat\/cfalaselva\/serveis-4\/","title":{"rendered":"Serveis"},"content":{"rendered":"\n<div class=\"wp-block-media-text is-stacked-on-mobile\" style=\"border-style:none;border-width:0px;margin-top:0;margin-right:0;margin-bottom:0;margin-left:0;padding-top:0;padding-right:var(--wp--preset--spacing--50);padding-bottom:0;padding-left:var(--wp--preset--spacing--50)\"><figure class=\"wp-block-media-text__media\"><a href=\"https:\/\/ioc.xtec.cat\/educacio\/\" target=\"_blank\" rel=\"noreferrer noopener\"><img loading=\"lazy\" decoding=\"async\" width=\"247\" height=\"204\" src=\"https:\/\/agora.xtec.cat\/cfalaselva\/wp-content\/uploads\/usu247\/2022\/09\/IOC.png\" alt=\"\" class=\"wp-image-1061 size-full\"\/><\/a><\/figure><div class=\"wp-block-media-text__content\">\n<p class=\"has-text-align-left\" style=\"font-size:26px;line-height:1.3\">El CFA La Selva \u00e9s un centre col\u00b7laborador de l&#8217;IOC, coordina les relacions de l\u2019alumnat amb l\u2019IOC i els ofereix suport tant en tasques de tipus administratiu com acad\u00e8mic.<\/p>\n\n\n\n<div class=\"wp-block-buttons has-custom-font-size has-medium-font-size is-content-justification-center is-layout-flex wp-container-core-buttons-is-layout-1 wp-block-buttons-is-layout-flex\" style=\"margin-top:0px;margin-bottom:0px\">\n<div class=\"wp-block-button has-custom-width wp-block-button__width-50 has-custom-font-size\" style=\"font-size:26px;font-style:normal;font-weight:500\"><a class=\"wp-block-button__link has-white-color has-ast-global-color-0-background-color has-text-color has-background has-link-color wp-element-button\" href=\"https:\/\/ioc.xtec.cat\/educacio\/\" target=\"_blank\" rel=\"noreferrer noopener\">M\u00e9s informaci\u00f3<\/a><\/div>\n<\/div>\n<\/div><\/div>\n\n\n\n<div style=\"height:100px\" aria-hidden=\"true\" class=\"wp-block-spacer\"><\/div>\n\n\n\n<div class=\"wp-block-media-text is-stacked-on-mobile\" style=\"padding-right:var(--wp--preset--spacing--50);padding-left:var(--wp--preset--spacing--50)\"><figure class=\"wp-block-media-text__media\"><a href=\"https:\/\/actic.gencat.cat\/ca\/inici\/index.html\" target=\"_blank\" rel=\"noreferrer noopener\"><img loading=\"lazy\" decoding=\"async\" width=\"268\" height=\"171\" src=\"https:\/\/agora.xtec.cat\/cfalaselva\/wp-content\/uploads\/usu247\/2022\/09\/actic.jpg\" alt=\"\" class=\"wp-image-1059 size-full\"\/><\/a><\/figure><div class=\"wp-block-media-text__content\">\n<div style=\"height:23px\" aria-hidden=\"true\" class=\"wp-block-spacer\"><\/div>\n\n\n\n<p style=\"font-size:26px;line-height:1.3\">El CFA La Selva, com a centre col\u00b7laborador ACTIC, ofereix la realitzaci\u00f3 de la prova ACTIC, una prova per ordinador que permet obtenir el certificat que acredita la compet\u00e8ncia digital en tres nivells: incial, mitj\u00e0 i avan\u00e7at.<\/p>\n\n\n\n<div class=\"wp-block-buttons has-custom-font-size has-medium-font-size is-content-justification-center is-layout-flex wp-container-core-buttons-is-layout-2 wp-block-buttons-is-layout-flex\" style=\"margin-top:0px;margin-bottom:0px\">\n<div class=\"wp-block-button has-custom-width wp-block-button__width-50 has-custom-font-size\" style=\"font-size:26px;font-style:normal;font-weight:500\"><a class=\"wp-block-button__link has-white-color has-ast-global-color-0-background-color has-text-color has-background has-link-color wp-element-button\" href=\"https:\/\/actic.gencat.cat\/ca\/inici\/index.html\" target=\"_blank\" rel=\"noreferrer noopener\">M\u00e9s informaci\u00f3<\/a><\/div>\n<\/div>\n<\/div><\/div>\n\n\n\n<div style=\"height:100px\" aria-hidden=\"true\" class=\"wp-block-spacer\"><\/div>\n\n\n\n<div class=\"wp-block-media-text is-stacked-on-mobile\" style=\"padding-right:var(--wp--preset--spacing--50);padding-left:var(--wp--preset--spacing--50)\"><figure class=\"wp-block-media-text__media\"><img loading=\"lazy\" decoding=\"async\" width=\"540\" height=\"300\" src=\"https:\/\/agora.xtec.cat\/cfalaselva\/wp-content\/uploads\/usu247\/2025\/01\/autoformacio.png\" alt=\"\" class=\"wp-image-2415 size-full\" srcset=\"https:\/\/agora.xtec.cat\/cfalaselva\/wp-content\/uploads\/usu247\/2025\/01\/autoformacio.png 540w, https:\/\/agora.xtec.cat\/cfalaselva\/wp-content\/uploads\/usu247\/2025\/01\/autoformacio-300x167.png 300w\" sizes=\"auto, (max-width: 540px) 100vw, 540px\" \/><\/figure><div class=\"wp-block-media-text__content\">\n<p style=\"font-size:26px;line-height:1.3\">L&#8217;alumnat del CFA disposa d&#8217;una aula d&#8217;autoformaci\u00f3 on pot treballar amb ordinadors i connexi\u00f3 a internet, i amb el suport de professorat.<\/p>\n\n\n\n<div class=\"wp-block-buttons is-content-justification-center is-layout-flex wp-container-core-buttons-is-layout-3 wp-block-buttons-is-layout-flex\">\n<div class=\"wp-block-button has-custom-width wp-block-button__width-50 has-custom-font-size\" style=\"font-size:26px\"><a class=\"wp-block-button__link has-text-align-center wp-element-button\" href=\"https:\/\/agora.xtec.cat\/cfalaselva\/wp-content\/uploads\/usu247\/2025\/09\/horari-autoformacio-25-26.png\" style=\"padding-top:var(--wp--preset--spacing--30);padding-bottom:var(--wp--preset--spacing--30)\" target=\"_blank\" rel=\"noreferrer noopener\">Horari<\/a><\/div>\n<\/div>\n<\/div><\/div>\n\n\n\n<div style=\"height:100px\" aria-hidden=\"true\" class=\"wp-block-spacer\"><\/div>\n\n\n\n<div class=\"wp-block-media-text is-stacked-on-mobile\" style=\"padding-right:var(--wp--preset--spacing--50);padding-left:var(--wp--preset--spacing--50)\"><figure class=\"wp-block-media-text__media\"><img loading=\"lazy\" decoding=\"async\" width=\"600\" height=\"338\" src=\"https:\/\/agora.xtec.cat\/cfalaselva\/wp-content\/uploads\/usu247\/2025\/01\/google-workspace-for-education.jpg\" alt=\"\" class=\"wp-image-2369 size-full\" srcset=\"https:\/\/agora.xtec.cat\/cfalaselva\/wp-content\/uploads\/usu247\/2025\/01\/google-workspace-for-education.jpg 600w, https:\/\/agora.xtec.cat\/cfalaselva\/wp-content\/uploads\/usu247\/2025\/01\/google-workspace-for-education-300x169.jpg 300w\" sizes=\"auto, (max-width: 600px) 100vw, 600px\" \/><\/figure><div class=\"wp-block-media-text__content\">\n<p style=\"font-size:26px;line-height:1.3\">El CFA La Selva treballa amb la plataforma Google Workspace. L&#8217;alumnat disposa d&#8217;usuari personal, correu Gmail, Drive, i la resta d&#8217;eines de la plataforma. Els cursos s&#8217;organitzen a trav\u00e9s del Classroom.<\/p>\n\n\n\n<div class=\"wp-block-buttons has-custom-font-size has-medium-font-size is-content-justification-center is-layout-flex wp-container-core-buttons-is-layout-4 wp-block-buttons-is-layout-flex\" style=\"margin-top:0px;margin-bottom:0px\">\n<div class=\"wp-block-button has-custom-width wp-block-button__width-75 has-custom-font-size\" style=\"font-size:26px;font-style:normal;font-weight:500\"><a class=\"wp-block-button__link has-white-color has-ast-global-color-0-background-color has-text-color has-background has-link-color wp-element-button\" href=\"https:\/\/agora.xtec.cat\/cfalaselva\/wp-content\/uploads\/usu247\/2023\/10\/Usuari-CFA.mp4\" target=\"_blank\" rel=\"noreferrer noopener\">Com comen\u00e7ar a treballar amb l&#8217;usuari del CFA<\/a><\/div>\n\n\n\n<div class=\"wp-block-button has-custom-width wp-block-button__width-75 has-custom-font-size\" style=\"font-size:26px;font-style:normal;font-weight:500\"><a class=\"wp-block-button__link has-white-color has-ast-global-color-0-background-color has-text-color has-background has-link-color wp-element-button\" href=\"https:\/\/agora.xtec.cat\/cfalaselva\/wp-content\/uploads\/usu247\/2024\/10\/Com-entregar-tasques-en-el-classroom.mp4\" target=\"_blank\" rel=\"noreferrer noopener\">Com entregar tasques en el Classroom<\/a><\/div>\n<\/div>\n<\/div><\/div>\n\n\n\n<div style=\"height:90px\" aria-hidden=\"true\" class=\"wp-block-spacer\"><\/div>\n\n\n\n<div class=\"wp-block-buttons is-layout-flex wp-block-buttons-is-layout-flex\"><\/div>\n","protected":false},"excerpt":{"rendered":"","protected":false},"author":1,"featured_media":0,"parent":0,"menu_order":0,"comment_status":"closed","ping_status":"close","template":"","meta":{"_bbp_topic_count":0,"_bbp_reply_count":0,"_bbp_total_topic_count":0,"_bbp_total_reply_count":0,"_bbp_voice_count":0,"_bbp_anonymous_reply_count":0,"_bbp_topic_count_hidden":0,"_bbp_reply_count_hidden":0,"_bbp_forum_subforum_count":0,"site-sidebar-layout":"default","site-content-layout":"","ast-site-content-layout":"default","site-content-style":"default","site-sidebar-style":"default","ast-global-header-display":"","ast-banner-title-visibility":"","ast-main-header-display":"","ast-hfb-above-header-display":"","ast-hfb-below-header-display":"","ast-hfb-mobile-header-display":"","site-post-title":"","ast-breadcrumbs-content":"","ast-featured-img":"","footer-sml-layout":"","theme-transparent-header-meta":"","adv-header-id-meta":"","stick-header-meta":"","header-above-stick-meta":"","header-main-stick-meta":"","header-below-stick-meta":"","astra-migrate-meta-layouts":"set","ast-page-background-enabled":"default","ast-page-background-meta":{"desktop":{"background-color":"var(--ast-global-color-4)","background-image":"","background-repeat":"repeat","background-position":"center center","background-size":"auto","background-attachment":"scroll","background-type":"","background-media":"","overlay-type":"","overlay-color":"","overlay-opacity":"","overlay-gradient":""},"tablet":{"background-color":"","background-image":"","background-repeat":"repeat","background-position":"center center","background-size":"auto","background-attachment":"scroll","background-type":"","background-media":"","overlay-type":"","overlay-color":"","overlay-opacity":"","overlay-gradient":""},"mobile":{"background-color":"","background-image":"","background-repeat":"repeat","background-position":"center center","background-size":"auto","background-attachment":"scroll","background-type":"","background-media":"","overlay-type":"","overlay-color":"","overlay-opacity":"","overlay-gradient":""}},"ast-content-background-meta":{"desktop":{"background-color":"var(--ast-global-color-5)","background-image":"","background-repeat":"repeat","background-position":"center center","background-size":"auto","background-attachment":"scroll","background-type":"","background-media":"","overlay-type":"","overlay-color":"","overlay-opacity":"","overlay-gradient":""},"tablet":{"background-color":"var(--ast-global-color-5)","background-image":"","background-repeat":"repeat","background-position":"center center","background-size":"auto","background-attachment":"scroll","background-type":"","background-media":"","overlay-type":"","overlay-color":"","overlay-opacity":"","overlay-gradient":""},"mobile":{"background-color":"var(--ast-global-color-5)","background-image":"","background-repeat":"repeat","background-position":"center center","background-size":"auto","background-attachment":"scroll","background-type":"","background-media":"","overlay-type":"","overlay-color":"","overlay-opacity":"","overlay-gradient":""}},"footnotes":""},"class_list":["post-2409","page","type-page","status-publish","hentry"],"post_mailing_queue_ids":[],"_links":{"self":[{"href":"https:\/\/agora.xtec.cat\/cfalaselva\/wp-json\/wp\/v2\/pages\/2409","targetHints":{"allow":["GET"]}}],"collection":[{"href":"https:\/\/agora.xtec.cat\/cfalaselva\/wp-json\/wp\/v2\/pages"}],"about":[{"href":"https:\/\/agora.xtec.cat\/cfalaselva\/wp-json\/wp\/v2\/types\/page"}],"author":[{"embeddable":true,"href":"https:\/\/agora.xtec.cat\/cfalaselva\/wp-json\/wp\/v2\/users\/1"}],"replies":[{"embeddable":true,"href":"https:\/\/agora.xtec.cat\/cfalaselva\/wp-json\/wp\/v2\/comments?post=2409"}],"version-history":[{"count":6,"href":"https:\/\/agora.xtec.cat\/cfalaselva\/wp-json\/wp\/v2\/pages\/2409\/revisions"}],"predecessor-version":[{"id":3209,"href":"https:\/\/agora.xtec.cat\/cfalaselva\/wp-json\/wp\/v2\/pages\/2409\/revisions\/3209"}],"wp:attachment":[{"href":"https:\/\/agora.xtec.cat\/cfalaselva\/wp-json\/wp\/v2\/media?parent=2409"}],"curies":[{"name":"wp","href":"https:\/\/api.w.org\/{rel}","templated":true}]}}