{"id":2202,"date":"2024-12-04T12:26:00","date_gmt":"2024-12-04T11:26:00","guid":{"rendered":"https:\/\/agora.xtec.cat\/cfalaselva\/?page_id=2202"},"modified":"2026-03-06T11:28:24","modified_gmt":"2026-03-06T10:28:24","slug":"prova-horaris","status":"publish","type":"page","link":"https:\/\/agora.xtec.cat\/cfalaselva\/prova-horaris\/","title":{"rendered":"Horaris"},"content":{"rendered":"\n<p style=\"font-size:24px\">Curs 25-26<\/p>\n\n\n\n<div style=\"height:30px\" aria-hidden=\"true\" class=\"wp-block-spacer\"><\/div>\n\n\n\n<h1 class=\"wp-block-heading has-text-align-left has-ast-global-color-0-color has-text-color has-link-color wp-elements-0c790846dc5d08e7696397dd00ee4f5d\">ACC\u00c9S UNIVERSITAT MAJORS 25 ANYS<\/h1>\n\n\n\n<div class=\"wp-block-getwid-button-group\"><div class=\"wp-block-getwid-button-group__wrapper has-spacing-small has-alignment-mobile-left has-direction-mobile-row has-width-20\">\n<div class=\"wp-block-button has-custom-font-size\" style=\"font-size:78px\"><a class=\"wp-block-button__link has-white-color has-text-color has-background has-link-color wp-element-button\" href=\"https:\/\/agora.xtec.cat\/cfalaselva\/wp-content\/uploads\/usu247\/2026\/01\/Horari-Acces-25-mati.png\" style=\"background-color:#418000;padding-top:var(--wp--preset--spacing--50);padding-right:0;padding-bottom:var(--wp--preset--spacing--50);padding-left:0\" target=\"_blank\" rel=\"noreferrer noopener\"><strong><font size=\"5\">MAT\u00cd<\/font><\/strong><\/a><\/div>\n\n\n\n<div class=\"wp-block-button has-custom-font-size\" style=\"font-size:66px\"><a class=\"wp-block-button__link has-white-color has-text-color has-background has-link-color wp-element-button\" href=\"https:\/\/agora.xtec.cat\/cfalaselva\/wp-content\/uploads\/usu247\/2026\/01\/Horari-Acces-25-vespre.png\" style=\"background-color:#418000;padding-top:var(--wp--preset--spacing--50);padding-bottom:var(--wp--preset--spacing--50)\" target=\"_blank\" rel=\"noreferrer noopener\"><strong><font size=\"5\">VESPRE<\/font><\/strong><\/a><\/div>\n<\/div><\/div>\n\n\n\n<div style=\"height:70px\" aria-hidden=\"true\" class=\"wp-block-spacer\"><\/div>\n\n\n\n<h1 class=\"wp-block-heading has-text-align-left has-ast-global-color-0-color has-text-color has-link-color wp-elements-96f164046efdc191fb1238079f2b881a\">ACC\u00c9S UNIVERSITAT MAJORS 45 ANYS<\/h1>\n\n\n\n<div class=\"wp-block-getwid-button-group\"><div class=\"wp-block-getwid-button-group__wrapper has-spacing-small has-alignment-mobile-left has-direction-mobile-row has-width-20\">\n<div class=\"wp-block-button has-custom-font-size has-medium-font-size\"><a class=\"wp-block-button__link has-white-color has-text-color has-background has-link-color wp-element-button\" href=\"https:\/\/agora.xtec.cat\/cfalaselva\/wp-content\/uploads\/usu247\/2025\/07\/HORARI-ACCES-45-MATI-25-26.jpg\" style=\"background-color:#418000;padding-top:var(--wp--preset--spacing--50);padding-bottom:var(--wp--preset--spacing--50)\" target=\"_blank\" rel=\"noreferrer noopener\"><strong><font size=\"5\">MAT\u00cd<\/font><\/strong><\/a><\/div>\n\n\n\n<div class=\"wp-block-button has-custom-font-size has-medium-font-size\"><a class=\"wp-block-button__link has-white-color has-text-color has-background has-link-color wp-element-button\" href=\"https:\/\/agora.xtec.cat\/cfalaselva\/wp-content\/uploads\/usu247\/2025\/07\/HORARI-ACCES-45-VESPRE-25-26.jpg\" style=\"background-color:#418000;padding-top:var(--wp--preset--spacing--50);padding-bottom:var(--wp--preset--spacing--50)\" target=\"_blank\" rel=\"noreferrer noopener\"><strong><font size=\"5\">VESPRE<\/font><\/strong><\/a><\/div>\n<\/div><\/div>\n\n\n\n<div style=\"height:70px\" aria-hidden=\"true\" class=\"wp-block-spacer\"><\/div>\n\n\n\n<h1 class=\"wp-block-heading has-text-align-left has-ast-global-color-0-color has-text-color has-link-color wp-elements-7f648f4c3b37b1b2aa9448c171933199\">ANGL\u00c8S<\/h1>\n\n\n\n<div class=\"wp-block-getwid-button-group\"><div class=\"wp-block-getwid-button-group__wrapper has-spacing-small has-alignment-mobile-left has-direction-mobile-row has-width-20\">\n<div class=\"wp-block-button has-custom-font-size has-medium-font-size\"><a class=\"wp-block-button__link has-white-color has-text-color has-background has-link-color wp-element-button\" href=\"https:\/\/agora.xtec.cat\/cfalaselva\/wp-content\/uploads\/usu247\/2025\/07\/HORARI-ANGLES-1.jpg\" style=\"background-color:#418000;padding-top:var(--wp--preset--spacing--50);padding-bottom:var(--wp--preset--spacing--50)\" target=\"_blank\" rel=\"noreferrer noopener\"><strong><font size=\"5\">1<\/font><\/strong><\/a><\/div>\n\n\n\n<div class=\"wp-block-button has-custom-font-size has-medium-font-size\"><a class=\"wp-block-button__link has-white-color has-text-color has-background has-link-color wp-element-button\" href=\"https:\/\/agora.xtec.cat\/cfalaselva\/wp-content\/uploads\/usu247\/2025\/07\/HORARI-ANGLES-2.jpg\" style=\"background-color:#418000;padding-top:var(--wp--preset--spacing--50);padding-bottom:var(--wp--preset--spacing--50)\" target=\"_blank\" rel=\"noreferrer noopener\"><strong><font size=\"5\">2<\/font><\/strong><\/a><\/div>\n\n\n\n<div class=\"wp-block-button has-custom-font-size has-medium-font-size\"><a class=\"wp-block-button__link has-white-color has-text-color has-background has-link-color has-text-align-center wp-element-button\" href=\"https:\/\/agora.xtec.cat\/cfalaselva\/wp-content\/uploads\/usu247\/2025\/07\/HORARI-ANGLES-3.jpg\" style=\"background-color:#418000;padding-top:var(--wp--preset--spacing--50);padding-bottom:var(--wp--preset--spacing--50)\" target=\"_blank\" rel=\"noreferrer noopener\"><strong><font size=\"5\">3<\/font><\/strong><\/a><\/div>\n<\/div><\/div>\n\n\n\n<div style=\"height:70px\" aria-hidden=\"true\" class=\"wp-block-spacer\"><\/div>\n\n\n\n<h1 class=\"wp-block-heading has-text-align-left has-ast-global-color-0-color has-text-color has-link-color wp-elements-e765cede747e3553b56a159a93907662\">CATAL\u00c0<\/h1>\n\n\n\n<div class=\"wp-block-getwid-button-group\"><div class=\"wp-block-getwid-button-group__wrapper has-spacing-small has-alignment-mobile-left has-direction-mobile-row has-width-20\">\n<div class=\"wp-block-button has-custom-font-size\" style=\"font-size:60px\"><a class=\"wp-block-button__link has-white-color has-text-color has-background has-link-color wp-element-button\" href=\"https:\/\/agora.xtec.cat\/cfalaselva\/wp-content\/uploads\/usu247\/2025\/07\/HORARI-CATALA-1.jpg\" style=\"background-color:#418000;padding-top:var(--wp--preset--spacing--50);padding-bottom:var(--wp--preset--spacing--50)\" target=\"_blank\" rel=\"noreferrer noopener\"><strong><font size=\"5\">1<\/font><\/strong><\/a><\/div>\n\n\n\n<div class=\"wp-block-button has-custom-font-size\" style=\"font-size:60px\"><a class=\"wp-block-button__link has-white-color has-text-color has-background has-link-color wp-element-button\" href=\"https:\/\/agora.xtec.cat\/cfalaselva\/wp-content\/uploads\/usu247\/2025\/07\/HORARI-CATALA-2.jpg\" style=\"background-color:#418000;padding-top:var(--wp--preset--spacing--50);padding-bottom:var(--wp--preset--spacing--50)\" target=\"_blank\" rel=\"noreferrer noopener\"><strong><font size=\"5\">2<\/font><\/strong><\/a><\/div>\n<\/div><\/div>\n\n\n\n<div style=\"height:70px\" aria-hidden=\"true\" class=\"wp-block-spacer\"><\/div>\n\n\n\n<h1 class=\"wp-block-heading has-text-align-left has-ast-global-color-0-color has-text-color has-link-color wp-elements-4f7652cdbd37847744e3f2fd6f96155b\">COMPETIC<\/h1>\n\n\n\n<div class=\"wp-block-getwid-button-group\"><div class=\"wp-block-getwid-button-group__wrapper has-spacing-small has-alignment-mobile-left has-direction-mobile-row has-width-20\">\n<div class=\"wp-block-button has-custom-font-size has-medium-font-size\"><a class=\"wp-block-button__link has-white-color has-text-color has-background has-link-color wp-element-button\" href=\"https:\/\/agora.xtec.cat\/cfalaselva\/wp-content\/uploads\/usu247\/2025\/07\/HORARI-COMPETIC-1-25-26.jpg\" style=\"background-color:#418000;padding-top:var(--wp--preset--spacing--50);padding-bottom:var(--wp--preset--spacing--50)\" target=\"_blank\" rel=\"noreferrer noopener\"><strong><font size=\"5\">1<\/font><\/strong><\/a><\/div>\n\n\n\n<div class=\"wp-block-button has-custom-font-size has-medium-font-size\"><a class=\"wp-block-button__link has-white-color has-text-color has-background has-link-color wp-element-button\" href=\"https:\/\/agora.xtec.cat\/cfalaselva\/wp-content\/uploads\/usu247\/2025\/07\/HORARI-COMPETIC-2-25-26.jpg\" style=\"background-color:#418000;padding-top:var(--wp--preset--spacing--50);padding-bottom:var(--wp--preset--spacing--50)\" target=\"_blank\" rel=\"noreferrer noopener\"><strong><font size=\"5\">2<\/font><\/strong><\/a><\/div>\n\n\n\n<div class=\"wp-block-button has-custom-font-size has-medium-font-size\"><a class=\"wp-block-button__link has-white-color has-text-color has-background has-link-color wp-element-button\" href=\"https:\/\/agora.xtec.cat\/cfalaselva\/wp-content\/uploads\/usu247\/2025\/07\/HORARI-COMPETIC-3-25-26.jpg\" style=\"background-color:#418000;padding-top:var(--wp--preset--spacing--50);padding-bottom:var(--wp--preset--spacing--50)\" target=\"_blank\" rel=\"noreferrer noopener\"><strong><font size=\"5\">3<\/font><\/strong><\/a><\/div>\n<\/div><\/div>\n\n\n\n<div style=\"height:70px\" aria-hidden=\"true\" class=\"wp-block-spacer\"><\/div>\n\n\n\n<h1 class=\"wp-block-heading has-text-align-left has-ast-global-color-0-color has-text-color has-link-color wp-elements-1ee8823e39b9a0d6f28c6650f1b686a6\">GESO 1<\/h1>\n\n\n\n<div class=\"wp-block-getwid-button-group\"><div class=\"wp-block-getwid-button-group__wrapper has-spacing-small has-alignment-mobile-left has-direction-mobile-row has-width-20\">\n<div class=\"wp-block-button has-custom-font-size has-x-large-font-size\"><a class=\"wp-block-button__link has-white-color has-text-color has-background has-link-color wp-element-button\" href=\"https:\/\/agora.xtec.cat\/cfalaselva\/wp-content\/uploads\/usu247\/2026\/03\/ges-1-mati-3r-trim.jpg\" style=\"background-color:#418000;padding-top:var(--wp--preset--spacing--50);padding-bottom:var(--wp--preset--spacing--50)\" target=\"_blank\" rel=\"noreferrer noopener\"><strong><font size=\"5\">MAT\u00cd<\/font><\/strong><\/a><\/div>\n\n\n\n<div class=\"wp-block-button has-custom-font-size\" style=\"font-size:60px\"><a class=\"wp-block-button__link has-white-color has-text-color has-background has-link-color wp-element-button\" href=\"https:\/\/agora.xtec.cat\/cfalaselva\/wp-content\/uploads\/usu247\/2026\/03\/ges-1-vespre-3r-trim.jpg\" style=\"background-color:#418000;padding-top:var(--wp--preset--spacing--50);padding-bottom:var(--wp--preset--spacing--50)\" target=\"_blank\" rel=\"noreferrer noopener\"><strong><font size=\"5\">VESPRE<\/font><\/strong><\/a><\/div>\n<\/div><\/div>\n\n\n\n<div style=\"height:70px\" aria-hidden=\"true\" class=\"wp-block-spacer\"><\/div>\n\n\n\n<h1 class=\"wp-block-heading has-text-align-left has-ast-global-color-0-color has-text-color has-link-color wp-elements-16890054cde3404c7975a27cd99ecf26\">GESO 2<\/h1>\n\n\n\n<div class=\"wp-block-getwid-button-group\"><div class=\"wp-block-getwid-button-group__wrapper has-spacing-small has-alignment-mobile-left has-direction-mobile-row has-width-20\">\n<div class=\"wp-block-button has-custom-font-size has-medium-font-size\"><a class=\"wp-block-button__link has-white-color has-text-color has-background has-link-color wp-element-button\" href=\"https:\/\/agora.xtec.cat\/cfalaselva\/wp-content\/uploads\/usu247\/2026\/03\/ges-2-mati-3r-trim.jpg\" style=\"background-color:#418000;padding-top:var(--wp--preset--spacing--50);padding-bottom:var(--wp--preset--spacing--50)\" target=\"_blank\" rel=\"noreferrer noopener\"><strong><font size=\"5\">MAT\u00cd<\/font><\/strong><\/a><\/div>\n\n\n\n<div class=\"wp-block-button has-custom-font-size has-medium-font-size\"><a class=\"wp-block-button__link has-white-color has-text-color has-background has-link-color wp-element-button\" href=\"https:\/\/agora.xtec.cat\/cfalaselva\/wp-content\/uploads\/usu247\/2026\/03\/ges-2-vespre-3r-trim.jpg\" style=\"background-color:#418000;padding-top:var(--wp--preset--spacing--50);padding-bottom:var(--wp--preset--spacing--50)\" target=\"_blank\" rel=\"noreferrer noopener\"><strong><font size=\"5\">VESPRE<\/font><\/strong><\/a><\/div>\n<\/div><\/div>\n\n\n\n<div style=\"height:70px\" aria-hidden=\"true\" class=\"wp-block-spacer\"><\/div>\n\n\n\n<h1 class=\"wp-block-heading has-text-align-left has-ast-global-color-0-color has-text-color has-link-color wp-elements-895a82db05ef1b46bb4189ec2e64ff80\">GRAU SUPERIOR<\/h1>\n\n\n\n<div class=\"wp-block-getwid-button-group\"><div class=\"wp-block-getwid-button-group__wrapper has-spacing-small has-alignment-mobile-left has-direction-mobile-row has-width-20\">\n<div class=\"wp-block-button has-custom-font-size\" style=\"font-size:42px\"><a class=\"wp-block-button__link has-white-color has-text-color has-background has-link-color wp-element-button\" href=\"https:\/\/agora.xtec.cat\/cfalaselva\/wp-content\/uploads\/usu247\/2026\/01\/Horari-GS-mati.png\" style=\"background-color:#418000;padding-top:var(--wp--preset--spacing--50);padding-bottom:var(--wp--preset--spacing--50)\" target=\"_blank\" rel=\"noreferrer noopener\"><strong><font size=\"5\">MAT\u00cd<\/font><\/strong><\/a><\/div>\n\n\n\n<div class=\"wp-block-button has-custom-font-size\" style=\"font-size:60px\"><a class=\"wp-block-button__link has-white-color has-text-color has-background has-link-color wp-element-button\" href=\"https:\/\/agora.xtec.cat\/cfalaselva\/wp-content\/uploads\/usu247\/2026\/01\/Horari-GS-vespre.png\" style=\"background-color:#418000;padding-top:var(--wp--preset--spacing--50);padding-bottom:var(--wp--preset--spacing--50)\" target=\"_blank\" rel=\"noreferrer noopener\"><strong><font size=\"5\">VESPRE<\/font><\/strong><\/a><\/div>\n<\/div><\/div>\n\n\n\n<div style=\"height:70px\" aria-hidden=\"true\" class=\"wp-block-spacer\"><\/div>\n\n\n\n<h1 class=\"wp-block-heading has-text-align-left has-ast-global-color-0-color has-text-color has-link-color wp-elements-6e0f0ff348cac8cb45c6b4fe318caf34\">INSTRUMENTAL<\/h1>\n\n\n\n<div class=\"wp-block-getwid-button-group\"><div class=\"wp-block-getwid-button-group__wrapper has-spacing-small has-alignment-mobile-left has-direction-mobile-row has-width-20 has-width-mobile-20\">\n<div class=\"wp-block-button has-custom-font-size has-x-large-font-size\"><a class=\"wp-block-button__link has-white-color has-text-color has-background has-link-color wp-element-button\" href=\"https:\/\/agora.xtec.cat\/cfalaselva\/wp-content\/uploads\/usu247\/2025\/07\/HORARI-INSTRUMENTAL.jpg\" style=\"background-color:#418000;padding-top:var(--wp--preset--spacing--50);padding-bottom:var(--wp--preset--spacing--50)\" target=\"_blank\" rel=\"noreferrer noopener\"><strong><font size=\"5\">MAT\u00cd<\/font><\/strong><\/a><\/div>\n<\/div><\/div>\n\n\n\n<div style=\"height:30px\" aria-hidden=\"true\" class=\"wp-block-spacer\"><\/div>\n\n\n\n<hr class=\"wp-block-separator has-alpha-channel-opacity is-style-wide\"\/>\n\n\n\n<div style=\"height:30px\" aria-hidden=\"true\" class=\"wp-block-spacer\"><\/div>\n\n\n\n<h1 class=\"wp-block-heading has-text-align-left has-ast-global-color-0-color has-text-color has-link-color wp-elements-e91ff65042d5c966682e13e41c9ed8aa\">AULA D&#8217;AUTOFORMACI\u00d3<\/h1>\n\n\n\n<div class=\"wp-block-getwid-button-group\"><div class=\"wp-block-getwid-button-group__wrapper has-spacing-small has-alignment-mobile-left has-direction-mobile-row has-width-20\">\n<div class=\"wp-block-button has-custom-font-size\" style=\"font-size:61px\"><a class=\"wp-block-button__link has-white-color has-text-color has-background has-link-color wp-element-button\" href=\"https:\/\/agora.xtec.cat\/cfalaselva\/wp-content\/uploads\/usu247\/2025\/09\/horari-autoformacio-25-26.png\" style=\"background-color:#418000;padding-top:var(--wp--preset--spacing--50);padding-bottom:var(--wp--preset--spacing--50)\" target=\"_blank\" rel=\"noreferrer noopener\"><strong>AUTOFORMACI\u00d3<\/strong><\/a><\/div>\n<\/div><\/div>\n\n\n\n<p><\/p>\n","protected":false},"excerpt":{"rendered":"<p>Curs 25-26 ACC\u00c9S UNIVERSITAT MAJORS 25 ANYS ACC\u00c9S UNIVERSITAT MAJORS 45 ANYS ANGL\u00c8S CATAL\u00c0 COMPETIC GESO 1 GESO 2 GRAU [&hellip;]<\/p>\n","protected":false},"author":1,"featured_media":0,"parent":0,"menu_order":0,"comment_status":"closed","ping_status":"closed","template":"","meta":{"_bbp_topic_count":0,"_bbp_reply_count":0,"_bbp_total_topic_count":0,"_bbp_total_reply_count":0,"_bbp_voice_count":0,"_bbp_anonymous_reply_count":0,"_bbp_topic_count_hidden":0,"_bbp_reply_count_hidden":0,"_bbp_forum_subforum_count":0,"site-sidebar-layout":"default","site-content-layout":"","ast-site-content-layout":"default","site-content-style":"default","site-sidebar-style":"default","ast-global-header-display":"","ast-banner-title-visibility":"","ast-main-header-display":"","ast-hfb-above-header-display":"","ast-hfb-below-header-display":"","ast-hfb-mobile-header-display":"","site-post-title":"","ast-breadcrumbs-content":"","ast-featured-img":"","footer-sml-layout":"","theme-transparent-header-meta":"","adv-header-id-meta":"","stick-header-meta":"","header-above-stick-meta":"","header-main-stick-meta":"","header-below-stick-meta":"","astra-migrate-meta-layouts":"set","ast-page-background-enabled":"default","ast-page-background-meta":{"desktop":{"background-color":"var(--ast-global-color-4)","background-image":"","background-repeat":"repeat","background-position":"center center","background-size":"auto","background-attachment":"scroll","background-type":"","background-media":"","overlay-type":"","overlay-color":"","overlay-opacity":"","overlay-gradient":""},"tablet":{"background-color":"","background-image":"","background-repeat":"repeat","background-position":"center center","background-size":"auto","background-attachment":"scroll","background-type":"","background-media":"","overlay-type":"","overlay-color":"","overlay-opacity":"","overlay-gradient":""},"mobile":{"background-color":"","background-image":"","background-repeat":"repeat","background-position":"center center","background-size":"auto","background-attachment":"scroll","background-type":"","background-media":"","overlay-type":"","overlay-color":"","overlay-opacity":"","overlay-gradient":""}},"ast-content-background-meta":{"desktop":{"background-color":"var(--ast-global-color-5)","background-image":"","background-repeat":"repeat","background-position":"center center","background-size":"auto","background-attachment":"scroll","background-type":"","background-media":"","overlay-type":"","overlay-color":"","overlay-opacity":"","overlay-gradient":""},"tablet":{"background-color":"var(--ast-global-color-5)","background-image":"","background-repeat":"repeat","background-position":"center center","background-size":"auto","background-attachment":"scroll","background-type":"","background-media":"","overlay-type":"","overlay-color":"","overlay-opacity":"","overlay-gradient":""},"mobile":{"background-color":"var(--ast-global-color-5)","background-image":"","background-repeat":"repeat","background-position":"center center","background-size":"auto","background-attachment":"scroll","background-type":"","background-media":"","overlay-type":"","overlay-color":"","overlay-opacity":"","overlay-gradient":""}},"footnotes":""},"class_list":["post-2202","page","type-page","status-publish","hentry"],"post_mailing_queue_ids":[],"_links":{"self":[{"href":"https:\/\/agora.xtec.cat\/cfalaselva\/wp-json\/wp\/v2\/pages\/2202","targetHints":{"allow":["GET"]}}],"collection":[{"href":"https:\/\/agora.xtec.cat\/cfalaselva\/wp-json\/wp\/v2\/pages"}],"about":[{"href":"https:\/\/agora.xtec.cat\/cfalaselva\/wp-json\/wp\/v2\/types\/page"}],"author":[{"embeddable":true,"href":"https:\/\/agora.xtec.cat\/cfalaselva\/wp-json\/wp\/v2\/users\/1"}],"replies":[{"embeddable":true,"href":"https:\/\/agora.xtec.cat\/cfalaselva\/wp-json\/wp\/v2\/comments?post=2202"}],"version-history":[{"count":6,"href":"https:\/\/agora.xtec.cat\/cfalaselva\/wp-json\/wp\/v2\/pages\/2202\/revisions"}],"predecessor-version":[{"id":3376,"href":"https:\/\/agora.xtec.cat\/cfalaselva\/wp-json\/wp\/v2\/pages\/2202\/revisions\/3376"}],"wp:attachment":[{"href":"https:\/\/agora.xtec.cat\/cfalaselva\/wp-json\/wp\/v2\/media?parent=2202"}],"curies":[{"name":"wp","href":"https:\/\/api.w.org\/{rel}","templated":true}]}}