{"id":81,"date":"2014-09-18T10:38:05","date_gmt":"2014-09-18T10:38:05","guid":{"rendered":"http:\/\/agora.xtec.cat\/cfalapau\/?page_id=81"},"modified":"2025-07-01T12:38:53","modified_gmt":"2025-07-01T10:38:53","slug":"secretaria","status":"publish","type":"page","link":"https:\/\/agora.xtec.cat\/cfalapau\/secretaria\/","title":{"rendered":"Secretaria"},"content":{"rendered":"<p><strong>Horaris\u00a0<\/strong><strong>del centre per atenci\u00f3 telef\u00f2nica<\/strong><\/p>\n<table width=\"100%\">\n<tbody>\n<tr>\n<td width=\"20%\">Dilluns<\/td>\n<td width=\"20%\">Dimarts<\/td>\n<td width=\"20%\">Dimecres<\/td>\n<td width=\"20%\">Dijous<\/td>\n<td width=\"20%\">Divendres<\/td>\n<\/tr>\n<tr>\n<td style=\"text-align: center;\" width=\"20%\">9h a 14h<\/td>\n<td style=\"text-align: center;\" width=\"20%\">9h a 14h<\/td>\n<td style=\"text-align: center;\" width=\"20%\">9h a 14h<\/td>\n<td style=\"text-align: center;\" width=\"20%\">9h a 14h<\/td>\n<td style=\"text-align: center;\" width=\"20%\">9h a 14h<\/td>\n<\/tr>\n<tr>\n<td style=\"text-align: center;\" width=\"20%\">15h a 21h<\/td>\n<td style=\"text-align: center;\" width=\"20%\">15h a 21h<\/td>\n<td style=\"text-align: center;\" width=\"20%\">15h a 21h<\/td>\n<td style=\"text-align: center;\" width=\"20%\">15h a 21h<\/td>\n<td style=\"text-align: center;\" width=\"20%\">&#8212;<\/td>\n<\/tr>\n<\/tbody>\n<\/table>\n<p>En cas que nom\u00e9s vulgueu informaci\u00f3 o simplement visitar el centre, podeu concertar hora per tel\u00e8fon (93 314 70 78) o correu electr\u00f2nic (secretaria@cfalapau.cat).<\/p>\n<p><strong>Horari de secretaria durant el curs escolar<\/strong><\/p>\n<table style=\"height: 93px; width: 100%;\" width=\"100%\">\n<tbody>\n<tr style=\"height: 31px;\">\n<td style=\"height: 31px;\" width=\"20%\">Dilluns<\/td>\n<td style=\"height: 31px;\" width=\"20%\">Dimarts<\/td>\n<td style=\"height: 31px;\" width=\"20%\">Dimecres<\/td>\n<td style=\"height: 31px;\" width=\"20%\">Dijous<\/td>\n<td style=\"height: 31px;\" width=\"20%\">Divendres<\/td>\n<\/tr>\n<tr style=\"height: 31px;\">\n<td style=\"text-align: center; height: 31px;\" width=\"20%\">9:00 a 15:30<\/td>\n<td style=\"text-align: center; height: 31px;\" width=\"20%\">9:00 a 18:30<\/td>\n<td style=\"text-align: center; height: 31px;\" width=\"20%\">9:00 a 15:30<\/td>\n<td style=\"text-align: center; height: 31px;\" width=\"20%\">9:00 a 18:30<\/td>\n<td style=\"text-align: center; height: 31px;\" width=\"20%\"><\/td>\n<\/tr>\n<tr style=\"height: 31px;\">\n<td style=\"text-align: center; height: 31px;\" width=\"20%\"><\/td>\n<td style=\"text-align: center; height: 31px;\" width=\"20%\"><\/td>\n<td style=\"text-align: center; height: 31px;\" width=\"20%\"><\/td>\n<td style=\"text-align: center; height: 31px;\" width=\"20%\"><\/td>\n<td style=\"text-align: center; height: 31px;\" width=\"20%\"><\/td>\n<\/tr>\n<\/tbody>\n<\/table>\n<p><strong>Horari de secretaria de l&#8217;1 al 15 de juliol i de l&#8217;1 al 19 de setembre<\/strong><\/p>\n<table style=\"height: 93px; width: 100%;\" width=\"100%\">\n<tbody>\n<tr style=\"height: 31px;\">\n<td style=\"height: 31px;\" width=\"20%\">Dilluns<\/td>\n<td style=\"height: 31px;\" width=\"20%\">Dimarts<\/td>\n<td style=\"height: 31px;\" width=\"20%\">Dimecres<\/td>\n<td style=\"height: 31px;\" width=\"20%\">Dijous<\/td>\n<td style=\"height: 31px;\" width=\"20%\">Divendres<\/td>\n<\/tr>\n<tr style=\"height: 31px;\">\n<td style=\"text-align: center; height: 31px;\" width=\"20%\">9:00 a 14:00<\/td>\n<td style=\"text-align: center; height: 31px;\" width=\"20%\">9:00 a 17:00<\/td>\n<td style=\"text-align: center; height: 31px;\" width=\"20%\">9:00 a 14:00<\/td>\n<td style=\"text-align: center; height: 31px;\" width=\"20%\">9:00 a 17:00<\/td>\n<td style=\"text-align: center; height: 31px;\" width=\"20%\"><\/td>\n<\/tr>\n<tr style=\"height: 31px;\">\n<td style=\"text-align: center; height: 31px;\" width=\"20%\"><\/td>\n<td style=\"text-align: center; height: 31px;\" width=\"20%\"><\/td>\n<td style=\"text-align: center; height: 31px;\" width=\"20%\"><\/td>\n<td style=\"text-align: center; height: 31px;\" width=\"20%\"><\/td>\n<td style=\"text-align: center; height: 31px;\" width=\"20%\"><\/td>\n<\/tr>\n<\/tbody>\n<\/table>\n<p><strong>Atenci\u00f3 de l\u2019equip directiu i matr\u00edcula viva (truqueu per tel\u00e8fon)<\/strong><\/p>\n<table width=\"100%\">\n<tbody>\n<tr>\n<td width=\"20%\">Dilluns<\/td>\n<td width=\"20%\">Dimarts<\/td>\n<td width=\"20%\">Dimecres<\/td>\n<td width=\"20%\">Dijous<\/td>\n<td width=\"20%\">Divendres<\/td>\n<\/tr>\n<tr>\n<td width=\"20%\"><\/td>\n<td width=\"20%\"><\/td>\n<td style=\"text-align: center;\" width=\"20%\"><\/td>\n<td style=\"text-align: center;\" width=\"20%\"><\/td>\n<td width=\"20%\"><\/td>\n<\/tr>\n<\/tbody>\n<\/table>\n<p><strong>Tutories<\/strong><\/p>\n<table width=\"100%\">\n<tbody>\n<tr>\n<td width=\"12%\"><\/td>\n<td width=\"16%\">Dilluns<\/td>\n<td width=\"17%\">Dimarts<\/td>\n<td width=\"18%\">Dimecres<\/td>\n<td width=\"15%\">Dijous<\/td>\n<td width=\"19%\">Divendres<\/td>\n<\/tr>\n<tr>\n<td width=\"12%\">Catal\u00e0<\/td>\n<td style=\"text-align: center;\" width=\"16%\"><\/td>\n<td style=\"text-align: center;\" width=\"17%\"><\/td>\n<td style=\"text-align: center;\" width=\"18%\"><\/td>\n<td style=\"text-align: center;\" width=\"15%\"><\/td>\n<td style=\"text-align: center;\" width=\"19%\"><\/td>\n<\/tr>\n<tr>\n<td width=\"12%\">Castell\u00e0<\/td>\n<td style=\"text-align: center;\" width=\"16%\"><\/td>\n<td style=\"text-align: center;\" width=\"17%\"><\/td>\n<td style=\"text-align: center;\" width=\"18%\"><\/td>\n<td style=\"text-align: center;\" width=\"15%\"><\/td>\n<td style=\"text-align: center;\" width=\"19%\"><\/td>\n<\/tr>\n<tr>\n<td width=\"12%\">Angl\u00e8s<\/td>\n<td style=\"text-align: center;\" width=\"16%\"><\/td>\n<td style=\"text-align: center;\" width=\"17%\"><\/td>\n<td style=\"text-align: center;\" width=\"18%\"><\/td>\n<td style=\"text-align: center;\" width=\"15%\"><\/td>\n<td style=\"text-align: center;\" width=\"19%\"><\/td>\n<\/tr>\n<tr>\n<td width=\"12%\">Competic<\/td>\n<td style=\"text-align: center;\" width=\"16%\"><\/td>\n<td style=\"text-align: center;\" width=\"17%\"><\/td>\n<td style=\"text-align: center;\" width=\"18%\"><\/td>\n<td style=\"text-align: center;\" width=\"15%\"><\/td>\n<td style=\"text-align: center;\" width=\"19%\"><\/td>\n<\/tr>\n<tr>\n<td width=\"12%\">Proves<\/td>\n<td style=\"text-align: center;\" width=\"16%\"><\/td>\n<td style=\"text-align: center;\" width=\"17%\"><\/td>\n<td style=\"text-align: center;\" width=\"18%\"><\/td>\n<td style=\"text-align: center;\" width=\"15%\"><\/td>\n<td style=\"text-align: center;\" width=\"19%\"><\/td>\n<\/tr>\n<\/tbody>\n<\/table>\n<p>&nbsp;<\/p>\n<p style=\"text-align: center;\"><a href=\"http:\/\/agora.xtec.cat\/cfalapau\/el-centre\/on-som-horari-i-contacte\/\">On som<\/a><\/p>\n<p><em>\u00a0<\/em><\/p>\n","protected":false},"excerpt":{"rendered":"<p>Horaris\u00a0del centre per atenci\u00f3 telef\u00f2nica Dilluns Dimarts Dimecres Dijous Divendres 9h a 14h 9h a 14h 9h a 14h 9h a 14h 9h a 14h 15h a 21h 15h a 21h 15h a 21h 15h a 21h &#8212; En cas que nom\u00e9s vulgueu informaci\u00f3 o simplement visitar el centre, podeu concertar hora per tel\u00e8fon (93 [&hellip;]<\/p>\n","protected":false},"author":1,"featured_media":0,"parent":0,"menu_order":3,"comment_status":"closed","ping_status":"closed","template":"page-templates\/side-menu.php","meta":{"_bbp_topic_count":0,"_bbp_reply_count":0,"_bbp_total_topic_count":0,"_bbp_total_reply_count":0,"_bbp_voice_count":0,"_bbp_anonymous_reply_count":0,"_bbp_topic_count_hidden":0,"_bbp_reply_count_hidden":0,"_bbp_forum_subforum_count":0,"site-sidebar-layout":"default","site-content-layout":"","ast-site-content-layout":"","site-content-style":"default","site-sidebar-style":"default","ast-global-header-display":"","ast-banner-title-visibility":"","ast-main-header-display":"","ast-hfb-above-header-display":"","ast-hfb-below-header-display":"","ast-hfb-mobile-header-display":"","site-post-title":"","ast-breadcrumbs-content":"","ast-featured-img":"","footer-sml-layout":"","theme-transparent-header-meta":"","adv-header-id-meta":"","stick-header-meta":"","header-above-stick-meta":"","header-main-stick-meta":"","header-below-stick-meta":"","astra-migrate-meta-layouts":"default","ast-page-background-enabled":"default","ast-page-background-meta":{"desktop":{"background-color":"var(--ast-global-color-4)","background-image":"","background-repeat":"repeat","background-position":"center center","background-size":"auto","background-attachment":"scroll","background-type":"","background-media":"","overlay-type":"","overlay-color":"","overlay-opacity":"","overlay-gradient":""},"tablet":{"background-color":"","background-image":"","background-repeat":"repeat","background-position":"center center","background-size":"auto","background-attachment":"scroll","background-type":"","background-media":"","overlay-type":"","overlay-color":"","overlay-opacity":"","overlay-gradient":""},"mobile":{"background-color":"","background-image":"","background-repeat":"repeat","background-position":"center center","background-size":"auto","background-attachment":"scroll","background-type":"","background-media":"","overlay-type":"","overlay-color":"","overlay-opacity":"","overlay-gradient":""}},"ast-content-background-meta":{"desktop":{"background-color":"var(--ast-global-color-5)","background-image":"","background-repeat":"repeat","background-position":"center center","background-size":"auto","background-attachment":"scroll","background-type":"","background-media":"","overlay-type":"","overlay-color":"","overlay-opacity":"","overlay-gradient":""},"tablet":{"background-color":"var(--ast-global-color-5)","background-image":"","background-repeat":"repeat","background-position":"center center","background-size":"auto","background-attachment":"scroll","background-type":"","background-media":"","overlay-type":"","overlay-color":"","overlay-opacity":"","overlay-gradient":""},"mobile":{"background-color":"var(--ast-global-color-5)","background-image":"","background-repeat":"repeat","background-position":"center center","background-size":"auto","background-attachment":"scroll","background-type":"","background-media":"","overlay-type":"","overlay-color":"","overlay-opacity":"","overlay-gradient":""}},"footnotes":""},"class_list":["post-81","page","type-page","status-publish","hentry"],"post_mailing_queue_ids":[],"_links":{"self":[{"href":"https:\/\/agora.xtec.cat\/cfalapau\/wp-json\/wp\/v2\/pages\/81","targetHints":{"allow":["GET"]}}],"collection":[{"href":"https:\/\/agora.xtec.cat\/cfalapau\/wp-json\/wp\/v2\/pages"}],"about":[{"href":"https:\/\/agora.xtec.cat\/cfalapau\/wp-json\/wp\/v2\/types\/page"}],"author":[{"embeddable":true,"href":"https:\/\/agora.xtec.cat\/cfalapau\/wp-json\/wp\/v2\/users\/1"}],"replies":[{"embeddable":true,"href":"https:\/\/agora.xtec.cat\/cfalapau\/wp-json\/wp\/v2\/comments?post=81"}],"version-history":[{"count":9,"href":"https:\/\/agora.xtec.cat\/cfalapau\/wp-json\/wp\/v2\/pages\/81\/revisions"}],"predecessor-version":[{"id":2826,"href":"https:\/\/agora.xtec.cat\/cfalapau\/wp-json\/wp\/v2\/pages\/81\/revisions\/2826"}],"wp:attachment":[{"href":"https:\/\/agora.xtec.cat\/cfalapau\/wp-json\/wp\/v2\/media?parent=81"}],"curies":[{"name":"wp","href":"https:\/\/api.w.org\/{rel}","templated":true}]}}