{"id":57,"date":"2014-09-17T17:01:07","date_gmt":"2014-09-17T15:01:07","guid":{"rendered":"http:\/\/agora.xtec.cat\/cfalapau\/?page_id=57"},"modified":"2025-05-24T09:08:30","modified_gmt":"2025-05-24T07:08:30","slug":"projecte-educatiu","status":"publish","type":"page","link":"https:\/\/agora.xtec.cat\/cfalapau\/projecte-educatiu\/","title":{"rendered":"Projecte educatiu i documents estrat\u00e8gics"},"content":{"rendered":"<p>En el nostre Centre entenem l\u2019educaci\u00f3 com un proc\u00e9s global que actua i incideix sobre l\u2019individu i la resta de la societat, un proc\u00e9s que desenvolupa capacitats i autonomia personal.<\/p>\n<p>Centrem l\u2019acci\u00f3 educativa en l\u2019alumnat, fomentant la seva activitat i capacitat d\u2019iniciativa, per tal que pugui ser responsable del seu aprenentatge.<\/p>\n<p>Per aconseguir aquest objectiu el Centre de Formaci\u00f3\u00a0 d\u2019Adults La\u00a0 Pau, es defineix\u00a0 com a Centre p\u00fablic integral i integrat a la ciutat, per la qual cosa es potencia la participaci\u00f3 activa i cr\u00edtica, ideol\u00f2gicament\u00a0 democr\u00e0tica i pluralista. Basat en la pedagogia integral activa, renovadora i adaptada a la psicologia de l\u2019adult.<\/p>\n<p>El centre es manifesta sobre els seg\u00fcents punts:<\/p>\n<ul>\n<li><strong>Centre p\u00fablic:<\/strong> Entenem per Centre P\u00fablic aquell que pot ser utilitzat o freq\u00fcentat per tothom i \u00e9s pertanyent o relatiu a la comunitat. Per aix\u00f2 el nostre centre vol ser un espai obert a tothom sense cap mena de discriminaci\u00f3 de ra\u00e7a, sexe, &#8230;<\/li>\n<\/ul>\n<ul>\n<li><strong>Centre integral:<\/strong> Entenem el centre com un espai polivalent capa\u00e7 d\u2019abra\u00e7ar totes les activitats des de les diferents \u00e0rees de formaci\u00f3 o qualsevol activitat formativa que benefici\u00ef a la comunitat. \u00c9s un centre que forma part del desenvolupament comunitari del territori.<\/li>\n<\/ul>\n<ul>\n<li><strong>Centre integrat al territori:<\/strong> Entenem el centre com una entitat m\u00e9s que pertany a la ciutat i que hi est\u00e0 inserit, no com a un centre a\u00efllat sin\u00f3 que forma part de la globalitat que integra tot el territori.<\/li>\n<\/ul>\n<ul>\n<li><strong>Centre com a eix de la participaci\u00f3:<\/strong> l\u2019eix fonamental de la l\u00ednia filos\u00f2fica del centre \u00e9s el d\u2019impulsar una participaci\u00f3 m\u00e9s gran, tant quantitativament com qualitativa.<\/li>\n<\/ul>\n<ul>\n<li><strong>Confessionalitat:<\/strong> Com a instituci\u00f3 p\u00fablica i com a centre docent, el CFA LA PAU \u00e9s ideol\u00f2gicament neutral, es manifesta pel respecte a totes les confessions del professorat i l\u2019alumnat i per la ren\u00fancia a tot tipus d\u2019adoctrinament ideol\u00f2gic.<\/li>\n<\/ul>\n<ul>\n<li><strong>Llengua base d\u2019aprenentatge<\/strong>: la llengua vehicular pr\u00f2pia del centre \u00e9s el catal\u00e0, i s\u2019est\u00e0 procurant accelerar tots els processos per assolir la normalitzaci\u00f3 ling\u00fc\u00edstica de tots els que participen al centre. Les activitats generals del centre, els comunicats, la documentaci\u00f3, etc&#8230;, es fan en catal\u00e0.<\/li>\n<\/ul>\n<ul>\n<li><strong>L\u00ednia metodol\u00f2gica:<\/strong> El centre tendeix a identificar-se amb una metodologia did\u00e0ctica basada en l\u2019observaci\u00f3 directa, el descobriment, l\u2019activitat, els aprenentatges significatius, la individualitzaci\u00f3, el coneixement del medi, el treball en equip, la cooperaci\u00f3, etc.<\/li>\n<\/ul>\n<ul>\n<li><strong>Educaci\u00f3 no sexista:<\/strong> el Centre s\u2019identifica amb un treball educatiu que tendeix a la igualtat, propiciant actituds que superin mites i tab\u00fas.<\/li>\n<\/ul>\n<ul>\n<li><strong>Pluralisme ideol\u00f2gic i valors democr\u00e0tics<\/strong>: El Centre es manifesta respectu\u00f3s pel que fa a les ideologies dels professors i dels alumnes, respectant el pluralisme i potenciant els valors democr\u00e0tics, practicant-los a l\u2019aula i al Centre en general.<\/li>\n<\/ul>\n<h3><strong>Documents estrat\u00e8gics del Centre<\/strong><\/h3>\n<p>Aqu\u00ed podeu consultar els documents estrat\u00e8gics d\u2019aplicaci\u00f3 al centre:<\/p>\n<p><a href=\"https:\/\/drive.google.com\/file\/d\/1zLCng2PrKOZ0yf505jMIknFRK8UZaPhF\/view?usp=drive_link\">PROJECTE EDUCATIU del CFA La Pau \/ CFA Francesc Layret<\/a><\/p>\n<p><a href=\"https:\/\/drive.google.com\/file\/d\/1zPij51AdJXp9y9lkigoBn0eEgErLEYMU\/view?usp=drive_link\">NOFC CFA Layret aprovades 30-6-2017<\/a><\/p>\n<p><a href=\"https:\/\/drive.google.com\/file\/d\/1zLOaRAQD3a0aa0Lm-E0iyoZ7H0eXXb1V\/view?usp=drive_link\">Projecte Ling\u00fc\u00edstic de Centre<\/a><\/p>\n<p>Carta de Comprom\u00eds educatiu<\/p>\n<p><a href=\"https:\/\/participa.gencat.cat\/uploads\/decidim\/attachment\/file\/3417\/Llei_Educacio.pdf\">Llei 12\/2009, del 10 de juliol, d\u2019educaci\u00f3<\/a><\/p>\n","protected":false},"excerpt":{"rendered":"<p>En el nostre Centre entenem l\u2019educaci\u00f3 com un proc\u00e9s global que actua i incideix sobre l\u2019individu i la resta de la societat, un proc\u00e9s que desenvolupa capacitats i autonomia personal. Centrem l\u2019acci\u00f3 educativa en l\u2019alumnat, fomentant la seva activitat i capacitat d\u2019iniciativa, per tal que pugui ser responsable del seu aprenentatge. Per aconseguir aquest objectiu [&hellip;]<\/p>\n","protected":false},"author":1,"featured_media":0,"parent":0,"menu_order":2,"comment_status":"closed","ping_status":"closed","template":"page-templates\/side-menu.php","meta":{"_bbp_topic_count":0,"_bbp_reply_count":0,"_bbp_total_topic_count":0,"_bbp_total_reply_count":0,"_bbp_voice_count":0,"_bbp_anonymous_reply_count":0,"_bbp_topic_count_hidden":0,"_bbp_reply_count_hidden":0,"_bbp_forum_subforum_count":0,"site-sidebar-layout":"default","site-content-layout":"","ast-site-content-layout":"","site-content-style":"default","site-sidebar-style":"default","ast-global-header-display":"","ast-banner-title-visibility":"","ast-main-header-display":"","ast-hfb-above-header-display":"","ast-hfb-below-header-display":"","ast-hfb-mobile-header-display":"","site-post-title":"","ast-breadcrumbs-content":"","ast-featured-img":"","footer-sml-layout":"","theme-transparent-header-meta":"","adv-header-id-meta":"","stick-header-meta":"","header-above-stick-meta":"","header-main-stick-meta":"","header-below-stick-meta":"","astra-migrate-meta-layouts":"default","ast-page-background-enabled":"default","ast-page-background-meta":{"desktop":{"background-color":"var(--ast-global-color-4)","background-image":"","background-repeat":"repeat","background-position":"center center","background-size":"auto","background-attachment":"scroll","background-type":"","background-media":"","overlay-type":"","overlay-color":"","overlay-opacity":"","overlay-gradient":""},"tablet":{"background-color":"","background-image":"","background-repeat":"repeat","background-position":"center center","background-size":"auto","background-attachment":"scroll","background-type":"","background-media":"","overlay-type":"","overlay-color":"","overlay-opacity":"","overlay-gradient":""},"mobile":{"background-color":"","background-image":"","background-repeat":"repeat","background-position":"center center","background-size":"auto","background-attachment":"scroll","background-type":"","background-media":"","overlay-type":"","overlay-color":"","overlay-opacity":"","overlay-gradient":""}},"ast-content-background-meta":{"desktop":{"background-color":"var(--ast-global-color-5)","background-image":"","background-repeat":"repeat","background-position":"center center","background-size":"auto","background-attachment":"scroll","background-type":"","background-media":"","overlay-type":"","overlay-color":"","overlay-opacity":"","overlay-gradient":""},"tablet":{"background-color":"var(--ast-global-color-5)","background-image":"","background-repeat":"repeat","background-position":"center center","background-size":"auto","background-attachment":"scroll","background-type":"","background-media":"","overlay-type":"","overlay-color":"","overlay-opacity":"","overlay-gradient":""},"mobile":{"background-color":"var(--ast-global-color-5)","background-image":"","background-repeat":"repeat","background-position":"center center","background-size":"auto","background-attachment":"scroll","background-type":"","background-media":"","overlay-type":"","overlay-color":"","overlay-opacity":"","overlay-gradient":""}},"footnotes":""},"class_list":["post-57","page","type-page","status-publish","hentry"],"post_mailing_queue_ids":[],"_links":{"self":[{"href":"https:\/\/agora.xtec.cat\/cfalapau\/wp-json\/wp\/v2\/pages\/57","targetHints":{"allow":["GET"]}}],"collection":[{"href":"https:\/\/agora.xtec.cat\/cfalapau\/wp-json\/wp\/v2\/pages"}],"about":[{"href":"https:\/\/agora.xtec.cat\/cfalapau\/wp-json\/wp\/v2\/types\/page"}],"author":[{"embeddable":true,"href":"https:\/\/agora.xtec.cat\/cfalapau\/wp-json\/wp\/v2\/users\/1"}],"replies":[{"embeddable":true,"href":"https:\/\/agora.xtec.cat\/cfalapau\/wp-json\/wp\/v2\/comments?post=57"}],"version-history":[{"count":4,"href":"https:\/\/agora.xtec.cat\/cfalapau\/wp-json\/wp\/v2\/pages\/57\/revisions"}],"predecessor-version":[{"id":2688,"href":"https:\/\/agora.xtec.cat\/cfalapau\/wp-json\/wp\/v2\/pages\/57\/revisions\/2688"}],"wp:attachment":[{"href":"https:\/\/agora.xtec.cat\/cfalapau\/wp-json\/wp\/v2\/media?parent=57"}],"curies":[{"name":"wp","href":"https:\/\/api.w.org\/{rel}","templated":true}]}}