{"id":538,"date":"2017-05-16T11:00:14","date_gmt":"2017-05-16T09:00:14","guid":{"rendered":"http:\/\/agora.xtec.cat\/cfalapau\/?page_id=538"},"modified":"2025-09-25T10:52:33","modified_gmt":"2025-09-25T08:52:33","slug":"preinscripcio-i-matricula","status":"publish","type":"page","link":"https:\/\/agora.xtec.cat\/cfalapau\/secretaria\/preinscripcio-i-matricula\/","title":{"rendered":"Preinscripci\u00f3 i matr\u00edcula del curs 2025-26"},"content":{"rendered":"<h1>Orientaci\u00f3 i informaci\u00f3<\/h1>\n<ul>\n<li>L\u2019horari d\u2019atenci\u00f3 a l\u2019alumnat ser\u00e0:\n<ul>\n<li>De dilluns a divendres de 9.00 a 14.00 h.<\/li>\n<li>Dimarts i dijous de 15.00 a 18.30 h.<\/li>\n<\/ul>\n<\/li>\n<li>Us recomanem\u00a0 concertar una cita per tal que us puguem atendre millor.\n<ul>\n<li>Correu electr\u00f2nic: secretaria<span class=\"\"><span class=\"\">@cfalapau<\/span><\/span>.cat<\/li>\n<li>Tel\u00e8fon: 93 314 70 78.<\/li>\n<\/ul>\n<\/li>\n<\/ul>\n<p>&nbsp;<\/p>\n<h1>Calendari de Preinscripci\u00f3 i Matr\u00edcula<\/h1>\n<h4>Proc\u00e9s d&#8217;informaci\u00f3 i orientaci\u00f3 en els centres (juny i setembre)<\/h4>\n<ul>\n<li>Durant tot el mes de juny de 2025 i la primera quinzena de setembre.<\/li>\n<\/ul>\n<h4>Per\u00edode de matr\u00edcula d&#8217;alumnat propi (juny)<\/h4>\n<ul>\n<li>Del 14 al 27 de juny de 2025<\/li>\n<\/ul>\n<p>El vostre tutor\/a parlar\u00e0 amb vosaltres per tramitar la reserva de pla\u00e7a (segons si promocioneu o repetiu curs) i la matr\u00edcula. Heu de compar\u00e8ixer en la secretaria de l&#8217;escola durant el per\u00edode de matriculaci\u00f3 reservat per a l&#8217;alumnat propi per tramitar la matr\u00edcula i satisfer la quota de material. El centre us matricular\u00e0 i us en lliurar\u00e0 una confirmaci\u00f3.<\/p>\n<h4>Per\u00edode de preinscripci\u00f3 (juny)<\/h4>\n<ul>\n<li><strong>Preinscripci\u00f3:<\/strong> del 2 al 27 de juny de 2025.\n<ul>\n<li>De dilluns a divendres de 9.00 a 14.00 h.<\/li>\n<li>Dimarts i dijous de 15.00 a 18.30 h.<\/li>\n<\/ul>\n<\/li>\n<\/ul>\n<h4>Per\u00edode de matr\u00edcula d&#8217;alumnat nou (setembre)<\/h4>\n<ul>\n<li>Del 2 al 9 de setembre de 2025 si has obtingut pla\u00e7a en la preinscripci\u00f3<\/li>\n<li>Les persones en llista d\u2019espera es poden matricular a partir del 10 de setembre en funci\u00f3 de les places vacants.<\/li>\n<\/ul>\n<h4>Presentaci\u00f3 del curs: 22 de setembre de 2025<\/h4>\n<ul>\n<li>Torn de mat\u00ed: 11 h<\/li>\n<li>Torn de tarda: 18 h<\/li>\n<\/ul>\n<p>Les classes comencen a partir del 22 de setembre<\/p>\n<p>&nbsp;<\/p>\n<h1><a id=\"preinscripcio\"><\/a>Procediment de preinscripci\u00f3<\/h1>\n<p>D&#8217;acord amb el calendari de preinscripci\u00f3 anirem publicant les llistes d&#8217;admesos provisional i definitiva.<\/p>\n<table>\n<tbody>\n<tr>\n<td width=\"356\"><strong>Fases de la preinscripci\u00f3<\/strong><\/td>\n<td width=\"182\"><strong>Dates<\/strong><\/td>\n<\/tr>\n<tr>\n<td width=\"356\">Publicaci\u00f3 de l\u2019oferta d\u2019ensenyaments<\/td>\n<td width=\"182\">23 de maig<\/td>\n<\/tr>\n<tr>\n<td width=\"356\">Presentaci\u00f3 de sol\u00b7licituds de preinscripci\u00f3<\/td>\n<td width=\"182\">Del 2 al 27 de juny<\/td>\n<\/tr>\n<tr>\n<td width=\"356\">Publicaci\u00f3 de les llistes amb el barem provisional<\/td>\n<td width=\"182\">4 de juliol (14.00 h)<\/td>\n<\/tr>\n<tr>\n<td width=\"356\">Sorteig del n\u00famero de desempat<\/td>\n<td width=\"182\">7 de juliol<\/td>\n<\/tr>\n<tr>\n<td width=\"356\">Reclamacions<\/td>\n<td width=\"182\">Del 4 al 9 de juliol<\/td>\n<\/tr>\n<tr>\n<td width=\"356\">Publicaci\u00f3 de les llistes amb el barem definitiu<\/td>\n<td width=\"182\">11 de juliol (14.00 h)<\/td>\n<\/tr>\n<tr>\n<td id=\"llistes_admesos\" width=\"356\">Publicaci\u00f3 de les llistes d&#8217;admesos<\/p>\n<ul>\n<li>Activitats assignades<\/li>\n<li>Centre assignat<\/li>\n<li>Llista d&#8217;espera<\/li>\n<\/ul>\n<\/td>\n<td width=\"182\">16 de juliol (14.00 h)<\/td>\n<\/tr>\n<tr>\n<td width=\"356\">Per\u00edode de matriculaci\u00f3<\/td>\n<td width=\"182\">Del 2 al 9 de setembre<\/td>\n<\/tr>\n<tr>\n<td width=\"356\">Matr\u00edcula de l\u2019alumnat de la llista d\u2019espera o sense preinscripci\u00f3<\/td>\n<td width=\"182\">A partir del 10 de setembre<\/td>\n<\/tr>\n<\/tbody>\n<\/table>\n<p>&nbsp;<\/p>\n<h1>Matr\u00edcula i quotes de material<\/h1>\n<p>La matr\u00edcula \u00e9s gratu\u00efta.<\/p>\n<p>L&#8217;alumne haur\u00e0 d&#8217;abonar una <strong>quota<\/strong> (\u00fanica per tot el curs) per cada mat\u00e8ria matriculada en concepte de <strong>material<\/strong> utilitzat. Ho podr\u00e0 fer en efectiu o amb targeta de cr\u00e8dit\/d\u00e8bit, en el moment de formalitzar la matr\u00edcula.<\/p>\n<ul>\n<li dir=\"ltr\">Catal\u00e0, Angl\u00e8s, Castell\u00e0, Competic: 20\u202f\u20ac<\/li>\n<li dir=\"ltr\">Preparaci\u00f3 per a Proves d&#8217;Acc\u00e9s: 70\u202f\u20ac, curs complet, o 15\u202f\u20ac per mat\u00e8ries concretes<\/li>\n<li dir=\"ltr\">M\u00f2duls d&#8217;Ensenyaments Integrats per a Jovent Nouvingut: 30\u202f\u20ac<\/li>\n<li>Formaci\u00f3 Instrumental: 30\u202f\u20ac<\/li>\n<\/ul>\n<p>&nbsp;<\/p>\n<h1>Normativa<\/h1>\n<p>Per a m\u00e9s informaci\u00f3 sobre la matr\u00edcula als ensenyaments d&#8217;adults pots consultar: <a href=\"https:\/\/preinscripcio.gencat.cat\/ca\/estudis\/educacio-adults\/inici\/\">https:\/\/preinscripcio.gencat.cat\/ca\/estudis\/educacio-adults\/inici\/<\/a><\/p>\n","protected":false},"excerpt":{"rendered":"<p>Orientaci\u00f3 i informaci\u00f3 L\u2019horari d\u2019atenci\u00f3 a l\u2019alumnat ser\u00e0: De dilluns a divendres de 9.00 a 14.00 h. Dimarts i dijous de 15.00 a 18.30 h. Us recomanem\u00a0 concertar una cita per tal que us puguem atendre millor. Correu electr\u00f2nic: secretaria@cfalapau.cat Tel\u00e8fon: 93 314 70 78. &nbsp; Calendari de Preinscripci\u00f3 i Matr\u00edcula Proc\u00e9s d&#8217;informaci\u00f3 i orientaci\u00f3 [&hellip;]<\/p>\n","protected":false},"author":1,"featured_media":0,"parent":81,"menu_order":0,"comment_status":"closed","ping_status":"closed","template":"","meta":{"_bbp_topic_count":0,"_bbp_reply_count":0,"_bbp_total_topic_count":0,"_bbp_total_reply_count":0,"_bbp_voice_count":0,"_bbp_anonymous_reply_count":0,"_bbp_topic_count_hidden":0,"_bbp_reply_count_hidden":0,"_bbp_forum_subforum_count":0,"site-sidebar-layout":"default","site-content-layout":"","ast-site-content-layout":"default","site-content-style":"default","site-sidebar-style":"default","ast-global-header-display":"","ast-banner-title-visibility":"","ast-main-header-display":"","ast-hfb-above-header-display":"","ast-hfb-below-header-display":"","ast-hfb-mobile-header-display":"","site-post-title":"","ast-breadcrumbs-content":"","ast-featured-img":"","footer-sml-layout":"","theme-transparent-header-meta":"default","adv-header-id-meta":"","stick-header-meta":"","header-above-stick-meta":"","header-main-stick-meta":"","header-below-stick-meta":"","astra-migrate-meta-layouts":"set","ast-page-background-enabled":"default","ast-page-background-meta":{"desktop":{"background-color":"var(--ast-global-color-4)","background-image":"","background-repeat":"repeat","background-position":"center center","background-size":"auto","background-attachment":"scroll","background-type":"","background-media":"","overlay-type":"","overlay-color":"","overlay-opacity":"","overlay-gradient":""},"tablet":{"background-color":"","background-image":"","background-repeat":"repeat","background-position":"center center","background-size":"auto","background-attachment":"scroll","background-type":"","background-media":"","overlay-type":"","overlay-color":"","overlay-opacity":"","overlay-gradient":""},"mobile":{"background-color":"","background-image":"","background-repeat":"repeat","background-position":"center center","background-size":"auto","background-attachment":"scroll","background-type":"","background-media":"","overlay-type":"","overlay-color":"","overlay-opacity":"","overlay-gradient":""}},"ast-content-background-meta":{"desktop":{"background-color":"var(--ast-global-color-5)","background-image":"","background-repeat":"repeat","background-position":"center center","background-size":"auto","background-attachment":"scroll","background-type":"","background-media":"","overlay-type":"","overlay-color":"","overlay-opacity":"","overlay-gradient":""},"tablet":{"background-color":"var(--ast-global-color-5)","background-image":"","background-repeat":"repeat","background-position":"center center","background-size":"auto","background-attachment":"scroll","background-type":"","background-media":"","overlay-type":"","overlay-color":"","overlay-opacity":"","overlay-gradient":""},"mobile":{"background-color":"var(--ast-global-color-5)","background-image":"","background-repeat":"repeat","background-position":"center center","background-size":"auto","background-attachment":"scroll","background-type":"","background-media":"","overlay-type":"","overlay-color":"","overlay-opacity":"","overlay-gradient":""}},"footnotes":""},"class_list":["post-538","page","type-page","status-publish","hentry"],"post_mailing_queue_ids":[],"_links":{"self":[{"href":"https:\/\/agora.xtec.cat\/cfalapau\/wp-json\/wp\/v2\/pages\/538","targetHints":{"allow":["GET"]}}],"collection":[{"href":"https:\/\/agora.xtec.cat\/cfalapau\/wp-json\/wp\/v2\/pages"}],"about":[{"href":"https:\/\/agora.xtec.cat\/cfalapau\/wp-json\/wp\/v2\/types\/page"}],"author":[{"embeddable":true,"href":"https:\/\/agora.xtec.cat\/cfalapau\/wp-json\/wp\/v2\/users\/1"}],"replies":[{"embeddable":true,"href":"https:\/\/agora.xtec.cat\/cfalapau\/wp-json\/wp\/v2\/comments?post=538"}],"version-history":[{"count":8,"href":"https:\/\/agora.xtec.cat\/cfalapau\/wp-json\/wp\/v2\/pages\/538\/revisions"}],"predecessor-version":[{"id":2914,"href":"https:\/\/agora.xtec.cat\/cfalapau\/wp-json\/wp\/v2\/pages\/538\/revisions\/2914"}],"up":[{"embeddable":true,"href":"https:\/\/agora.xtec.cat\/cfalapau\/wp-json\/wp\/v2\/pages\/81"}],"wp:attachment":[{"href":"https:\/\/agora.xtec.cat\/cfalapau\/wp-json\/wp\/v2\/media?parent=538"}],"curies":[{"name":"wp","href":"https:\/\/api.w.org\/{rel}","templated":true}]}}