{"id":322,"date":"2015-01-28T11:36:17","date_gmt":"2015-01-28T10:36:17","guid":{"rendered":"http:\/\/agora.xtec.cat\/cfalapau\/?page_id=322"},"modified":"2025-09-23T10:33:57","modified_gmt":"2025-09-23T08:33:57","slug":"a-la-universitat-per-a-majors-de-25-anys","status":"publish","type":"page","link":"https:\/\/agora.xtec.cat\/cfalapau\/ensenyaments\/a-la-universitat-per-a-majors-de-25-anys\/","title":{"rendered":"Curs de preparaci\u00f3 per la prova d&#8217;acc\u00e9s a la universitat per a majors de 25 i de 45 anys"},"content":{"rendered":"<h2><b>Descripci\u00f3<\/b><\/h2>\n<p>Aquests estudis preparen les persones de m\u00e9s de 25 anys i m\u00e9s de 45 anys per a les proves d\u2019acc\u00e9s a la universitat.<\/p>\n<p>Descarrega el <a href=\"https:\/\/drive.google.com\/file\/d\/12rgGQNgNp76v7ludyCE0NTLDDxRkZIp4\/view?usp=sharing\">tr\u00edptic informatiu<\/a> en PDF<\/p>\n<p><a href=\"https:\/\/universitats.gencat.cat\/ca\/acces-universitat\/acces-segons-perfils-estudiants\/tinc-mes-25-anys\/\">Tinc m\u00e9s de 25 anys<\/a><\/p>\n<p><a href=\"https:\/\/universitats.gencat.cat\/ca\/acces-universitat\/acces-segons-perfils-estudiants\/tinc-mes-45-anys\/\">Tinc m\u00e9s de 45 anys<\/a><\/p>\n<p>&nbsp;<\/p>\n<h2>Continguts<\/h2>\n<p>Al CFA La Pau oferim les seg\u00fcents mat\u00e8ries:<\/p>\n<p><strong>Mat\u00e8ries comunes:<\/strong><\/p>\n<ul>\n<li>Llengua catalana<\/li>\n<li>Comentari de text<\/li>\n<li>Llengua castellana<\/li>\n<li>Llengua estrangera: Angl\u00e8s<\/li>\n<\/ul>\n<p>Els exercicis de comentari de text, llengua catalana i llengua castellana s\u00f3n comuns a les proves per a m\u00e9s grans de 25 anys i les proves per a m\u00e9s grans de 45 anys.<\/p>\n<p><strong>Mat\u00e8ries espec\u00edfiques. <\/strong>L&#8217;alumnat ha d&#8217;escollir dues mat\u00e8ries relacionades amb una de les branques de coneixement, entorn de les quals s&#8217;organitzen els t\u00edtols universitaris de grau.<br \/>\nBiologia (opcions B, C i E)<\/p>\n<ul>\n<li>Qu\u00edmica (opcions B, C i E)<\/li>\n<li>F\u00edsica (opcions B, C i E)<\/li>\n<li>Estad\u00edstica (opcions B, C i D)<\/li>\n<li>Matem\u00e0tiques (opcions B, C, D i E)<\/li>\n<li>Economia de l&#8217;empresa (opcions D i E)<\/li>\n<li>Geografia (opcions A i D)<\/li>\n<li>Hist\u00f2ria contempor\u00e0nia (opcions A i D)<\/li>\n<li>Hist\u00f2ria de l&#8217;Art (opci\u00f3 A)<\/li>\n<\/ul>\n<p>En funci\u00f3 de l\u2019opci\u00f3 triada, el candidat tindr\u00e0 prefer\u00e8ncia per accedir als estudis universitaris vinculats a aquella opci\u00f3.<\/p>\n<p>L\u2019adscripci\u00f3 dels t\u00edtols universitaris oficials de grau a les branques de coneixement es pot consultar al web:<\/p>\n<ul>\n<li><a href=\"http:\/\/estudisuniversitaris.gencat.cat\/\">http:\/\/estudisuniversitaris.gencat.cat<\/a><\/li>\n<li><a href=\"http:\/\/universitats.gencat.cat\/ca\/que_puc_fer\/25_anys\/\">http:\/\/universitats.gencat.cat\/ca\/que_puc_fer\/25_anys\/<\/a><\/li>\n<li>Temaris:\u00a0<a href=\"http:\/\/universitats.gencat.cat\/ca\/que_puc_fer\/25_anys\/temaris_estructura\/\">http:\/\/universitats.gencat.cat\/ca\/que_puc_fer\/25_anys\/temaris_estructura\/<\/a><\/li>\n<\/ul>\n<p>En el cas d\u2019haver triat dues espec\u00edfiques pr\u00f2pies de diferents opcions, el candidat tindr\u00e0 prefer\u00e8ncia d\u2019acc\u00e9s a m\u00e9s estudis universitaris.<\/p>\n<p>&nbsp;<\/p>\n<h2>Durada, c\u00e0rrega lectiva setmanal i anual<\/h2>\n<p>Aquest curs t\u00e9 la durada d\u2019un curs acad\u00e8mic (6 hores a la setmana per a la part comuna i 3 hores setmanals per a cada mat\u00e8ria espec\u00edfica), comen\u00e7a a mitjans de setembre i acaba uns dies previs a la realitzaci\u00f3 de les proves (abril\/maig).<\/p>\n<p>Les classes s\u2019imparteixen en horari de mat\u00ed, de dilluns a divendres, en format presencial.<\/p>\n<p>&nbsp;<\/p>\n<h2>Inici i final del curs 2025-2026<\/h2>\n<p><strong>Inici del curs:<\/strong> dilluns 22 de setembre de 2025<\/p>\n<p><strong>Final del curs:<\/strong> abans de la realitzaci\u00f3 de les proves, cap al maig de 2026<\/p>\n<p>(Hi pot haver canvis)<\/p>\n<p>&nbsp;<\/p>\n<h2>Horaris oferts al centre<\/h2>\n<p><a href=\"https:\/\/agora.xtec.cat\/cfalapau\/ensenyaments\/horaris-de-les-classes\/\">Consulta els horaris de les mat\u00e8ries<\/a><\/p>\n<p>&nbsp;<\/p>\n<h2>Organitzaci\u00f3<\/h2>\n<p>A la nostra escola disposem d\u2019aules amb material pedag\u00f2gic i audiovisual adient per a l\u2019ensenyament \u2013aprenentatge. A l\u2019inici del curs s\u2019entreguen uns dossiers als alumnes amb tots els continguts del curs i les activitats a realitzar.<\/p>\n<p>&nbsp;<\/p>\n<h2>Recursos i enlla\u00e7os d\u2019inter\u00e8s<\/h2>\n<p>Trobareu m\u00e9s informaci\u00f3 a:\u00a0<a href=\"http:\/\/queestudiar.gencat.cat\/ca\/estudis\/adults\/estudis\/preparacio-proves-acces\/?p_id=285&amp;estudi\">http:\/\/queestudiar.gencat.cat\/ca\/estudis\/adults\/estudis\/preparacio-proves-acces\/?p_id=285&amp;estudi<\/a><\/p>\n<p>&nbsp;<\/p>\n<h2>Avaluaci\u00f3<\/h2>\n<p>Avaluaci\u00f3 continua per part del professorat perqu\u00e8 l\u2019alumnat tingui coneixement en tot moment del grau de coneixements que va assolint.<\/p>\n<p>&nbsp;<\/p>\n<h2>Acc\u00e9s<\/h2>\n<p>Poden accedir a aquests estudis les persones m\u00e9s grans de 25 anys (o 45) o que els compleixin l&#8217;any natural en qu\u00e8 es fa la prova.<\/p>\n<p>Les persones que hi volen accedir no han de tenir superades les PAU (o equivalent), no han d&#8217;estar en possessi\u00f3 d&#8217;un t\u00edtol de t\u00e8cnic superior de formaci\u00f3 professional, d&#8217;arts pl\u00e0stiques i disseny o d&#8217;esports (o equivalent), ni tenir cap titulaci\u00f3 universit\u00e0ria.<\/p>\n<p>&nbsp;<\/p>\n<h2>Certificaci\u00f3 atorgada<\/h2>\n<p>El centre pot certificar les hores cursades, per\u00f2 aquest certificat\u00a0no t\u00e9 cap efecte a l&#8217;hora de fer la prova d&#8217;acc\u00e9s ni de matricular-se a la universitat.<\/p>\n","protected":false},"excerpt":{"rendered":"<p>Descripci\u00f3 Aquests estudis preparen les persones de m\u00e9s de 25 anys i m\u00e9s de 45 anys per a les proves d\u2019acc\u00e9s a la universitat. Descarrega el tr\u00edptic informatiu en PDF Tinc m\u00e9s de 25 anys Tinc m\u00e9s de 45 anys &nbsp; Continguts Al CFA La Pau oferim les seg\u00fcents mat\u00e8ries: Mat\u00e8ries comunes: Llengua catalana Comentari [&hellip;]<\/p>\n","protected":false},"author":2,"featured_media":0,"parent":274,"menu_order":5,"comment_status":"closed","ping_status":"closed","template":"","meta":{"_bbp_topic_count":0,"_bbp_reply_count":0,"_bbp_total_topic_count":0,"_bbp_total_reply_count":0,"_bbp_voice_count":0,"_bbp_anonymous_reply_count":0,"_bbp_topic_count_hidden":0,"_bbp_reply_count_hidden":0,"_bbp_forum_subforum_count":0,"site-sidebar-layout":"default","site-content-layout":"","ast-site-content-layout":"default","site-content-style":"default","site-sidebar-style":"default","ast-global-header-display":"","ast-banner-title-visibility":"","ast-main-header-display":"","ast-hfb-above-header-display":"","ast-hfb-below-header-display":"","ast-hfb-mobile-header-display":"","site-post-title":"","ast-breadcrumbs-content":"","ast-featured-img":"","footer-sml-layout":"","theme-transparent-header-meta":"default","adv-header-id-meta":"","stick-header-meta":"","header-above-stick-meta":"","header-main-stick-meta":"","header-below-stick-meta":"","astra-migrate-meta-layouts":"set","ast-page-background-enabled":"default","ast-page-background-meta":{"desktop":{"background-color":"var(--ast-global-color-4)","background-image":"","background-repeat":"repeat","background-position":"center center","background-size":"auto","background-attachment":"scroll","background-type":"","background-media":"","overlay-type":"","overlay-color":"","overlay-opacity":"","overlay-gradient":""},"tablet":{"background-color":"","background-image":"","background-repeat":"repeat","background-position":"center center","background-size":"auto","background-attachment":"scroll","background-type":"","background-media":"","overlay-type":"","overlay-color":"","overlay-opacity":"","overlay-gradient":""},"mobile":{"background-color":"","background-image":"","background-repeat":"repeat","background-position":"center center","background-size":"auto","background-attachment":"scroll","background-type":"","background-media":"","overlay-type":"","overlay-color":"","overlay-opacity":"","overlay-gradient":""}},"ast-content-background-meta":{"desktop":{"background-color":"var(--ast-global-color-5)","background-image":"","background-repeat":"repeat","background-position":"center center","background-size":"auto","background-attachment":"scroll","background-type":"","background-media":"","overlay-type":"","overlay-color":"","overlay-opacity":"","overlay-gradient":""},"tablet":{"background-color":"var(--ast-global-color-5)","background-image":"","background-repeat":"repeat","background-position":"center center","background-size":"auto","background-attachment":"scroll","background-type":"","background-media":"","overlay-type":"","overlay-color":"","overlay-opacity":"","overlay-gradient":""},"mobile":{"background-color":"var(--ast-global-color-5)","background-image":"","background-repeat":"repeat","background-position":"center center","background-size":"auto","background-attachment":"scroll","background-type":"","background-media":"","overlay-type":"","overlay-color":"","overlay-opacity":"","overlay-gradient":""}},"footnotes":""},"class_list":["post-322","page","type-page","status-publish","hentry"],"post_mailing_queue_ids":[],"_links":{"self":[{"href":"https:\/\/agora.xtec.cat\/cfalapau\/wp-json\/wp\/v2\/pages\/322","targetHints":{"allow":["GET"]}}],"collection":[{"href":"https:\/\/agora.xtec.cat\/cfalapau\/wp-json\/wp\/v2\/pages"}],"about":[{"href":"https:\/\/agora.xtec.cat\/cfalapau\/wp-json\/wp\/v2\/types\/page"}],"author":[{"embeddable":true,"href":"https:\/\/agora.xtec.cat\/cfalapau\/wp-json\/wp\/v2\/users\/2"}],"replies":[{"embeddable":true,"href":"https:\/\/agora.xtec.cat\/cfalapau\/wp-json\/wp\/v2\/comments?post=322"}],"version-history":[{"count":9,"href":"https:\/\/agora.xtec.cat\/cfalapau\/wp-json\/wp\/v2\/pages\/322\/revisions"}],"predecessor-version":[{"id":2910,"href":"https:\/\/agora.xtec.cat\/cfalapau\/wp-json\/wp\/v2\/pages\/322\/revisions\/2910"}],"up":[{"embeddable":true,"href":"https:\/\/agora.xtec.cat\/cfalapau\/wp-json\/wp\/v2\/pages\/274"}],"wp:attachment":[{"href":"https:\/\/agora.xtec.cat\/cfalapau\/wp-json\/wp\/v2\/media?parent=322"}],"curies":[{"name":"wp","href":"https:\/\/api.w.org\/{rel}","templated":true}]}}