{"id":296,"date":"2015-01-28T11:18:08","date_gmt":"2015-01-28T10:18:08","guid":{"rendered":"http:\/\/agora.xtec.cat\/cfalapau\/?page_id=296"},"modified":"2025-09-22T12:15:43","modified_gmt":"2025-09-22T10:15:43","slug":"llengua-catalana","status":"publish","type":"page","link":"https:\/\/agora.xtec.cat\/cfalapau\/ensenyaments\/ensenyaments-de-llengues\/llengua-catalana\/","title":{"rendered":"Llengua catalana"},"content":{"rendered":"<h2><b>Descripci\u00f3<\/b><\/h2>\n<p style=\"text-align: justify;\">El catal\u00e0 \u00e9s la novena llengua m\u00e9s parlada a la Uni\u00f3 Europea i la vuitena llengua a internet. En el nostre centre, el seu aprenentatge t\u00e9 com a objectiu facilitar a les persones adultes les eines principals per al seu \u00fas parlat i escrit.<\/p>\n<p style=\"text-align: justify;\"><a href=\"https:\/\/drive.google.com\/file\/d\/1PQEY40XHEKycnTnBgpQJ-Fwe4MTcWlzV\/view?usp=sharing\">Descarrega el tr\u00edptic informatiu en PDF<\/a><\/p>\n<h2>Quants nivells t\u00e9?<\/h2>\n<p>Al CFA la Pau oferim els dos primers nivells de catal\u00e0:<\/p>\n<ul>\n<li>Catal\u00e0 1<\/li>\n<li>Catal\u00e0 2<\/li>\n<\/ul>\n<h2>Durada, c\u00e0rrega lectiva setmanal i anual<\/h2>\n<p>Els cursos de llengua catalana nivell 1 tenen la durada d\u2019un quadrimestre acad\u00e8mic. El primer quadrimestre comen\u00e7a a finals de setembre i acaba al principi de febrer. El segon quadrimestre comen\u00e7a al principi de febrer i acaba la darrera quinzena de juny.<\/p>\n<table style=\"width: 42.6382%; height: 66px;\">\n<tbody>\n<tr style=\"height: 33px;\">\n<td style=\"width: 184px; height: 33px;\"><\/td>\n<td style=\"width: 184px; height: 33px;\">Hores totals<\/td>\n<td style=\"width: 220px; height: 33px;\">Horari setmanal<\/td>\n<\/tr>\n<tr style=\"height: 33px;\">\n<td style=\"width: 184px; height: 33px;\">Catal\u00e0 1 (Tarda)<\/td>\n<td style=\"width: 184px; height: 33px;\">105\u202fh<\/td>\n<td style=\"width: 220px; height: 33px;\">4 sessions d&#8217;hora i mitja.<\/td>\n<\/tr>\n<tr>\n<td style=\"width: 184px;\">Catal\u00e0 2 (Tarda)<\/td>\n<td style=\"width: 184px;\">140\u202fh<\/td>\n<td style=\"width: 220px;\">2 sessions de 2 hores<\/td>\n<\/tr>\n<\/tbody>\n<\/table>\n<h2><\/h2>\n<h2>Inici i final del curs<\/h2>\n<p><strong>Inici del curs:<\/strong> dilluns 22 de setembre de 2025<\/p>\n<p><strong>Final del curs:<\/strong> divendres 19 de juny de 2026<\/p>\n<p>(Hi pot haver canvis)<\/p>\n<h2>Horaris oferts al centre<\/h2>\n<p><a href=\"http:\/\/agora.xtec.cat\/cfalapau\/ensenyaments\/horaris-de-les-classes\/\">Consulta els horaris del curs 2025-2026<\/a><\/p>\n<h2>Organitzaci\u00f3<\/h2>\n<p style=\"text-align: justify;\">A la nostra escola disposem d\u2019una aula de catal\u00e0 amb recursos pedag\u00f2gics i audiovisuals molt complets, adients per a l\u2019ensenyament \u2013 aprenentatge. A l\u2019inici del curs es lliura el material als alumnes amb tots els continguts del curs i les activitats a realitzar.<\/p>\n<p>&nbsp;<\/p>\n<h2>Resum de continguts de cada nivell<\/h2>\n<h6><strong>Catal\u00e0 1<\/strong><\/h6>\n<p>Aquest curs va adre\u00e7at a les persones amb desconeixement de la llengua catalana per tal que puguin adquirir les compet\u00e8ncies comunicatives m\u00ednimes en catal\u00e0, especialment quant a la seva comprensi\u00f3 i expressi\u00f3 orals, per tal de donar resposta a les necessitats m\u00e9s immediates de comunicaci\u00f3, relacionades amb la vida quotidiana i amb l\u2019\u00e0mbit laboral.<\/p>\n<h6><strong>Catal\u00e0 2<\/strong><\/h6>\n<p>En aquest curs es treballen i reforcen les habilitats de comprensi\u00f3 i expressi\u00f3 orals i escrites per tal de fer front a la majoria de situacions de comunicaci\u00f3 de la vida quotidiana i de l\u2019\u00e0mbit laboral.<\/p>\n<p><strong>Catal\u00e0 3<\/strong><\/p>\n<p>S\u2019adrecen a persones que han superat el nivell 1 i 2, o que disposen dels coneixements corresponents per a poder-lo seguir.<\/p>\n<p>&nbsp;<\/p>\n<h2>Recursos i enlla\u00e7os d\u2019inter\u00e8s<\/h2>\n<p>Plana web oficial amb els continguts de la mat\u00e8ria: <a href=\"http:\/\/es.wikipedia.org\/wiki\/Marco_com\u00fan_europeo_de_referencia_para_las_lenguas\">http:\/\/es.wikipedia.org\/wiki\/Marco_com\u00fan_europeo_de_referencia_para_las_lenguas<\/a><\/p>\n<p>Podeu consultar <a href=\"http:\/\/agora.xtec.cat\/cfalapau\/ensenyaments\/ensenyaments-de-llengues\/recursos-per-a-laprenentatge-de-la-llengua-catalana\/\">diversos recursos d&#8217;utilitat per a l&#8217;aprenentatge d&#8217;aquesta llengua a la nostra plana.<\/a><\/p>\n<h2>Avaluaci\u00f3<\/h2>\n<p style=\"text-align: justify;\">Es considerar\u00e0 que l\u2019alumnat ha superat un nivell d\u2019una llengua quan hagi assolit els objectius corresponents, en aquest cas rebr\u00e0 la qualificaci\u00f3 d\u2019\u201cApte\u201d. En cas contrari, se\u2019l qualificar\u00e0 de \u201cNo apte\u201d del nivell corresponent. La superaci\u00f3 de cadascun dels nivells de les diferents lleng\u00fces dona dret a l\u2019obtenci\u00f3 d\u2019un certificat acreditatiu em\u00e8s pel centre de formaci\u00f3 d\u2019adults, en el qual es far\u00e0 constar, si escau, la correspond\u00e8ncia del nivell assolit amb el seu equivalent segons el Marc Europeu Com\u00fa de Refer\u00e8ncia per a les Lleng\u00fces.<\/p>\n<p style=\"text-align: justify;\">L\u2019assist\u00e8ncia a\u00a0 les classes \u00e9s molt important per tal de fer un bon seguiment del curs a m\u00e9s de ser requisit per a obtenir el certificat d\u2019\u201cApte\u201d.<\/p>\n<h2>Acc\u00e9s<\/h2>\n<p style=\"text-align: justify;\">L\u2019alumnat del curs 1 s\u00f3n persones amb total desconeixement de la llengua catalana. Els grups 2 i 3 s\u2019adrecen a persones adultes que han superat el nivell 1 o 2, o que disposen dels coneixements corresponents per a poder-los seguir.<\/p>\n<p style=\"text-align: justify;\">Per tal de matricular-se en aquests cursos s\u2019ha de consultar el personal del centre i passar un test d\u2019anivellament, abans de la preinscripci\u00f3.<\/p>\n<p style=\"text-align: justify;\">Tot i que el curs s\u2019inicia al setembre, es pot valorar la incorporaci\u00f3 d\u2019un alumne en qualsevol moment del curs.<\/p>\n<h2>Certificaci\u00f3 atorgada<\/h2>\n<p>Es donar\u00e0 un certificat d\u2019assist\u00e8ncia i aprofitament en finalitzar la formaci\u00f3. Els nivells de llengua catalana oferts a les escoles d&#8217;adults tenen una correspond\u00e8ncia amb els nivells del MECR (Marc Europeu Com\u00fa de Refer\u00e8ncia per a les lleng\u00fces).<\/p>\n<table>\n<tbody>\n<tr>\n<td width=\"184\"><\/td>\n<td width=\"184\">Nivell MECR<\/td>\n<\/tr>\n<tr>\n<td width=\"184\">Nivell\u00a01<\/td>\n<td width=\"184\">A1<\/td>\n<\/tr>\n<tr>\n<td width=\"184\">Nivell 2<\/td>\n<td width=\"184\">A2<\/td>\n<\/tr>\n<tr>\n<td width=\"184\">Nivell 3*<\/td>\n<td width=\"184\">B1<\/td>\n<\/tr>\n<\/tbody>\n<\/table>\n<p>*El nivell 3 no est\u00e0 disponible al nostre centre.<\/p>\n<p>En el cas de no superar els objectius, el centre entrega un certificat nom\u00e9s amb les hores d&#8217;assist\u00e8ncia.<\/p>\n","protected":false},"excerpt":{"rendered":"<p>Descripci\u00f3 El catal\u00e0 \u00e9s la novena llengua m\u00e9s parlada a la Uni\u00f3 Europea i la vuitena llengua a internet. En el nostre centre, el seu aprenentatge t\u00e9 com a objectiu facilitar a les persones adultes les eines principals per al seu \u00fas parlat i escrit. Descarrega el tr\u00edptic informatiu en PDF Quants nivells t\u00e9? Al [&hellip;]<\/p>\n","protected":false},"author":2,"featured_media":0,"parent":283,"menu_order":2,"comment_status":"closed","ping_status":"closed","template":"","meta":{"_bbp_topic_count":0,"_bbp_reply_count":0,"_bbp_total_topic_count":0,"_bbp_total_reply_count":0,"_bbp_voice_count":0,"_bbp_anonymous_reply_count":0,"_bbp_topic_count_hidden":0,"_bbp_reply_count_hidden":0,"_bbp_forum_subforum_count":0,"site-sidebar-layout":"default","site-content-layout":"","ast-site-content-layout":"default","site-content-style":"default","site-sidebar-style":"default","ast-global-header-display":"","ast-banner-title-visibility":"","ast-main-header-display":"","ast-hfb-above-header-display":"","ast-hfb-below-header-display":"","ast-hfb-mobile-header-display":"","site-post-title":"","ast-breadcrumbs-content":"","ast-featured-img":"","footer-sml-layout":"","theme-transparent-header-meta":"default","adv-header-id-meta":"","stick-header-meta":"","header-above-stick-meta":"","header-main-stick-meta":"","header-below-stick-meta":"","astra-migrate-meta-layouts":"set","ast-page-background-enabled":"default","ast-page-background-meta":{"desktop":{"background-color":"var(--ast-global-color-4)","background-image":"","background-repeat":"repeat","background-position":"center center","background-size":"auto","background-attachment":"scroll","background-type":"","background-media":"","overlay-type":"","overlay-color":"","overlay-opacity":"","overlay-gradient":""},"tablet":{"background-color":"","background-image":"","background-repeat":"repeat","background-position":"center center","background-size":"auto","background-attachment":"scroll","background-type":"","background-media":"","overlay-type":"","overlay-color":"","overlay-opacity":"","overlay-gradient":""},"mobile":{"background-color":"","background-image":"","background-repeat":"repeat","background-position":"center center","background-size":"auto","background-attachment":"scroll","background-type":"","background-media":"","overlay-type":"","overlay-color":"","overlay-opacity":"","overlay-gradient":""}},"ast-content-background-meta":{"desktop":{"background-color":"var(--ast-global-color-5)","background-image":"","background-repeat":"repeat","background-position":"center center","background-size":"auto","background-attachment":"scroll","background-type":"","background-media":"","overlay-type":"","overlay-color":"","overlay-opacity":"","overlay-gradient":""},"tablet":{"background-color":"var(--ast-global-color-5)","background-image":"","background-repeat":"repeat","background-position":"center center","background-size":"auto","background-attachment":"scroll","background-type":"","background-media":"","overlay-type":"","overlay-color":"","overlay-opacity":"","overlay-gradient":""},"mobile":{"background-color":"var(--ast-global-color-5)","background-image":"","background-repeat":"repeat","background-position":"center center","background-size":"auto","background-attachment":"scroll","background-type":"","background-media":"","overlay-type":"","overlay-color":"","overlay-opacity":"","overlay-gradient":""}},"footnotes":""},"class_list":["post-296","page","type-page","status-publish","hentry"],"post_mailing_queue_ids":[],"_links":{"self":[{"href":"https:\/\/agora.xtec.cat\/cfalapau\/wp-json\/wp\/v2\/pages\/296","targetHints":{"allow":["GET"]}}],"collection":[{"href":"https:\/\/agora.xtec.cat\/cfalapau\/wp-json\/wp\/v2\/pages"}],"about":[{"href":"https:\/\/agora.xtec.cat\/cfalapau\/wp-json\/wp\/v2\/types\/page"}],"author":[{"embeddable":true,"href":"https:\/\/agora.xtec.cat\/cfalapau\/wp-json\/wp\/v2\/users\/2"}],"replies":[{"embeddable":true,"href":"https:\/\/agora.xtec.cat\/cfalapau\/wp-json\/wp\/v2\/comments?post=296"}],"version-history":[{"count":8,"href":"https:\/\/agora.xtec.cat\/cfalapau\/wp-json\/wp\/v2\/pages\/296\/revisions"}],"predecessor-version":[{"id":2900,"href":"https:\/\/agora.xtec.cat\/cfalapau\/wp-json\/wp\/v2\/pages\/296\/revisions\/2900"}],"up":[{"embeddable":true,"href":"https:\/\/agora.xtec.cat\/cfalapau\/wp-json\/wp\/v2\/pages\/283"}],"wp:attachment":[{"href":"https:\/\/agora.xtec.cat\/cfalapau\/wp-json\/wp\/v2\/media?parent=296"}],"curies":[{"name":"wp","href":"https:\/\/api.w.org\/{rel}","templated":true}]}}